{"id":800,"date":"2025-06-07T18:10:52","date_gmt":"2025-06-07T18:10:52","guid":{"rendered":"https:\/\/printsmilepro.ma\/?page_id=800"},"modified":"2025-07-28T21:09:03","modified_gmt":"2025-07-28T21:09:03","slug":"penna-personalizzata","status":"publish","type":"page","link":"https:\/\/printsmilepro.ma\/it\/penna-personalizzata\/","title":{"rendered":"Penna personalizzata"},"content":{"rendered":"<div id=\"fws_69e8930a672f4\"  data-column-margin=\"40px\" data-midnight=\"dark\"  class=\"wpb_row vc_row-fluid vc_row vc_row-o-equal-height vc_row-flex vc_row-o-content-middle  top_margin_40px bottom_margin_40px\"  style=\"padding-top: 0px; padding-bottom: 0px; \"><div class=\"row-bg-wrap\" data-bg-animation=\"none\" data-bg-animation-delay=\"\" data-bg-overlay=\"false\"><div class=\"inner-wrap row-bg-layer\" ><div class=\"row-bg viewport-desktop\"  style=\"\"><\/div><\/div><\/div><div class=\"row_col_wrap_12 col span_12 dark left\">\n\t<div  class=\"vc_col-sm-6 wpb_column column_container vc_column_container col no-extra-padding inherit_tablet inherit_phone\"  data-padding-pos=\"all\" data-has-bg-color=\"false\" data-bg-color=\"\" data-bg-opacity=\"1\" data-animation=\"\" data-delay=\"0\" >\n\t\t<div class=\"vc_column-inner\" >\n\t\t\t<div class=\"wpb_wrapper\">\n\t\t\t\t\n<div class=\"wpb_text_column wpb_content_element\" >\n\t<div class=\"wpb_wrapper\">\n\t\t<h2 class=\"AnswerParser_AnswerParserH4__ghxg8\">Penna personalizzata<\/h2>\n<h6>Penne promozionali Casablanca<\/h6>\n\t<\/div>\n<\/div>\n\n\n\n\n<div class=\"wpb_text_column wpb_content_element\" >\n\t<div class=\"wpb_wrapper\">\n\t\t<p data-start=\"286\" data-end=\"600\">A Casablanca, Print Smile Pro vi offre <strong data-start=\"355\" data-end=\"383\">portachiavi personalizzati<\/strong> che combinano praticit\u00e0 e visibilit\u00e0. Ideali come regali aziendali, articoli promozionali o souvenir di eventi, i nostri portachiavi sono progettati per durare nel tempo e per mostrare con eleganza l'immagine del vostro marchio.<\/p>\n\t<\/div>\n<\/div>\n\n\n\n\n\t\t\t<\/div> \n\t\t<\/div>\n\t<\/div> \n\n\t<div  class=\"vc_col-sm-6 wpb_column column_container vc_column_container col no-extra-padding inherit_tablet inherit_phone\"  data-padding-pos=\"all\" data-has-bg-color=\"false\" data-bg-color=\"\" data-bg-opacity=\"1\" data-animation=\"\" data-delay=\"0\" >\n\t\t<div class=\"vc_column-inner\" >\n\t\t\t<div class=\"wpb_wrapper\">\n\t\t\t\t<div class=\"img-with-aniamtion-wrap\" data-max-width=\"100%\" data-max-width-mobile=\"default\" data-shadow=\"none\" data-animation=\"none\" >\n      <div class=\"inner\">\n        <div class=\"hover-wrap\"> \n          <div class=\"hover-wrap-inner\">\n            <img loading=\"lazy\" decoding=\"async\" class=\"img-with-animation skip-lazy\" data-delay=\"0\" height=\"500\" width=\"500\" data-animation=\"none\" src=\"https:\/\/printsmilepro.ma\/wp-content\/uploads\/2025\/06\/stylo_personnalise.jpg\" alt=\"\" srcset=\"https:\/\/printsmilepro.ma\/wp-content\/uploads\/2025\/06\/stylo_personnalise.jpg 500w, https:\/\/printsmilepro.ma\/wp-content\/uploads\/2025\/06\/stylo_personnalise-300x300.jpg 300w, https:\/\/printsmilepro.ma\/wp-content\/uploads\/2025\/06\/stylo_personnalise-150x150.jpg 150w, https:\/\/printsmilepro.ma\/wp-content\/uploads\/2025\/06\/stylo_personnalise-12x12.jpg 12w, https:\/\/printsmilepro.ma\/wp-content\/uploads\/2025\/06\/stylo_personnalise-140x140.jpg 140w, https:\/\/printsmilepro.ma\/wp-content\/uploads\/2025\/06\/stylo_personnalise-100x100.jpg 100w, https:\/\/printsmilepro.ma\/wp-content\/uploads\/2025\/06\/stylo_personnalise-350x350.jpg 350w\" sizes=\"auto, (max-width: 500px) 100vw, 500px\" \/>\n          <\/div>\n        <\/div>\n      <\/div>\n    <\/div>\n\t\t\t<\/div> \n\t\t<\/div>\n\t<\/div> \n<\/div><\/div>\n\t\t<div id=\"fws_69e8930a67c51\"  data-column-margin=\"40px\" data-midnight=\"dark\"  class=\"wpb_row vc_row-fluid vc_row full-width-section vc_row-o-equal-height vc_row-flex vc_row-o-content-middle  top_margin_40px bottom_margin_40px\"  style=\"padding-top: 40px; padding-bottom: 40px; \"><div class=\"row-bg-wrap\" data-bg-animation=\"none\" data-bg-animation-delay=\"\" data-bg-overlay=\"false\"><div class=\"inner-wrap row-bg-layer\" ><div class=\"row-bg viewport-desktop using-bg-color\"  style=\"background-color: #d3d3d3; \"><\/div><\/div><\/div><div class=\"row_col_wrap_12 col span_12 dark left\">\n\t<div  class=\"vc_col-sm-6 wpb_column column_container vc_column_container col no-extra-padding inherit_tablet inherit_phone\"  data-padding-pos=\"all\" data-has-bg-color=\"false\" data-bg-color=\"\" data-bg-opacity=\"1\" data-animation=\"\" data-delay=\"0\" >\n\t\t<div class=\"vc_column-inner\" >\n\t\t\t<div class=\"wpb_wrapper\">\n\t\t\t\t<div class=\"img-with-aniamtion-wrap\" data-max-width=\"100%\" data-max-width-mobile=\"default\" data-shadow=\"none\" data-animation=\"none\" >\n      <div class=\"inner\">\n        <div class=\"hover-wrap\"> \n          <div class=\"hover-wrap-inner\">\n            <img loading=\"lazy\" decoding=\"async\" class=\"img-with-animation skip-lazy\" data-delay=\"0\" height=\"367\" width=\"367\" data-animation=\"none\" src=\"https:\/\/printsmilepro.ma\/wp-content\/uploads\/2025\/06\/67505fc2e1fa7_1.jpg\" alt=\"\" srcset=\"https:\/\/printsmilepro.ma\/wp-content\/uploads\/2025\/06\/67505fc2e1fa7_1.jpg 367w, https:\/\/printsmilepro.ma\/wp-content\/uploads\/2025\/06\/67505fc2e1fa7_1-300x300.jpg 300w, https:\/\/printsmilepro.ma\/wp-content\/uploads\/2025\/06\/67505fc2e1fa7_1-150x150.jpg 150w, https:\/\/printsmilepro.ma\/wp-content\/uploads\/2025\/06\/67505fc2e1fa7_1-12x12.jpg 12w, https:\/\/printsmilepro.ma\/wp-content\/uploads\/2025\/06\/67505fc2e1fa7_1-140x140.jpg 140w, https:\/\/printsmilepro.ma\/wp-content\/uploads\/2025\/06\/67505fc2e1fa7_1-100x100.jpg 100w, https:\/\/printsmilepro.ma\/wp-content\/uploads\/2025\/06\/67505fc2e1fa7_1-350x350.jpg 350w\" sizes=\"auto, (max-width: 367px) 100vw, 367px\" \/>\n          <\/div>\n        <\/div>\n      <\/div>\n    <\/div>\n\t\t\t<\/div> \n\t\t<\/div>\n\t<\/div> \n\n\t<div  class=\"vc_col-sm-6 wpb_column column_container vc_column_container col no-extra-padding inherit_tablet inherit_phone\"  data-padding-pos=\"all\" data-has-bg-color=\"false\" data-bg-color=\"\" data-bg-opacity=\"1\" data-animation=\"\" data-delay=\"0\" >\n\t\t<div class=\"vc_column-inner\" >\n\t\t\t<div class=\"wpb_wrapper\">\n\t\t\t\t\n<div class=\"wpb_text_column wpb_content_element\" >\n\t<div class=\"wpb_wrapper\">\n\t\t<h2 class=\"AnswerParser_AnswerParserH4__ghxg8\">Penna personalizzata<\/h2>\n<h6>Penne promozionali stampate Casablanca<\/h6>\n\t<\/div>\n<\/div>\n\n\n\n\n<div class=\"wpb_text_column wpb_content_element\" >\n\t<div class=\"wpb_wrapper\">\n\t\t<ul data-start=\"747\" data-end=\"1078\">\n<li data-start=\"747\" data-end=\"808\">\n<p data-start=\"749\" data-end=\"808\">Diversi materiali: metallo, pelle, legno, plastica, silicone<\/p>\n<\/li>\n<li data-start=\"809\" data-end=\"890\">\n<p data-start=\"811\" data-end=\"890\">Tecniche di personalizzazione: incisione laser, stampa a colori, goffratura<\/p>\n<\/li>\n<li data-start=\"891\" data-end=\"947\">\n<p data-start=\"893\" data-end=\"947\">Forme e dimensioni personalizzabili per soddisfare le vostre esigenze<\/p>\n<\/li>\n<li data-start=\"948\" data-end=\"1006\">\n<p data-start=\"950\" data-end=\"1006\">Possibilit\u00e0 di aggiungere un logo, un messaggio o uno slogan<\/p>\n<\/li>\n<li data-start=\"1007\" data-end=\"1078\">\n<p data-start=\"1009\" data-end=\"1078\">Confezioni su misura disponibili per valorizzare al meglio il vostro regalo<\/p>\n<\/li>\n<\/ul>\n\t<\/div>\n<\/div>\n\n\n\n\n\t\t\t<\/div> \n\t\t<\/div>\n\t<\/div> \n<\/div><\/div>\n\t\t<div id=\"fws_69e8930a67fb6\"  data-column-margin=\"40px\" data-midnight=\"dark\"  class=\"wpb_row vc_row-fluid vc_row vc_row-o-equal-height vc_row-flex vc_row-o-content-middle  top_margin_40px bottom_margin_40px\"  style=\"padding-top: 0px; padding-bottom: 0px; \"><div class=\"row-bg-wrap\" data-bg-animation=\"none\" data-bg-animation-delay=\"\" data-bg-overlay=\"false\"><div class=\"inner-wrap row-bg-layer\" ><div class=\"row-bg viewport-desktop\"  style=\"\"><\/div><\/div><\/div><div class=\"row_col_wrap_12 col span_12 dark left\">\n\t<div  class=\"vc_col-sm-6 wpb_column column_container vc_column_container col no-extra-padding inherit_tablet inherit_phone\"  data-padding-pos=\"all\" data-has-bg-color=\"false\" data-bg-color=\"\" data-bg-opacity=\"1\" data-animation=\"\" data-delay=\"0\" >\n\t\t<div class=\"vc_column-inner\" >\n\t\t\t<div class=\"wpb_wrapper\">\n\t\t\t\t\n<div class=\"wpb_text_column wpb_content_element\" >\n\t<div class=\"wpb_wrapper\">\n\t\t<h2 class=\"AnswerParser_AnswerParserH4__ghxg8\">Penna personalizzata<\/h2>\n<h6 data-start=\"853\" data-end=\"891\">Fornitore penne personalizzate Marocco<\/h6>\n\t<\/div>\n<\/div>\n\n\n\n\n<div class=\"wpb_text_column wpb_content_element\" >\n\t<div class=\"wpb_wrapper\">\n\t\t<ul>\n<li data-start=\"1233\" data-end=\"1313\">\n<p data-start=\"1235\" data-end=\"1313\">Produzione e personalizzazione a Casablanca con un rigoroso controllo di qualit\u00e0<\/p>\n<\/li>\n<li data-start=\"1314\" data-end=\"1353\">\n<p data-start=\"1316\" data-end=\"1353\">Consegna rapida in tutto il Marocco<\/p>\n<\/li>\n<li data-start=\"1354\" data-end=\"1433\">\n<p data-start=\"1356\" data-end=\"1433\">Assistenza dedicata per trovare la soluzione giusta per il vostro progetto<\/p>\n<\/li>\n<li data-start=\"1434\" data-end=\"1517\">\n<p data-start=\"1436\" data-end=\"1517\">Ideale per regali aziendali, eventi, fiere o per la comunicazione quotidiana<\/p>\n<\/li>\n<\/ul>\n\t<\/div>\n<\/div>\n\n\n\n\n\t\t\t<\/div> \n\t\t<\/div>\n\t<\/div> \n\n\t<div  class=\"vc_col-sm-6 wpb_column column_container vc_column_container col no-extra-padding inherit_tablet inherit_phone\"  data-padding-pos=\"all\" data-has-bg-color=\"false\" data-bg-color=\"\" data-bg-opacity=\"1\" data-animation=\"\" data-delay=\"0\" >\n\t\t<div class=\"vc_column-inner\" >\n\t\t\t<div class=\"wpb_wrapper\">\n\t\t\t\t<div class=\"img-with-aniamtion-wrap\" data-max-width=\"100%\" data-max-width-mobile=\"default\" data-shadow=\"none\" data-animation=\"none\" >\n      <div class=\"inner\">\n        <div class=\"hover-wrap\"> \n          <div class=\"hover-wrap-inner\">\n            <img loading=\"lazy\" decoding=\"async\" class=\"img-with-animation skip-lazy\" data-delay=\"0\" height=\"550\" width=\"550\" data-animation=\"none\" src=\"https:\/\/printsmilepro.ma\/wp-content\/uploads\/2025\/06\/Wholesale-Promotion-Ball-Pen-Advertising-Personalized-Custom-Logo-Metal-Ball-Point-Pen.avif\" alt=\"\" srcset=\"https:\/\/printsmilepro.ma\/wp-content\/uploads\/2025\/06\/Wholesale-Promotion-Ball-Pen-Advertising-Personalized-Custom-Logo-Metal-Ball-Point-Pen.avif 550w, https:\/\/printsmilepro.ma\/wp-content\/uploads\/2025\/06\/Wholesale-Promotion-Ball-Pen-Advertising-Personalized-Custom-Logo-Metal-Ball-Point-Pen-300x300.avif 300w, https:\/\/printsmilepro.ma\/wp-content\/uploads\/2025\/06\/Wholesale-Promotion-Ball-Pen-Advertising-Personalized-Custom-Logo-Metal-Ball-Point-Pen-150x150.avif 150w, https:\/\/printsmilepro.ma\/wp-content\/uploads\/2025\/06\/Wholesale-Promotion-Ball-Pen-Advertising-Personalized-Custom-Logo-Metal-Ball-Point-Pen-12x12.avif 12w, https:\/\/printsmilepro.ma\/wp-content\/uploads\/2025\/06\/Wholesale-Promotion-Ball-Pen-Advertising-Personalized-Custom-Logo-Metal-Ball-Point-Pen-140x140.avif 140w, https:\/\/printsmilepro.ma\/wp-content\/uploads\/2025\/06\/Wholesale-Promotion-Ball-Pen-Advertising-Personalized-Custom-Logo-Metal-Ball-Point-Pen-100x100.avif 100w, https:\/\/printsmilepro.ma\/wp-content\/uploads\/2025\/06\/Wholesale-Promotion-Ball-Pen-Advertising-Personalized-Custom-Logo-Metal-Ball-Point-Pen-500x500.avif 500w, https:\/\/printsmilepro.ma\/wp-content\/uploads\/2025\/06\/Wholesale-Promotion-Ball-Pen-Advertising-Personalized-Custom-Logo-Metal-Ball-Point-Pen-350x350.avif 350w\" sizes=\"auto, (max-width: 550px) 100vw, 550px\" \/>\n          <\/div>\n        <\/div>\n      <\/div>\n    <\/div>\n\t\t\t<\/div> \n\t\t<\/div>\n\t<\/div> \n<\/div><\/div>","protected":false},"excerpt":{"rendered":"Stylo personnalis\u00e9 Stylos publicitaires personnalis\u00e9s Casablanca \u00c0 Casablanca, Print Smile Pro vous propose des porte-cl\u00e9s personnalis\u00e9s alliant praticit\u00e9 et visibilit\u00e9. Id\u00e9als comme cadeaux d\u2019affaires, objets promotionnels ou souvenirs d\u2019\u00e9v\u00e9nements, nos...","protected":false},"author":1,"featured_media":0,"parent":0,"menu_order":0,"comment_status":"closed","ping_status":"closed","template":"","meta":{"_monsterinsights_skip_tracking":false,"_monsterinsights_sitenote_active":false,"_monsterinsights_sitenote_note":"","_monsterinsights_sitenote_category":0,"_joinchat":[],"footnotes":""},"class_list":["post-800","page","type-page","status-publish"],"yoast_head":"<!-- This site is optimized with the Yoast SEO plugin v26.2 - https:\/\/yoast.com\/wordpress\/plugins\/seo\/ -->\n<title>Stylo Personnalis\u00e9 Casablanca Maroc<\/title>\n<meta name=\"description\" content=\"Commandez votre stylo personnalis\u00e9 \u00e0 Casablanca, Maroc. Gravure ou impression sur mesure pour entreprises, \u00e9v\u00e9nements et cadeaux promotionnels. Livraison rapide.\" \/>\n<meta name=\"robots\" content=\"index, follow, max-snippet:-1, max-image-preview:large, max-video-preview:-1\" \/>\n<link rel=\"canonical\" href=\"https:\/\/printsmilepro.ma\/it\/penna-personalizzata\/\" \/>\n<meta property=\"og:locale\" content=\"it_IT\" \/>\n<meta property=\"og:type\" content=\"article\" \/>\n<meta property=\"og:title\" content=\"Stylo Personnalis\u00e9 Casablanca Maroc\" \/>\n<meta property=\"og:description\" content=\"Commandez votre stylo personnalis\u00e9 \u00e0 Casablanca, Maroc. Gravure ou impression sur mesure pour entreprises, \u00e9v\u00e9nements et cadeaux promotionnels. Livraison rapide.\" \/>\n<meta property=\"og:url\" content=\"https:\/\/printsmilepro.ma\/it\/penna-personalizzata\/\" \/>\n<meta property=\"og:site_name\" content=\"Print Smile Pro\" \/>\n<meta property=\"article:modified_time\" content=\"2025-07-28T21:09:03+00:00\" \/>\n<meta name=\"twitter:card\" content=\"summary_large_image\" \/>\n<meta name=\"twitter:label1\" content=\"Tempo di lettura stimato\" \/>\n\t<meta name=\"twitter:data1\" content=\"2 minuti\" \/>\n<script type=\"application\/ld+json\" class=\"yoast-schema-graph\">{\"@context\":\"https:\/\/schema.org\",\"@graph\":[{\"@type\":\"WebPage\",\"@id\":\"https:\/\/printsmilepro.ma\/stylo-personnalise\/\",\"url\":\"https:\/\/printsmilepro.ma\/stylo-personnalise\/\",\"name\":\"Stylo Personnalis\u00e9 Casablanca Maroc\",\"isPartOf\":{\"@id\":\"https:\/\/printsmilepro.ma\/#website\"},\"datePublished\":\"2025-06-07T18:10:52+00:00\",\"dateModified\":\"2025-07-28T21:09:03+00:00\",\"description\":\"Commandez votre stylo personnalis\u00e9 \u00e0 Casablanca, Maroc. Gravure ou impression sur mesure pour entreprises, \u00e9v\u00e9nements et cadeaux promotionnels. Livraison rapide.\",\"breadcrumb\":{\"@id\":\"https:\/\/printsmilepro.ma\/stylo-personnalise\/#breadcrumb\"},\"inLanguage\":\"it-IT\",\"potentialAction\":[{\"@type\":\"ReadAction\",\"target\":[\"https:\/\/printsmilepro.ma\/stylo-personnalise\/\"]}]},{\"@type\":\"BreadcrumbList\",\"@id\":\"https:\/\/printsmilepro.ma\/stylo-personnalise\/#breadcrumb\",\"itemListElement\":[{\"@type\":\"ListItem\",\"position\":1,\"name\":\"Accueil\",\"item\":\"https:\/\/printsmilepro.ma\/\"},{\"@type\":\"ListItem\",\"position\":2,\"name\":\"Stylo personnalis\u00e9\"}]},{\"@type\":\"WebSite\",\"@id\":\"https:\/\/printsmilepro.ma\/#website\",\"url\":\"https:\/\/printsmilepro.ma\/\",\"name\":\"Print Smile Pro\",\"description\":\"Votre partenaire id\u00e9al pour la r\u00e9alisation de tous vos travaux d&#039;impression offset et num\u00e9rique\",\"publisher\":{\"@id\":\"https:\/\/printsmilepro.ma\/#organization\"},\"potentialAction\":[{\"@type\":\"SearchAction\",\"target\":{\"@type\":\"EntryPoint\",\"urlTemplate\":\"https:\/\/printsmilepro.ma\/?s={search_term_string}\"},\"query-input\":{\"@type\":\"PropertyValueSpecification\",\"valueRequired\":true,\"valueName\":\"search_term_string\"}}],\"inLanguage\":\"it-IT\"},{\"@type\":\"Organization\",\"@id\":\"https:\/\/printsmilepro.ma\/#organization\",\"name\":\"Print Smile Pro\",\"url\":\"https:\/\/printsmilepro.ma\/\",\"logo\":{\"@type\":\"ImageObject\",\"inLanguage\":\"it-IT\",\"@id\":\"https:\/\/printsmilepro.ma\/#\/schema\/logo\/image\/\",\"url\":\"https:\/\/printsmilepro.ma\/wp-content\/uploads\/2025\/05\/logo-2.png\",\"contentUrl\":\"https:\/\/printsmilepro.ma\/wp-content\/uploads\/2025\/05\/logo-2.png\",\"width\":194,\"height\":80,\"caption\":\"Print Smile Pro\"},\"image\":{\"@id\":\"https:\/\/printsmilepro.ma\/#\/schema\/logo\/image\/\"}}]}<\/script>\n<!-- \/ Yoast SEO plugin. -->","yoast_head_json":{"title":"Penna personalizzata Casablanca Marocco","description":"Ordinate la vostra penna personalizzata a Casablanca, Marocco. Incisione o stampa personalizzata per aziende, eventi e regali promozionali. Consegna rapida.","robots":{"index":"index","follow":"follow","max-snippet":"max-snippet:-1","max-image-preview":"max-image-preview:large","max-video-preview":"max-video-preview:-1"},"canonical":"https:\/\/printsmilepro.ma\/it\/penna-personalizzata\/","og_locale":"it_IT","og_type":"article","og_title":"Stylo Personnalis\u00e9 Casablanca Maroc","og_description":"Commandez votre stylo personnalis\u00e9 \u00e0 Casablanca, Maroc. Gravure ou impression sur mesure pour entreprises, \u00e9v\u00e9nements et cadeaux promotionnels. Livraison rapide.","og_url":"https:\/\/printsmilepro.ma\/it\/penna-personalizzata\/","og_site_name":"Print Smile Pro","article_modified_time":"2025-07-28T21:09:03+00:00","twitter_card":"summary_large_image","twitter_misc":{"Tempo di lettura stimato":"2 minuti"},"schema":{"@context":"https:\/\/schema.org","@graph":[{"@type":"WebPage","@id":"https:\/\/printsmilepro.ma\/stylo-personnalise\/","url":"https:\/\/printsmilepro.ma\/stylo-personnalise\/","name":"Penna personalizzata Casablanca Marocco","isPartOf":{"@id":"https:\/\/printsmilepro.ma\/#website"},"datePublished":"2025-06-07T18:10:52+00:00","dateModified":"2025-07-28T21:09:03+00:00","description":"Ordinate la vostra penna personalizzata a Casablanca, Marocco. Incisione o stampa personalizzata per aziende, eventi e regali promozionali. Consegna rapida.","breadcrumb":{"@id":"https:\/\/printsmilepro.ma\/stylo-personnalise\/#breadcrumb"},"inLanguage":"it-IT","potentialAction":[{"@type":"ReadAction","target":["https:\/\/printsmilepro.ma\/stylo-personnalise\/"]}]},{"@type":"BreadcrumbList","@id":"https:\/\/printsmilepro.ma\/stylo-personnalise\/#breadcrumb","itemListElement":[{"@type":"ListItem","position":1,"name":"Accueil","item":"https:\/\/printsmilepro.ma\/"},{"@type":"ListItem","position":2,"name":"Stylo personnalis\u00e9"}]},{"@type":"WebSite","@id":"https:\/\/printsmilepro.ma\/#website","url":"https:\/\/printsmilepro.ma\/","name":"Stampa Smile Pro","description":"Il vostro partner ideale per tutte le esigenze di stampa offset e digitale","publisher":{"@id":"https:\/\/printsmilepro.ma\/#organization"},"potentialAction":[{"@type":"SearchAction","target":{"@type":"EntryPoint","urlTemplate":"https:\/\/printsmilepro.ma\/?s={search_term_string}"},"query-input":{"@type":"PropertyValueSpecification","valueRequired":true,"valueName":"search_term_string"}}],"inLanguage":"it-IT"},{"@type":"Organization","@id":"https:\/\/printsmilepro.ma\/#organization","name":"Stampa Smile Pro","url":"https:\/\/printsmilepro.ma\/","logo":{"@type":"ImageObject","inLanguage":"it-IT","@id":"https:\/\/printsmilepro.ma\/#\/schema\/logo\/image\/","url":"https:\/\/printsmilepro.ma\/wp-content\/uploads\/2025\/05\/logo-2.png","contentUrl":"https:\/\/printsmilepro.ma\/wp-content\/uploads\/2025\/05\/logo-2.png","width":194,"height":80,"caption":"Print Smile Pro"},"image":{"@id":"https:\/\/printsmilepro.ma\/#\/schema\/logo\/image\/"}}]}},"_links":{"self":[{"href":"https:\/\/printsmilepro.ma\/it\/wp-json\/wp\/v2\/pages\/800","targetHints":{"allow":["GET"]}}],"collection":[{"href":"https:\/\/printsmilepro.ma\/it\/wp-json\/wp\/v2\/pages"}],"about":[{"href":"https:\/\/printsmilepro.ma\/it\/wp-json\/wp\/v2\/types\/page"}],"author":[{"embeddable":true,"href":"https:\/\/printsmilepro.ma\/it\/wp-json\/wp\/v2\/users\/1"}],"replies":[{"embeddable":true,"href":"https:\/\/printsmilepro.ma\/it\/wp-json\/wp\/v2\/comments?post=800"}],"version-history":[{"count":6,"href":"https:\/\/printsmilepro.ma\/it\/wp-json\/wp\/v2\/pages\/800\/revisions"}],"predecessor-version":[{"id":1053,"href":"https:\/\/printsmilepro.ma\/it\/wp-json\/wp\/v2\/pages\/800\/revisions\/1053"}],"wp:attachment":[{"href":"https:\/\/printsmilepro.ma\/it\/wp-json\/wp\/v2\/media?parent=800"}],"curies":[{"name":"wp","href":"https:\/\/api.w.org\/{rel}","templated":true}]}}