{"id":781,"date":"2025-06-07T17:54:49","date_gmt":"2025-06-07T17:54:49","guid":{"rendered":"https:\/\/printsmilepro.ma\/?page_id=781"},"modified":"2025-07-28T21:05:15","modified_gmt":"2025-07-28T21:05:15","slug":"blocco-note-vip","status":"publish","type":"page","link":"https:\/\/printsmilepro.ma\/it\/blocco-note-vip\/","title":{"rendered":"Blocco note Vip"},"content":{"rendered":"<div id=\"fws_69f5fbefe9fdd\"  data-column-margin=\"40px\" data-midnight=\"dark\"  class=\"wpb_row vc_row-fluid vc_row vc_row-o-equal-height vc_row-flex vc_row-o-content-middle  top_margin_40px bottom_margin_40px\"  style=\"padding-top: 0px; padding-bottom: 0px; \"><div class=\"row-bg-wrap\" data-bg-animation=\"none\" data-bg-animation-delay=\"\" data-bg-overlay=\"false\"><div class=\"inner-wrap row-bg-layer\" ><div class=\"row-bg viewport-desktop\"  style=\"\"><\/div><\/div><\/div><div class=\"row_col_wrap_12 col span_12 dark left\">\n\t<div  class=\"vc_col-sm-6 wpb_column column_container vc_column_container col no-extra-padding inherit_tablet inherit_phone\"  data-padding-pos=\"all\" data-has-bg-color=\"false\" data-bg-color=\"\" data-bg-opacity=\"1\" data-animation=\"\" data-delay=\"0\" >\n\t\t<div class=\"vc_column-inner\" >\n\t\t\t<div class=\"wpb_wrapper\">\n\t\t\t\t\n<div class=\"wpb_text_column wpb_content_element\" >\n\t<div class=\"wpb_wrapper\">\n\t\t<h2 class=\"AnswerParser_AnswerParserH4__ghxg8\">Blocco note Vip<\/h2>\n<h6>Blocco note business di lusso Marocco<\/h6>\n\t<\/div>\n<\/div>\n\n\n\n\n<div class=\"wpb_text_column wpb_content_element\" >\n\t<div class=\"wpb_wrapper\">\n\t\t<p>A Casablanca, Print Smile Pro vi offre <strong data-start=\"346\" data-end=\"365\">Blocchi per appunti VIP<\/strong> combinando <strong data-start=\"374\" data-end=\"396\">design sofisticato<\/strong> e <strong data-start=\"400\" data-end=\"427\">funzionalit\u00e0 ottimale<\/strong>. Che si tratti di riunioni, di prendere appunti o di idee, i nostri blocchi per appunti di qualit\u00e0 superiore offrono un'esperienza di scrittura fluida con una presentazione lussuosa che migliora la vostra immagine professionale.<\/p>\n\t<\/div>\n<\/div>\n\n\n\n\n\t\t\t<\/div> \n\t\t<\/div>\n\t<\/div> \n\n\t<div  class=\"vc_col-sm-6 wpb_column column_container vc_column_container col no-extra-padding inherit_tablet inherit_phone\"  data-padding-pos=\"all\" data-has-bg-color=\"false\" data-bg-color=\"\" data-bg-opacity=\"1\" data-animation=\"\" data-delay=\"0\" >\n\t\t<div class=\"vc_column-inner\" >\n\t\t\t<div class=\"wpb_wrapper\">\n\t\t\t\t<div class=\"img-with-aniamtion-wrap\" data-max-width=\"100%\" data-max-width-mobile=\"default\" data-shadow=\"none\" data-animation=\"none\" >\n      <div class=\"inner\">\n        <div class=\"hover-wrap\"> \n          <div class=\"hover-wrap-inner\">\n            <img loading=\"lazy\" decoding=\"async\" class=\"img-with-animation skip-lazy\" data-delay=\"0\" height=\"452\" width=\"452\" data-animation=\"none\" src=\"https:\/\/printsmilepro.ma\/wp-content\/uploads\/2025\/06\/le-conferencier-gentle-man.jpg\" alt=\"\" srcset=\"https:\/\/printsmilepro.ma\/wp-content\/uploads\/2025\/06\/le-conferencier-gentle-man.jpg 452w, https:\/\/printsmilepro.ma\/wp-content\/uploads\/2025\/06\/le-conferencier-gentle-man-300x300.jpg 300w, https:\/\/printsmilepro.ma\/wp-content\/uploads\/2025\/06\/le-conferencier-gentle-man-150x150.jpg 150w, https:\/\/printsmilepro.ma\/wp-content\/uploads\/2025\/06\/le-conferencier-gentle-man-12x12.jpg 12w, https:\/\/printsmilepro.ma\/wp-content\/uploads\/2025\/06\/le-conferencier-gentle-man-140x140.jpg 140w, https:\/\/printsmilepro.ma\/wp-content\/uploads\/2025\/06\/le-conferencier-gentle-man-100x100.jpg 100w, https:\/\/printsmilepro.ma\/wp-content\/uploads\/2025\/06\/le-conferencier-gentle-man-350x350.jpg 350w\" sizes=\"auto, (max-width: 452px) 100vw, 452px\" \/>\n          <\/div>\n        <\/div>\n      <\/div>\n    <\/div>\n\t\t\t<\/div> \n\t\t<\/div>\n\t<\/div> \n<\/div><\/div>\n\t\t<div id=\"fws_69f5fbefea912\"  data-column-margin=\"40px\" data-midnight=\"dark\"  class=\"wpb_row vc_row-fluid vc_row full-width-section vc_row-o-equal-height vc_row-flex vc_row-o-content-middle  top_margin_40px bottom_margin_40px\"  style=\"padding-top: 40px; padding-bottom: 40px; \"><div class=\"row-bg-wrap\" data-bg-animation=\"none\" data-bg-animation-delay=\"\" data-bg-overlay=\"false\"><div class=\"inner-wrap row-bg-layer\" ><div class=\"row-bg viewport-desktop using-bg-color\"  style=\"background-color: #d3d3d3; \"><\/div><\/div><\/div><div class=\"row_col_wrap_12 col span_12 dark left\">\n\t<div  class=\"vc_col-sm-6 wpb_column column_container vc_column_container col no-extra-padding inherit_tablet inherit_phone\"  data-padding-pos=\"all\" data-has-bg-color=\"false\" data-bg-color=\"\" data-bg-opacity=\"1\" data-animation=\"\" data-delay=\"0\" >\n\t\t<div class=\"vc_column-inner\" >\n\t\t\t<div class=\"wpb_wrapper\">\n\t\t\t\t<div class=\"img-with-aniamtion-wrap\" data-max-width=\"100%\" data-max-width-mobile=\"default\" data-shadow=\"none\" data-animation=\"none\" >\n      <div class=\"inner\">\n        <div class=\"hover-wrap\"> \n          <div class=\"hover-wrap-inner\">\n            <img loading=\"lazy\" decoding=\"async\" class=\"img-with-animation skip-lazy\" data-delay=\"0\" height=\"300\" width=\"300\" data-animation=\"none\" src=\"https:\/\/printsmilepro.ma\/wp-content\/uploads\/2025\/06\/NKS624-3-300x300-removebg-preview.webp\" alt=\"\" srcset=\"https:\/\/printsmilepro.ma\/wp-content\/uploads\/2025\/06\/NKS624-3-300x300-removebg-preview.webp 300w, https:\/\/printsmilepro.ma\/wp-content\/uploads\/2025\/06\/NKS624-3-300x300-removebg-preview-150x150.webp 150w, https:\/\/printsmilepro.ma\/wp-content\/uploads\/2025\/06\/NKS624-3-300x300-removebg-preview-12x12.webp 12w, https:\/\/printsmilepro.ma\/wp-content\/uploads\/2025\/06\/NKS624-3-300x300-removebg-preview-140x140.webp 140w, https:\/\/printsmilepro.ma\/wp-content\/uploads\/2025\/06\/NKS624-3-300x300-removebg-preview-100x100.webp 100w\" sizes=\"auto, (max-width: 300px) 100vw, 300px\" \/>\n          <\/div>\n        <\/div>\n      <\/div>\n    <\/div>\n\t\t\t<\/div> \n\t\t<\/div>\n\t<\/div> \n\n\t<div  class=\"vc_col-sm-6 wpb_column column_container vc_column_container col no-extra-padding inherit_tablet inherit_phone\"  data-padding-pos=\"all\" data-has-bg-color=\"false\" data-bg-color=\"\" data-bg-opacity=\"1\" data-animation=\"\" data-delay=\"0\" >\n\t\t<div class=\"vc_column-inner\" >\n\t\t\t<div class=\"wpb_wrapper\">\n\t\t\t\t\n<div class=\"wpb_text_column wpb_content_element\" >\n\t<div class=\"wpb_wrapper\">\n\t\t<h2 class=\"AnswerParser_AnswerParserH4__ghxg8\">Blocco note Vip<\/h2>\n<h6>Regalo d'affari personalizzato con blocco per appunti<\/h6>\n\t<\/div>\n<\/div>\n\n\n\n\n<div class=\"wpb_text_column wpb_content_element\" >\n\t<div class=\"wpb_wrapper\">\n\t\t<ul>\n<li data-start=\"770\" data-end=\"827\">\n<p data-start=\"772\" data-end=\"827\">Carta di alta qualit\u00e0, spessa e piacevole al tatto<\/p>\n<\/li>\n<li data-start=\"828\" data-end=\"913\">\n<p data-start=\"830\" data-end=\"913\">Copertina rigida o morbida con finiture eleganti (pelle, similpelle, tessuto)<\/p>\n<\/li>\n<li data-start=\"914\" data-end=\"973\">\n<p data-start=\"916\" data-end=\"973\">Stampa personalizzata: logo, nome, messaggio aziendale<\/p>\n<\/li>\n<li data-start=\"974\" data-end=\"1019\">\n<p data-start=\"976\" data-end=\"1019\">Vari formati (A4, A5, formati speciali)<\/p>\n<\/li>\n<li data-start=\"1020\" data-end=\"1113\">\n<p data-start=\"1022\" data-end=\"1113\">Opzioni aggiuntive: numerazione delle pagine, fogli staccabili, tasche integrate<\/p>\n<\/li>\n<\/ul>\n\t<\/div>\n<\/div>\n\n\n\n\n\t\t\t<\/div> \n\t\t<\/div>\n\t<\/div> \n<\/div><\/div>\n\t\t<div id=\"fws_69f5fbefeac84\"  data-column-margin=\"40px\" data-midnight=\"dark\"  class=\"wpb_row vc_row-fluid vc_row vc_row-o-equal-height vc_row-flex vc_row-o-content-middle  top_margin_40px bottom_margin_40px\"  style=\"padding-top: 0px; padding-bottom: 0px; \"><div class=\"row-bg-wrap\" data-bg-animation=\"none\" data-bg-animation-delay=\"\" data-bg-overlay=\"false\"><div class=\"inner-wrap row-bg-layer\" ><div class=\"row-bg viewport-desktop\"  style=\"\"><\/div><\/div><\/div><div class=\"row_col_wrap_12 col span_12 dark left\">\n\t<div  class=\"vc_col-sm-6 wpb_column column_container vc_column_container col no-extra-padding inherit_tablet inherit_phone\"  data-padding-pos=\"all\" data-has-bg-color=\"false\" data-bg-color=\"\" data-bg-opacity=\"1\" data-animation=\"\" data-delay=\"0\" >\n\t\t<div class=\"vc_column-inner\" >\n\t\t\t<div class=\"wpb_wrapper\">\n\t\t\t\t\n<div class=\"wpb_text_column wpb_content_element\" >\n\t<div class=\"wpb_wrapper\">\n\t\t<h2 class=\"AnswerParser_AnswerParserH4__ghxg8\">Blocco note Vip<\/h2>\n<h6>Fornitore di blocchi per appunti su misura Casablanca<\/h6>\n\t<\/div>\n<\/div>\n\n\n\n\n<div class=\"wpb_text_column wpb_content_element\" >\n\t<div class=\"wpb_wrapper\">\n\t\t<ul>\n<li data-start=\"1274\" data-end=\"1334\">\n<p data-start=\"1276\" data-end=\"1334\">Realizzato a mano a Casablanca con i migliori materiali<\/p>\n<\/li>\n<li data-start=\"1335\" data-end=\"1382\">\n<p data-start=\"1337\" data-end=\"1382\">Personalizzazione completa per soddisfare le vostre esigenze<\/p>\n<\/li>\n<li data-start=\"1383\" data-end=\"1422\">\n<p data-start=\"1385\" data-end=\"1422\">Consegna rapida in tutto il Marocco<\/p>\n<\/li>\n<li data-start=\"1423\" data-end=\"1497\">\n<p data-start=\"1425\" data-end=\"1497\">Ideale per regali aziendali, eventi, seminari o per l'uso quotidiano<\/p>\n<\/li>\n<\/ul>\n\t<\/div>\n<\/div>\n\n\n\n\n\t\t\t<\/div> \n\t\t<\/div>\n\t<\/div> \n\n\t<div  class=\"vc_col-sm-6 wpb_column column_container vc_column_container col no-extra-padding inherit_tablet inherit_phone\"  data-padding-pos=\"all\" data-has-bg-color=\"false\" data-bg-color=\"\" data-bg-opacity=\"1\" data-animation=\"\" data-delay=\"0\" >\n\t\t<div class=\"vc_column-inner\" >\n\t\t\t<div class=\"wpb_wrapper\">\n\t\t\t\t<div class=\"img-with-aniamtion-wrap\" data-max-width=\"100%\" data-max-width-mobile=\"default\" data-shadow=\"none\" data-animation=\"none\" >\n      <div class=\"inner\">\n        <div class=\"hover-wrap\"> \n          <div class=\"hover-wrap-inner\">\n            <img loading=\"lazy\" decoding=\"async\" class=\"img-with-animation skip-lazy\" data-delay=\"0\" height=\"364\" width=\"275\" data-animation=\"none\" src=\"https:\/\/printsmilepro.ma\/wp-content\/uploads\/2025\/06\/conferencier-high-tech.jpg\" alt=\"\" srcset=\"https:\/\/printsmilepro.ma\/wp-content\/uploads\/2025\/06\/conferencier-high-tech.jpg 275w, https:\/\/printsmilepro.ma\/wp-content\/uploads\/2025\/06\/conferencier-high-tech-227x300.jpg 227w, https:\/\/printsmilepro.ma\/wp-content\/uploads\/2025\/06\/conferencier-high-tech-9x12.jpg 9w\" sizes=\"auto, (max-width: 275px) 100vw, 275px\" \/>\n          <\/div>\n        <\/div>\n      <\/div>\n    <\/div>\n\t\t\t<\/div> \n\t\t<\/div>\n\t<\/div> \n<\/div><\/div>","protected":false},"excerpt":{"rendered":"Bloc Note Vip Bloc-notes de luxe pour entreprise Maroc \u00c0 Casablanca, Print Smile Pro vous propose des Blocs Notes VIP alliant design sophistiqu\u00e9 et fonctionnalit\u00e9 optimale. Que ce soit pour...","protected":false},"author":1,"featured_media":0,"parent":0,"menu_order":0,"comment_status":"closed","ping_status":"closed","template":"","meta":{"_monsterinsights_skip_tracking":false,"_monsterinsights_sitenote_active":false,"_monsterinsights_sitenote_note":"","_monsterinsights_sitenote_category":0,"_joinchat":[],"footnotes":""},"class_list":["post-781","page","type-page","status-publish"],"yoast_head":"<!-- This site is optimized with the Yoast SEO plugin v26.2 - https:\/\/yoast.com\/wordpress\/plugins\/seo\/ -->\n<title>Bloc Note VIP Personnalis\u00e9 Casablanca Maroc<\/title>\n<meta name=\"description\" content=\"Blocs notes VIP personnalis\u00e9s \u00e0 Casablanca, Maroc. Finition haut de gamme, id\u00e9al pour entreprises, cadeaux d&#039;affaires et \u00e9v\u00e9nements professionnels.\" \/>\n<meta name=\"robots\" content=\"index, follow, max-snippet:-1, max-image-preview:large, max-video-preview:-1\" \/>\n<link rel=\"canonical\" href=\"https:\/\/printsmilepro.ma\/it\/blocco-note-vip\/\" \/>\n<meta property=\"og:locale\" content=\"it_IT\" \/>\n<meta property=\"og:type\" content=\"article\" \/>\n<meta property=\"og:title\" content=\"Bloc Note VIP Personnalis\u00e9 Casablanca Maroc\" \/>\n<meta property=\"og:description\" content=\"Blocs notes VIP personnalis\u00e9s \u00e0 Casablanca, Maroc. Finition haut de gamme, id\u00e9al pour entreprises, cadeaux d&#039;affaires et \u00e9v\u00e9nements professionnels.\" \/>\n<meta property=\"og:url\" content=\"https:\/\/printsmilepro.ma\/it\/blocco-note-vip\/\" \/>\n<meta property=\"og:site_name\" content=\"Print Smile Pro\" \/>\n<meta property=\"article:modified_time\" content=\"2025-07-28T21:05:15+00:00\" \/>\n<meta name=\"twitter:card\" content=\"summary_large_image\" \/>\n<meta name=\"twitter:label1\" content=\"Tempo di lettura stimato\" \/>\n\t<meta name=\"twitter:data1\" content=\"2 minuti\" \/>\n<script type=\"application\/ld+json\" class=\"yoast-schema-graph\">{\"@context\":\"https:\/\/schema.org\",\"@graph\":[{\"@type\":\"WebPage\",\"@id\":\"https:\/\/printsmilepro.ma\/bloc-note-vip\/\",\"url\":\"https:\/\/printsmilepro.ma\/bloc-note-vip\/\",\"name\":\"Bloc Note VIP Personnalis\u00e9 Casablanca Maroc\",\"isPartOf\":{\"@id\":\"https:\/\/printsmilepro.ma\/#website\"},\"datePublished\":\"2025-06-07T17:54:49+00:00\",\"dateModified\":\"2025-07-28T21:05:15+00:00\",\"description\":\"Blocs notes VIP personnalis\u00e9s \u00e0 Casablanca, Maroc. Finition haut de gamme, id\u00e9al pour entreprises, cadeaux d'affaires et \u00e9v\u00e9nements professionnels.\",\"breadcrumb\":{\"@id\":\"https:\/\/printsmilepro.ma\/bloc-note-vip\/#breadcrumb\"},\"inLanguage\":\"it-IT\",\"potentialAction\":[{\"@type\":\"ReadAction\",\"target\":[\"https:\/\/printsmilepro.ma\/bloc-note-vip\/\"]}]},{\"@type\":\"BreadcrumbList\",\"@id\":\"https:\/\/printsmilepro.ma\/bloc-note-vip\/#breadcrumb\",\"itemListElement\":[{\"@type\":\"ListItem\",\"position\":1,\"name\":\"Accueil\",\"item\":\"https:\/\/printsmilepro.ma\/\"},{\"@type\":\"ListItem\",\"position\":2,\"name\":\"Bloc Note Vip\"}]},{\"@type\":\"WebSite\",\"@id\":\"https:\/\/printsmilepro.ma\/#website\",\"url\":\"https:\/\/printsmilepro.ma\/\",\"name\":\"Print Smile Pro\",\"description\":\"Votre partenaire id\u00e9al pour la r\u00e9alisation de tous vos travaux d&#039;impression offset et num\u00e9rique\",\"publisher\":{\"@id\":\"https:\/\/printsmilepro.ma\/#organization\"},\"potentialAction\":[{\"@type\":\"SearchAction\",\"target\":{\"@type\":\"EntryPoint\",\"urlTemplate\":\"https:\/\/printsmilepro.ma\/?s={search_term_string}\"},\"query-input\":{\"@type\":\"PropertyValueSpecification\",\"valueRequired\":true,\"valueName\":\"search_term_string\"}}],\"inLanguage\":\"it-IT\"},{\"@type\":\"Organization\",\"@id\":\"https:\/\/printsmilepro.ma\/#organization\",\"name\":\"Print Smile Pro\",\"url\":\"https:\/\/printsmilepro.ma\/\",\"logo\":{\"@type\":\"ImageObject\",\"inLanguage\":\"it-IT\",\"@id\":\"https:\/\/printsmilepro.ma\/#\/schema\/logo\/image\/\",\"url\":\"https:\/\/printsmilepro.ma\/wp-content\/uploads\/2025\/05\/logo-2.png\",\"contentUrl\":\"https:\/\/printsmilepro.ma\/wp-content\/uploads\/2025\/05\/logo-2.png\",\"width\":194,\"height\":80,\"caption\":\"Print Smile Pro\"},\"image\":{\"@id\":\"https:\/\/printsmilepro.ma\/#\/schema\/logo\/image\/\"}}]}<\/script>\n<!-- \/ Yoast SEO plugin. -->","yoast_head_json":{"title":"Blocco note personalizzato VIP Casablanca Marocco","description":"Blocchi per appunti VIP personalizzati a Casablanca, Marocco. Finiture di alta gamma, ideali per aziende, regali aziendali ed eventi professionali.","robots":{"index":"index","follow":"follow","max-snippet":"max-snippet:-1","max-image-preview":"max-image-preview:large","max-video-preview":"max-video-preview:-1"},"canonical":"https:\/\/printsmilepro.ma\/it\/blocco-note-vip\/","og_locale":"it_IT","og_type":"article","og_title":"Bloc Note VIP Personnalis\u00e9 Casablanca Maroc","og_description":"Blocs notes VIP personnalis\u00e9s \u00e0 Casablanca, Maroc. Finition haut de gamme, id\u00e9al pour entreprises, cadeaux d'affaires et \u00e9v\u00e9nements professionnels.","og_url":"https:\/\/printsmilepro.ma\/it\/blocco-note-vip\/","og_site_name":"Print Smile Pro","article_modified_time":"2025-07-28T21:05:15+00:00","twitter_card":"summary_large_image","twitter_misc":{"Tempo di lettura stimato":"2 minuti"},"schema":{"@context":"https:\/\/schema.org","@graph":[{"@type":"WebPage","@id":"https:\/\/printsmilepro.ma\/bloc-note-vip\/","url":"https:\/\/printsmilepro.ma\/bloc-note-vip\/","name":"Blocco note personalizzato VIP Casablanca Marocco","isPartOf":{"@id":"https:\/\/printsmilepro.ma\/#website"},"datePublished":"2025-06-07T17:54:49+00:00","dateModified":"2025-07-28T21:05:15+00:00","description":"Blocchi per appunti VIP personalizzati a Casablanca, Marocco. Finiture di alta gamma, ideali per aziende, regali aziendali ed eventi professionali.","breadcrumb":{"@id":"https:\/\/printsmilepro.ma\/bloc-note-vip\/#breadcrumb"},"inLanguage":"it-IT","potentialAction":[{"@type":"ReadAction","target":["https:\/\/printsmilepro.ma\/bloc-note-vip\/"]}]},{"@type":"BreadcrumbList","@id":"https:\/\/printsmilepro.ma\/bloc-note-vip\/#breadcrumb","itemListElement":[{"@type":"ListItem","position":1,"name":"Accueil","item":"https:\/\/printsmilepro.ma\/"},{"@type":"ListItem","position":2,"name":"Bloc Note Vip"}]},{"@type":"WebSite","@id":"https:\/\/printsmilepro.ma\/#website","url":"https:\/\/printsmilepro.ma\/","name":"Stampa Smile Pro","description":"Il vostro partner ideale per tutte le esigenze di stampa offset e digitale","publisher":{"@id":"https:\/\/printsmilepro.ma\/#organization"},"potentialAction":[{"@type":"SearchAction","target":{"@type":"EntryPoint","urlTemplate":"https:\/\/printsmilepro.ma\/?s={search_term_string}"},"query-input":{"@type":"PropertyValueSpecification","valueRequired":true,"valueName":"search_term_string"}}],"inLanguage":"it-IT"},{"@type":"Organization","@id":"https:\/\/printsmilepro.ma\/#organization","name":"Stampa Smile Pro","url":"https:\/\/printsmilepro.ma\/","logo":{"@type":"ImageObject","inLanguage":"it-IT","@id":"https:\/\/printsmilepro.ma\/#\/schema\/logo\/image\/","url":"https:\/\/printsmilepro.ma\/wp-content\/uploads\/2025\/05\/logo-2.png","contentUrl":"https:\/\/printsmilepro.ma\/wp-content\/uploads\/2025\/05\/logo-2.png","width":194,"height":80,"caption":"Print Smile Pro"},"image":{"@id":"https:\/\/printsmilepro.ma\/#\/schema\/logo\/image\/"}}]}},"_links":{"self":[{"href":"https:\/\/printsmilepro.ma\/it\/wp-json\/wp\/v2\/pages\/781","targetHints":{"allow":["GET"]}}],"collection":[{"href":"https:\/\/printsmilepro.ma\/it\/wp-json\/wp\/v2\/pages"}],"about":[{"href":"https:\/\/printsmilepro.ma\/it\/wp-json\/wp\/v2\/types\/page"}],"author":[{"embeddable":true,"href":"https:\/\/printsmilepro.ma\/it\/wp-json\/wp\/v2\/users\/1"}],"replies":[{"embeddable":true,"href":"https:\/\/printsmilepro.ma\/it\/wp-json\/wp\/v2\/comments?post=781"}],"version-history":[{"count":9,"href":"https:\/\/printsmilepro.ma\/it\/wp-json\/wp\/v2\/pages\/781\/revisions"}],"predecessor-version":[{"id":1050,"href":"https:\/\/printsmilepro.ma\/it\/wp-json\/wp\/v2\/pages\/781\/revisions\/1050"}],"wp:attachment":[{"href":"https:\/\/printsmilepro.ma\/it\/wp-json\/wp\/v2\/media?parent=781"}],"curies":[{"name":"wp","href":"https:\/\/api.w.org\/{rel}","templated":true}]}}