{"id":770,"date":"2025-06-07T17:28:22","date_gmt":"2025-06-07T17:28:22","guid":{"rendered":"https:\/\/printsmilepro.ma\/?page_id=770"},"modified":"2025-07-28T12:12:41","modified_gmt":"2025-07-28T12:12:41","slug":"scatole-di-cioccolato","status":"publish","type":"page","link":"https:\/\/printsmilepro.ma\/it\/scatole-di-cioccolato\/","title":{"rendered":"Scatole di cioccolato"},"content":{"rendered":"<div id=\"fws_69f4ee1d36ec6\"  data-column-margin=\"40px\" data-midnight=\"dark\"  class=\"wpb_row vc_row-fluid vc_row vc_row-o-equal-height vc_row-flex vc_row-o-content-middle  top_margin_40px bottom_margin_40px\"  style=\"padding-top: 0px; padding-bottom: 0px; \"><div class=\"row-bg-wrap\" data-bg-animation=\"none\" data-bg-animation-delay=\"\" data-bg-overlay=\"false\"><div class=\"inner-wrap row-bg-layer\" ><div class=\"row-bg viewport-desktop\"  style=\"\"><\/div><\/div><\/div><div class=\"row_col_wrap_12 col span_12 dark left\">\n\t<div  class=\"vc_col-sm-6 wpb_column column_container vc_column_container col no-extra-padding inherit_tablet inherit_phone\"  data-padding-pos=\"all\" data-has-bg-color=\"false\" data-bg-color=\"\" data-bg-opacity=\"1\" data-animation=\"\" data-delay=\"0\" >\n\t\t<div class=\"vc_column-inner\" >\n\t\t\t<div class=\"wpb_wrapper\">\n\t\t\t\t\n<div class=\"wpb_text_column wpb_content_element\" >\n\t<div class=\"wpb_wrapper\">\n\t\t<h2 class=\"AnswerParser_AnswerParserH4__ghxg8\"><strong>Scatole di cioccolato<br \/>\n<\/strong><\/h2>\n<h6>Scatole di cioccolato personalizzate a Casablanca<\/h6>\n\t<\/div>\n<\/div>\n\n\n\n\n<div class=\"wpb_text_column wpb_content_element\" >\n\t<div class=\"wpb_wrapper\">\n\t\t<p data-start=\"323\" data-end=\"700\">A <strong data-start=\"342\" data-end=\"372\">Stampa Smile Pro Casablanca<\/strong>progettiamo <strong data-start=\"393\" data-end=\"430\">scatole di cioccolato personalizzate<\/strong> che combinano estetica, protezione e qualit\u00e0. Che si tratti di <strong data-start=\"493\" data-end=\"516\">cioccolataio<\/strong>, <strong data-start=\"518\" data-end=\"540\">negozio gourmet<\/strong> o un <strong data-start=\"548\" data-end=\"603\">azienda che vuole offrire un regalo eccezionale<\/strong>Le nostre confezioni su misura valorizzano le vostre creazioni con un tocco lussuoso e professionale.<\/p>\n<p data-start=\"702\" data-end=\"719\"><strong data-start=\"702\" data-end=\"715\">Vantaggi<\/strong> :<\/p>\n<ul data-start=\"720\" data-end=\"903\">\n<li data-start=\"720\" data-end=\"749\">\n<p data-start=\"722\" data-end=\"749\">Design 100 % personalizzato<\/p>\n<\/li>\n<li data-start=\"750\" data-end=\"804\">\n<p data-start=\"752\" data-end=\"804\">Finiture di alta gamma: doratura, goffratura, verniciatura<\/p>\n<\/li>\n<li data-start=\"805\" data-end=\"842\">\n<p data-start=\"807\" data-end=\"842\">Conforme agli standard alimentari<\/p>\n<\/li>\n<li data-start=\"843\" data-end=\"903\">\n<p data-start=\"845\" data-end=\"903\">Vari formati: singoli, assortimento, confezioni regalo<\/p>\n<\/li>\n<\/ul>\n\t<\/div>\n<\/div>\n\n\n\n\n\t\t\t<\/div> \n\t\t<\/div>\n\t<\/div> \n\n\t<div  class=\"vc_col-sm-6 wpb_column column_container vc_column_container col no-extra-padding inherit_tablet inherit_phone\"  data-padding-pos=\"all\" data-has-bg-color=\"false\" data-bg-color=\"\" data-bg-opacity=\"1\" data-animation=\"\" data-delay=\"0\" >\n\t\t<div class=\"vc_column-inner\" >\n\t\t\t<div class=\"wpb_wrapper\">\n\t\t\t\t<div class=\"img-with-aniamtion-wrap\" data-max-width=\"100%\" data-max-width-mobile=\"default\" data-shadow=\"none\" data-animation=\"none\" >\n      <div class=\"inner\">\n        <div class=\"hover-wrap\"> \n          <div class=\"hover-wrap-inner\">\n            <img loading=\"lazy\" decoding=\"async\" class=\"img-with-animation skip-lazy\" data-delay=\"0\" height=\"800\" width=\"700\" data-animation=\"none\" src=\"https:\/\/printsmilepro.ma\/wp-content\/uploads\/2025\/06\/boite-chocolat-personnalise-logo.jpg\" alt=\"\" srcset=\"https:\/\/printsmilepro.ma\/wp-content\/uploads\/2025\/06\/boite-chocolat-personnalise-logo.jpg 700w, https:\/\/printsmilepro.ma\/wp-content\/uploads\/2025\/06\/boite-chocolat-personnalise-logo-263x300.jpg 263w, https:\/\/printsmilepro.ma\/wp-content\/uploads\/2025\/06\/boite-chocolat-personnalise-logo-11x12.jpg 11w\" sizes=\"auto, (max-width: 700px) 100vw, 700px\" \/>\n          <\/div>\n        <\/div>\n      <\/div>\n    <\/div>\n\t\t\t<\/div> \n\t\t<\/div>\n\t<\/div> \n<\/div><\/div>\n\t\t<div id=\"fws_69f4ee1d37653\"  data-column-margin=\"40px\" data-midnight=\"dark\"  class=\"wpb_row vc_row-fluid vc_row full-width-section vc_row-o-equal-height vc_row-flex vc_row-o-content-middle  top_margin_40px bottom_margin_40px\"  style=\"padding-top: 40px; padding-bottom: 40px; \"><div class=\"row-bg-wrap\" data-bg-animation=\"none\" data-bg-animation-delay=\"\" data-bg-overlay=\"false\"><div class=\"inner-wrap row-bg-layer\" ><div class=\"row-bg viewport-desktop using-bg-color\"  style=\"background-color: #d3d3d3; \"><\/div><\/div><\/div><div class=\"row_col_wrap_12 col span_12 dark left\">\n\t<div  class=\"vc_col-sm-6 wpb_column column_container vc_column_container col no-extra-padding inherit_tablet inherit_phone\"  data-padding-pos=\"all\" data-has-bg-color=\"false\" data-bg-color=\"\" data-bg-opacity=\"1\" data-animation=\"\" data-delay=\"0\" >\n\t\t<div class=\"vc_column-inner\" >\n\t\t\t<div class=\"wpb_wrapper\">\n\t\t\t\t<div class=\"img-with-aniamtion-wrap\" data-max-width=\"100%\" data-max-width-mobile=\"default\" data-shadow=\"none\" data-animation=\"none\" >\n      <div class=\"inner\">\n        <div class=\"hover-wrap\"> \n          <div class=\"hover-wrap-inner\">\n            <img loading=\"lazy\" decoding=\"async\" class=\"img-with-animation skip-lazy\" data-delay=\"0\" height=\"1445\" width=\"1800\" data-animation=\"none\" src=\"https:\/\/printsmilepro.ma\/wp-content\/uploads\/2025\/06\/chocolat-reglette-personnalisee-scaled-1.jpg\" alt=\"\" srcset=\"https:\/\/printsmilepro.ma\/wp-content\/uploads\/2025\/06\/chocolat-reglette-personnalisee-scaled-1.jpg 1800w, https:\/\/printsmilepro.ma\/wp-content\/uploads\/2025\/06\/chocolat-reglette-personnalisee-scaled-1-300x241.jpg 300w, https:\/\/printsmilepro.ma\/wp-content\/uploads\/2025\/06\/chocolat-reglette-personnalisee-scaled-1-1024x822.jpg 1024w, https:\/\/printsmilepro.ma\/wp-content\/uploads\/2025\/06\/chocolat-reglette-personnalisee-scaled-1-768x617.jpg 768w, https:\/\/printsmilepro.ma\/wp-content\/uploads\/2025\/06\/chocolat-reglette-personnalisee-scaled-1-1536x1233.jpg 1536w, https:\/\/printsmilepro.ma\/wp-content\/uploads\/2025\/06\/chocolat-reglette-personnalisee-scaled-1-15x12.jpg 15w\" sizes=\"auto, (max-width: 1800px) 100vw, 1800px\" \/>\n          <\/div>\n        <\/div>\n      <\/div>\n    <\/div>\n\t\t\t<\/div> \n\t\t<\/div>\n\t<\/div> \n\n\t<div  class=\"vc_col-sm-6 wpb_column column_container vc_column_container col no-extra-padding inherit_tablet inherit_phone\"  data-padding-pos=\"all\" data-has-bg-color=\"false\" data-bg-color=\"\" data-bg-opacity=\"1\" data-animation=\"\" data-delay=\"0\" >\n\t\t<div class=\"vc_column-inner\" >\n\t\t\t<div class=\"wpb_wrapper\">\n\t\t\t\t\n<div class=\"wpb_text_column wpb_content_element\" >\n\t<div class=\"wpb_wrapper\">\n\t\t<h2 class=\"AnswerParser_AnswerParserH4__ghxg8\"><strong>Scatole di cioccolato<br \/>\n<\/strong><\/h2>\n<h6>Confezioni di cioccolato personalizzate a Casablanca, Marocco<\/h6>\n\t<\/div>\n<\/div>\n\n\n\n\n<div class=\"wpb_text_column wpb_content_element\" >\n\t<div class=\"wpb_wrapper\">\n\t\t<p data-start=\"1034\" data-end=\"1152\">Le nostre scatole di cioccolato sono progettate per valorizzare i vostri prodotti e rafforzare l'immagine del vostro marchio.<\/p>\n<p data-start=\"1154\" data-end=\"1181\"><strong data-start=\"1154\" data-end=\"1177\">Modelli disponibili<\/strong> :<\/p>\n<ul data-start=\"1182\" data-end=\"1423\">\n<li data-start=\"1182\" data-end=\"1225\">\n<p data-start=\"1184\" data-end=\"1225\"><strong data-start=\"1184\" data-end=\"1210\">Scatole rigide di lusso<\/strong> con inserti<\/p>\n<\/li>\n<li data-start=\"1226\" data-end=\"1294\">\n<p data-start=\"1228\" data-end=\"1294\"><strong data-start=\"1228\" data-end=\"1247\">Scatole pieghevoli<\/strong> per cioccolatini individuali o mini-bar<\/p>\n<\/li>\n<li data-start=\"1295\" data-end=\"1359\">\n<p data-start=\"1297\" data-end=\"1359\"><strong data-start=\"1297\" data-end=\"1317\">Set regalo<\/strong> personalizzati (aziendali o eventi)<\/p>\n<\/li>\n<li data-start=\"1360\" data-end=\"1423\">\n<p data-start=\"1362\" data-end=\"1423\"><strong data-start=\"1362\" data-end=\"1395\">Scatole per finestre trasparenti<\/strong> per il miglioramento del prodotto<\/p>\n<\/li>\n<\/ul>\n\t<\/div>\n<\/div>\n\n\n\n\n\t\t\t<\/div> \n\t\t<\/div>\n\t<\/div> \n<\/div><\/div>\n\t\t<div id=\"fws_69f4ee1d37a31\"  data-column-margin=\"40px\" data-midnight=\"dark\"  class=\"wpb_row vc_row-fluid vc_row vc_row-o-equal-height vc_row-flex vc_row-o-content-middle  top_margin_40px bottom_margin_40px\"  style=\"padding-top: 0px; padding-bottom: 0px; \"><div class=\"row-bg-wrap\" data-bg-animation=\"none\" data-bg-animation-delay=\"\" data-bg-overlay=\"false\"><div class=\"inner-wrap row-bg-layer\" ><div class=\"row-bg viewport-desktop\"  style=\"\"><\/div><\/div><\/div><div class=\"row_col_wrap_12 col span_12 dark left\">\n\t<div  class=\"vc_col-sm-6 wpb_column column_container vc_column_container col no-extra-padding inherit_tablet inherit_phone\"  data-padding-pos=\"all\" data-has-bg-color=\"false\" data-bg-color=\"\" data-bg-opacity=\"1\" data-animation=\"\" data-delay=\"0\" >\n\t\t<div class=\"vc_column-inner\" >\n\t\t\t<div class=\"wpb_wrapper\">\n\t\t\t\t\n<div class=\"wpb_text_column wpb_content_element\" >\n\t<div class=\"wpb_wrapper\">\n\t\t<h2 class=\"AnswerParser_AnswerParserH4__ghxg8\"><strong>Scatole di cioccolato<br \/>\n<\/strong><\/h2>\n<h6>Confezioni personalizzate per cioccolatini pregiati a Casablanca<\/h6>\n\t<\/div>\n<\/div>\n\n\n\n\n<div class=\"wpb_text_column wpb_content_element\" >\n\t<div class=\"wpb_wrapper\">\n\t\t<p data-start=\"1783\" data-end=\"1987\">Situato in <strong data-start=\"1809\" data-end=\"1823\">Casablanca<\/strong>Sosteniamo i professionisti del cioccolato nella creazione dei loro prodotti. <strong data-start=\"1894\" data-end=\"1933\">scatole personalizzate di alta gamma<\/strong>con produzione locale e tempi di consegna controllati.<\/p>\n<p data-start=\"1989\" data-end=\"2216\"><strong data-start=\"1989\" data-end=\"2008\">I nostri impegni<\/strong> :<br data-start=\"2010\" data-end=\"2013\" \/>\u2705 Supporto su misura<br data-start=\"2040\" data-end=\"2043\" \/>\u2705 Mock-up e prototipi prima della produzione<br data-start=\"2085\" data-end=\"2088\" \/>\u2705 Sono disponibili serie piccole e grandi<br data-start=\"2127\" data-end=\"2130\" \/>\u2705 Consegna rapida in tutto il Marocco<br data-start=\"2165\" data-end=\"2168\" \/>Eccellente qualit\u00e0 di stampa e finitura<\/p>\n\t<\/div>\n<\/div>\n\n\n\n\n\t\t\t<\/div> \n\t\t<\/div>\n\t<\/div> \n\n\t<div  class=\"vc_col-sm-6 wpb_column column_container vc_column_container col no-extra-padding inherit_tablet inherit_phone\"  data-padding-pos=\"all\" data-has-bg-color=\"false\" data-bg-color=\"\" data-bg-opacity=\"1\" data-animation=\"\" data-delay=\"0\" >\n\t\t<div class=\"vc_column-inner\" >\n\t\t\t<div class=\"wpb_wrapper\">\n\t\t\t\t<div class=\"img-with-aniamtion-wrap\" data-max-width=\"100%\" data-max-width-mobile=\"default\" data-shadow=\"none\" data-animation=\"none\" >\n      <div class=\"inner\">\n        <div class=\"hover-wrap\"> \n          <div class=\"hover-wrap-inner\">\n            <img loading=\"lazy\" decoding=\"async\" class=\"img-with-animation skip-lazy\" data-delay=\"0\" height=\"495\" width=\"555\" data-animation=\"none\" src=\"https:\/\/printsmilepro.ma\/wp-content\/uploads\/2025\/06\/concept-modulo-1-555x495-1.png\" alt=\"\" srcset=\"https:\/\/printsmilepro.ma\/wp-content\/uploads\/2025\/06\/concept-modulo-1-555x495-1.png 555w, https:\/\/printsmilepro.ma\/wp-content\/uploads\/2025\/06\/concept-modulo-1-555x495-1-300x268.png 300w, https:\/\/printsmilepro.ma\/wp-content\/uploads\/2025\/06\/concept-modulo-1-555x495-1-13x12.png 13w\" sizes=\"auto, (max-width: 555px) 100vw, 555px\" \/>\n          <\/div>\n        <\/div>\n      <\/div>\n    <\/div>\n\t\t\t<\/div> \n\t\t<\/div>\n\t<\/div> \n<\/div><\/div>","protected":false},"excerpt":{"rendered":"Boites de Chocolat Bo\u00eetes \u00e0 chocolat personnalis\u00e9es \u00e0 Casablanca Chez Print Smile Pro Casablanca, nous concevons des bo\u00eetes de chocolat personnalis\u00e9es qui allient esth\u00e9tisme, protection et qualit\u00e9. Que vous soyez...","protected":false},"author":1,"featured_media":0,"parent":0,"menu_order":0,"comment_status":"closed","ping_status":"closed","template":"","meta":{"_monsterinsights_skip_tracking":false,"_monsterinsights_sitenote_active":false,"_monsterinsights_sitenote_note":"","_monsterinsights_sitenote_category":0,"_joinchat":[],"footnotes":""},"class_list":["post-770","page","type-page","status-publish"],"yoast_head":"<!-- This site is optimized with the Yoast SEO plugin v26.2 - https:\/\/yoast.com\/wordpress\/plugins\/seo\/ -->\n<title>Bo\u00eetes de Chocolat Personnalis\u00e9es \u2013 Casablanca Maroc<\/title>\n<meta name=\"description\" content=\"D\u00e9couvrez nos bo\u00eetes de chocolat personnalis\u00e9es \u00e0 Casablanca. Id\u00e9ales pour cadeaux d\u2019affaires, \u00e9v\u00e9nements ou occasions sp\u00e9ciales. Qualit\u00e9 premium et livraison rapide.\" \/>\n<meta name=\"robots\" content=\"index, follow, max-snippet:-1, max-image-preview:large, max-video-preview:-1\" \/>\n<link rel=\"canonical\" href=\"https:\/\/printsmilepro.ma\/it\/scatole-di-cioccolato\/\" \/>\n<meta property=\"og:locale\" content=\"it_IT\" \/>\n<meta property=\"og:type\" content=\"article\" \/>\n<meta property=\"og:title\" content=\"Bo\u00eetes de Chocolat Personnalis\u00e9es \u2013 Casablanca Maroc\" \/>\n<meta property=\"og:description\" content=\"D\u00e9couvrez nos bo\u00eetes de chocolat personnalis\u00e9es \u00e0 Casablanca. Id\u00e9ales pour cadeaux d\u2019affaires, \u00e9v\u00e9nements ou occasions sp\u00e9ciales. Qualit\u00e9 premium et livraison rapide.\" \/>\n<meta property=\"og:url\" content=\"https:\/\/printsmilepro.ma\/it\/scatole-di-cioccolato\/\" \/>\n<meta property=\"og:site_name\" content=\"Print Smile Pro\" \/>\n<meta property=\"article:modified_time\" content=\"2025-07-28T12:12:41+00:00\" \/>\n<meta name=\"twitter:card\" content=\"summary_large_image\" \/>\n<meta name=\"twitter:label1\" content=\"Tempo di lettura stimato\" \/>\n\t<meta name=\"twitter:data1\" content=\"2 minuti\" \/>\n<script type=\"application\/ld+json\" class=\"yoast-schema-graph\">{\"@context\":\"https:\/\/schema.org\",\"@graph\":[{\"@type\":\"WebPage\",\"@id\":\"https:\/\/printsmilepro.ma\/boites-de-chocolat\/\",\"url\":\"https:\/\/printsmilepro.ma\/boites-de-chocolat\/\",\"name\":\"Bo\u00eetes de Chocolat Personnalis\u00e9es \u2013 Casablanca Maroc\",\"isPartOf\":{\"@id\":\"https:\/\/printsmilepro.ma\/#website\"},\"datePublished\":\"2025-06-07T17:28:22+00:00\",\"dateModified\":\"2025-07-28T12:12:41+00:00\",\"description\":\"D\u00e9couvrez nos bo\u00eetes de chocolat personnalis\u00e9es \u00e0 Casablanca. Id\u00e9ales pour cadeaux d\u2019affaires, \u00e9v\u00e9nements ou occasions sp\u00e9ciales. Qualit\u00e9 premium et livraison rapide.\",\"breadcrumb\":{\"@id\":\"https:\/\/printsmilepro.ma\/boites-de-chocolat\/#breadcrumb\"},\"inLanguage\":\"it-IT\",\"potentialAction\":[{\"@type\":\"ReadAction\",\"target\":[\"https:\/\/printsmilepro.ma\/boites-de-chocolat\/\"]}]},{\"@type\":\"BreadcrumbList\",\"@id\":\"https:\/\/printsmilepro.ma\/boites-de-chocolat\/#breadcrumb\",\"itemListElement\":[{\"@type\":\"ListItem\",\"position\":1,\"name\":\"Accueil\",\"item\":\"https:\/\/printsmilepro.ma\/\"},{\"@type\":\"ListItem\",\"position\":2,\"name\":\"Boites de Chocolat\"}]},{\"@type\":\"WebSite\",\"@id\":\"https:\/\/printsmilepro.ma\/#website\",\"url\":\"https:\/\/printsmilepro.ma\/\",\"name\":\"Print Smile Pro\",\"description\":\"Votre partenaire id\u00e9al pour la r\u00e9alisation de tous vos travaux d&#039;impression offset et num\u00e9rique\",\"publisher\":{\"@id\":\"https:\/\/printsmilepro.ma\/#organization\"},\"potentialAction\":[{\"@type\":\"SearchAction\",\"target\":{\"@type\":\"EntryPoint\",\"urlTemplate\":\"https:\/\/printsmilepro.ma\/?s={search_term_string}\"},\"query-input\":{\"@type\":\"PropertyValueSpecification\",\"valueRequired\":true,\"valueName\":\"search_term_string\"}}],\"inLanguage\":\"it-IT\"},{\"@type\":\"Organization\",\"@id\":\"https:\/\/printsmilepro.ma\/#organization\",\"name\":\"Print Smile Pro\",\"url\":\"https:\/\/printsmilepro.ma\/\",\"logo\":{\"@type\":\"ImageObject\",\"inLanguage\":\"it-IT\",\"@id\":\"https:\/\/printsmilepro.ma\/#\/schema\/logo\/image\/\",\"url\":\"https:\/\/printsmilepro.ma\/wp-content\/uploads\/2025\/05\/logo-2.png\",\"contentUrl\":\"https:\/\/printsmilepro.ma\/wp-content\/uploads\/2025\/05\/logo-2.png\",\"width\":194,\"height\":80,\"caption\":\"Print Smile Pro\"},\"image\":{\"@id\":\"https:\/\/printsmilepro.ma\/#\/schema\/logo\/image\/\"}}]}<\/script>\n<!-- \/ Yoast SEO plugin. -->","yoast_head_json":{"title":"Scatole di cioccolato personalizzate - Casablanca Marocco","description":"Scoprite le nostre scatole di cioccolato personalizzate a Casablanca. Ideali per regali aziendali, eventi o occasioni speciali. Qualit\u00e0 premium e consegna rapida.","robots":{"index":"index","follow":"follow","max-snippet":"max-snippet:-1","max-image-preview":"max-image-preview:large","max-video-preview":"max-video-preview:-1"},"canonical":"https:\/\/printsmilepro.ma\/it\/scatole-di-cioccolato\/","og_locale":"it_IT","og_type":"article","og_title":"Bo\u00eetes de Chocolat Personnalis\u00e9es \u2013 Casablanca Maroc","og_description":"D\u00e9couvrez nos bo\u00eetes de chocolat personnalis\u00e9es \u00e0 Casablanca. Id\u00e9ales pour cadeaux d\u2019affaires, \u00e9v\u00e9nements ou occasions sp\u00e9ciales. Qualit\u00e9 premium et livraison rapide.","og_url":"https:\/\/printsmilepro.ma\/it\/scatole-di-cioccolato\/","og_site_name":"Print Smile Pro","article_modified_time":"2025-07-28T12:12:41+00:00","twitter_card":"summary_large_image","twitter_misc":{"Tempo di lettura stimato":"2 minuti"},"schema":{"@context":"https:\/\/schema.org","@graph":[{"@type":"WebPage","@id":"https:\/\/printsmilepro.ma\/boites-de-chocolat\/","url":"https:\/\/printsmilepro.ma\/boites-de-chocolat\/","name":"Scatole di cioccolato personalizzate - Casablanca Marocco","isPartOf":{"@id":"https:\/\/printsmilepro.ma\/#website"},"datePublished":"2025-06-07T17:28:22+00:00","dateModified":"2025-07-28T12:12:41+00:00","description":"Scoprite le nostre scatole di cioccolato personalizzate a Casablanca. Ideali per regali aziendali, eventi o occasioni speciali. Qualit\u00e0 premium e consegna rapida.","breadcrumb":{"@id":"https:\/\/printsmilepro.ma\/boites-de-chocolat\/#breadcrumb"},"inLanguage":"it-IT","potentialAction":[{"@type":"ReadAction","target":["https:\/\/printsmilepro.ma\/boites-de-chocolat\/"]}]},{"@type":"BreadcrumbList","@id":"https:\/\/printsmilepro.ma\/boites-de-chocolat\/#breadcrumb","itemListElement":[{"@type":"ListItem","position":1,"name":"Accueil","item":"https:\/\/printsmilepro.ma\/"},{"@type":"ListItem","position":2,"name":"Boites de Chocolat"}]},{"@type":"WebSite","@id":"https:\/\/printsmilepro.ma\/#website","url":"https:\/\/printsmilepro.ma\/","name":"Stampa Smile Pro","description":"Il vostro partner ideale per tutte le esigenze di stampa offset e digitale","publisher":{"@id":"https:\/\/printsmilepro.ma\/#organization"},"potentialAction":[{"@type":"SearchAction","target":{"@type":"EntryPoint","urlTemplate":"https:\/\/printsmilepro.ma\/?s={search_term_string}"},"query-input":{"@type":"PropertyValueSpecification","valueRequired":true,"valueName":"search_term_string"}}],"inLanguage":"it-IT"},{"@type":"Organization","@id":"https:\/\/printsmilepro.ma\/#organization","name":"Stampa Smile Pro","url":"https:\/\/printsmilepro.ma\/","logo":{"@type":"ImageObject","inLanguage":"it-IT","@id":"https:\/\/printsmilepro.ma\/#\/schema\/logo\/image\/","url":"https:\/\/printsmilepro.ma\/wp-content\/uploads\/2025\/05\/logo-2.png","contentUrl":"https:\/\/printsmilepro.ma\/wp-content\/uploads\/2025\/05\/logo-2.png","width":194,"height":80,"caption":"Print Smile Pro"},"image":{"@id":"https:\/\/printsmilepro.ma\/#\/schema\/logo\/image\/"}}]}},"_links":{"self":[{"href":"https:\/\/printsmilepro.ma\/it\/wp-json\/wp\/v2\/pages\/770","targetHints":{"allow":["GET"]}}],"collection":[{"href":"https:\/\/printsmilepro.ma\/it\/wp-json\/wp\/v2\/pages"}],"about":[{"href":"https:\/\/printsmilepro.ma\/it\/wp-json\/wp\/v2\/types\/page"}],"author":[{"embeddable":true,"href":"https:\/\/printsmilepro.ma\/it\/wp-json\/wp\/v2\/users\/1"}],"replies":[{"embeddable":true,"href":"https:\/\/printsmilepro.ma\/it\/wp-json\/wp\/v2\/comments?post=770"}],"version-history":[{"count":5,"href":"https:\/\/printsmilepro.ma\/it\/wp-json\/wp\/v2\/pages\/770\/revisions"}],"predecessor-version":[{"id":1027,"href":"https:\/\/printsmilepro.ma\/it\/wp-json\/wp\/v2\/pages\/770\/revisions\/1027"}],"wp:attachment":[{"href":"https:\/\/printsmilepro.ma\/it\/wp-json\/wp\/v2\/media?parent=770"}],"curies":[{"name":"wp","href":"https:\/\/api.w.org\/{rel}","templated":true}]}}