{"id":765,"date":"2025-06-07T17:19:50","date_gmt":"2025-06-07T17:19:50","guid":{"rendered":"https:\/\/printsmilepro.ma\/?page_id=765"},"modified":"2025-07-28T12:11:37","modified_gmt":"2025-07-28T12:11:37","slug":"scatole-di-lusso","status":"publish","type":"page","link":"https:\/\/printsmilepro.ma\/it\/scatole-di-lusso\/","title":{"rendered":"Scatole di lusso"},"content":{"rendered":"<div id=\"fws_69e190c517591\"  data-column-margin=\"40px\" data-midnight=\"dark\"  class=\"wpb_row vc_row-fluid vc_row vc_row-o-equal-height vc_row-flex vc_row-o-content-middle  top_margin_40px bottom_margin_40px\"  style=\"padding-top: 0px; padding-bottom: 0px; \"><div class=\"row-bg-wrap\" data-bg-animation=\"none\" data-bg-animation-delay=\"\" data-bg-overlay=\"false\"><div class=\"inner-wrap row-bg-layer\" ><div class=\"row-bg viewport-desktop\"  style=\"\"><\/div><\/div><\/div><div class=\"row_col_wrap_12 col span_12 dark left\">\n\t<div  class=\"vc_col-sm-6 wpb_column column_container vc_column_container col no-extra-padding inherit_tablet inherit_phone\"  data-padding-pos=\"all\" data-has-bg-color=\"false\" data-bg-color=\"\" data-bg-opacity=\"1\" data-animation=\"\" data-delay=\"0\" >\n\t\t<div class=\"vc_column-inner\" >\n\t\t\t<div class=\"wpb_wrapper\">\n\t\t\t\t\n<div class=\"wpb_text_column wpb_content_element\" >\n\t<div class=\"wpb_wrapper\">\n\t\t<h2 class=\"AnswerParser_AnswerParserH4__ghxg8\"><strong>Scatole di lusso<\/strong><\/h2>\n<h6 data-start=\"111\" data-end=\"163\">Scatole regalo di lusso personalizzate a Casablanca, Marocco<\/h6>\n\t<\/div>\n<\/div>\n\n\n\n\n<div class=\"wpb_text_column wpb_content_element\" >\n\t<div class=\"wpb_wrapper\">\n\t\t<p data-start=\"320\" data-end=\"638\">A <strong data-start=\"339\" data-end=\"369\">Stampa Smile Pro Casablanca<\/strong>creiamo <strong data-start=\"387\" data-end=\"414\">scatole di lusso<\/strong> progettati per valorizzare i vostri prodotti. Sia per <strong data-start=\"484\" data-end=\"560\">cosmetici, orologi, gioielli, cioccolatini, profumi o regali aziendali<\/strong>Ogni scatola \u00e8 progettata per riflettere l'immagine prestigiosa del vostro marchio.<\/p>\n<p data-start=\"640\" data-end=\"660\"><strong data-start=\"640\" data-end=\"656\">Punti salienti<\/strong> :<\/p>\n<ul data-start=\"661\" data-end=\"894\">\n<li data-start=\"661\" data-end=\"727\">\n<p data-start=\"663\" data-end=\"727\">Finiture di alta gamma (soft touch, stampa a caldo, goffratura)<\/p>\n<\/li>\n<li data-start=\"728\" data-end=\"791\">\n<p data-start=\"730\" data-end=\"791\">Materiali di alta qualit\u00e0: cartone rigido, inserti di velluto o di schiuma<\/p>\n<\/li>\n<li data-start=\"792\" data-end=\"835\">\n<p data-start=\"794\" data-end=\"835\">Chiusura magnetica, a nastro o magnetica<\/p>\n<\/li>\n<li data-start=\"836\" data-end=\"894\">\n<p data-start=\"838\" data-end=\"894\">Completamente personalizzabile (forma, stampa, texture)<\/p>\n<\/li>\n<\/ul>\n\t<\/div>\n<\/div>\n\n\n\n\n\t\t\t<\/div> \n\t\t<\/div>\n\t<\/div> \n\n\t<div  class=\"vc_col-sm-6 wpb_column column_container vc_column_container col no-extra-padding inherit_tablet inherit_phone\"  data-padding-pos=\"all\" data-has-bg-color=\"false\" data-bg-color=\"\" data-bg-opacity=\"1\" data-animation=\"\" data-delay=\"0\" >\n\t\t<div class=\"vc_column-inner\" >\n\t\t\t<div class=\"wpb_wrapper\">\n\t\t\t\t<div class=\"img-with-aniamtion-wrap\" data-max-width=\"100%\" data-max-width-mobile=\"default\" data-shadow=\"none\" data-animation=\"none\" >\n      <div class=\"inner\">\n        <div class=\"hover-wrap\"> \n          <div class=\"hover-wrap-inner\">\n            <img loading=\"lazy\" decoding=\"async\" class=\"img-with-animation skip-lazy\" data-delay=\"0\" height=\"480\" width=\"480\" data-animation=\"none\" src=\"https:\/\/printsmilepro.ma\/wp-content\/uploads\/2025\/06\/Boites-cadeaux-en-carton.jpg\" alt=\"\" srcset=\"https:\/\/printsmilepro.ma\/wp-content\/uploads\/2025\/06\/Boites-cadeaux-en-carton.jpg 480w, https:\/\/printsmilepro.ma\/wp-content\/uploads\/2025\/06\/Boites-cadeaux-en-carton-300x300.jpg 300w, https:\/\/printsmilepro.ma\/wp-content\/uploads\/2025\/06\/Boites-cadeaux-en-carton-150x150.jpg 150w, https:\/\/printsmilepro.ma\/wp-content\/uploads\/2025\/06\/Boites-cadeaux-en-carton-12x12.jpg 12w, https:\/\/printsmilepro.ma\/wp-content\/uploads\/2025\/06\/Boites-cadeaux-en-carton-140x140.jpg 140w, https:\/\/printsmilepro.ma\/wp-content\/uploads\/2025\/06\/Boites-cadeaux-en-carton-100x100.jpg 100w, https:\/\/printsmilepro.ma\/wp-content\/uploads\/2025\/06\/Boites-cadeaux-en-carton-350x350.jpg 350w\" sizes=\"auto, (max-width: 480px) 100vw, 480px\" \/>\n          <\/div>\n        <\/div>\n      <\/div>\n    <\/div>\n\t\t\t<\/div> \n\t\t<\/div>\n\t<\/div> \n<\/div><\/div>\n\t\t<div id=\"fws_69e190c517b45\"  data-column-margin=\"40px\" data-midnight=\"dark\"  class=\"wpb_row vc_row-fluid vc_row full-width-section vc_row-o-equal-height vc_row-flex vc_row-o-content-middle  top_margin_40px bottom_margin_40px\"  style=\"padding-top: 40px; padding-bottom: 40px; \"><div class=\"row-bg-wrap\" data-bg-animation=\"none\" data-bg-animation-delay=\"\" data-bg-overlay=\"false\"><div class=\"inner-wrap row-bg-layer\" ><div class=\"row-bg viewport-desktop using-bg-color\"  style=\"background-color: #d3d3d3; \"><\/div><\/div><\/div><div class=\"row_col_wrap_12 col span_12 dark left\">\n\t<div  class=\"vc_col-sm-6 wpb_column column_container vc_column_container col no-extra-padding inherit_tablet inherit_phone\"  data-padding-pos=\"all\" data-has-bg-color=\"false\" data-bg-color=\"\" data-bg-opacity=\"1\" data-animation=\"\" data-delay=\"0\" >\n\t\t<div class=\"vc_column-inner\" >\n\t\t\t<div class=\"wpb_wrapper\">\n\t\t\t\t<div class=\"img-with-aniamtion-wrap\" data-max-width=\"100%\" data-max-width-mobile=\"default\" data-shadow=\"none\" data-animation=\"none\" >\n      <div class=\"inner\">\n        <div class=\"hover-wrap\"> \n          <div class=\"hover-wrap-inner\">\n            <img loading=\"lazy\" decoding=\"async\" class=\"img-with-animation skip-lazy\" data-delay=\"0\" height=\"360\" width=\"360\" data-animation=\"none\" src=\"https:\/\/printsmilepro.ma\/wp-content\/uploads\/2025\/06\/Boites-aimantee-3.webp\" alt=\"\" srcset=\"https:\/\/printsmilepro.ma\/wp-content\/uploads\/2025\/06\/Boites-aimantee-3.webp 360w, https:\/\/printsmilepro.ma\/wp-content\/uploads\/2025\/06\/Boites-aimantee-3-300x300.webp 300w, https:\/\/printsmilepro.ma\/wp-content\/uploads\/2025\/06\/Boites-aimantee-3-150x150.webp 150w, https:\/\/printsmilepro.ma\/wp-content\/uploads\/2025\/06\/Boites-aimantee-3-12x12.webp 12w, https:\/\/printsmilepro.ma\/wp-content\/uploads\/2025\/06\/Boites-aimantee-3-140x140.webp 140w, https:\/\/printsmilepro.ma\/wp-content\/uploads\/2025\/06\/Boites-aimantee-3-100x100.webp 100w, https:\/\/printsmilepro.ma\/wp-content\/uploads\/2025\/06\/Boites-aimantee-3-350x350.webp 350w\" sizes=\"auto, (max-width: 360px) 100vw, 360px\" \/>\n          <\/div>\n        <\/div>\n      <\/div>\n    <\/div>\n\t\t\t<\/div> \n\t\t<\/div>\n\t<\/div> \n\n\t<div  class=\"vc_col-sm-6 wpb_column column_container vc_column_container col no-extra-padding inherit_tablet inherit_phone\"  data-padding-pos=\"all\" data-has-bg-color=\"false\" data-bg-color=\"\" data-bg-opacity=\"1\" data-animation=\"\" data-delay=\"0\" >\n\t\t<div class=\"vc_column-inner\" >\n\t\t\t<div class=\"wpb_wrapper\">\n\t\t\t\t\n<div class=\"wpb_text_column wpb_content_element\" >\n\t<div class=\"wpb_wrapper\">\n\t\t<h2 class=\"AnswerParser_AnswerParserH4__ghxg8\"><strong>Scatole di lusso<\/strong><\/h2>\n<h6>Confezioni regalo di prestigio a Casablanca<\/h6>\n\t<\/div>\n<\/div>\n\n\n\n\n<div class=\"wpb_text_column wpb_content_element\" >\n\t<div class=\"wpb_wrapper\">\n\t\t<p data-start=\"1041\" data-end=\"1199\">Progettiamo scatole regalo di lusso che combinano <strong data-start=\"1103\" data-end=\"1142\">progettazione, protezione e impatto visivo<\/strong>con particolare attenzione ad ogni dettaglio.<\/p>\n<p data-start=\"1201\" data-end=\"1231\"><strong data-start=\"1201\" data-end=\"1227\">Applicazioni attuali<\/strong> :<\/p>\n<ul data-start=\"1232\" data-end=\"1449\">\n<li data-start=\"1232\" data-end=\"1269\">\n<p data-start=\"1234\" data-end=\"1269\"><strong data-start=\"1234\" data-end=\"1267\">Pacchetti regalo aziendali<\/strong><\/p>\n<\/li>\n<li data-start=\"1270\" data-end=\"1337\">\n<p data-start=\"1272\" data-end=\"1337\"><strong data-start=\"1272\" data-end=\"1335\">Scatole di presentazione per fiere o lanci di prodotti<\/strong><\/p>\n<\/li>\n<li data-start=\"1338\" data-end=\"1400\">\n<p data-start=\"1340\" data-end=\"1400\"><strong data-start=\"1340\" data-end=\"1398\">Imballaggi di qualit\u00e0 per prodotti artigianali e di lusso<\/strong><\/p>\n<\/li>\n<li data-start=\"1401\" data-end=\"1449\">\n<p data-start=\"1403\" data-end=\"1449\"><strong data-start=\"1403\" data-end=\"1449\">Edizioni limitate e confezioni per eventi<\/strong><\/p>\n<\/li>\n<\/ul>\n\t<\/div>\n<\/div>\n\n\n\n\n\t\t\t<\/div> \n\t\t<\/div>\n\t<\/div> \n<\/div><\/div>\n\t\t<div id=\"fws_69e190c517eca\"  data-column-margin=\"40px\" data-midnight=\"dark\"  class=\"wpb_row vc_row-fluid vc_row vc_row-o-equal-height vc_row-flex vc_row-o-content-middle  top_margin_40px bottom_margin_40px\"  style=\"padding-top: 0px; padding-bottom: 0px; \"><div class=\"row-bg-wrap\" data-bg-animation=\"none\" data-bg-animation-delay=\"\" data-bg-overlay=\"false\"><div class=\"inner-wrap row-bg-layer\" ><div class=\"row-bg viewport-desktop\"  style=\"\"><\/div><\/div><\/div><div class=\"row_col_wrap_12 col span_12 dark left\">\n\t<div  class=\"vc_col-sm-6 wpb_column column_container vc_column_container col no-extra-padding inherit_tablet inherit_phone\"  data-padding-pos=\"all\" data-has-bg-color=\"false\" data-bg-color=\"\" data-bg-opacity=\"1\" data-animation=\"\" data-delay=\"0\" >\n\t\t<div class=\"vc_column-inner\" >\n\t\t\t<div class=\"wpb_wrapper\">\n\t\t\t\t\n<div class=\"wpb_text_column wpb_content_element\" >\n\t<div class=\"wpb_wrapper\">\n\t\t<h2 class=\"AnswerParser_AnswerParserH4__ghxg8\"><strong>Scatole di lusso<\/strong><\/h2>\n<h6>Produzione di scatole di lusso a Casablanca<\/h6>\n\t<\/div>\n<\/div>\n\n\n\n\n<div class=\"wpb_text_column wpb_content_element\" >\n\t<div class=\"wpb_wrapper\">\n\t\t<p data-start=\"1819\" data-end=\"1993\">Situato in <strong data-start=\"1845\" data-end=\"1859\">Casablanca<\/strong>Supportiamo i nostri clienti nella creazione di <strong data-start=\"1911\" data-end=\"1937\">imballaggio eccezionale<\/strong> con materiali di qualit\u00e0 e una lavorazione meticolosa.<\/p>\n<p data-start=\"1995\" data-end=\"2229\"><strong data-start=\"1995\" data-end=\"2022\">Perch\u00e9 scegliere noi?<\/strong><br data-start=\"2022\" data-end=\"2025\" \/>\u2705 Design e supporto grafico su misura<br data-start=\"2072\" data-end=\"2075\" \/>Qualit\u00e0 costruttiva premium<br data-start=\"2107\" data-end=\"2110\" \/>\u2705 Tempi di consegna controllati e consegna nazionale<br data-start=\"2151\" data-end=\"2154\" \/>\u2705 Possibilit\u00e0 di piccole e grandi produzioni<br data-start=\"2191\" data-end=\"2194\" \/>\u2705 Ascolto, flessibilit\u00e0 e creativit\u00e0<\/p>\n\t<\/div>\n<\/div>\n\n\n\n\n\t\t\t<\/div> \n\t\t<\/div>\n\t<\/div> \n\n\t<div  class=\"vc_col-sm-6 wpb_column column_container vc_column_container col no-extra-padding inherit_tablet inherit_phone\"  data-padding-pos=\"all\" data-has-bg-color=\"false\" data-bg-color=\"\" data-bg-opacity=\"1\" data-animation=\"\" data-delay=\"0\" >\n\t\t<div class=\"vc_column-inner\" >\n\t\t\t<div class=\"wpb_wrapper\">\n\t\t\t\t<div class=\"img-with-aniamtion-wrap\" data-max-width=\"100%\" data-max-width-mobile=\"default\" data-shadow=\"none\" data-animation=\"none\" >\n      <div class=\"inner\">\n        <div class=\"hover-wrap\"> \n          <div class=\"hover-wrap-inner\">\n            <img loading=\"lazy\" decoding=\"async\" class=\"img-with-animation skip-lazy\" data-delay=\"0\" height=\"720\" width=\"720\" data-animation=\"none\" src=\"https:\/\/printsmilepro.ma\/wp-content\/uploads\/2025\/06\/Hb8408d1e86254348b61e77880f251b95o.png_720x720q50.avif\" alt=\"\" srcset=\"https:\/\/printsmilepro.ma\/wp-content\/uploads\/2025\/06\/Hb8408d1e86254348b61e77880f251b95o.png_720x720q50.avif 720w, https:\/\/printsmilepro.ma\/wp-content\/uploads\/2025\/06\/Hb8408d1e86254348b61e77880f251b95o.png_720x720q50-300x300.avif 300w, https:\/\/printsmilepro.ma\/wp-content\/uploads\/2025\/06\/Hb8408d1e86254348b61e77880f251b95o.png_720x720q50-150x150.avif 150w, https:\/\/printsmilepro.ma\/wp-content\/uploads\/2025\/06\/Hb8408d1e86254348b61e77880f251b95o.png_720x720q50-12x12.avif 12w, https:\/\/printsmilepro.ma\/wp-content\/uploads\/2025\/06\/Hb8408d1e86254348b61e77880f251b95o.png_720x720q50-140x140.avif 140w, https:\/\/printsmilepro.ma\/wp-content\/uploads\/2025\/06\/Hb8408d1e86254348b61e77880f251b95o.png_720x720q50-100x100.avif 100w, https:\/\/printsmilepro.ma\/wp-content\/uploads\/2025\/06\/Hb8408d1e86254348b61e77880f251b95o.png_720x720q50-500x500.avif 500w, https:\/\/printsmilepro.ma\/wp-content\/uploads\/2025\/06\/Hb8408d1e86254348b61e77880f251b95o.png_720x720q50-350x350.avif 350w\" sizes=\"auto, (max-width: 720px) 100vw, 720px\" \/>\n          <\/div>\n        <\/div>\n      <\/div>\n    <\/div>\n\t\t\t<\/div> \n\t\t<\/div>\n\t<\/div> \n<\/div><\/div>","protected":false},"excerpt":{"rendered":"Bo\u00eetes Coffrets de Luxe Coffrets de luxe personnalis\u00e9s \u00e0 Casablanca, Maroc Chez Print Smile Pro Casablanca, nous cr\u00e9ons des bo\u00eetes coffrets de luxe sur mesure, pens\u00e9es pour sublimer vos produits....","protected":false},"author":1,"featured_media":0,"parent":0,"menu_order":0,"comment_status":"closed","ping_status":"closed","template":"","meta":{"_monsterinsights_skip_tracking":false,"_monsterinsights_sitenote_active":false,"_monsterinsights_sitenote_note":"","_monsterinsights_sitenote_category":0,"_joinchat":[],"footnotes":""},"class_list":["post-765","page","type-page","status-publish"],"yoast_head":"<!-- This site is optimized with the Yoast SEO plugin v26.2 - https:\/\/yoast.com\/wordpress\/plugins\/seo\/ -->\n<title>Bo\u00eetes Coffrets de Luxe \u00e0 Casablanca Maroc<\/title>\n<meta name=\"description\" content=\"D\u00e9couvrez nos bo\u00eetes coffrets de luxe personnalis\u00e9es \u00e0 Casablanca. Emballages haut de gamme, finition \u00e9l\u00e9gante et sur mesure pour valoriser vos produits premium.\" \/>\n<meta name=\"robots\" content=\"index, follow, max-snippet:-1, max-image-preview:large, max-video-preview:-1\" \/>\n<link rel=\"canonical\" href=\"https:\/\/printsmilepro.ma\/it\/scatole-di-lusso\/\" \/>\n<meta property=\"og:locale\" content=\"it_IT\" \/>\n<meta property=\"og:type\" content=\"article\" \/>\n<meta property=\"og:title\" content=\"Bo\u00eetes Coffrets de Luxe \u00e0 Casablanca Maroc\" \/>\n<meta property=\"og:description\" content=\"D\u00e9couvrez nos bo\u00eetes coffrets de luxe personnalis\u00e9es \u00e0 Casablanca. Emballages haut de gamme, finition \u00e9l\u00e9gante et sur mesure pour valoriser vos produits premium.\" \/>\n<meta property=\"og:url\" content=\"https:\/\/printsmilepro.ma\/it\/scatole-di-lusso\/\" \/>\n<meta property=\"og:site_name\" content=\"Print Smile Pro\" \/>\n<meta property=\"article:modified_time\" content=\"2025-07-28T12:11:37+00:00\" \/>\n<meta name=\"twitter:card\" content=\"summary_large_image\" \/>\n<meta name=\"twitter:label1\" content=\"Tempo di lettura stimato\" \/>\n\t<meta name=\"twitter:data1\" content=\"2 minuti\" \/>\n<script type=\"application\/ld+json\" class=\"yoast-schema-graph\">{\"@context\":\"https:\/\/schema.org\",\"@graph\":[{\"@type\":\"WebPage\",\"@id\":\"https:\/\/printsmilepro.ma\/boites-coffrets-de-luxe\/\",\"url\":\"https:\/\/printsmilepro.ma\/boites-coffrets-de-luxe\/\",\"name\":\"Bo\u00eetes Coffrets de Luxe \u00e0 Casablanca Maroc\",\"isPartOf\":{\"@id\":\"https:\/\/printsmilepro.ma\/#website\"},\"datePublished\":\"2025-06-07T17:19:50+00:00\",\"dateModified\":\"2025-07-28T12:11:37+00:00\",\"description\":\"D\u00e9couvrez nos bo\u00eetes coffrets de luxe personnalis\u00e9es \u00e0 Casablanca. Emballages haut de gamme, finition \u00e9l\u00e9gante et sur mesure pour valoriser vos produits premium.\",\"breadcrumb\":{\"@id\":\"https:\/\/printsmilepro.ma\/boites-coffrets-de-luxe\/#breadcrumb\"},\"inLanguage\":\"it-IT\",\"potentialAction\":[{\"@type\":\"ReadAction\",\"target\":[\"https:\/\/printsmilepro.ma\/boites-coffrets-de-luxe\/\"]}]},{\"@type\":\"BreadcrumbList\",\"@id\":\"https:\/\/printsmilepro.ma\/boites-coffrets-de-luxe\/#breadcrumb\",\"itemListElement\":[{\"@type\":\"ListItem\",\"position\":1,\"name\":\"Accueil\",\"item\":\"https:\/\/printsmilepro.ma\/\"},{\"@type\":\"ListItem\",\"position\":2,\"name\":\"Bo\u00eetes Coffrets de Luxe\"}]},{\"@type\":\"WebSite\",\"@id\":\"https:\/\/printsmilepro.ma\/#website\",\"url\":\"https:\/\/printsmilepro.ma\/\",\"name\":\"Print Smile Pro\",\"description\":\"Votre partenaire id\u00e9al pour la r\u00e9alisation de tous vos travaux d&#039;impression offset et num\u00e9rique\",\"publisher\":{\"@id\":\"https:\/\/printsmilepro.ma\/#organization\"},\"potentialAction\":[{\"@type\":\"SearchAction\",\"target\":{\"@type\":\"EntryPoint\",\"urlTemplate\":\"https:\/\/printsmilepro.ma\/?s={search_term_string}\"},\"query-input\":{\"@type\":\"PropertyValueSpecification\",\"valueRequired\":true,\"valueName\":\"search_term_string\"}}],\"inLanguage\":\"it-IT\"},{\"@type\":\"Organization\",\"@id\":\"https:\/\/printsmilepro.ma\/#organization\",\"name\":\"Print Smile Pro\",\"url\":\"https:\/\/printsmilepro.ma\/\",\"logo\":{\"@type\":\"ImageObject\",\"inLanguage\":\"it-IT\",\"@id\":\"https:\/\/printsmilepro.ma\/#\/schema\/logo\/image\/\",\"url\":\"https:\/\/printsmilepro.ma\/wp-content\/uploads\/2025\/05\/logo-2.png\",\"contentUrl\":\"https:\/\/printsmilepro.ma\/wp-content\/uploads\/2025\/05\/logo-2.png\",\"width\":194,\"height\":80,\"caption\":\"Print Smile Pro\"},\"image\":{\"@id\":\"https:\/\/printsmilepro.ma\/#\/schema\/logo\/image\/\"}}]}<\/script>\n<!-- \/ Yoast SEO plugin. -->","yoast_head_json":{"title":"Box di lusso a Casablanca Marocco","description":"Scoprite le nostre scatole di lusso personalizzate a Casablanca. Imballaggi di alta gamma con un'elegante finitura su misura per valorizzare i vostri prodotti di qualit\u00e0.","robots":{"index":"index","follow":"follow","max-snippet":"max-snippet:-1","max-image-preview":"max-image-preview:large","max-video-preview":"max-video-preview:-1"},"canonical":"https:\/\/printsmilepro.ma\/it\/scatole-di-lusso\/","og_locale":"it_IT","og_type":"article","og_title":"Bo\u00eetes Coffrets de Luxe \u00e0 Casablanca Maroc","og_description":"D\u00e9couvrez nos bo\u00eetes coffrets de luxe personnalis\u00e9es \u00e0 Casablanca. Emballages haut de gamme, finition \u00e9l\u00e9gante et sur mesure pour valoriser vos produits premium.","og_url":"https:\/\/printsmilepro.ma\/it\/scatole-di-lusso\/","og_site_name":"Print Smile Pro","article_modified_time":"2025-07-28T12:11:37+00:00","twitter_card":"summary_large_image","twitter_misc":{"Tempo di lettura stimato":"2 minuti"},"schema":{"@context":"https:\/\/schema.org","@graph":[{"@type":"WebPage","@id":"https:\/\/printsmilepro.ma\/boites-coffrets-de-luxe\/","url":"https:\/\/printsmilepro.ma\/boites-coffrets-de-luxe\/","name":"Box di lusso a Casablanca Marocco","isPartOf":{"@id":"https:\/\/printsmilepro.ma\/#website"},"datePublished":"2025-06-07T17:19:50+00:00","dateModified":"2025-07-28T12:11:37+00:00","description":"Scoprite le nostre scatole di lusso personalizzate a Casablanca. Imballaggi di alta gamma con un'elegante finitura su misura per valorizzare i vostri prodotti di qualit\u00e0.","breadcrumb":{"@id":"https:\/\/printsmilepro.ma\/boites-coffrets-de-luxe\/#breadcrumb"},"inLanguage":"it-IT","potentialAction":[{"@type":"ReadAction","target":["https:\/\/printsmilepro.ma\/boites-coffrets-de-luxe\/"]}]},{"@type":"BreadcrumbList","@id":"https:\/\/printsmilepro.ma\/boites-coffrets-de-luxe\/#breadcrumb","itemListElement":[{"@type":"ListItem","position":1,"name":"Accueil","item":"https:\/\/printsmilepro.ma\/"},{"@type":"ListItem","position":2,"name":"Bo\u00eetes Coffrets de Luxe"}]},{"@type":"WebSite","@id":"https:\/\/printsmilepro.ma\/#website","url":"https:\/\/printsmilepro.ma\/","name":"Stampa Smile Pro","description":"Il vostro partner ideale per tutte le esigenze di stampa offset e digitale","publisher":{"@id":"https:\/\/printsmilepro.ma\/#organization"},"potentialAction":[{"@type":"SearchAction","target":{"@type":"EntryPoint","urlTemplate":"https:\/\/printsmilepro.ma\/?s={search_term_string}"},"query-input":{"@type":"PropertyValueSpecification","valueRequired":true,"valueName":"search_term_string"}}],"inLanguage":"it-IT"},{"@type":"Organization","@id":"https:\/\/printsmilepro.ma\/#organization","name":"Stampa Smile Pro","url":"https:\/\/printsmilepro.ma\/","logo":{"@type":"ImageObject","inLanguage":"it-IT","@id":"https:\/\/printsmilepro.ma\/#\/schema\/logo\/image\/","url":"https:\/\/printsmilepro.ma\/wp-content\/uploads\/2025\/05\/logo-2.png","contentUrl":"https:\/\/printsmilepro.ma\/wp-content\/uploads\/2025\/05\/logo-2.png","width":194,"height":80,"caption":"Print Smile Pro"},"image":{"@id":"https:\/\/printsmilepro.ma\/#\/schema\/logo\/image\/"}}]}},"_links":{"self":[{"href":"https:\/\/printsmilepro.ma\/it\/wp-json\/wp\/v2\/pages\/765","targetHints":{"allow":["GET"]}}],"collection":[{"href":"https:\/\/printsmilepro.ma\/it\/wp-json\/wp\/v2\/pages"}],"about":[{"href":"https:\/\/printsmilepro.ma\/it\/wp-json\/wp\/v2\/types\/page"}],"author":[{"embeddable":true,"href":"https:\/\/printsmilepro.ma\/it\/wp-json\/wp\/v2\/users\/1"}],"replies":[{"embeddable":true,"href":"https:\/\/printsmilepro.ma\/it\/wp-json\/wp\/v2\/comments?post=765"}],"version-history":[{"count":5,"href":"https:\/\/printsmilepro.ma\/it\/wp-json\/wp\/v2\/pages\/765\/revisions"}],"predecessor-version":[{"id":1026,"href":"https:\/\/printsmilepro.ma\/it\/wp-json\/wp\/v2\/pages\/765\/revisions\/1026"}],"wp:attachment":[{"href":"https:\/\/printsmilepro.ma\/it\/wp-json\/wp\/v2\/media?parent=765"}],"curies":[{"name":"wp","href":"https:\/\/api.w.org\/{rel}","templated":true}]}}