{"id":745,"date":"2025-06-06T23:27:31","date_gmt":"2025-06-06T23:27:31","guid":{"rendered":"https:\/\/printsmilepro.ma\/?page_id=745"},"modified":"2025-07-28T21:00:57","modified_gmt":"2025-07-28T21:00:57","slug":"rivestimento-di-facciata","status":"publish","type":"page","link":"https:\/\/printsmilepro.ma\/it\/rivestimento-di-facciata\/","title":{"rendered":"Rivestimento di facciata"},"content":{"rendered":"<div id=\"fws_69e88f077365d\"  data-column-margin=\"40px\" data-midnight=\"dark\"  class=\"wpb_row vc_row-fluid vc_row vc_row-o-equal-height vc_row-flex vc_row-o-content-middle  top_margin_40px bottom_margin_40px\"  style=\"padding-top: 0px; padding-bottom: 0px; \"><div class=\"row-bg-wrap\" data-bg-animation=\"none\" data-bg-animation-delay=\"\" data-bg-overlay=\"false\"><div class=\"inner-wrap row-bg-layer\" ><div class=\"row-bg viewport-desktop\"  style=\"\"><\/div><\/div><\/div><div class=\"row_col_wrap_12 col span_12 dark left\">\n\t<div  class=\"vc_col-sm-6 wpb_column column_container vc_column_container col no-extra-padding inherit_tablet inherit_phone\"  data-padding-pos=\"all\" data-has-bg-color=\"false\" data-bg-color=\"\" data-bg-opacity=\"1\" data-animation=\"\" data-delay=\"0\" >\n\t\t<div class=\"vc_column-inner\" >\n\t\t\t<div class=\"wpb_wrapper\">\n\t\t\t\t\n<div class=\"wpb_text_column wpb_content_element\" >\n\t<div class=\"wpb_wrapper\">\n\t\t<h2 class=\"AnswerParser_AnswerParserH4__ghxg8\"><strong>Rivestimento di facciata<\/strong><\/h2>\n<h6>Facciata pubblicitaria di Casablanca<\/h6>\n\t<\/div>\n<\/div>\n\n\n\n\n<div class=\"wpb_text_column wpb_content_element\" >\n\t<div class=\"wpb_wrapper\">\n\t\t<p>Il rivestimento delle facciate \u00e8 una tecnica innovativa in grado di trasformare l'aspetto di un edificio, garantendo al contempo una protezione duratura. A Casablanca, questo metodo \u00e8 sempre pi\u00f9 popolare per abbellire edifici commerciali e residenziali. Utilizzando materiali moderni come l'alucobond e il PVC, possiamo creare design unici che riflettono l'identit\u00e0 del vostro marchio, migliorando al contempo l'efficienza energetica dell'edificio.<\/p>\n\t<\/div>\n<\/div>\n\n\n\n\n\t\t\t<\/div> \n\t\t<\/div>\n\t<\/div> \n\n\t<div  class=\"vc_col-sm-6 wpb_column column_container vc_column_container col no-extra-padding inherit_tablet inherit_phone\"  data-padding-pos=\"all\" data-has-bg-color=\"false\" data-bg-color=\"\" data-bg-opacity=\"1\" data-animation=\"\" data-delay=\"0\" >\n\t\t<div class=\"vc_column-inner\" >\n\t\t\t<div class=\"wpb_wrapper\">\n\t\t\t\t<div class=\"img-with-aniamtion-wrap\" data-max-width=\"100%\" data-max-width-mobile=\"default\" data-shadow=\"none\" data-animation=\"none\" >\n      <div class=\"inner\">\n        <div class=\"hover-wrap\"> \n          <div class=\"hover-wrap-inner\">\n            <img loading=\"lazy\" decoding=\"async\" class=\"img-with-animation skip-lazy\" data-delay=\"0\" height=\"444\" width=\"444\" data-animation=\"none\" src=\"https:\/\/printsmilepro.ma\/wp-content\/uploads\/2025\/06\/59c3ba8ea5297591ec29a5ecc2impression-adhesif-total-covering-microsoft-batiment-1-800x800-1.jpg\" alt=\"\" srcset=\"https:\/\/printsmilepro.ma\/wp-content\/uploads\/2025\/06\/59c3ba8ea5297591ec29a5ecc2impression-adhesif-total-covering-microsoft-batiment-1-800x800-1.jpg 444w, https:\/\/printsmilepro.ma\/wp-content\/uploads\/2025\/06\/59c3ba8ea5297591ec29a5ecc2impression-adhesif-total-covering-microsoft-batiment-1-800x800-1-300x300.jpg 300w, https:\/\/printsmilepro.ma\/wp-content\/uploads\/2025\/06\/59c3ba8ea5297591ec29a5ecc2impression-adhesif-total-covering-microsoft-batiment-1-800x800-1-150x150.jpg 150w, https:\/\/printsmilepro.ma\/wp-content\/uploads\/2025\/06\/59c3ba8ea5297591ec29a5ecc2impression-adhesif-total-covering-microsoft-batiment-1-800x800-1-12x12.jpg 12w, https:\/\/printsmilepro.ma\/wp-content\/uploads\/2025\/06\/59c3ba8ea5297591ec29a5ecc2impression-adhesif-total-covering-microsoft-batiment-1-800x800-1-140x140.jpg 140w, https:\/\/printsmilepro.ma\/wp-content\/uploads\/2025\/06\/59c3ba8ea5297591ec29a5ecc2impression-adhesif-total-covering-microsoft-batiment-1-800x800-1-100x100.jpg 100w, https:\/\/printsmilepro.ma\/wp-content\/uploads\/2025\/06\/59c3ba8ea5297591ec29a5ecc2impression-adhesif-total-covering-microsoft-batiment-1-800x800-1-350x350.jpg 350w\" sizes=\"auto, (max-width: 444px) 100vw, 444px\" \/>\n          <\/div>\n        <\/div>\n      <\/div>\n    <\/div>\n\t\t\t<\/div> \n\t\t<\/div>\n\t<\/div> \n<\/div><\/div>\n\t\t<div id=\"fws_69e88f0773c83\"  data-column-margin=\"40px\" data-midnight=\"dark\"  class=\"wpb_row vc_row-fluid vc_row full-width-section vc_row-o-equal-height vc_row-flex vc_row-o-content-middle  top_margin_40px bottom_margin_40px\"  style=\"padding-top: 40px; padding-bottom: 40px; \"><div class=\"row-bg-wrap\" data-bg-animation=\"none\" data-bg-animation-delay=\"\" data-bg-overlay=\"false\"><div class=\"inner-wrap row-bg-layer\" ><div class=\"row-bg viewport-desktop using-bg-color\"  style=\"background-color: #d3d3d3; \"><\/div><\/div><\/div><div class=\"row_col_wrap_12 col span_12 dark left\">\n\t<div  class=\"vc_col-sm-6 wpb_column column_container vc_column_container col no-extra-padding inherit_tablet inherit_phone\"  data-padding-pos=\"all\" data-has-bg-color=\"false\" data-bg-color=\"\" data-bg-opacity=\"1\" data-animation=\"\" data-delay=\"0\" >\n\t\t<div class=\"vc_column-inner\" >\n\t\t\t<div class=\"wpb_wrapper\">\n\t\t\t\t<div class=\"img-with-aniamtion-wrap\" data-max-width=\"100%\" data-max-width-mobile=\"default\" data-shadow=\"none\" data-animation=\"none\" >\n      <div class=\"inner\">\n        <div class=\"hover-wrap\"> \n          <div class=\"hover-wrap-inner\">\n            <img loading=\"lazy\" decoding=\"async\" class=\"img-with-animation skip-lazy\" data-delay=\"0\" height=\"500\" width=\"500\" data-animation=\"none\" src=\"https:\/\/printsmilepro.ma\/wp-content\/uploads\/2025\/06\/mini-192-SNCF1.jpg\" alt=\"\" srcset=\"https:\/\/printsmilepro.ma\/wp-content\/uploads\/2025\/06\/mini-192-SNCF1.jpg 500w, https:\/\/printsmilepro.ma\/wp-content\/uploads\/2025\/06\/mini-192-SNCF1-300x300.jpg 300w, https:\/\/printsmilepro.ma\/wp-content\/uploads\/2025\/06\/mini-192-SNCF1-150x150.jpg 150w, https:\/\/printsmilepro.ma\/wp-content\/uploads\/2025\/06\/mini-192-SNCF1-12x12.jpg 12w, https:\/\/printsmilepro.ma\/wp-content\/uploads\/2025\/06\/mini-192-SNCF1-140x140.jpg 140w, https:\/\/printsmilepro.ma\/wp-content\/uploads\/2025\/06\/mini-192-SNCF1-100x100.jpg 100w, https:\/\/printsmilepro.ma\/wp-content\/uploads\/2025\/06\/mini-192-SNCF1-350x350.jpg 350w\" sizes=\"auto, (max-width: 500px) 100vw, 500px\" \/>\n          <\/div>\n        <\/div>\n      <\/div>\n    <\/div>\n\t\t\t<\/div> \n\t\t<\/div>\n\t<\/div> \n\n\t<div  class=\"vc_col-sm-6 wpb_column column_container vc_column_container col no-extra-padding inherit_tablet inherit_phone\"  data-padding-pos=\"all\" data-has-bg-color=\"false\" data-bg-color=\"\" data-bg-opacity=\"1\" data-animation=\"\" data-delay=\"0\" >\n\t\t<div class=\"vc_column-inner\" >\n\t\t\t<div class=\"wpb_wrapper\">\n\t\t\t\t\n<div class=\"wpb_text_column wpb_content_element\" >\n\t<div class=\"wpb_wrapper\">\n\t\t<h2 class=\"AnswerParser_AnswerParserH4__ghxg8\"><strong>Rivestimento di facciata<\/strong><\/h2>\n<h6 data-start=\"659\" data-end=\"693\">Facciata stampata su misura Marocco<\/h6>\n\t<\/div>\n<\/div>\n\n\n\n\n<div class=\"wpb_text_column wpb_content_element\" >\n\t<div class=\"wpb_wrapper\">\n\t\t<p>Il rivestimento delle facciate presenta numerosi vantaggi. In primo luogo, migliora l'estetica dell'edificio, attirando l'attenzione di clienti e passanti. Inoltre, protegge le pareti dalle intemperie, prolungando la vita della struttura. Infine, questa soluzione \u00e8 personalizzabile e consente di adattare il design alle esigenze specifiche di ogni progetto, che si tratti di un edificio per uffici o di un complesso residenziale.<\/p>\n\t<\/div>\n<\/div>\n\n\n\n\n\t\t\t<\/div> \n\t\t<\/div>\n\t<\/div> \n<\/div><\/div>\n\t\t<div id=\"fws_69e88f0774016\"  data-column-margin=\"40px\" data-midnight=\"dark\"  class=\"wpb_row vc_row-fluid vc_row vc_row-o-equal-height vc_row-flex vc_row-o-content-middle  top_margin_40px bottom_margin_40px\"  style=\"padding-top: 0px; padding-bottom: 0px; \"><div class=\"row-bg-wrap\" data-bg-animation=\"none\" data-bg-animation-delay=\"\" data-bg-overlay=\"false\"><div class=\"inner-wrap row-bg-layer\" ><div class=\"row-bg viewport-desktop\"  style=\"\"><\/div><\/div><\/div><div class=\"row_col_wrap_12 col span_12 dark left\">\n\t<div  class=\"vc_col-sm-6 wpb_column column_container vc_column_container col no-extra-padding inherit_tablet inherit_phone\"  data-padding-pos=\"all\" data-has-bg-color=\"false\" data-bg-color=\"\" data-bg-opacity=\"1\" data-animation=\"\" data-delay=\"0\" >\n\t\t<div class=\"vc_column-inner\" >\n\t\t\t<div class=\"wpb_wrapper\">\n\t\t\t\t\n<div class=\"wpb_text_column wpb_content_element\" >\n\t<div class=\"wpb_wrapper\">\n\t\t<h2 class=\"AnswerParser_AnswerParserH4__ghxg8\"><strong>Rivestimento di facciata<\/strong><\/h2>\n<h6>Rivestimento facciata edificio Casablanca<\/h6>\n\t<\/div>\n<\/div>\n\n\n\n\n<div class=\"wpb_text_column wpb_content_element\" >\n\t<div class=\"wpb_wrapper\">\n\t\t<p data-start=\"147\" data-end=\"204\">Print Smile Pro si impegna a fornire soluzioni di rivestimento per facciate di alta qualit\u00e0 a Casablanca. Il nostro team di esperti lavora a stretto contatto con voi per progettare e realizzare un progetto che soddisfi le vostre aspettative. Grazie alla nostra attenzione ai dettagli e alle nostre competenze tecniche, garantiamo un risultato finale che non solo abbellisce il vostro edificio, ma \u00e8 anche durevole e funzionale. Contattateci oggi stesso per discutere del vostro progetto di rivestimento della facciata!<\/p>\n\t<\/div>\n<\/div>\n\n\n\n\n\t\t\t<\/div> \n\t\t<\/div>\n\t<\/div> \n\n\t<div  class=\"vc_col-sm-6 wpb_column column_container vc_column_container col no-extra-padding inherit_tablet inherit_phone\"  data-padding-pos=\"all\" data-has-bg-color=\"false\" data-bg-color=\"\" data-bg-opacity=\"1\" data-animation=\"\" data-delay=\"0\" >\n\t\t<div class=\"vc_column-inner\" >\n\t\t\t<div class=\"wpb_wrapper\">\n\t\t\t\t<div class=\"img-with-aniamtion-wrap\" data-max-width=\"100%\" data-max-width-mobile=\"default\" data-shadow=\"none\" data-animation=\"none\" >\n      <div class=\"inner\">\n        <div class=\"hover-wrap\"> \n          <div class=\"hover-wrap-inner\">\n            <img loading=\"lazy\" decoding=\"async\" class=\"img-with-animation skip-lazy\" data-delay=\"0\" height=\"500\" width=\"500\" data-animation=\"none\" src=\"https:\/\/printsmilepro.ma\/wp-content\/uploads\/2025\/06\/mini-491-vitrophanie-facade-vitree-immeuble-bruxelles.jpg\" alt=\"\" srcset=\"https:\/\/printsmilepro.ma\/wp-content\/uploads\/2025\/06\/mini-491-vitrophanie-facade-vitree-immeuble-bruxelles.jpg 500w, https:\/\/printsmilepro.ma\/wp-content\/uploads\/2025\/06\/mini-491-vitrophanie-facade-vitree-immeuble-bruxelles-300x300.jpg 300w, https:\/\/printsmilepro.ma\/wp-content\/uploads\/2025\/06\/mini-491-vitrophanie-facade-vitree-immeuble-bruxelles-150x150.jpg 150w, https:\/\/printsmilepro.ma\/wp-content\/uploads\/2025\/06\/mini-491-vitrophanie-facade-vitree-immeuble-bruxelles-12x12.jpg 12w, https:\/\/printsmilepro.ma\/wp-content\/uploads\/2025\/06\/mini-491-vitrophanie-facade-vitree-immeuble-bruxelles-140x140.jpg 140w, https:\/\/printsmilepro.ma\/wp-content\/uploads\/2025\/06\/mini-491-vitrophanie-facade-vitree-immeuble-bruxelles-100x100.jpg 100w, https:\/\/printsmilepro.ma\/wp-content\/uploads\/2025\/06\/mini-491-vitrophanie-facade-vitree-immeuble-bruxelles-350x350.jpg 350w\" sizes=\"auto, (max-width: 500px) 100vw, 500px\" \/>\n          <\/div>\n        <\/div>\n      <\/div>\n    <\/div>\n\t\t\t<\/div> \n\t\t<\/div>\n\t<\/div> \n<\/div><\/div>","protected":false},"excerpt":{"rendered":"Habillage de Fa\u00e7ade Habillage publicitaire de fa\u00e7ade Casablanca L'habillage de fa\u00e7ade est une technique innovante qui permet de transformer l'apparence d'un immeuble tout en offrant une protection durable. \u00c0 Casablanca,...","protected":false},"author":1,"featured_media":0,"parent":0,"menu_order":0,"comment_status":"closed","ping_status":"closed","template":"","meta":{"_monsterinsights_skip_tracking":false,"_monsterinsights_sitenote_active":false,"_monsterinsights_sitenote_note":"","_monsterinsights_sitenote_category":0,"_joinchat":[],"footnotes":""},"class_list":["post-745","page","type-page","status-publish"],"yoast_head":"<!-- This site is optimized with the Yoast SEO plugin v26.2 - https:\/\/yoast.com\/wordpress\/plugins\/seo\/ -->\n<title>Habillage de Fa\u00e7ade d&#039;Immeuble \u00e0 Casablanca Maroc<\/title>\n<meta name=\"description\" content=\"Habillage de fa\u00e7ade de Print Smile Pro \u00e0 Casablanca. Offrez \u00e0 votre b\u00e2timent une esth\u00e9tique moderne et une protection durable gr\u00e2ce \u00e0 des mat\u00e9riaux de qualit\u00e9.\" \/>\n<meta name=\"robots\" content=\"index, follow, max-snippet:-1, max-image-preview:large, max-video-preview:-1\" \/>\n<link rel=\"canonical\" href=\"https:\/\/printsmilepro.ma\/it\/rivestimento-di-facciata\/\" \/>\n<meta property=\"og:locale\" content=\"it_IT\" \/>\n<meta property=\"og:type\" content=\"article\" \/>\n<meta property=\"og:title\" content=\"Habillage de Fa\u00e7ade d&#039;Immeuble \u00e0 Casablanca Maroc\" \/>\n<meta property=\"og:description\" content=\"Habillage de fa\u00e7ade de Print Smile Pro \u00e0 Casablanca. Offrez \u00e0 votre b\u00e2timent une esth\u00e9tique moderne et une protection durable gr\u00e2ce \u00e0 des mat\u00e9riaux de qualit\u00e9.\" \/>\n<meta property=\"og:url\" content=\"https:\/\/printsmilepro.ma\/it\/rivestimento-di-facciata\/\" \/>\n<meta property=\"og:site_name\" content=\"Print Smile Pro\" \/>\n<meta property=\"article:modified_time\" content=\"2025-07-28T21:00:57+00:00\" \/>\n<meta name=\"twitter:card\" content=\"summary_large_image\" \/>\n<meta name=\"twitter:label1\" content=\"Tempo di lettura stimato\" \/>\n\t<meta name=\"twitter:data1\" content=\"2 minuti\" \/>\n<script type=\"application\/ld+json\" class=\"yoast-schema-graph\">{\"@context\":\"https:\/\/schema.org\",\"@graph\":[{\"@type\":\"WebPage\",\"@id\":\"https:\/\/printsmilepro.ma\/habillage-de-facade\/\",\"url\":\"https:\/\/printsmilepro.ma\/habillage-de-facade\/\",\"name\":\"Habillage de Fa\u00e7ade d'Immeuble \u00e0 Casablanca Maroc\",\"isPartOf\":{\"@id\":\"https:\/\/printsmilepro.ma\/#website\"},\"datePublished\":\"2025-06-06T23:27:31+00:00\",\"dateModified\":\"2025-07-28T21:00:57+00:00\",\"description\":\"Habillage de fa\u00e7ade de Print Smile Pro \u00e0 Casablanca. Offrez \u00e0 votre b\u00e2timent une esth\u00e9tique moderne et une protection durable gr\u00e2ce \u00e0 des mat\u00e9riaux de qualit\u00e9.\",\"breadcrumb\":{\"@id\":\"https:\/\/printsmilepro.ma\/habillage-de-facade\/#breadcrumb\"},\"inLanguage\":\"it-IT\",\"potentialAction\":[{\"@type\":\"ReadAction\",\"target\":[\"https:\/\/printsmilepro.ma\/habillage-de-facade\/\"]}]},{\"@type\":\"BreadcrumbList\",\"@id\":\"https:\/\/printsmilepro.ma\/habillage-de-facade\/#breadcrumb\",\"itemListElement\":[{\"@type\":\"ListItem\",\"position\":1,\"name\":\"Accueil\",\"item\":\"https:\/\/printsmilepro.ma\/\"},{\"@type\":\"ListItem\",\"position\":2,\"name\":\"Habillage de Fa\u00e7ade\"}]},{\"@type\":\"WebSite\",\"@id\":\"https:\/\/printsmilepro.ma\/#website\",\"url\":\"https:\/\/printsmilepro.ma\/\",\"name\":\"Print Smile Pro\",\"description\":\"Votre partenaire id\u00e9al pour la r\u00e9alisation de tous vos travaux d&#039;impression offset et num\u00e9rique\",\"publisher\":{\"@id\":\"https:\/\/printsmilepro.ma\/#organization\"},\"potentialAction\":[{\"@type\":\"SearchAction\",\"target\":{\"@type\":\"EntryPoint\",\"urlTemplate\":\"https:\/\/printsmilepro.ma\/?s={search_term_string}\"},\"query-input\":{\"@type\":\"PropertyValueSpecification\",\"valueRequired\":true,\"valueName\":\"search_term_string\"}}],\"inLanguage\":\"it-IT\"},{\"@type\":\"Organization\",\"@id\":\"https:\/\/printsmilepro.ma\/#organization\",\"name\":\"Print Smile Pro\",\"url\":\"https:\/\/printsmilepro.ma\/\",\"logo\":{\"@type\":\"ImageObject\",\"inLanguage\":\"it-IT\",\"@id\":\"https:\/\/printsmilepro.ma\/#\/schema\/logo\/image\/\",\"url\":\"https:\/\/printsmilepro.ma\/wp-content\/uploads\/2025\/05\/logo-2.png\",\"contentUrl\":\"https:\/\/printsmilepro.ma\/wp-content\/uploads\/2025\/05\/logo-2.png\",\"width\":194,\"height\":80,\"caption\":\"Print Smile Pro\"},\"image\":{\"@id\":\"https:\/\/printsmilepro.ma\/#\/schema\/logo\/image\/\"}}]}<\/script>\n<!-- \/ Yoast SEO plugin. -->","yoast_head_json":{"title":"Rivestimento della facciata di un edificio a Casablanca, Marocco","description":"Rivestimenti per facciate da Print Smile Pro a Casablanca. Date al vostro edificio un aspetto moderno e una protezione duratura con materiali di qualit\u00e0.","robots":{"index":"index","follow":"follow","max-snippet":"max-snippet:-1","max-image-preview":"max-image-preview:large","max-video-preview":"max-video-preview:-1"},"canonical":"https:\/\/printsmilepro.ma\/it\/rivestimento-di-facciata\/","og_locale":"it_IT","og_type":"article","og_title":"Habillage de Fa\u00e7ade d'Immeuble \u00e0 Casablanca Maroc","og_description":"Habillage de fa\u00e7ade de Print Smile Pro \u00e0 Casablanca. Offrez \u00e0 votre b\u00e2timent une esth\u00e9tique moderne et une protection durable gr\u00e2ce \u00e0 des mat\u00e9riaux de qualit\u00e9.","og_url":"https:\/\/printsmilepro.ma\/it\/rivestimento-di-facciata\/","og_site_name":"Print Smile Pro","article_modified_time":"2025-07-28T21:00:57+00:00","twitter_card":"summary_large_image","twitter_misc":{"Tempo di lettura stimato":"2 minuti"},"schema":{"@context":"https:\/\/schema.org","@graph":[{"@type":"WebPage","@id":"https:\/\/printsmilepro.ma\/habillage-de-facade\/","url":"https:\/\/printsmilepro.ma\/habillage-de-facade\/","name":"Rivestimento della facciata di un edificio a Casablanca, Marocco","isPartOf":{"@id":"https:\/\/printsmilepro.ma\/#website"},"datePublished":"2025-06-06T23:27:31+00:00","dateModified":"2025-07-28T21:00:57+00:00","description":"Rivestimenti per facciate da Print Smile Pro a Casablanca. Date al vostro edificio un aspetto moderno e una protezione duratura con materiali di qualit\u00e0.","breadcrumb":{"@id":"https:\/\/printsmilepro.ma\/habillage-de-facade\/#breadcrumb"},"inLanguage":"it-IT","potentialAction":[{"@type":"ReadAction","target":["https:\/\/printsmilepro.ma\/habillage-de-facade\/"]}]},{"@type":"BreadcrumbList","@id":"https:\/\/printsmilepro.ma\/habillage-de-facade\/#breadcrumb","itemListElement":[{"@type":"ListItem","position":1,"name":"Accueil","item":"https:\/\/printsmilepro.ma\/"},{"@type":"ListItem","position":2,"name":"Habillage de Fa\u00e7ade"}]},{"@type":"WebSite","@id":"https:\/\/printsmilepro.ma\/#website","url":"https:\/\/printsmilepro.ma\/","name":"Stampa Smile Pro","description":"Il vostro partner ideale per tutte le esigenze di stampa offset e digitale","publisher":{"@id":"https:\/\/printsmilepro.ma\/#organization"},"potentialAction":[{"@type":"SearchAction","target":{"@type":"EntryPoint","urlTemplate":"https:\/\/printsmilepro.ma\/?s={search_term_string}"},"query-input":{"@type":"PropertyValueSpecification","valueRequired":true,"valueName":"search_term_string"}}],"inLanguage":"it-IT"},{"@type":"Organization","@id":"https:\/\/printsmilepro.ma\/#organization","name":"Stampa Smile Pro","url":"https:\/\/printsmilepro.ma\/","logo":{"@type":"ImageObject","inLanguage":"it-IT","@id":"https:\/\/printsmilepro.ma\/#\/schema\/logo\/image\/","url":"https:\/\/printsmilepro.ma\/wp-content\/uploads\/2025\/05\/logo-2.png","contentUrl":"https:\/\/printsmilepro.ma\/wp-content\/uploads\/2025\/05\/logo-2.png","width":194,"height":80,"caption":"Print Smile Pro"},"image":{"@id":"https:\/\/printsmilepro.ma\/#\/schema\/logo\/image\/"}}]}},"_links":{"self":[{"href":"https:\/\/printsmilepro.ma\/it\/wp-json\/wp\/v2\/pages\/745","targetHints":{"allow":["GET"]}}],"collection":[{"href":"https:\/\/printsmilepro.ma\/it\/wp-json\/wp\/v2\/pages"}],"about":[{"href":"https:\/\/printsmilepro.ma\/it\/wp-json\/wp\/v2\/types\/page"}],"author":[{"embeddable":true,"href":"https:\/\/printsmilepro.ma\/it\/wp-json\/wp\/v2\/users\/1"}],"replies":[{"embeddable":true,"href":"https:\/\/printsmilepro.ma\/it\/wp-json\/wp\/v2\/comments?post=745"}],"version-history":[{"count":4,"href":"https:\/\/printsmilepro.ma\/it\/wp-json\/wp\/v2\/pages\/745\/revisions"}],"predecessor-version":[{"id":1048,"href":"https:\/\/printsmilepro.ma\/it\/wp-json\/wp\/v2\/pages\/745\/revisions\/1048"}],"wp:attachment":[{"href":"https:\/\/printsmilepro.ma\/it\/wp-json\/wp\/v2\/media?parent=745"}],"curies":[{"name":"wp","href":"https:\/\/api.w.org\/{rel}","templated":true}]}}