{"id":592,"date":"2025-06-03T15:21:51","date_gmt":"2025-06-03T15:21:51","guid":{"rendered":"https:\/\/printsmilepro.ma\/?page_id=592"},"modified":"2025-07-28T12:06:33","modified_gmt":"2025-07-28T12:06:33","slug":"scatole-per-alimenti","status":"publish","type":"page","link":"https:\/\/printsmilepro.ma\/it\/scatole-per-alimenti\/","title":{"rendered":"Scatole di cibo"},"content":{"rendered":"<div id=\"fws_69f63fbb9f1d6\"  data-column-margin=\"40px\" data-midnight=\"dark\"  class=\"wpb_row vc_row-fluid vc_row vc_row-o-equal-height vc_row-flex vc_row-o-content-middle  top_margin_40px bottom_margin_40px\"  style=\"padding-top: 0px; padding-bottom: 0px; \"><div class=\"row-bg-wrap\" data-bg-animation=\"none\" data-bg-animation-delay=\"\" data-bg-overlay=\"false\"><div class=\"inner-wrap row-bg-layer\" ><div class=\"row-bg viewport-desktop\"  style=\"\"><\/div><\/div><\/div><div class=\"row_col_wrap_12 col span_12 dark left\">\n\t<div  class=\"vc_col-sm-6 wpb_column column_container vc_column_container col no-extra-padding inherit_tablet inherit_phone\"  data-padding-pos=\"all\" data-has-bg-color=\"false\" data-bg-color=\"\" data-bg-opacity=\"1\" data-animation=\"\" data-delay=\"0\" >\n\t\t<div class=\"vc_column-inner\" >\n\t\t\t<div class=\"wpb_wrapper\">\n\t\t\t\t\n<div class=\"wpb_text_column wpb_content_element\" >\n\t<div class=\"wpb_wrapper\">\n\t\t<h2 class=\"AnswerParser_AnswerParserH4__ghxg8\"><strong>Scatole di cibo<\/strong><\/h2>\n<h6>Scatole alimentari personalizzate a Casablanca, Marocco<\/h6>\n\t<\/div>\n<\/div>\n\n\n\n\n<div class=\"wpb_text_column wpb_content_element\" >\n\t<div class=\"wpb_wrapper\">\n\t\t<p>A <strong data-start=\"283\" data-end=\"302\">Stampa Smile Pro<\/strong>possiamo offrirvi <strong data-start=\"328\" data-end=\"360\">scatole di cibo<\/strong> per presentare i vostri prodotti in modo elegante e professionale. Che siate nel settore della pasticceria, della panetteria, del cioccolato o degli alimenti gourmet, le nostre scatole sono progettate per offrire una presentazione di alto livello ai vostri prodotti, garantendo al contempo una protezione ottimale.<\/p>\n\t<\/div>\n<\/div>\n\n\n\n\n\t\t\t<\/div> \n\t\t<\/div>\n\t<\/div> \n\n\t<div  class=\"vc_col-sm-6 wpb_column column_container vc_column_container col no-extra-padding inherit_tablet inherit_phone\"  data-padding-pos=\"all\" data-has-bg-color=\"false\" data-bg-color=\"\" data-bg-opacity=\"1\" data-animation=\"\" data-delay=\"0\" >\n\t\t<div class=\"vc_column-inner\" >\n\t\t\t<div class=\"wpb_wrapper\">\n\t\t\t\t<div class=\"img-with-aniamtion-wrap\" data-max-width=\"100%\" data-max-width-mobile=\"default\" data-shadow=\"none\" data-animation=\"none\" >\n      <div class=\"inner\">\n        <div class=\"hover-wrap\"> \n          <div class=\"hover-wrap-inner\">\n            <img loading=\"lazy\" decoding=\"async\" class=\"img-with-animation skip-lazy\" data-delay=\"0\" height=\"750\" width=\"1050\" data-animation=\"none\" src=\"https:\/\/printsmilepro.ma\/wp-content\/uploads\/2025\/06\/3-3.jpg\" alt=\"\" srcset=\"https:\/\/printsmilepro.ma\/wp-content\/uploads\/2025\/06\/3-3.jpg 1050w, https:\/\/printsmilepro.ma\/wp-content\/uploads\/2025\/06\/3-3-300x214.jpg 300w, https:\/\/printsmilepro.ma\/wp-content\/uploads\/2025\/06\/3-3-1024x731.jpg 1024w, https:\/\/printsmilepro.ma\/wp-content\/uploads\/2025\/06\/3-3-768x549.jpg 768w, https:\/\/printsmilepro.ma\/wp-content\/uploads\/2025\/06\/3-3-18x12.jpg 18w\" sizes=\"auto, (max-width: 1050px) 100vw, 1050px\" \/>\n          <\/div>\n        <\/div>\n      <\/div>\n    <\/div>\n\t\t\t<\/div> \n\t\t<\/div>\n\t<\/div> \n<\/div><\/div>\n\t\t<div id=\"fws_69f63fbb9f79a\"  data-column-margin=\"40px\" data-midnight=\"dark\"  class=\"wpb_row vc_row-fluid vc_row full-width-section vc_row-o-equal-height vc_row-flex vc_row-o-content-middle  top_margin_40px bottom_margin_40px\"  style=\"padding-top: 40px; padding-bottom: 40px; \"><div class=\"row-bg-wrap\" data-bg-animation=\"none\" data-bg-animation-delay=\"\" data-bg-overlay=\"false\"><div class=\"inner-wrap row-bg-layer\" ><div class=\"row-bg viewport-desktop using-bg-color\"  style=\"background-color: #d3d3d3; \"><\/div><\/div><\/div><div class=\"row_col_wrap_12 col span_12 dark left\">\n\t<div  class=\"vc_col-sm-6 wpb_column column_container vc_column_container col no-extra-padding inherit_tablet inherit_phone\"  data-padding-pos=\"all\" data-has-bg-color=\"false\" data-bg-color=\"\" data-bg-opacity=\"1\" data-animation=\"\" data-delay=\"0\" >\n\t\t<div class=\"vc_column-inner\" >\n\t\t\t<div class=\"wpb_wrapper\">\n\t\t\t\t<div class=\"img-with-aniamtion-wrap\" data-max-width=\"100%\" data-max-width-mobile=\"default\" data-shadow=\"none\" data-animation=\"none\" >\n      <div class=\"inner\">\n        <div class=\"hover-wrap\"> \n          <div class=\"hover-wrap-inner\">\n            <img loading=\"lazy\" decoding=\"async\" class=\"img-with-animation skip-lazy\" data-delay=\"0\" height=\"750\" width=\"1050\" data-animation=\"none\" src=\"https:\/\/printsmilepro.ma\/wp-content\/uploads\/2025\/06\/13.jpg\" alt=\"\" srcset=\"https:\/\/printsmilepro.ma\/wp-content\/uploads\/2025\/06\/13.jpg 1050w, https:\/\/printsmilepro.ma\/wp-content\/uploads\/2025\/06\/13-300x214.jpg 300w, https:\/\/printsmilepro.ma\/wp-content\/uploads\/2025\/06\/13-1024x731.jpg 1024w, https:\/\/printsmilepro.ma\/wp-content\/uploads\/2025\/06\/13-768x549.jpg 768w, https:\/\/printsmilepro.ma\/wp-content\/uploads\/2025\/06\/13-18x12.jpg 18w\" sizes=\"auto, (max-width: 1050px) 100vw, 1050px\" \/>\n          <\/div>\n        <\/div>\n      <\/div>\n    <\/div>\n\t\t\t<\/div> \n\t\t<\/div>\n\t<\/div> \n\n\t<div  class=\"vc_col-sm-6 wpb_column column_container vc_column_container col no-extra-padding inherit_tablet inherit_phone\"  data-padding-pos=\"all\" data-has-bg-color=\"false\" data-bg-color=\"\" data-bg-opacity=\"1\" data-animation=\"\" data-delay=\"0\" >\n\t\t<div class=\"vc_column-inner\" >\n\t\t\t<div class=\"wpb_wrapper\">\n\t\t\t\t\n<div class=\"wpb_text_column wpb_content_element\" >\n\t<div class=\"wpb_wrapper\">\n\t\t<h2 class=\"AnswerParser_AnswerParserH4__ghxg8\"><strong>Scatole di cibo<\/strong><\/h2>\n<h6>Confezioni regalo alimentari su misura a Casablanca<\/h6>\n\t<\/div>\n<\/div>\n\n\n\n\n<div class=\"wpb_text_column wpb_content_element\" >\n\t<div class=\"wpb_wrapper\">\n\t\t<p>Sappiamo quanto il packaging possa essere cruciale per l'immagine del vostro marchio. Il nostro <strong data-start=\"825\" data-end=\"857\">scatole di cibo<\/strong> possono essere completamente personalizzati, dalla stampa del vostro logo a design speciali per eventi come feste di Natale, matrimoni o regali aziendali. Utilizziamo materiali di qualit\u00e0 e inchiostri resistenti per garantire confezioni attraenti e durevoli, nel rispetto degli standard di sicurezza alimentare.<\/p>\n\t<\/div>\n<\/div>\n\n\n\n\n\t\t\t<\/div> \n\t\t<\/div>\n\t<\/div> \n<\/div><\/div>\n\t\t<div id=\"fws_69f63fbb9fb4c\"  data-column-margin=\"40px\" data-midnight=\"dark\"  class=\"wpb_row vc_row-fluid vc_row vc_row-o-equal-height vc_row-flex vc_row-o-content-middle  top_margin_40px bottom_margin_40px\"  style=\"padding-top: 0px; padding-bottom: 0px; \"><div class=\"row-bg-wrap\" data-bg-animation=\"none\" data-bg-animation-delay=\"\" data-bg-overlay=\"false\"><div class=\"inner-wrap row-bg-layer\" ><div class=\"row-bg viewport-desktop\"  style=\"\"><\/div><\/div><\/div><div class=\"row_col_wrap_12 col span_12 dark left\">\n\t<div  class=\"vc_col-sm-6 wpb_column column_container vc_column_container col no-extra-padding inherit_tablet inherit_phone\"  data-padding-pos=\"all\" data-has-bg-color=\"false\" data-bg-color=\"\" data-bg-opacity=\"1\" data-animation=\"\" data-delay=\"0\" >\n\t\t<div class=\"vc_column-inner\" >\n\t\t\t<div class=\"wpb_wrapper\">\n\t\t\t\t\n<div class=\"wpb_text_column wpb_content_element\" >\n\t<div class=\"wpb_wrapper\">\n\t\t<h2 class=\"AnswerParser_AnswerParserH4__ghxg8\"><strong>Scatole di cibo<\/strong><\/h2>\n<h6>Imballaggi alimentari personalizzati in Marocco<\/h6>\n\t<\/div>\n<\/div>\n\n\n\n\n<div class=\"wpb_text_column wpb_content_element\" >\n\t<div class=\"wpb_wrapper\">\n\t\t<p data-start=\"147\" data-end=\"204\"><a href=\"https:\/\/printsmilepro.ma\/it\/a-propos\/\"><strong data-start=\"1286\" data-end=\"1305\">Stampa Smile Pro<\/strong><\/a> si trova in <strong data-start=\"1318\" data-end=\"1332\">Casablanca<\/strong>e garantiamo una produzione rapida e una consegna affidabile dei vostri prodotti. <strong data-start=\"1404\" data-end=\"1436\">scatole di cibo<\/strong> soluzioni personalizzate. Il nostro team sar\u00e0 al vostro fianco in ogni fase del processo per garantire che ogni dettaglio sia preso in considerazione e che le vostre aspettative siano pienamente soddisfatte. Contattateci oggi stesso per un preventivo gratuito e senza impegno. <a href=\"https:\/\/printsmilepro.ma\/it\/\">scopri le nostre soluzioni<\/a> confezione di alta gamma.<\/p>\n\t<\/div>\n<\/div>\n\n\n\n\n\t\t\t<\/div> \n\t\t<\/div>\n\t<\/div> \n\n\t<div  class=\"vc_col-sm-6 wpb_column column_container vc_column_container col no-extra-padding inherit_tablet inherit_phone\"  data-padding-pos=\"all\" data-has-bg-color=\"false\" data-bg-color=\"\" data-bg-opacity=\"1\" data-animation=\"\" data-delay=\"0\" >\n\t\t<div class=\"vc_column-inner\" >\n\t\t\t<div class=\"wpb_wrapper\">\n\t\t\t\t<div class=\"img-with-aniamtion-wrap\" data-max-width=\"100%\" data-max-width-mobile=\"default\" data-shadow=\"none\" data-animation=\"none\" >\n      <div class=\"inner\">\n        <div class=\"hover-wrap\"> \n          <div class=\"hover-wrap-inner\">\n            <img loading=\"lazy\" decoding=\"async\" class=\"img-with-animation skip-lazy\" data-delay=\"0\" height=\"750\" width=\"1050\" data-animation=\"none\" src=\"https:\/\/printsmilepro.ma\/wp-content\/uploads\/2025\/06\/15.jpg\" alt=\"\" srcset=\"https:\/\/printsmilepro.ma\/wp-content\/uploads\/2025\/06\/15.jpg 1050w, https:\/\/printsmilepro.ma\/wp-content\/uploads\/2025\/06\/15-300x214.jpg 300w, https:\/\/printsmilepro.ma\/wp-content\/uploads\/2025\/06\/15-1024x731.jpg 1024w, https:\/\/printsmilepro.ma\/wp-content\/uploads\/2025\/06\/15-768x549.jpg 768w, https:\/\/printsmilepro.ma\/wp-content\/uploads\/2025\/06\/15-18x12.jpg 18w\" sizes=\"auto, (max-width: 1050px) 100vw, 1050px\" \/>\n          <\/div>\n        <\/div>\n      <\/div>\n    <\/div>\n\t\t\t<\/div> \n\t\t<\/div>\n\t<\/div> \n<\/div><\/div>","protected":false},"excerpt":{"rendered":"Bo\u00eetes coffrets alimentaires Coffrets alimentaires personnalis\u00e9s \u00e0 Casablanca, Maroc Chez Print Smile Pro, nous vous proposons des bo\u00eetes coffrets alimentaires personnalis\u00e9es pour mettre en valeur vos produits de mani\u00e8re \u00e9l\u00e9gante...","protected":false},"author":1,"featured_media":0,"parent":0,"menu_order":0,"comment_status":"closed","ping_status":"closed","template":"","meta":{"_monsterinsights_skip_tracking":false,"_monsterinsights_sitenote_active":false,"_monsterinsights_sitenote_note":"","_monsterinsights_sitenote_category":0,"_joinchat":[],"footnotes":""},"class_list":["post-592","page","type-page","status-publish"],"yoast_head":"<!-- This site is optimized with the Yoast SEO plugin v26.2 - https:\/\/yoast.com\/wordpress\/plugins\/seo\/ -->\n<title>Bo\u00eetes Coffrets Alimentaires Personnalis\u00e9es Casablanca, Maroc<\/title>\n<meta name=\"description\" content=\"Bo\u00eetes coffrets alimentaires personnalis\u00e9es de Print Smile Pro \u00e0 Casablanca, Maroc. impression sur mesure et respect des normes alimentaires.\" \/>\n<meta name=\"robots\" content=\"index, follow, max-snippet:-1, max-image-preview:large, max-video-preview:-1\" \/>\n<link rel=\"canonical\" href=\"https:\/\/printsmilepro.ma\/it\/scatole-per-alimenti\/\" \/>\n<meta property=\"og:locale\" content=\"it_IT\" \/>\n<meta property=\"og:type\" content=\"article\" \/>\n<meta property=\"og:title\" content=\"Bo\u00eetes Coffrets Alimentaires Personnalis\u00e9es Casablanca, Maroc\" \/>\n<meta property=\"og:description\" content=\"Bo\u00eetes coffrets alimentaires personnalis\u00e9es de Print Smile Pro \u00e0 Casablanca, Maroc. impression sur mesure et respect des normes alimentaires.\" \/>\n<meta property=\"og:url\" content=\"https:\/\/printsmilepro.ma\/it\/scatole-per-alimenti\/\" \/>\n<meta property=\"og:site_name\" content=\"Print Smile Pro\" \/>\n<meta property=\"article:modified_time\" content=\"2025-07-28T12:06:33+00:00\" \/>\n<meta name=\"twitter:card\" content=\"summary_large_image\" \/>\n<meta name=\"twitter:label1\" content=\"Tempo di lettura stimato\" \/>\n\t<meta name=\"twitter:data1\" content=\"2 minuti\" \/>\n<script type=\"application\/ld+json\" class=\"yoast-schema-graph\">{\"@context\":\"https:\/\/schema.org\",\"@graph\":[{\"@type\":\"WebPage\",\"@id\":\"https:\/\/printsmilepro.ma\/boites-coffrets-alimentaires\/\",\"url\":\"https:\/\/printsmilepro.ma\/boites-coffrets-alimentaires\/\",\"name\":\"Bo\u00eetes Coffrets Alimentaires Personnalis\u00e9es Casablanca, Maroc\",\"isPartOf\":{\"@id\":\"https:\/\/printsmilepro.ma\/#website\"},\"datePublished\":\"2025-06-03T15:21:51+00:00\",\"dateModified\":\"2025-07-28T12:06:33+00:00\",\"description\":\"Bo\u00eetes coffrets alimentaires personnalis\u00e9es de Print Smile Pro \u00e0 Casablanca, Maroc. impression sur mesure et respect des normes alimentaires.\",\"breadcrumb\":{\"@id\":\"https:\/\/printsmilepro.ma\/boites-coffrets-alimentaires\/#breadcrumb\"},\"inLanguage\":\"it-IT\",\"potentialAction\":[{\"@type\":\"ReadAction\",\"target\":[\"https:\/\/printsmilepro.ma\/boites-coffrets-alimentaires\/\"]}]},{\"@type\":\"BreadcrumbList\",\"@id\":\"https:\/\/printsmilepro.ma\/boites-coffrets-alimentaires\/#breadcrumb\",\"itemListElement\":[{\"@type\":\"ListItem\",\"position\":1,\"name\":\"Accueil\",\"item\":\"https:\/\/printsmilepro.ma\/\"},{\"@type\":\"ListItem\",\"position\":2,\"name\":\"Bo\u00eetes coffrets alimentaires\"}]},{\"@type\":\"WebSite\",\"@id\":\"https:\/\/printsmilepro.ma\/#website\",\"url\":\"https:\/\/printsmilepro.ma\/\",\"name\":\"Print Smile Pro\",\"description\":\"Votre partenaire id\u00e9al pour la r\u00e9alisation de tous vos travaux d&#039;impression offset et num\u00e9rique\",\"publisher\":{\"@id\":\"https:\/\/printsmilepro.ma\/#organization\"},\"potentialAction\":[{\"@type\":\"SearchAction\",\"target\":{\"@type\":\"EntryPoint\",\"urlTemplate\":\"https:\/\/printsmilepro.ma\/?s={search_term_string}\"},\"query-input\":{\"@type\":\"PropertyValueSpecification\",\"valueRequired\":true,\"valueName\":\"search_term_string\"}}],\"inLanguage\":\"it-IT\"},{\"@type\":\"Organization\",\"@id\":\"https:\/\/printsmilepro.ma\/#organization\",\"name\":\"Print Smile Pro\",\"url\":\"https:\/\/printsmilepro.ma\/\",\"logo\":{\"@type\":\"ImageObject\",\"inLanguage\":\"it-IT\",\"@id\":\"https:\/\/printsmilepro.ma\/#\/schema\/logo\/image\/\",\"url\":\"https:\/\/printsmilepro.ma\/wp-content\/uploads\/2025\/05\/logo-2.png\",\"contentUrl\":\"https:\/\/printsmilepro.ma\/wp-content\/uploads\/2025\/05\/logo-2.png\",\"width\":194,\"height\":80,\"caption\":\"Print Smile Pro\"},\"image\":{\"@id\":\"https:\/\/printsmilepro.ma\/#\/schema\/logo\/image\/\"}}]}<\/script>\n<!-- \/ Yoast SEO plugin. -->","yoast_head_json":{"title":"Scatole alimentari personalizzate Casablanca, Marocco","description":"Scatole per alimenti personalizzate da Print Smile Pro di Casablanca, Marocco, con stampa su misura e conformit\u00e0 agli standard alimentari.","robots":{"index":"index","follow":"follow","max-snippet":"max-snippet:-1","max-image-preview":"max-image-preview:large","max-video-preview":"max-video-preview:-1"},"canonical":"https:\/\/printsmilepro.ma\/it\/scatole-per-alimenti\/","og_locale":"it_IT","og_type":"article","og_title":"Bo\u00eetes Coffrets Alimentaires Personnalis\u00e9es Casablanca, Maroc","og_description":"Bo\u00eetes coffrets alimentaires personnalis\u00e9es de Print Smile Pro \u00e0 Casablanca, Maroc. impression sur mesure et respect des normes alimentaires.","og_url":"https:\/\/printsmilepro.ma\/it\/scatole-per-alimenti\/","og_site_name":"Print Smile Pro","article_modified_time":"2025-07-28T12:06:33+00:00","twitter_card":"summary_large_image","twitter_misc":{"Tempo di lettura stimato":"2 minuti"},"schema":{"@context":"https:\/\/schema.org","@graph":[{"@type":"WebPage","@id":"https:\/\/printsmilepro.ma\/boites-coffrets-alimentaires\/","url":"https:\/\/printsmilepro.ma\/boites-coffrets-alimentaires\/","name":"Scatole alimentari personalizzate Casablanca, Marocco","isPartOf":{"@id":"https:\/\/printsmilepro.ma\/#website"},"datePublished":"2025-06-03T15:21:51+00:00","dateModified":"2025-07-28T12:06:33+00:00","description":"Scatole per alimenti personalizzate da Print Smile Pro di Casablanca, Marocco, con stampa su misura e conformit\u00e0 agli standard alimentari.","breadcrumb":{"@id":"https:\/\/printsmilepro.ma\/boites-coffrets-alimentaires\/#breadcrumb"},"inLanguage":"it-IT","potentialAction":[{"@type":"ReadAction","target":["https:\/\/printsmilepro.ma\/boites-coffrets-alimentaires\/"]}]},{"@type":"BreadcrumbList","@id":"https:\/\/printsmilepro.ma\/boites-coffrets-alimentaires\/#breadcrumb","itemListElement":[{"@type":"ListItem","position":1,"name":"Accueil","item":"https:\/\/printsmilepro.ma\/"},{"@type":"ListItem","position":2,"name":"Bo\u00eetes coffrets alimentaires"}]},{"@type":"WebSite","@id":"https:\/\/printsmilepro.ma\/#website","url":"https:\/\/printsmilepro.ma\/","name":"Stampa Smile Pro","description":"Il vostro partner ideale per tutte le esigenze di stampa offset e digitale","publisher":{"@id":"https:\/\/printsmilepro.ma\/#organization"},"potentialAction":[{"@type":"SearchAction","target":{"@type":"EntryPoint","urlTemplate":"https:\/\/printsmilepro.ma\/?s={search_term_string}"},"query-input":{"@type":"PropertyValueSpecification","valueRequired":true,"valueName":"search_term_string"}}],"inLanguage":"it-IT"},{"@type":"Organization","@id":"https:\/\/printsmilepro.ma\/#organization","name":"Stampa Smile Pro","url":"https:\/\/printsmilepro.ma\/","logo":{"@type":"ImageObject","inLanguage":"it-IT","@id":"https:\/\/printsmilepro.ma\/#\/schema\/logo\/image\/","url":"https:\/\/printsmilepro.ma\/wp-content\/uploads\/2025\/05\/logo-2.png","contentUrl":"https:\/\/printsmilepro.ma\/wp-content\/uploads\/2025\/05\/logo-2.png","width":194,"height":80,"caption":"Print Smile Pro"},"image":{"@id":"https:\/\/printsmilepro.ma\/#\/schema\/logo\/image\/"}}]}},"_links":{"self":[{"href":"https:\/\/printsmilepro.ma\/it\/wp-json\/wp\/v2\/pages\/592","targetHints":{"allow":["GET"]}}],"collection":[{"href":"https:\/\/printsmilepro.ma\/it\/wp-json\/wp\/v2\/pages"}],"about":[{"href":"https:\/\/printsmilepro.ma\/it\/wp-json\/wp\/v2\/types\/page"}],"author":[{"embeddable":true,"href":"https:\/\/printsmilepro.ma\/it\/wp-json\/wp\/v2\/users\/1"}],"replies":[{"embeddable":true,"href":"https:\/\/printsmilepro.ma\/it\/wp-json\/wp\/v2\/comments?post=592"}],"version-history":[{"count":6,"href":"https:\/\/printsmilepro.ma\/it\/wp-json\/wp\/v2\/pages\/592\/revisions"}],"predecessor-version":[{"id":1022,"href":"https:\/\/printsmilepro.ma\/it\/wp-json\/wp\/v2\/pages\/592\/revisions\/1022"}],"wp:attachment":[{"href":"https:\/\/printsmilepro.ma\/it\/wp-json\/wp\/v2\/media?parent=592"}],"curies":[{"name":"wp","href":"https:\/\/api.w.org\/{rel}","templated":true}]}}