{"id":374,"date":"2025-05-26T20:56:38","date_gmt":"2025-05-26T20:56:38","guid":{"rendered":"https:\/\/printsmilepro.ma\/?page_id=374"},"modified":"2025-06-28T16:17:20","modified_gmt":"2025-06-28T16:17:20","slug":"pannelli-in-pvc","status":"publish","type":"page","link":"https:\/\/printsmilepro.ma\/it\/pannelli-in-pvc\/","title":{"rendered":"Pannelli in PVC"},"content":{"rendered":"<div id=\"fws_69e8b4863d31d\"  data-column-margin=\"40px\" data-midnight=\"dark\"  class=\"wpb_row vc_row-fluid vc_row vc_row-o-equal-height vc_row-flex vc_row-o-content-middle  top_margin_40px bottom_margin_40px\"  style=\"padding-top: 0px; padding-bottom: 0px; \"><div class=\"row-bg-wrap\" data-bg-animation=\"none\" data-bg-animation-delay=\"\" data-bg-overlay=\"false\"><div class=\"inner-wrap row-bg-layer\" ><div class=\"row-bg viewport-desktop\"  style=\"\"><\/div><\/div><\/div><div class=\"row_col_wrap_12 col span_12 dark left\">\n\t<div  class=\"vc_col-sm-6 wpb_column column_container vc_column_container col no-extra-padding inherit_tablet inherit_phone\"  data-padding-pos=\"all\" data-has-bg-color=\"false\" data-bg-color=\"\" data-bg-opacity=\"1\" data-animation=\"\" data-delay=\"0\" >\n\t\t<div class=\"vc_column-inner\" >\n\t\t\t<div class=\"wpb_wrapper\">\n\t\t\t\t\n<div class=\"wpb_text_column wpb_content_element\" >\n\t<div class=\"wpb_wrapper\">\n\t\t<h2 class=\"AnswerParser_AnswerParserH4__ghxg8\"><strong>Pannelli in PVC<\/strong><\/h2>\n\t<\/div>\n<\/div>\n\n\n\n\n<div class=\"wpb_text_column wpb_content_element\" >\n\t<div class=\"wpb_wrapper\">\n\t\t<p>Il\u00a0<strong>Pannelli in PVC<\/strong>\u00a0sono materiali versatili utilizzati in molti settori, dall'edilizia alla decorazione. Realizzati in cloruro di polivinile, questi pannelli offrono una soluzione pratica ed economica per una variet\u00e0 di progetti. Sono disponibili in diversi tipi, tra cui il PVC espanso e il PVC rigido, ciascuno con caratteristiche specifiche per una variet\u00e0 di usi.<\/p>\n\t<\/div>\n<\/div>\n\n\n\n\n\t\t\t<\/div> \n\t\t<\/div>\n\t<\/div> \n\n\t<div  class=\"vc_col-sm-6 wpb_column column_container vc_column_container col no-extra-padding inherit_tablet inherit_phone\"  data-padding-pos=\"all\" data-has-bg-color=\"false\" data-bg-color=\"\" data-bg-opacity=\"1\" data-animation=\"\" data-delay=\"0\" >\n\t\t<div class=\"vc_column-inner\" >\n\t\t\t<div class=\"wpb_wrapper\">\n\t\t\t\t<div class=\"img-with-aniamtion-wrap\" data-max-width=\"100%\" data-max-width-mobile=\"default\" data-shadow=\"none\" data-animation=\"none\" >\n      <div class=\"inner\">\n        <div class=\"hover-wrap\"> \n          <div class=\"hover-wrap-inner\">\n            <img loading=\"lazy\" decoding=\"async\" class=\"img-with-animation skip-lazy\" data-delay=\"0\" height=\"1000\" width=\"1000\" data-animation=\"none\" src=\"https:\/\/printsmilepro.ma\/wp-content\/uploads\/2025\/05\/panneau-dibond-grand-format.jpg\" alt=\"\" srcset=\"https:\/\/printsmilepro.ma\/wp-content\/uploads\/2025\/05\/panneau-dibond-grand-format.jpg 1000w, https:\/\/printsmilepro.ma\/wp-content\/uploads\/2025\/05\/panneau-dibond-grand-format-300x300.jpg 300w, https:\/\/printsmilepro.ma\/wp-content\/uploads\/2025\/05\/panneau-dibond-grand-format-150x150.jpg 150w, https:\/\/printsmilepro.ma\/wp-content\/uploads\/2025\/05\/panneau-dibond-grand-format-768x768.jpg 768w, https:\/\/printsmilepro.ma\/wp-content\/uploads\/2025\/05\/panneau-dibond-grand-format-140x140.jpg 140w, https:\/\/printsmilepro.ma\/wp-content\/uploads\/2025\/05\/panneau-dibond-grand-format-100x100.jpg 100w, https:\/\/printsmilepro.ma\/wp-content\/uploads\/2025\/05\/panneau-dibond-grand-format-500x500.jpg 500w, https:\/\/printsmilepro.ma\/wp-content\/uploads\/2025\/05\/panneau-dibond-grand-format-350x350.jpg 350w, https:\/\/printsmilepro.ma\/wp-content\/uploads\/2025\/05\/panneau-dibond-grand-format-800x800.jpg 800w\" sizes=\"auto, (max-width: 1000px) 100vw, 1000px\" \/>\n          <\/div>\n        <\/div>\n      <\/div>\n    <\/div>\n\t\t\t<\/div> \n\t\t<\/div>\n\t<\/div> \n<\/div><\/div>\n\t\t<div id=\"fws_69e8b4863d8e6\"  data-column-margin=\"40px\" data-midnight=\"dark\"  class=\"wpb_row vc_row-fluid vc_row full-width-section vc_row-o-equal-height vc_row-flex vc_row-o-content-middle  top_margin_40px bottom_margin_40px\"  style=\"padding-top: 40px; padding-bottom: 40px; \"><div class=\"row-bg-wrap\" data-bg-animation=\"none\" data-bg-animation-delay=\"\" data-bg-overlay=\"false\"><div class=\"inner-wrap row-bg-layer\" ><div class=\"row-bg viewport-desktop using-bg-color\"  style=\"background-color: #d3d3d3; \"><\/div><\/div><\/div><div class=\"row_col_wrap_12 col span_12 dark left\">\n\t<div  class=\"vc_col-sm-6 wpb_column column_container vc_column_container col no-extra-padding inherit_tablet inherit_phone\"  data-padding-pos=\"all\" data-has-bg-color=\"false\" data-bg-color=\"\" data-bg-opacity=\"1\" data-animation=\"\" data-delay=\"0\" >\n\t\t<div class=\"vc_column-inner\" >\n\t\t\t<div class=\"wpb_wrapper\">\n\t\t\t\t<div class=\"img-with-aniamtion-wrap\" data-max-width=\"100%\" data-max-width-mobile=\"default\" data-shadow=\"none\" data-animation=\"none\" >\n      <div class=\"inner\">\n        <div class=\"hover-wrap\"> \n          <div class=\"hover-wrap-inner\">\n            <img loading=\"lazy\" decoding=\"async\" class=\"img-with-animation skip-lazy\" data-delay=\"0\" height=\"502\" width=\"502\" data-animation=\"none\" src=\"https:\/\/printsmilepro.ma\/wp-content\/uploads\/2025\/05\/panneaux-rigides-forex-pancartes-plaques-2.jpg\" alt=\"\" srcset=\"https:\/\/printsmilepro.ma\/wp-content\/uploads\/2025\/05\/panneaux-rigides-forex-pancartes-plaques-2.jpg 502w, https:\/\/printsmilepro.ma\/wp-content\/uploads\/2025\/05\/panneaux-rigides-forex-pancartes-plaques-2-300x300.jpg 300w, https:\/\/printsmilepro.ma\/wp-content\/uploads\/2025\/05\/panneaux-rigides-forex-pancartes-plaques-2-150x150.jpg 150w, https:\/\/printsmilepro.ma\/wp-content\/uploads\/2025\/05\/panneaux-rigides-forex-pancartes-plaques-2-140x140.jpg 140w, https:\/\/printsmilepro.ma\/wp-content\/uploads\/2025\/05\/panneaux-rigides-forex-pancartes-plaques-2-100x100.jpg 100w, https:\/\/printsmilepro.ma\/wp-content\/uploads\/2025\/05\/panneaux-rigides-forex-pancartes-plaques-2-500x500.jpg 500w, https:\/\/printsmilepro.ma\/wp-content\/uploads\/2025\/05\/panneaux-rigides-forex-pancartes-plaques-2-350x350.jpg 350w\" sizes=\"auto, (max-width: 502px) 100vw, 502px\" \/>\n          <\/div>\n        <\/div>\n      <\/div>\n    <\/div>\n\t\t\t<\/div> \n\t\t<\/div>\n\t<\/div> \n\n\t<div  class=\"vc_col-sm-6 wpb_column column_container vc_column_container col no-extra-padding inherit_tablet inherit_phone\"  data-padding-pos=\"all\" data-has-bg-color=\"false\" data-bg-color=\"\" data-bg-opacity=\"1\" data-animation=\"\" data-delay=\"0\" >\n\t\t<div class=\"vc_column-inner\" >\n\t\t\t<div class=\"wpb_wrapper\">\n\t\t\t\t\n<div class=\"wpb_text_column wpb_content_element\" >\n\t<div class=\"wpb_wrapper\">\n\t\t<h2 class=\"AnswerParser_AnswerParserH4__ghxg8\"><strong>Pannelli in PVC<\/strong><\/h2>\n\t<\/div>\n<\/div>\n\n\n\n\n<div class=\"wpb_text_column wpb_content_element\" >\n\t<div class=\"wpb_wrapper\">\n\t\t<p>Esistono due tipi principali di pannelli in PVC: il pannello\u00a0<strong>PVC espanso<\/strong>\u00a0e il\u00a0<strong>PVC rigido<\/strong>. Il PVC espanso \u00e8 leggero e offre un buon isolamento termico e acustico, ideale per le applicazioni interne. Il PVC rigido, invece, \u00e8 pi\u00f9 robusto e resistente agli urti, ideale per gli ambienti pi\u00f9 difficili. Questi pannelli presentano numerosi vantaggi: sono resistenti all'acqua, di facile manutenzione, imputrescibili e possono essere facilmente tagliati, forati o incollati.<\/p>\n\t<\/div>\n<\/div>\n\n\n\n\n\t\t\t<\/div> \n\t\t<\/div>\n\t<\/div> \n<\/div><\/div>\n\t\t<div id=\"fws_69e8b4863dc46\"  data-column-margin=\"40px\" data-midnight=\"dark\"  class=\"wpb_row vc_row-fluid vc_row vc_row-o-equal-height vc_row-flex vc_row-o-content-middle  top_margin_40px bottom_margin_40px\"  style=\"padding-top: 0px; padding-bottom: 0px; \"><div class=\"row-bg-wrap\" data-bg-animation=\"none\" data-bg-animation-delay=\"\" data-bg-overlay=\"false\"><div class=\"inner-wrap row-bg-layer\" ><div class=\"row-bg viewport-desktop\"  style=\"\"><\/div><\/div><\/div><div class=\"row_col_wrap_12 col span_12 dark left\">\n\t<div  class=\"vc_col-sm-6 wpb_column column_container vc_column_container col no-extra-padding inherit_tablet inherit_phone\"  data-padding-pos=\"all\" data-has-bg-color=\"false\" data-bg-color=\"\" data-bg-opacity=\"1\" data-animation=\"\" data-delay=\"0\" >\n\t\t<div class=\"vc_column-inner\" >\n\t\t\t<div class=\"wpb_wrapper\">\n\t\t\t\t\n<div class=\"wpb_text_column wpb_content_element\" >\n\t<div class=\"wpb_wrapper\">\n\t\t<h2 class=\"AnswerParser_AnswerParserH4__ghxg8\"><strong>Pannelli in PVC<\/strong><\/h2>\n\t<\/div>\n<\/div>\n\n\n\n\n<div class=\"wpb_text_column wpb_content_element\" >\n\t<div class=\"wpb_wrapper\">\n\t\t<p data-start=\"147\" data-end=\"204\">I pannelli in PVC sono utilizzati in un'ampia gamma di applicazioni. A\u00a0<strong>design d'interni<\/strong>Vengono utilizzati per rivestire pareti, soffitti e pareti divisorie. Nel<strong>industria alimentare<\/strong>Soddisfano i pi\u00f9 severi standard igienici. Sono utilizzati anche per\u00a0<strong>segnaletica<\/strong>il\u00a0<strong>stand<\/strong>\u00a0e\u00a0<strong>cartelloni pubblicitari<\/strong>. Disponibili in una gamma di spessori (da 1,5 mm a 10 mm) e dimensioni, questi pannelli possono essere personalizzati per soddisfare esigenze specifiche, offrendo una soluzione versatile per molti progetti professionali e creativi.<\/p>\n\t<\/div>\n<\/div>\n\n\n\n\n\t\t\t<\/div> \n\t\t<\/div>\n\t<\/div> \n\n\t<div  class=\"vc_col-sm-6 wpb_column column_container vc_column_container col no-extra-padding inherit_tablet inherit_phone\"  data-padding-pos=\"all\" data-has-bg-color=\"false\" data-bg-color=\"\" data-bg-opacity=\"1\" data-animation=\"\" data-delay=\"0\" >\n\t\t<div class=\"vc_column-inner\" >\n\t\t\t<div class=\"wpb_wrapper\">\n\t\t\t\t<div class=\"img-with-aniamtion-wrap\" data-max-width=\"100%\" data-max-width-mobile=\"default\" data-shadow=\"none\" data-animation=\"none\" >\n      <div class=\"inner\">\n        <div class=\"hover-wrap\"> \n          <div class=\"hover-wrap-inner\">\n            <img loading=\"lazy\" decoding=\"async\" class=\"img-with-animation skip-lazy\" data-delay=\"0\" height=\"740\" width=\"800\" data-animation=\"none\" src=\"https:\/\/printsmilepro.ma\/wp-content\/uploads\/2025\/05\/Panneau-PVC-800x70_641d5981098c6.jpg\" alt=\"\" srcset=\"https:\/\/printsmilepro.ma\/wp-content\/uploads\/2025\/05\/Panneau-PVC-800x70_641d5981098c6.jpg 800w, https:\/\/printsmilepro.ma\/wp-content\/uploads\/2025\/05\/Panneau-PVC-800x70_641d5981098c6-300x278.jpg 300w, https:\/\/printsmilepro.ma\/wp-content\/uploads\/2025\/05\/Panneau-PVC-800x70_641d5981098c6-768x710.jpg 768w\" sizes=\"auto, (max-width: 800px) 100vw, 800px\" \/>\n          <\/div>\n        <\/div>\n      <\/div>\n    <\/div>\n\t\t\t<\/div> \n\t\t<\/div>\n\t<\/div> \n<\/div><\/div>","protected":false},"excerpt":{"rendered":"Panneaux PVC Les\u00a0panneaux PVC\u00a0sont des mat\u00e9riaux polyvalents utilis\u00e9s dans de nombreux domaines, de la construction \u00e0 la d\u00e9coration. Fabriqu\u00e9s \u00e0 partir de polychlorure de vinyle, ces panneaux offrent une solution...","protected":false},"author":1,"featured_media":0,"parent":0,"menu_order":0,"comment_status":"closed","ping_status":"closed","template":"","meta":{"_monsterinsights_skip_tracking":false,"_monsterinsights_sitenote_active":false,"_monsterinsights_sitenote_note":"","_monsterinsights_sitenote_category":0,"_joinchat":[],"footnotes":""},"class_list":["post-374","page","type-page","status-publish"],"yoast_head":"<!-- This site is optimized with the Yoast SEO plugin v26.2 - https:\/\/yoast.com\/wordpress\/plugins\/seo\/ -->\n<title>Panneaux PVC Casablanca | Fabrication &amp; Impression au Maroc<\/title>\n<meta name=\"description\" content=\"Panneaux PVC sur mesure \u00e0 Casablanca : impression de qualit\u00e9, durabilit\u00e9, prix comp\u00e9titifs au Maroc. Demandez votre devis d\u00e8s aujourd\u2019hui\u202f!\" \/>\n<meta name=\"robots\" content=\"index, follow, max-snippet:-1, max-image-preview:large, max-video-preview:-1\" \/>\n<link rel=\"canonical\" href=\"https:\/\/printsmilepro.ma\/it\/pannelli-in-pvc\/\" \/>\n<meta property=\"og:locale\" content=\"it_IT\" \/>\n<meta property=\"og:type\" content=\"article\" \/>\n<meta property=\"og:title\" content=\"Panneaux PVC Casablanca | Fabrication &amp; Impression au Maroc\" \/>\n<meta property=\"og:description\" content=\"Panneaux PVC sur mesure \u00e0 Casablanca : impression de qualit\u00e9, durabilit\u00e9, prix comp\u00e9titifs au Maroc. Demandez votre devis d\u00e8s aujourd\u2019hui\u202f!\" \/>\n<meta property=\"og:url\" content=\"https:\/\/printsmilepro.ma\/it\/pannelli-in-pvc\/\" \/>\n<meta property=\"og:site_name\" content=\"Print Smile Pro\" \/>\n<meta property=\"article:modified_time\" content=\"2025-06-28T16:17:20+00:00\" \/>\n<meta name=\"twitter:card\" content=\"summary_large_image\" \/>\n<meta name=\"twitter:label1\" content=\"Tempo di lettura stimato\" \/>\n\t<meta name=\"twitter:data1\" content=\"2 minuti\" \/>\n<script type=\"application\/ld+json\" class=\"yoast-schema-graph\">{\"@context\":\"https:\/\/schema.org\",\"@graph\":[{\"@type\":\"WebPage\",\"@id\":\"https:\/\/printsmilepro.ma\/panneaux-pvc\/\",\"url\":\"https:\/\/printsmilepro.ma\/panneaux-pvc\/\",\"name\":\"Panneaux PVC Casablanca | Fabrication & Impression au Maroc\",\"isPartOf\":{\"@id\":\"https:\/\/printsmilepro.ma\/#website\"},\"datePublished\":\"2025-05-26T20:56:38+00:00\",\"dateModified\":\"2025-06-28T16:17:20+00:00\",\"description\":\"Panneaux PVC sur mesure \u00e0 Casablanca : impression de qualit\u00e9, durabilit\u00e9, prix comp\u00e9titifs au Maroc. Demandez votre devis d\u00e8s aujourd\u2019hui\u202f!\",\"breadcrumb\":{\"@id\":\"https:\/\/printsmilepro.ma\/panneaux-pvc\/#breadcrumb\"},\"inLanguage\":\"it-IT\",\"potentialAction\":[{\"@type\":\"ReadAction\",\"target\":[\"https:\/\/printsmilepro.ma\/panneaux-pvc\/\"]}]},{\"@type\":\"BreadcrumbList\",\"@id\":\"https:\/\/printsmilepro.ma\/panneaux-pvc\/#breadcrumb\",\"itemListElement\":[{\"@type\":\"ListItem\",\"position\":1,\"name\":\"Accueil\",\"item\":\"https:\/\/printsmilepro.ma\/\"},{\"@type\":\"ListItem\",\"position\":2,\"name\":\"Panneaux PVC\"}]},{\"@type\":\"WebSite\",\"@id\":\"https:\/\/printsmilepro.ma\/#website\",\"url\":\"https:\/\/printsmilepro.ma\/\",\"name\":\"Print Smile Pro\",\"description\":\"Votre partenaire id\u00e9al pour la r\u00e9alisation de tous vos travaux d&#039;impression offset et num\u00e9rique\",\"publisher\":{\"@id\":\"https:\/\/printsmilepro.ma\/#organization\"},\"potentialAction\":[{\"@type\":\"SearchAction\",\"target\":{\"@type\":\"EntryPoint\",\"urlTemplate\":\"https:\/\/printsmilepro.ma\/?s={search_term_string}\"},\"query-input\":{\"@type\":\"PropertyValueSpecification\",\"valueRequired\":true,\"valueName\":\"search_term_string\"}}],\"inLanguage\":\"it-IT\"},{\"@type\":\"Organization\",\"@id\":\"https:\/\/printsmilepro.ma\/#organization\",\"name\":\"Print Smile Pro\",\"url\":\"https:\/\/printsmilepro.ma\/\",\"logo\":{\"@type\":\"ImageObject\",\"inLanguage\":\"it-IT\",\"@id\":\"https:\/\/printsmilepro.ma\/#\/schema\/logo\/image\/\",\"url\":\"https:\/\/printsmilepro.ma\/wp-content\/uploads\/2025\/05\/logo-2.png\",\"contentUrl\":\"https:\/\/printsmilepro.ma\/wp-content\/uploads\/2025\/05\/logo-2.png\",\"width\":194,\"height\":80,\"caption\":\"Print Smile Pro\"},\"image\":{\"@id\":\"https:\/\/printsmilepro.ma\/#\/schema\/logo\/image\/\"}}]}<\/script>\n<!-- \/ Yoast SEO plugin. -->","yoast_head_json":{"title":"Pannelli in PVC Casablanca | Produzione e stampa in Marocco","description":"Pannelli in PVC personalizzati a Casablanca: qualit\u00e0 di stampa, durata, prezzi competitivi in Marocco. Richiedete il vostro preventivo oggi stesso!","robots":{"index":"index","follow":"follow","max-snippet":"max-snippet:-1","max-image-preview":"max-image-preview:large","max-video-preview":"max-video-preview:-1"},"canonical":"https:\/\/printsmilepro.ma\/it\/pannelli-in-pvc\/","og_locale":"it_IT","og_type":"article","og_title":"Panneaux PVC Casablanca | Fabrication & Impression au Maroc","og_description":"Panneaux PVC sur mesure \u00e0 Casablanca : impression de qualit\u00e9, durabilit\u00e9, prix comp\u00e9titifs au Maroc. Demandez votre devis d\u00e8s aujourd\u2019hui\u202f!","og_url":"https:\/\/printsmilepro.ma\/it\/pannelli-in-pvc\/","og_site_name":"Print Smile Pro","article_modified_time":"2025-06-28T16:17:20+00:00","twitter_card":"summary_large_image","twitter_misc":{"Tempo di lettura stimato":"2 minuti"},"schema":{"@context":"https:\/\/schema.org","@graph":[{"@type":"WebPage","@id":"https:\/\/printsmilepro.ma\/panneaux-pvc\/","url":"https:\/\/printsmilepro.ma\/panneaux-pvc\/","name":"Pannelli in PVC Casablanca | Produzione e stampa in Marocco","isPartOf":{"@id":"https:\/\/printsmilepro.ma\/#website"},"datePublished":"2025-05-26T20:56:38+00:00","dateModified":"2025-06-28T16:17:20+00:00","description":"Pannelli in PVC personalizzati a Casablanca: qualit\u00e0 di stampa, durata, prezzi competitivi in Marocco. Richiedete il vostro preventivo oggi stesso!","breadcrumb":{"@id":"https:\/\/printsmilepro.ma\/panneaux-pvc\/#breadcrumb"},"inLanguage":"it-IT","potentialAction":[{"@type":"ReadAction","target":["https:\/\/printsmilepro.ma\/panneaux-pvc\/"]}]},{"@type":"BreadcrumbList","@id":"https:\/\/printsmilepro.ma\/panneaux-pvc\/#breadcrumb","itemListElement":[{"@type":"ListItem","position":1,"name":"Accueil","item":"https:\/\/printsmilepro.ma\/"},{"@type":"ListItem","position":2,"name":"Panneaux PVC"}]},{"@type":"WebSite","@id":"https:\/\/printsmilepro.ma\/#website","url":"https:\/\/printsmilepro.ma\/","name":"Stampa Smile Pro","description":"Il vostro partner ideale per tutte le esigenze di stampa offset e digitale","publisher":{"@id":"https:\/\/printsmilepro.ma\/#organization"},"potentialAction":[{"@type":"SearchAction","target":{"@type":"EntryPoint","urlTemplate":"https:\/\/printsmilepro.ma\/?s={search_term_string}"},"query-input":{"@type":"PropertyValueSpecification","valueRequired":true,"valueName":"search_term_string"}}],"inLanguage":"it-IT"},{"@type":"Organization","@id":"https:\/\/printsmilepro.ma\/#organization","name":"Stampa Smile Pro","url":"https:\/\/printsmilepro.ma\/","logo":{"@type":"ImageObject","inLanguage":"it-IT","@id":"https:\/\/printsmilepro.ma\/#\/schema\/logo\/image\/","url":"https:\/\/printsmilepro.ma\/wp-content\/uploads\/2025\/05\/logo-2.png","contentUrl":"https:\/\/printsmilepro.ma\/wp-content\/uploads\/2025\/05\/logo-2.png","width":194,"height":80,"caption":"Print Smile Pro"},"image":{"@id":"https:\/\/printsmilepro.ma\/#\/schema\/logo\/image\/"}}]}},"_links":{"self":[{"href":"https:\/\/printsmilepro.ma\/it\/wp-json\/wp\/v2\/pages\/374","targetHints":{"allow":["GET"]}}],"collection":[{"href":"https:\/\/printsmilepro.ma\/it\/wp-json\/wp\/v2\/pages"}],"about":[{"href":"https:\/\/printsmilepro.ma\/it\/wp-json\/wp\/v2\/types\/page"}],"author":[{"embeddable":true,"href":"https:\/\/printsmilepro.ma\/it\/wp-json\/wp\/v2\/users\/1"}],"replies":[{"embeddable":true,"href":"https:\/\/printsmilepro.ma\/it\/wp-json\/wp\/v2\/comments?post=374"}],"version-history":[{"count":3,"href":"https:\/\/printsmilepro.ma\/it\/wp-json\/wp\/v2\/pages\/374\/revisions"}],"predecessor-version":[{"id":473,"href":"https:\/\/printsmilepro.ma\/it\/wp-json\/wp\/v2\/pages\/374\/revisions\/473"}],"wp:attachment":[{"href":"https:\/\/printsmilepro.ma\/it\/wp-json\/wp\/v2\/media?parent=374"}],"curies":[{"name":"wp","href":"https:\/\/api.w.org\/{rel}","templated":true}]}}