{"id":360,"date":"2025-05-26T20:43:25","date_gmt":"2025-05-26T20:43:25","guid":{"rendered":"https:\/\/printsmilepro.ma\/?page_id=360"},"modified":"2025-07-28T20:46:57","modified_gmt":"2025-07-28T20:46:57","slug":"stand","status":"publish","type":"page","link":"https:\/\/printsmilepro.ma\/it\/stand\/","title":{"rendered":"Stand"},"content":{"rendered":"<div id=\"fws_69fdd6f0e0af7\"  data-column-margin=\"40px\" data-midnight=\"dark\"  class=\"wpb_row vc_row-fluid vc_row vc_row-o-equal-height vc_row-flex vc_row-o-content-middle  top_margin_40px bottom_margin_40px\"  style=\"padding-top: 0px; padding-bottom: 0px; \"><div class=\"row-bg-wrap\" data-bg-animation=\"none\" data-bg-animation-delay=\"\" data-bg-overlay=\"false\"><div class=\"inner-wrap row-bg-layer\" ><div class=\"row-bg viewport-desktop\"  style=\"\"><\/div><\/div><\/div><div class=\"row_col_wrap_12 col span_12 dark left\">\n\t<div  class=\"vc_col-sm-6 wpb_column column_container vc_column_container col no-extra-padding inherit_tablet inherit_phone\"  data-padding-pos=\"all\" data-has-bg-color=\"false\" data-bg-color=\"\" data-bg-opacity=\"1\" data-animation=\"\" data-delay=\"0\" >\n\t\t<div class=\"vc_column-inner\" >\n\t\t\t<div class=\"wpb_wrapper\">\n\t\t\t\t\n<div class=\"wpb_text_column wpb_content_element\" >\n\t<div class=\"wpb_wrapper\">\n\t\t<h2 class=\"AnswerParser_AnswerParserH4__ghxg8\"><strong>Stand<\/strong><\/h2>\n<h6>Progettazione di stand personalizzati in Marocco<\/h6>\n\t<\/div>\n<\/div>\n\n\n\n\n<div class=\"wpb_text_column wpb_content_element\" >\n\t<div class=\"wpb_wrapper\">\n\t\t<p>A\u00a0<strong>Stampa Smile Pro<\/strong>Offriamo una vasta gamma di\u00a0<strong>stand<\/strong>\u00a0adattati a tutte le esigenze dei vostri eventi. Che si tratti di spettacoli, fiere o esposizioni, i nostri stand sono progettati per massimizzare la vostra visibilit\u00e0 e attirare l'attenzione dei visitatori. Grazie alla nostra esperienza nella stampa, garantiamo prodotti di alta qualit\u00e0 che riflettono l'identit\u00e0 del vostro marchio.<\/p>\n\t<\/div>\n<\/div>\n\n\n\n\n\t\t\t<\/div> \n\t\t<\/div>\n\t<\/div> \n\n\t<div  class=\"vc_col-sm-6 wpb_column column_container vc_column_container col no-extra-padding inherit_tablet inherit_phone\"  data-padding-pos=\"all\" data-has-bg-color=\"false\" data-bg-color=\"\" data-bg-opacity=\"1\" data-animation=\"\" data-delay=\"0\" >\n\t\t<div class=\"vc_column-inner\" >\n\t\t\t<div class=\"wpb_wrapper\">\n\t\t\t\t<div class=\"img-with-aniamtion-wrap\" data-max-width=\"100%\" data-max-width-mobile=\"default\" data-shadow=\"none\" data-animation=\"none\" >\n      <div class=\"inner\">\n        <div class=\"hover-wrap\"> \n          <div class=\"hover-wrap-inner\">\n            <img loading=\"lazy\" decoding=\"async\" class=\"img-with-animation skip-lazy\" data-delay=\"0\" height=\"525\" width=\"788\" data-animation=\"none\" src=\"https:\/\/printsmilepro.ma\/wp-content\/uploads\/2025\/05\/InPulsion-stand-Logs-2022_3.png\" alt=\"\" srcset=\"https:\/\/printsmilepro.ma\/wp-content\/uploads\/2025\/05\/InPulsion-stand-Logs-2022_3.png 788w, https:\/\/printsmilepro.ma\/wp-content\/uploads\/2025\/05\/InPulsion-stand-Logs-2022_3-300x200.png 300w, https:\/\/printsmilepro.ma\/wp-content\/uploads\/2025\/05\/InPulsion-stand-Logs-2022_3-768x512.png 768w\" sizes=\"auto, (max-width: 788px) 100vw, 788px\" \/>\n          <\/div>\n        <\/div>\n      <\/div>\n    <\/div>\n\t\t\t<\/div> \n\t\t<\/div>\n\t<\/div> \n<\/div><\/div>\n\t\t<div id=\"fws_69fdd6f0e1257\"  data-column-margin=\"40px\" data-midnight=\"dark\"  class=\"wpb_row vc_row-fluid vc_row full-width-section vc_row-o-equal-height vc_row-flex vc_row-o-content-middle  top_margin_40px bottom_margin_40px\"  style=\"padding-top: 40px; padding-bottom: 40px; \"><div class=\"row-bg-wrap\" data-bg-animation=\"none\" data-bg-animation-delay=\"\" data-bg-overlay=\"false\"><div class=\"inner-wrap row-bg-layer\" ><div class=\"row-bg viewport-desktop using-bg-color\"  style=\"background-color: #d3d3d3; \"><\/div><\/div><\/div><div class=\"row_col_wrap_12 col span_12 dark left\">\n\t<div  class=\"vc_col-sm-6 wpb_column column_container vc_column_container col no-extra-padding inherit_tablet inherit_phone\"  data-padding-pos=\"all\" data-has-bg-color=\"false\" data-bg-color=\"\" data-bg-opacity=\"1\" data-animation=\"\" data-delay=\"0\" >\n\t\t<div class=\"vc_column-inner\" >\n\t\t\t<div class=\"wpb_wrapper\">\n\t\t\t\t<div class=\"img-with-aniamtion-wrap\" data-max-width=\"100%\" data-max-width-mobile=\"default\" data-shadow=\"none\" data-animation=\"none\" >\n      <div class=\"inner\">\n        <div class=\"hover-wrap\"> \n          <div class=\"hover-wrap-inner\">\n            <img loading=\"lazy\" decoding=\"async\" class=\"img-with-animation skip-lazy\" data-delay=\"0\" height=\"900\" width=\"1600\" data-animation=\"none\" src=\"https:\/\/printsmilepro.ma\/wp-content\/uploads\/2025\/05\/standiste-ile-de-france-Stand-Design-SIB-PHW-Fluo.jpg\" alt=\"\" srcset=\"https:\/\/printsmilepro.ma\/wp-content\/uploads\/2025\/05\/standiste-ile-de-france-Stand-Design-SIB-PHW-Fluo.jpg 1600w, https:\/\/printsmilepro.ma\/wp-content\/uploads\/2025\/05\/standiste-ile-de-france-Stand-Design-SIB-PHW-Fluo-300x169.jpg 300w, https:\/\/printsmilepro.ma\/wp-content\/uploads\/2025\/05\/standiste-ile-de-france-Stand-Design-SIB-PHW-Fluo-1024x576.jpg 1024w, https:\/\/printsmilepro.ma\/wp-content\/uploads\/2025\/05\/standiste-ile-de-france-Stand-Design-SIB-PHW-Fluo-768x432.jpg 768w, https:\/\/printsmilepro.ma\/wp-content\/uploads\/2025\/05\/standiste-ile-de-france-Stand-Design-SIB-PHW-Fluo-1536x864.jpg 1536w\" sizes=\"auto, (max-width: 1600px) 100vw, 1600px\" \/>\n          <\/div>\n        <\/div>\n      <\/div>\n    <\/div>\n\t\t\t<\/div> \n\t\t<\/div>\n\t<\/div> \n\n\t<div  class=\"vc_col-sm-6 wpb_column column_container vc_column_container col no-extra-padding inherit_tablet inherit_phone\"  data-padding-pos=\"all\" data-has-bg-color=\"false\" data-bg-color=\"\" data-bg-opacity=\"1\" data-animation=\"\" data-delay=\"0\" >\n\t\t<div class=\"vc_column-inner\" >\n\t\t\t<div class=\"wpb_wrapper\">\n\t\t\t\t\n<div class=\"wpb_text_column wpb_content_element\" >\n\t<div class=\"wpb_wrapper\">\n\t\t<h2 class=\"AnswerParser_AnswerParserH4__ghxg8\"><strong>Stand<\/strong><\/h2>\n<h6>Produttore di stand per fiere Casablanca Marocco<\/h6>\n\t<\/div>\n<\/div>\n\n\n\n\n<div class=\"wpb_text_column wpb_content_element\" >\n\t<div class=\"wpb_wrapper\">\n\t\t<p>Offriamo diversi tipi di stand, tra cui\u00a0<strong>portaombrelli<\/strong>e\u00a0<strong>roll-up<\/strong>e\u00a0<strong>banchi reception<\/strong>. Ogni tipo di stand pu\u00f2 essere completamente personalizzato in base alle vostre preferenze, con opzioni di design che incorporano i vostri colori, loghi e messaggi. Questa personalizzazione crea un forte impatto visivo e migliora la riconoscibilit\u00e0 del marchio ai vostri eventi.<\/p>\n\t<\/div>\n<\/div>\n\n\n\n\n\t\t\t<\/div> \n\t\t<\/div>\n\t<\/div> \n<\/div><\/div>\n\t\t<div id=\"fws_69fdd6f0e1731\"  data-column-margin=\"40px\" data-midnight=\"dark\"  class=\"wpb_row vc_row-fluid vc_row vc_row-o-equal-height vc_row-flex vc_row-o-content-middle  top_margin_40px bottom_margin_40px\"  style=\"padding-top: 0px; padding-bottom: 0px; \"><div class=\"row-bg-wrap\" data-bg-animation=\"none\" data-bg-animation-delay=\"\" data-bg-overlay=\"false\"><div class=\"inner-wrap row-bg-layer\" ><div class=\"row-bg viewport-desktop\"  style=\"\"><\/div><\/div><\/div><div class=\"row_col_wrap_12 col span_12 dark left\">\n\t<div  class=\"vc_col-sm-6 wpb_column column_container vc_column_container col no-extra-padding inherit_tablet inherit_phone\"  data-padding-pos=\"all\" data-has-bg-color=\"false\" data-bg-color=\"\" data-bg-opacity=\"1\" data-animation=\"\" data-delay=\"0\" >\n\t\t<div class=\"vc_column-inner\" >\n\t\t\t<div class=\"wpb_wrapper\">\n\t\t\t\t\n<div class=\"wpb_text_column wpb_content_element\" >\n\t<div class=\"wpb_wrapper\">\n\t\t<h2 class=\"AnswerParser_AnswerParserH4__ghxg8\"><strong>Stand<\/strong><\/h2>\n<h6 data-start=\"907\" data-end=\"952\">Stand chiavi in mano per eventi in Marocco<\/h6>\n\t<\/div>\n<\/div>\n\n\n\n\n<div class=\"wpb_text_column wpb_content_element\" >\n\t<div class=\"wpb_wrapper\">\n\t\t<p data-start=\"147\" data-end=\"204\">La qualit\u00e0 \u00e8 al centro della nostra missione presso Print Smile Pro. Utilizziamo materiali resistenti e tecniche di stampa avanzate per garantire che i vostri stand non solo abbiano un bell'aspetto, ma durino nel tempo. Inoltre, il nostro team si impegna a supportarvi in ogni fase del processo, dall'ideazione al completamento, per garantire che la vostra esperienza sia fluida e soddisfacente. Ci impegniamo a rispondere rapidamente alle vostre richieste, offrendo al contempo prezzi competitivi.<\/p>\n\t<\/div>\n<\/div>\n\n\n\n\n\t\t\t<\/div> \n\t\t<\/div>\n\t<\/div> \n\n\t<div  class=\"vc_col-sm-6 wpb_column column_container vc_column_container col no-extra-padding inherit_tablet inherit_phone\"  data-padding-pos=\"all\" data-has-bg-color=\"false\" data-bg-color=\"\" data-bg-opacity=\"1\" data-animation=\"\" data-delay=\"0\" >\n\t\t<div class=\"vc_column-inner\" >\n\t\t\t<div class=\"wpb_wrapper\">\n\t\t\t\t<div class=\"img-with-aniamtion-wrap\" data-max-width=\"100%\" data-max-width-mobile=\"default\" data-shadow=\"none\" data-animation=\"none\" >\n      <div class=\"inner\">\n        <div class=\"hover-wrap\"> \n          <div class=\"hover-wrap-inner\">\n            <img loading=\"lazy\" decoding=\"async\" class=\"img-with-animation skip-lazy\" data-delay=\"0\" height=\"630\" width=\"1030\" data-animation=\"none\" src=\"https:\/\/printsmilepro.ma\/wp-content\/uploads\/2025\/05\/InPulsion-stand-SILMO_2-1030x630-1.jpg\" alt=\"\" srcset=\"https:\/\/printsmilepro.ma\/wp-content\/uploads\/2025\/05\/InPulsion-stand-SILMO_2-1030x630-1.jpg 1030w, https:\/\/printsmilepro.ma\/wp-content\/uploads\/2025\/05\/InPulsion-stand-SILMO_2-1030x630-1-300x183.jpg 300w, https:\/\/printsmilepro.ma\/wp-content\/uploads\/2025\/05\/InPulsion-stand-SILMO_2-1030x630-1-1024x626.jpg 1024w, https:\/\/printsmilepro.ma\/wp-content\/uploads\/2025\/05\/InPulsion-stand-SILMO_2-1030x630-1-768x470.jpg 768w\" sizes=\"auto, (max-width: 1030px) 100vw, 1030px\" \/>\n          <\/div>\n        <\/div>\n      <\/div>\n    <\/div>\n\t\t\t<\/div> \n\t\t<\/div>\n\t<\/div> \n<\/div><\/div>","protected":false},"excerpt":{"rendered":"Stands Conception de stands personnalis\u00e9s au Maroc Chez\u00a0Print Smile Pro, nous proposons une gamme vari\u00e9e de\u00a0stands\u00a0adapt\u00e9s \u00e0 tous vos besoins \u00e9v\u00e9nementiels. Que ce soit pour des salons, des foires ou...","protected":false},"author":1,"featured_media":0,"parent":0,"menu_order":0,"comment_status":"closed","ping_status":"closed","template":"","meta":{"_monsterinsights_skip_tracking":false,"_monsterinsights_sitenote_active":false,"_monsterinsights_sitenote_note":"","_monsterinsights_sitenote_category":0,"_joinchat":[],"footnotes":""},"class_list":["post-360","page","type-page","status-publish"],"yoast_head":"<!-- This site is optimized with the Yoast SEO plugin v26.2 - https:\/\/yoast.com\/wordpress\/plugins\/seo\/ -->\n<title>Conception &amp; Fabrication Stands au Maroc Casablanca<\/title>\n<meta name=\"description\" content=\"Conception et fabrication de stands \u00e0 Casablanca : salons, expositions, \u00e9v\u00e9nements. Qualit\u00e9, design sur mesure et installation au Maroc.\" \/>\n<meta name=\"robots\" content=\"index, follow, max-snippet:-1, max-image-preview:large, max-video-preview:-1\" \/>\n<link rel=\"canonical\" href=\"https:\/\/printsmilepro.ma\/it\/stand\/\" \/>\n<meta property=\"og:locale\" content=\"it_IT\" \/>\n<meta property=\"og:type\" content=\"article\" \/>\n<meta property=\"og:title\" content=\"Conception &amp; Fabrication Stands au Maroc Casablanca\" \/>\n<meta property=\"og:description\" content=\"Conception et fabrication de stands \u00e0 Casablanca : salons, expositions, \u00e9v\u00e9nements. Qualit\u00e9, design sur mesure et installation au Maroc.\" \/>\n<meta property=\"og:url\" content=\"https:\/\/printsmilepro.ma\/it\/stand\/\" \/>\n<meta property=\"og:site_name\" content=\"Print Smile Pro\" \/>\n<meta property=\"article:modified_time\" content=\"2025-07-28T20:46:57+00:00\" \/>\n<meta name=\"twitter:card\" content=\"summary_large_image\" \/>\n<meta name=\"twitter:label1\" content=\"Tempo di lettura stimato\" \/>\n\t<meta name=\"twitter:data1\" content=\"2 minuti\" \/>\n<script type=\"application\/ld+json\" class=\"yoast-schema-graph\">{\"@context\":\"https:\/\/schema.org\",\"@graph\":[{\"@type\":\"WebPage\",\"@id\":\"https:\/\/printsmilepro.ma\/stands\/\",\"url\":\"https:\/\/printsmilepro.ma\/stands\/\",\"name\":\"Conception & Fabrication Stands au Maroc Casablanca\",\"isPartOf\":{\"@id\":\"https:\/\/printsmilepro.ma\/#website\"},\"datePublished\":\"2025-05-26T20:43:25+00:00\",\"dateModified\":\"2025-07-28T20:46:57+00:00\",\"description\":\"Conception et fabrication de stands \u00e0 Casablanca : salons, expositions, \u00e9v\u00e9nements. Qualit\u00e9, design sur mesure et installation au Maroc.\",\"breadcrumb\":{\"@id\":\"https:\/\/printsmilepro.ma\/stands\/#breadcrumb\"},\"inLanguage\":\"it-IT\",\"potentialAction\":[{\"@type\":\"ReadAction\",\"target\":[\"https:\/\/printsmilepro.ma\/stands\/\"]}]},{\"@type\":\"BreadcrumbList\",\"@id\":\"https:\/\/printsmilepro.ma\/stands\/#breadcrumb\",\"itemListElement\":[{\"@type\":\"ListItem\",\"position\":1,\"name\":\"Accueil\",\"item\":\"https:\/\/printsmilepro.ma\/\"},{\"@type\":\"ListItem\",\"position\":2,\"name\":\"Stands\"}]},{\"@type\":\"WebSite\",\"@id\":\"https:\/\/printsmilepro.ma\/#website\",\"url\":\"https:\/\/printsmilepro.ma\/\",\"name\":\"Print Smile Pro\",\"description\":\"Votre partenaire id\u00e9al pour la r\u00e9alisation de tous vos travaux d&#039;impression offset et num\u00e9rique\",\"publisher\":{\"@id\":\"https:\/\/printsmilepro.ma\/#organization\"},\"potentialAction\":[{\"@type\":\"SearchAction\",\"target\":{\"@type\":\"EntryPoint\",\"urlTemplate\":\"https:\/\/printsmilepro.ma\/?s={search_term_string}\"},\"query-input\":{\"@type\":\"PropertyValueSpecification\",\"valueRequired\":true,\"valueName\":\"search_term_string\"}}],\"inLanguage\":\"it-IT\"},{\"@type\":\"Organization\",\"@id\":\"https:\/\/printsmilepro.ma\/#organization\",\"name\":\"Print Smile Pro\",\"url\":\"https:\/\/printsmilepro.ma\/\",\"logo\":{\"@type\":\"ImageObject\",\"inLanguage\":\"it-IT\",\"@id\":\"https:\/\/printsmilepro.ma\/#\/schema\/logo\/image\/\",\"url\":\"https:\/\/printsmilepro.ma\/wp-content\/uploads\/2025\/05\/logo-2.png\",\"contentUrl\":\"https:\/\/printsmilepro.ma\/wp-content\/uploads\/2025\/05\/logo-2.png\",\"width\":194,\"height\":80,\"caption\":\"Print Smile Pro\"},\"image\":{\"@id\":\"https:\/\/printsmilepro.ma\/#\/schema\/logo\/image\/\"}}]}<\/script>\n<!-- \/ Yoast SEO plugin. -->","yoast_head_json":{"title":"Progettazione e produzione di stand in Marocco Casablanca","description":"Progettazione e realizzazione di stand a Casablanca per fiere, mostre ed eventi. Qualit\u00e0, progettazione e installazione personalizzata in Marocco.","robots":{"index":"index","follow":"follow","max-snippet":"max-snippet:-1","max-image-preview":"max-image-preview:large","max-video-preview":"max-video-preview:-1"},"canonical":"https:\/\/printsmilepro.ma\/it\/stand\/","og_locale":"it_IT","og_type":"article","og_title":"Conception & Fabrication Stands au Maroc Casablanca","og_description":"Conception et fabrication de stands \u00e0 Casablanca : salons, expositions, \u00e9v\u00e9nements. Qualit\u00e9, design sur mesure et installation au Maroc.","og_url":"https:\/\/printsmilepro.ma\/it\/stand\/","og_site_name":"Print Smile Pro","article_modified_time":"2025-07-28T20:46:57+00:00","twitter_card":"summary_large_image","twitter_misc":{"Tempo di lettura stimato":"2 minuti"},"schema":{"@context":"https:\/\/schema.org","@graph":[{"@type":"WebPage","@id":"https:\/\/printsmilepro.ma\/stands\/","url":"https:\/\/printsmilepro.ma\/stands\/","name":"Progettazione e produzione di stand in Marocco Casablanca","isPartOf":{"@id":"https:\/\/printsmilepro.ma\/#website"},"datePublished":"2025-05-26T20:43:25+00:00","dateModified":"2025-07-28T20:46:57+00:00","description":"Progettazione e realizzazione di stand a Casablanca per fiere, mostre ed eventi. Qualit\u00e0, progettazione e installazione personalizzata in Marocco.","breadcrumb":{"@id":"https:\/\/printsmilepro.ma\/stands\/#breadcrumb"},"inLanguage":"it-IT","potentialAction":[{"@type":"ReadAction","target":["https:\/\/printsmilepro.ma\/stands\/"]}]},{"@type":"BreadcrumbList","@id":"https:\/\/printsmilepro.ma\/stands\/#breadcrumb","itemListElement":[{"@type":"ListItem","position":1,"name":"Accueil","item":"https:\/\/printsmilepro.ma\/"},{"@type":"ListItem","position":2,"name":"Stands"}]},{"@type":"WebSite","@id":"https:\/\/printsmilepro.ma\/#website","url":"https:\/\/printsmilepro.ma\/","name":"Stampa Smile Pro","description":"Il vostro partner ideale per tutte le esigenze di stampa offset e digitale","publisher":{"@id":"https:\/\/printsmilepro.ma\/#organization"},"potentialAction":[{"@type":"SearchAction","target":{"@type":"EntryPoint","urlTemplate":"https:\/\/printsmilepro.ma\/?s={search_term_string}"},"query-input":{"@type":"PropertyValueSpecification","valueRequired":true,"valueName":"search_term_string"}}],"inLanguage":"it-IT"},{"@type":"Organization","@id":"https:\/\/printsmilepro.ma\/#organization","name":"Stampa Smile Pro","url":"https:\/\/printsmilepro.ma\/","logo":{"@type":"ImageObject","inLanguage":"it-IT","@id":"https:\/\/printsmilepro.ma\/#\/schema\/logo\/image\/","url":"https:\/\/printsmilepro.ma\/wp-content\/uploads\/2025\/05\/logo-2.png","contentUrl":"https:\/\/printsmilepro.ma\/wp-content\/uploads\/2025\/05\/logo-2.png","width":194,"height":80,"caption":"Print Smile Pro"},"image":{"@id":"https:\/\/printsmilepro.ma\/#\/schema\/logo\/image\/"}}]}},"_links":{"self":[{"href":"https:\/\/printsmilepro.ma\/it\/wp-json\/wp\/v2\/pages\/360","targetHints":{"allow":["GET"]}}],"collection":[{"href":"https:\/\/printsmilepro.ma\/it\/wp-json\/wp\/v2\/pages"}],"about":[{"href":"https:\/\/printsmilepro.ma\/it\/wp-json\/wp\/v2\/types\/page"}],"author":[{"embeddable":true,"href":"https:\/\/printsmilepro.ma\/it\/wp-json\/wp\/v2\/users\/1"}],"replies":[{"embeddable":true,"href":"https:\/\/printsmilepro.ma\/it\/wp-json\/wp\/v2\/comments?post=360"}],"version-history":[{"count":6,"href":"https:\/\/printsmilepro.ma\/it\/wp-json\/wp\/v2\/pages\/360\/revisions"}],"predecessor-version":[{"id":1040,"href":"https:\/\/printsmilepro.ma\/it\/wp-json\/wp\/v2\/pages\/360\/revisions\/1040"}],"wp:attachment":[{"href":"https:\/\/printsmilepro.ma\/it\/wp-json\/wp\/v2\/media?parent=360"}],"curies":[{"name":"wp","href":"https:\/\/api.w.org\/{rel}","templated":true}]}}