{"id":152,"date":"2025-05-19T16:36:11","date_gmt":"2025-05-19T16:36:11","guid":{"rendered":"https:\/\/printsmilepro.ma\/?page_id=152"},"modified":"2025-07-28T11:25:01","modified_gmt":"2025-07-28T11:25:01","slug":"e-mail","status":"publish","type":"page","link":"https:\/\/printsmilepro.ma\/it\/e-mail\/","title":{"rendered":"E-mailing"},"content":{"rendered":"<div id=\"fws_69e1a56aeea20\"  data-column-margin=\"40px\" data-midnight=\"dark\"  class=\"wpb_row vc_row-fluid vc_row vc_row-o-equal-height vc_row-flex vc_row-o-content-middle  top_margin_40px bottom_margin_40px\"  style=\"padding-top: 0px; padding-bottom: 0px; \"><div class=\"row-bg-wrap\" data-bg-animation=\"none\" data-bg-animation-delay=\"\" data-bg-overlay=\"false\"><div class=\"inner-wrap row-bg-layer\" ><div class=\"row-bg viewport-desktop\"  style=\"\"><\/div><\/div><\/div><div class=\"row_col_wrap_12 col span_12 dark left\">\n\t<div  class=\"vc_col-sm-6 wpb_column column_container vc_column_container col no-extra-padding inherit_tablet inherit_phone\"  data-padding-pos=\"all\" data-has-bg-color=\"false\" data-bg-color=\"\" data-bg-opacity=\"1\" data-animation=\"\" data-delay=\"0\" >\n\t\t<div class=\"vc_column-inner\" >\n\t\t\t<div class=\"wpb_wrapper\">\n\t\t\t\t\n<div class=\"wpb_text_column wpb_content_element\" >\n\t<div class=\"wpb_wrapper\">\n\t\t<h2 class=\"AnswerParser_AnswerParserH3__Mpe4s\"><strong>Stampa via e-mail<\/strong><\/h2>\n<h6>Creazione di e-mail professionali a Casablanca, Marocco<\/h6>\n\t<\/div>\n<\/div>\n\n\n\n\n<div class=\"wpb_text_column wpb_content_element\" >\n\t<div class=\"wpb_wrapper\">\n\t\t<p>Sebbene il termine \"e-mailing\" si riferisca principalmente alle campagne di marketing digitale, \u00e8 anche possibile stampare versioni fisiche delle vostre e-mail per l'invio diretto o per le presentazioni. A Casablanca, Print Smile Pro offre servizi di stampa di e-mail che vi permettono di trasformare le vostre campagne digitali in supporti stampati, dando alla vostra comunicazione una dimensione in pi\u00f9.<\/p>\n\t<\/div>\n<\/div>\n\n\n\n\n\t\t\t<\/div> \n\t\t<\/div>\n\t<\/div> \n\n\t<div  class=\"vc_col-sm-6 wpb_column column_container vc_column_container col no-extra-padding inherit_tablet inherit_phone\"  data-padding-pos=\"all\" data-has-bg-color=\"false\" data-bg-color=\"\" data-bg-opacity=\"1\" data-animation=\"\" data-delay=\"0\" >\n\t\t<div class=\"vc_column-inner\" >\n\t\t\t<div class=\"wpb_wrapper\">\n\t\t\t\t<div class=\"img-with-aniamtion-wrap\" data-max-width=\"100%\" data-max-width-mobile=\"default\" data-shadow=\"none\" data-animation=\"none\" >\n      <div class=\"inner\">\n        <div class=\"hover-wrap\"> \n          <div class=\"hover-wrap-inner\">\n            <img loading=\"lazy\" decoding=\"async\" class=\"img-with-animation skip-lazy\" data-delay=\"0\" height=\"100\" width=\"100\" data-animation=\"none\" src=\"https:\/\/printsmilepro.ma\/wp-content\/uploads\/2025\/05\/a798cdcf-cf5e-4307-ab85-c07aef3fdbd2.avif\" alt=\"\"  \/>\n          <\/div>\n        <\/div>\n      <\/div>\n    <\/div>\n\t\t\t<\/div> \n\t\t<\/div>\n\t<\/div> \n<\/div><\/div>\n\t\t<div id=\"fws_69e1a56aeefc6\"  data-column-margin=\"40px\" data-midnight=\"dark\"  class=\"wpb_row vc_row-fluid vc_row full-width-section vc_row-o-equal-height vc_row-flex vc_row-o-content-middle  top_margin_40px bottom_margin_40px\"  style=\"padding-top: 40px; padding-bottom: 40px; \"><div class=\"row-bg-wrap\" data-bg-animation=\"none\" data-bg-animation-delay=\"\" data-bg-overlay=\"false\"><div class=\"inner-wrap row-bg-layer\" ><div class=\"row-bg viewport-desktop using-bg-color\"  style=\"background-color: #d3d3d3; \"><\/div><\/div><\/div><div class=\"row_col_wrap_12 col span_12 dark left\">\n\t<div  class=\"vc_col-sm-6 wpb_column column_container vc_column_container col no-extra-padding inherit_tablet inherit_phone\"  data-padding-pos=\"all\" data-has-bg-color=\"false\" data-bg-color=\"\" data-bg-opacity=\"1\" data-animation=\"\" data-delay=\"0\" >\n\t\t<div class=\"vc_column-inner\" >\n\t\t\t<div class=\"wpb_wrapper\">\n\t\t\t\t<div class=\"img-with-aniamtion-wrap\" data-max-width=\"100%\" data-max-width-mobile=\"default\" data-shadow=\"none\" data-animation=\"none\" >\n      <div class=\"inner\">\n        <div class=\"hover-wrap\"> \n          <div class=\"hover-wrap-inner\">\n            <img loading=\"lazy\" decoding=\"async\" class=\"img-with-animation skip-lazy\" data-delay=\"0\" height=\"100\" width=\"100\" data-animation=\"none\" src=\"https:\/\/printsmilepro.ma\/wp-content\/uploads\/2025\/05\/7db80c2a-0c54-4e4c-b8cc-628f1ddca763.avif\" alt=\"\"  \/>\n          <\/div>\n        <\/div>\n      <\/div>\n    <\/div>\n\t\t\t<\/div> \n\t\t<\/div>\n\t<\/div> \n\n\t<div  class=\"vc_col-sm-6 wpb_column column_container vc_column_container col no-extra-padding inherit_tablet inherit_phone\"  data-padding-pos=\"all\" data-has-bg-color=\"false\" data-bg-color=\"\" data-bg-opacity=\"1\" data-animation=\"\" data-delay=\"0\" >\n\t\t<div class=\"vc_column-inner\" >\n\t\t\t<div class=\"wpb_wrapper\">\n\t\t\t\t\n<div class=\"wpb_text_column wpb_content_element\" >\n\t<div class=\"wpb_wrapper\">\n\t\t<h2 class=\"AnswerParser_AnswerParserH3__Mpe4s\"><strong>Stampa via e-mail<\/strong><\/h2>\n<h6>Servizi di e-mail marketing a Casablanca, Marocco<\/h6>\n\t<\/div>\n<\/div>\n\n\n\n\n<div class=\"wpb_text_column wpb_content_element\" >\n\t<div class=\"wpb_wrapper\">\n\t\t<p><span class=\"AnswerParser_TextContainer__z_Iiv\" data-testid=\"youchat-text\">Le e-mail stampate possono essere utilizzate in diversi modi, tra cui :<\/span><\/p>\n<ul class=\"AnswerParser_AnswerParserUnorderedList__P_1FW\">\n<li class=\"AnswerParser_ListItem__XqLOV\" translate=\"yes\"><strong>Articoli postali<\/strong>\u00a0Inviate newsletter, promozioni o inviti ai vostri clienti.<\/li>\n<li class=\"AnswerParser_ListItem__XqLOV\" translate=\"yes\"><strong>Materiale di presentazione<\/strong>\u00a0Utilizzateli in occasione di fiere ed eventi per rafforzare la vostra presenza.<\/li>\n<li class=\"AnswerParser_ListItem__XqLOV\" translate=\"no\"><strong>Assistenza alle vendite<\/strong>\u00a0Offrite versioni stampate delle vostre e-mail ai vostri team di vendita per facilitare le discussioni con i clienti.<\/li>\n<\/ul>\n\t<\/div>\n<\/div>\n\n\n\n\n\t\t\t<\/div> \n\t\t<\/div>\n\t<\/div> \n<\/div><\/div>\n\t\t<div id=\"fws_69e1a56aef332\"  data-column-margin=\"40px\" data-midnight=\"dark\"  class=\"wpb_row vc_row-fluid vc_row vc_row-o-equal-height vc_row-flex vc_row-o-content-middle  top_margin_40px bottom_margin_40px\"  style=\"padding-top: 0px; padding-bottom: 0px; \"><div class=\"row-bg-wrap\" data-bg-animation=\"none\" data-bg-animation-delay=\"\" data-bg-overlay=\"false\"><div class=\"inner-wrap row-bg-layer\" ><div class=\"row-bg viewport-desktop\"  style=\"\"><\/div><\/div><\/div><div class=\"row_col_wrap_12 col span_12 dark left\">\n\t<div  class=\"vc_col-sm-6 wpb_column column_container vc_column_container col no-extra-padding inherit_tablet inherit_phone\"  data-padding-pos=\"all\" data-has-bg-color=\"false\" data-bg-color=\"\" data-bg-opacity=\"1\" data-animation=\"\" data-delay=\"0\" >\n\t\t<div class=\"vc_column-inner\" >\n\t\t\t<div class=\"wpb_wrapper\">\n\t\t\t\t\n<div class=\"wpb_text_column wpb_content_element\" >\n\t<div class=\"wpb_wrapper\">\n\t\t<h2 class=\"AnswerParser_AnswerParserH3__Mpe4s\"><strong>Stampa via e-mail<\/strong><\/h2>\n<h6 data-start=\"537\" data-end=\"592\">Newsletter e messaggi di posta elettronica a Casablanca<\/h6>\n\t<\/div>\n<\/div>\n\n\n\n\n<div class=\"wpb_text_column wpb_content_element\" >\n\t<div class=\"wpb_wrapper\">\n\t\t<p data-start=\"147\" data-end=\"204\">Print Smile Pro si impegna a fornire un servizio clienti di qualit\u00e0 e una consegna rapida in tutta l'area di Casablanca e oltre. Il nostro team \u00e8 a disposizione per consigliarvi le migliori opzioni di stampa e per aiutarvi a creare e-mail stampate che si adattino perfettamente alle vostre esigenze. Affidatevi a Print Smile Pro per ottenere e-mail stampate di alta qualit\u00e0 che miglioreranno la vostra comunicazione e il vostro impatto di marketing!<\/p>\n\t<\/div>\n<\/div>\n\n\n\n\n\t\t\t<\/div> \n\t\t<\/div>\n\t<\/div> \n\n\t<div  class=\"vc_col-sm-6 wpb_column column_container vc_column_container col no-extra-padding inherit_tablet inherit_phone\"  data-padding-pos=\"all\" data-has-bg-color=\"false\" data-bg-color=\"\" data-bg-opacity=\"1\" data-animation=\"\" data-delay=\"0\" >\n\t\t<div class=\"vc_column-inner\" >\n\t\t\t<div class=\"wpb_wrapper\">\n\t\t\t\t<div class=\"img-with-aniamtion-wrap\" data-max-width=\"100%\" data-max-width-mobile=\"default\" data-shadow=\"none\" data-animation=\"none\" >\n      <div class=\"inner\">\n        <div class=\"hover-wrap\"> \n          <div class=\"hover-wrap-inner\">\n            <img loading=\"lazy\" decoding=\"async\" class=\"img-with-animation skip-lazy\" data-delay=\"0\" height=\"100\" width=\"100\" data-animation=\"none\" src=\"https:\/\/printsmilepro.ma\/wp-content\/uploads\/2025\/05\/78c787e7-38e1-4222-9ddb-37143660597f.avif\" alt=\"\"  \/>\n          <\/div>\n        <\/div>\n      <\/div>\n    <\/div>\n\t\t\t<\/div> \n\t\t<\/div>\n\t<\/div> \n<\/div><\/div>","protected":false},"excerpt":{"rendered":"Impression d'E-mailings Cr\u00e9ation d\u2019e-mailings professionnels \u00e0 Casablanca, Maroc Bien que le terme \"e-mailings\" r\u00e9f\u00e8re principalement \u00e0 des campagnes de marketing digital, il est \u00e9galement possible d'imprimer des versions physiques de...","protected":false},"author":1,"featured_media":0,"parent":0,"menu_order":0,"comment_status":"closed","ping_status":"closed","template":"","meta":{"_monsterinsights_skip_tracking":false,"_monsterinsights_sitenote_active":false,"_monsterinsights_sitenote_note":"","_monsterinsights_sitenote_category":0,"_joinchat":[],"footnotes":""},"class_list":["post-152","page","type-page","status-publish"],"yoast_head":"<!-- This site is optimized with the Yoast SEO plugin v26.2 - https:\/\/yoast.com\/wordpress\/plugins\/seo\/ -->\n<title>Impression d\u2019E-mailings \u00e0 Casablanca, Maroc<\/title>\n<meta name=\"description\" content=\"L&#039;impression d&#039;e-mailings est une strat\u00e9gie essentielle pour les entreprises souhaitant atteindre efficacement leurs clients et prospects. \u00c0 Casablanca Maroc\" \/>\n<meta name=\"robots\" content=\"index, follow, max-snippet:-1, max-image-preview:large, max-video-preview:-1\" \/>\n<link rel=\"canonical\" href=\"https:\/\/printsmilepro.ma\/it\/e-mail\/\" \/>\n<meta property=\"og:locale\" content=\"it_IT\" \/>\n<meta property=\"og:type\" content=\"article\" \/>\n<meta property=\"og:title\" content=\"Impression d\u2019E-mailings \u00e0 Casablanca, Maroc\" \/>\n<meta property=\"og:description\" content=\"L&#039;impression d&#039;e-mailings est une strat\u00e9gie essentielle pour les entreprises souhaitant atteindre efficacement leurs clients et prospects. \u00c0 Casablanca Maroc\" \/>\n<meta property=\"og:url\" content=\"https:\/\/printsmilepro.ma\/it\/e-mail\/\" \/>\n<meta property=\"og:site_name\" content=\"Print Smile Pro\" \/>\n<meta property=\"article:modified_time\" content=\"2025-07-28T11:25:01+00:00\" \/>\n<meta name=\"twitter:card\" content=\"summary_large_image\" \/>\n<meta name=\"twitter:label1\" content=\"Tempo di lettura stimato\" \/>\n\t<meta name=\"twitter:data1\" content=\"2 minuti\" \/>\n<script type=\"application\/ld+json\" class=\"yoast-schema-graph\">{\"@context\":\"https:\/\/schema.org\",\"@graph\":[{\"@type\":\"WebPage\",\"@id\":\"https:\/\/printsmilepro.ma\/e-mailings\/\",\"url\":\"https:\/\/printsmilepro.ma\/e-mailings\/\",\"name\":\"Impression d\u2019E-mailings \u00e0 Casablanca, Maroc\",\"isPartOf\":{\"@id\":\"https:\/\/printsmilepro.ma\/#website\"},\"datePublished\":\"2025-05-19T16:36:11+00:00\",\"dateModified\":\"2025-07-28T11:25:01+00:00\",\"description\":\"L'impression d'e-mailings est une strat\u00e9gie essentielle pour les entreprises souhaitant atteindre efficacement leurs clients et prospects. \u00c0 Casablanca Maroc\",\"breadcrumb\":{\"@id\":\"https:\/\/printsmilepro.ma\/e-mailings\/#breadcrumb\"},\"inLanguage\":\"it-IT\",\"potentialAction\":[{\"@type\":\"ReadAction\",\"target\":[\"https:\/\/printsmilepro.ma\/e-mailings\/\"]}]},{\"@type\":\"BreadcrumbList\",\"@id\":\"https:\/\/printsmilepro.ma\/e-mailings\/#breadcrumb\",\"itemListElement\":[{\"@type\":\"ListItem\",\"position\":1,\"name\":\"Accueil\",\"item\":\"https:\/\/printsmilepro.ma\/\"},{\"@type\":\"ListItem\",\"position\":2,\"name\":\"E-mailings\"}]},{\"@type\":\"WebSite\",\"@id\":\"https:\/\/printsmilepro.ma\/#website\",\"url\":\"https:\/\/printsmilepro.ma\/\",\"name\":\"Print Smile Pro\",\"description\":\"Votre partenaire id\u00e9al pour la r\u00e9alisation de tous vos travaux d&#039;impression offset et num\u00e9rique\",\"publisher\":{\"@id\":\"https:\/\/printsmilepro.ma\/#organization\"},\"potentialAction\":[{\"@type\":\"SearchAction\",\"target\":{\"@type\":\"EntryPoint\",\"urlTemplate\":\"https:\/\/printsmilepro.ma\/?s={search_term_string}\"},\"query-input\":{\"@type\":\"PropertyValueSpecification\",\"valueRequired\":true,\"valueName\":\"search_term_string\"}}],\"inLanguage\":\"it-IT\"},{\"@type\":\"Organization\",\"@id\":\"https:\/\/printsmilepro.ma\/#organization\",\"name\":\"Print Smile Pro\",\"url\":\"https:\/\/printsmilepro.ma\/\",\"logo\":{\"@type\":\"ImageObject\",\"inLanguage\":\"it-IT\",\"@id\":\"https:\/\/printsmilepro.ma\/#\/schema\/logo\/image\/\",\"url\":\"https:\/\/printsmilepro.ma\/wp-content\/uploads\/2025\/05\/logo-2.png\",\"contentUrl\":\"https:\/\/printsmilepro.ma\/wp-content\/uploads\/2025\/05\/logo-2.png\",\"width\":194,\"height\":80,\"caption\":\"Print Smile Pro\"},\"image\":{\"@id\":\"https:\/\/printsmilepro.ma\/#\/schema\/logo\/image\/\"}}]}<\/script>\n<!-- \/ Yoast SEO plugin. -->","yoast_head_json":{"title":"Stampa di e-mail a Casablanca, Marocco","description":"La stampa di e-mail \u00e8 una strategia essenziale per le aziende che desiderano raggiungere efficacemente i propri clienti e potenziali clienti. A Casablanca Marocco","robots":{"index":"index","follow":"follow","max-snippet":"max-snippet:-1","max-image-preview":"max-image-preview:large","max-video-preview":"max-video-preview:-1"},"canonical":"https:\/\/printsmilepro.ma\/it\/e-mail\/","og_locale":"it_IT","og_type":"article","og_title":"Impression d\u2019E-mailings \u00e0 Casablanca, Maroc","og_description":"L'impression d'e-mailings est une strat\u00e9gie essentielle pour les entreprises souhaitant atteindre efficacement leurs clients et prospects. \u00c0 Casablanca Maroc","og_url":"https:\/\/printsmilepro.ma\/it\/e-mail\/","og_site_name":"Print Smile Pro","article_modified_time":"2025-07-28T11:25:01+00:00","twitter_card":"summary_large_image","twitter_misc":{"Tempo di lettura stimato":"2 minuti"},"schema":{"@context":"https:\/\/schema.org","@graph":[{"@type":"WebPage","@id":"https:\/\/printsmilepro.ma\/e-mailings\/","url":"https:\/\/printsmilepro.ma\/e-mailings\/","name":"Stampa di e-mail a Casablanca, Marocco","isPartOf":{"@id":"https:\/\/printsmilepro.ma\/#website"},"datePublished":"2025-05-19T16:36:11+00:00","dateModified":"2025-07-28T11:25:01+00:00","description":"La stampa di e-mail \u00e8 una strategia essenziale per le aziende che desiderano raggiungere efficacemente i propri clienti e potenziali clienti. A Casablanca Marocco","breadcrumb":{"@id":"https:\/\/printsmilepro.ma\/e-mailings\/#breadcrumb"},"inLanguage":"it-IT","potentialAction":[{"@type":"ReadAction","target":["https:\/\/printsmilepro.ma\/e-mailings\/"]}]},{"@type":"BreadcrumbList","@id":"https:\/\/printsmilepro.ma\/e-mailings\/#breadcrumb","itemListElement":[{"@type":"ListItem","position":1,"name":"Accueil","item":"https:\/\/printsmilepro.ma\/"},{"@type":"ListItem","position":2,"name":"E-mailings"}]},{"@type":"WebSite","@id":"https:\/\/printsmilepro.ma\/#website","url":"https:\/\/printsmilepro.ma\/","name":"Stampa Smile Pro","description":"Il vostro partner ideale per tutte le esigenze di stampa offset e digitale","publisher":{"@id":"https:\/\/printsmilepro.ma\/#organization"},"potentialAction":[{"@type":"SearchAction","target":{"@type":"EntryPoint","urlTemplate":"https:\/\/printsmilepro.ma\/?s={search_term_string}"},"query-input":{"@type":"PropertyValueSpecification","valueRequired":true,"valueName":"search_term_string"}}],"inLanguage":"it-IT"},{"@type":"Organization","@id":"https:\/\/printsmilepro.ma\/#organization","name":"Stampa Smile Pro","url":"https:\/\/printsmilepro.ma\/","logo":{"@type":"ImageObject","inLanguage":"it-IT","@id":"https:\/\/printsmilepro.ma\/#\/schema\/logo\/image\/","url":"https:\/\/printsmilepro.ma\/wp-content\/uploads\/2025\/05\/logo-2.png","contentUrl":"https:\/\/printsmilepro.ma\/wp-content\/uploads\/2025\/05\/logo-2.png","width":194,"height":80,"caption":"Print Smile Pro"},"image":{"@id":"https:\/\/printsmilepro.ma\/#\/schema\/logo\/image\/"}}]}},"_links":{"self":[{"href":"https:\/\/printsmilepro.ma\/it\/wp-json\/wp\/v2\/pages\/152","targetHints":{"allow":["GET"]}}],"collection":[{"href":"https:\/\/printsmilepro.ma\/it\/wp-json\/wp\/v2\/pages"}],"about":[{"href":"https:\/\/printsmilepro.ma\/it\/wp-json\/wp\/v2\/types\/page"}],"author":[{"embeddable":true,"href":"https:\/\/printsmilepro.ma\/it\/wp-json\/wp\/v2\/users\/1"}],"replies":[{"embeddable":true,"href":"https:\/\/printsmilepro.ma\/it\/wp-json\/wp\/v2\/comments?post=152"}],"version-history":[{"count":4,"href":"https:\/\/printsmilepro.ma\/it\/wp-json\/wp\/v2\/pages\/152\/revisions"}],"predecessor-version":[{"id":1004,"href":"https:\/\/printsmilepro.ma\/it\/wp-json\/wp\/v2\/pages\/152\/revisions\/1004"}],"wp:attachment":[{"href":"https:\/\/printsmilepro.ma\/it\/wp-json\/wp\/v2\/media?parent=152"}],"curies":[{"name":"wp","href":"https:\/\/api.w.org\/{rel}","templated":true}]}}