{"id":148,"date":"2025-05-19T16:29:40","date_gmt":"2025-05-19T16:29:40","guid":{"rendered":"https:\/\/printsmilepro.ma\/?page_id=148"},"modified":"2025-07-28T11:49:43","modified_gmt":"2025-07-28T11:49:43","slug":"rapporti-annuali","status":"publish","type":"page","link":"https:\/\/printsmilepro.ma\/it\/rapporti-annuali\/","title":{"rendered":"Rapporti annuali"},"content":{"rendered":"<div id=\"fws_69f375d3d5a67\"  data-column-margin=\"40px\" data-midnight=\"dark\"  class=\"wpb_row vc_row-fluid vc_row vc_row-o-equal-height vc_row-flex vc_row-o-content-middle  top_margin_40px bottom_margin_40px\"  style=\"padding-top: 0px; padding-bottom: 0px; \"><div class=\"row-bg-wrap\" data-bg-animation=\"none\" data-bg-animation-delay=\"\" data-bg-overlay=\"false\"><div class=\"inner-wrap row-bg-layer\" ><div class=\"row-bg viewport-desktop\"  style=\"\"><\/div><\/div><\/div><div class=\"row_col_wrap_12 col span_12 dark left\">\n\t<div  class=\"vc_col-sm-6 wpb_column column_container vc_column_container col no-extra-padding inherit_tablet inherit_phone\"  data-padding-pos=\"all\" data-has-bg-color=\"false\" data-bg-color=\"\" data-bg-opacity=\"1\" data-animation=\"\" data-delay=\"0\" >\n\t\t<div class=\"vc_column-inner\" >\n\t\t\t<div class=\"wpb_wrapper\">\n\t\t\t\t\n<div class=\"wpb_text_column wpb_content_element\" >\n\t<div class=\"wpb_wrapper\">\n\t\t<h2 class=\"AnswerParser_AnswerParserH4__ghxg8\"><strong>Stampa di <\/strong><strong>Rapporti annuali<\/strong><\/h2>\n<h6>Stampa di relazioni annuali aziendali a Casablanca, Marocco<\/h6>\n\t<\/div>\n<\/div>\n\n\n\n\n<div class=\"wpb_text_column wpb_content_element\" >\n\t<div class=\"wpb_wrapper\">\n\t\t<p>Un rapporto annuale \u00e8 un documento essenziale per qualsiasi azienda o organizzazione, che fornisce una panoramica dettagliata delle prestazioni, dei risultati e degli obiettivi dell'anno passato. A Casablanca, Print Smile Pro offre servizi di stampa di relazioni annuali che aiutano le aziende a comunicare efficacemente i risultati finanziari, le iniziative e l'impatto sulla comunit\u00e0.<\/p>\n\t<\/div>\n<\/div>\n\n\n\n\n\t\t\t<\/div> \n\t\t<\/div>\n\t<\/div> \n\n\t<div  class=\"vc_col-sm-6 wpb_column column_container vc_column_container col no-extra-padding inherit_tablet inherit_phone\"  data-padding-pos=\"all\" data-has-bg-color=\"false\" data-bg-color=\"\" data-bg-opacity=\"1\" data-animation=\"\" data-delay=\"0\" >\n\t\t<div class=\"vc_column-inner\" >\n\t\t\t<div class=\"wpb_wrapper\">\n\t\t\t\t<div class=\"img-with-aniamtion-wrap\" data-max-width=\"100%\" data-max-width-mobile=\"default\" data-shadow=\"none\" data-animation=\"none\" >\n      <div class=\"inner\">\n        <div class=\"hover-wrap\"> \n          <div class=\"hover-wrap-inner\">\n            <img loading=\"lazy\" decoding=\"async\" class=\"img-with-animation skip-lazy\" data-delay=\"0\" height=\"750\" width=\"1050\" data-animation=\"none\" src=\"https:\/\/printsmilepro.ma\/wp-content\/uploads\/2025\/06\/8-2.jpg\" alt=\"\" srcset=\"https:\/\/printsmilepro.ma\/wp-content\/uploads\/2025\/06\/8-2.jpg 1050w, https:\/\/printsmilepro.ma\/wp-content\/uploads\/2025\/06\/8-2-300x214.jpg 300w, https:\/\/printsmilepro.ma\/wp-content\/uploads\/2025\/06\/8-2-1024x731.jpg 1024w, https:\/\/printsmilepro.ma\/wp-content\/uploads\/2025\/06\/8-2-768x549.jpg 768w, https:\/\/printsmilepro.ma\/wp-content\/uploads\/2025\/06\/8-2-18x12.jpg 18w\" sizes=\"auto, (max-width: 1050px) 100vw, 1050px\" \/>\n          <\/div>\n        <\/div>\n      <\/div>\n    <\/div>\n\t\t\t<\/div> \n\t\t<\/div>\n\t<\/div> \n<\/div><\/div>\n\t\t<div id=\"fws_69f375d3d639f\"  data-column-margin=\"40px\" data-midnight=\"dark\"  class=\"wpb_row vc_row-fluid vc_row full-width-section vc_row-o-equal-height vc_row-flex vc_row-o-content-middle  top_margin_40px bottom_margin_40px\"  style=\"padding-top: 40px; padding-bottom: 40px; \"><div class=\"row-bg-wrap\" data-bg-animation=\"none\" data-bg-animation-delay=\"\" data-bg-overlay=\"false\"><div class=\"inner-wrap row-bg-layer\" ><div class=\"row-bg viewport-desktop using-bg-color\"  style=\"background-color: #d3d3d3; \"><\/div><\/div><\/div><div class=\"row_col_wrap_12 col span_12 dark left\">\n\t<div  class=\"vc_col-sm-6 wpb_column column_container vc_column_container col no-extra-padding inherit_tablet inherit_phone\"  data-padding-pos=\"all\" data-has-bg-color=\"false\" data-bg-color=\"\" data-bg-opacity=\"1\" data-animation=\"\" data-delay=\"0\" >\n\t\t<div class=\"vc_column-inner\" >\n\t\t\t<div class=\"wpb_wrapper\">\n\t\t\t\t<div class=\"img-with-aniamtion-wrap\" data-max-width=\"100%\" data-max-width-mobile=\"default\" data-shadow=\"none\" data-animation=\"none\" >\n      <div class=\"inner\">\n        <div class=\"hover-wrap\"> \n          <div class=\"hover-wrap-inner\">\n            <img loading=\"lazy\" decoding=\"async\" class=\"img-with-animation skip-lazy\" data-delay=\"0\" height=\"450\" width=\"900\" data-animation=\"none\" src=\"https:\/\/printsmilepro.ma\/wp-content\/uploads\/2025\/05\/impression-rapport-activite.png\" alt=\"\" srcset=\"https:\/\/printsmilepro.ma\/wp-content\/uploads\/2025\/05\/impression-rapport-activite.png 900w, https:\/\/printsmilepro.ma\/wp-content\/uploads\/2025\/05\/impression-rapport-activite-300x150.png 300w, https:\/\/printsmilepro.ma\/wp-content\/uploads\/2025\/05\/impression-rapport-activite-768x384.png 768w, https:\/\/printsmilepro.ma\/wp-content\/uploads\/2025\/05\/impression-rapport-activite-670x335.png 670w\" sizes=\"auto, (max-width: 900px) 100vw, 900px\" \/>\n          <\/div>\n        <\/div>\n      <\/div>\n    <\/div>\n\t\t\t<\/div> \n\t\t<\/div>\n\t<\/div> \n\n\t<div  class=\"vc_col-sm-6 wpb_column column_container vc_column_container col no-extra-padding inherit_tablet inherit_phone\"  data-padding-pos=\"all\" data-has-bg-color=\"false\" data-bg-color=\"\" data-bg-opacity=\"1\" data-animation=\"\" data-delay=\"0\" >\n\t\t<div class=\"vc_column-inner\" >\n\t\t\t<div class=\"wpb_wrapper\">\n\t\t\t\t\n<div class=\"wpb_text_column wpb_content_element\" >\n\t<div class=\"wpb_wrapper\">\n\t\t<h2 class=\"AnswerParser_AnswerParserH4__ghxg8\"><strong>Stampa di <\/strong><strong>Rapporti annuali<\/strong><\/h2>\n<h6>Relazioni annuali e bilanci - stampa professionale a Casablanca<\/h6>\n\t<\/div>\n<\/div>\n\n\n\n\n<div class=\"wpb_text_column wpb_content_element\" >\n\t<div class=\"wpb_wrapper\">\n\t\t<p>Offriamo una variet\u00e0 di opzioni per la stampa dei vostri rapporti annuali, tra cui diversi formati (A4, A5 e personalizzati) e tipi di carta (patinata, riciclata, testurizzata). \u00c8 possibile scegliere tra diverse grammature, da 170 g\/m\u00b2 a 300 g\/m\u00b2, e optare per finiture come la plastificazione opaca o lucida per un aspetto professionale. I nostri report possono essere stampati in quadricromia, garantendo colori vivaci e una presentazione accattivante.<\/p>\n\t<\/div>\n<\/div>\n\n\n\n\n\t\t\t<\/div> \n\t\t<\/div>\n\t<\/div> \n<\/div><\/div>\n\t\t<div id=\"fws_69f375d3d671d\"  data-column-margin=\"40px\" data-midnight=\"dark\"  class=\"wpb_row vc_row-fluid vc_row vc_row-o-equal-height vc_row-flex vc_row-o-content-middle  top_margin_40px bottom_margin_40px\"  style=\"padding-top: 0px; padding-bottom: 0px; \"><div class=\"row-bg-wrap\" data-bg-animation=\"none\" data-bg-animation-delay=\"\" data-bg-overlay=\"false\"><div class=\"inner-wrap row-bg-layer\" ><div class=\"row-bg viewport-desktop\"  style=\"\"><\/div><\/div><\/div><div class=\"row_col_wrap_12 col span_12 dark left\">\n\t<div  class=\"vc_col-sm-6 wpb_column column_container vc_column_container col no-extra-padding inherit_tablet inherit_phone\"  data-padding-pos=\"all\" data-has-bg-color=\"false\" data-bg-color=\"\" data-bg-opacity=\"1\" data-animation=\"\" data-delay=\"0\" >\n\t\t<div class=\"vc_column-inner\" >\n\t\t\t<div class=\"wpb_wrapper\">\n\t\t\t\t\n<div class=\"wpb_text_column wpb_content_element\" >\n\t<div class=\"wpb_wrapper\">\n\t\t<h2 class=\"AnswerParser_AnswerParserH4__ghxg8\"><strong>Stampa di <\/strong><strong>Rapporti annuali<\/strong><\/h2>\n<h6 data-start=\"545\" data-end=\"611\"><strong data-start=\"545\" data-end=\"609\">Produzione di relazioni annuali stampate a Casablanca, Marocco<\/strong><\/h6>\n\t<\/div>\n<\/div>\n\n\n\n\n<div class=\"wpb_text_column wpb_content_element\" >\n\t<div class=\"wpb_wrapper\">\n\t\t<p data-start=\"147\" data-end=\"204\">A <a href=\"https:\/\/printsmilepro.ma\/it\/a-propos\/\">Stampa Smile Pro<\/a>Ci impegniamo a fornire un servizio clienti di qualit\u00e0 e una consegna rapida in tutta la regione di Casablanca e oltre. Il nostro team \u00e8 a disposizione per aiutarvi a progettare e personalizzare i vostri report annuali, per garantire che rispondano perfettamente alle vostre aspettative. Grazie alla nostra esperienza, potrete essere certi che le vostre relazioni annuali saranno pronte in tempo e della massima qualit\u00e0, pronte per essere condivise con i vostri stakeholder e per rafforzare la trasparenza della vostra organizzazione.<\/p>\n\t<\/div>\n<\/div>\n\n\n\n\n\t\t\t<\/div> \n\t\t<\/div>\n\t<\/div> \n\n\t<div  class=\"vc_col-sm-6 wpb_column column_container vc_column_container col no-extra-padding inherit_tablet inherit_phone\"  data-padding-pos=\"all\" data-has-bg-color=\"false\" data-bg-color=\"\" data-bg-opacity=\"1\" data-animation=\"\" data-delay=\"0\" >\n\t\t<div class=\"vc_column-inner\" >\n\t\t\t<div class=\"wpb_wrapper\">\n\t\t\t\t<div class=\"img-with-aniamtion-wrap\" data-max-width=\"100%\" data-max-width-mobile=\"default\" data-shadow=\"none\" data-animation=\"none\" >\n      <div class=\"inner\">\n        <div class=\"hover-wrap\"> \n          <div class=\"hover-wrap-inner\">\n            <img loading=\"lazy\" decoding=\"async\" class=\"img-with-animation skip-lazy\" data-delay=\"0\" height=\"357\" width=\"500\" data-animation=\"none\" src=\"https:\/\/printsmilepro.ma\/wp-content\/uploads\/2025\/05\/rapport-dactivite-NL.jpg\" alt=\"\" srcset=\"https:\/\/printsmilepro.ma\/wp-content\/uploads\/2025\/05\/rapport-dactivite-NL.jpg 500w, https:\/\/printsmilepro.ma\/wp-content\/uploads\/2025\/05\/rapport-dactivite-NL-300x214.jpg 300w\" sizes=\"auto, (max-width: 500px) 100vw, 500px\" \/>\n          <\/div>\n        <\/div>\n      <\/div>\n    <\/div>\n\t\t\t<\/div> \n\t\t<\/div>\n\t<\/div> \n<\/div><\/div>","protected":false},"excerpt":{"rendered":"Impression de Rapports Annuels Impression de rapports annuels d\u2019entreprise \u00e0 Casablanca, Maroc Un rapport annuel est un document essentiel pour toute entreprise ou organisation, fournissant un aper\u00e7u d\u00e9taill\u00e9 de ses...","protected":false},"author":1,"featured_media":0,"parent":0,"menu_order":0,"comment_status":"closed","ping_status":"closed","template":"","meta":{"_monsterinsights_skip_tracking":false,"_monsterinsights_sitenote_active":false,"_monsterinsights_sitenote_note":"","_monsterinsights_sitenote_category":0,"_joinchat":[],"footnotes":""},"class_list":["post-148","page","type-page","status-publish"],"yoast_head":"<!-- This site is optimized with the Yoast SEO plugin v26.2 - https:\/\/yoast.com\/wordpress\/plugins\/seo\/ -->\n<title>Impression de Rapports Annuels \u00e0 Casablanca, Maroc<\/title>\n<meta name=\"description\" content=\"Print Smile Pro vous propose des services d&#039;impression de rapports annuels de haute qualit\u00e9 \u00e0 Casablanca, Maroc. Personnalisez vos rapports..\" \/>\n<meta name=\"robots\" content=\"index, follow, max-snippet:-1, max-image-preview:large, max-video-preview:-1\" \/>\n<link rel=\"canonical\" href=\"https:\/\/printsmilepro.ma\/it\/rapporti-annuali\/\" \/>\n<meta property=\"og:locale\" content=\"it_IT\" \/>\n<meta property=\"og:type\" content=\"article\" \/>\n<meta property=\"og:title\" content=\"Impression de Rapports Annuels \u00e0 Casablanca, Maroc\" \/>\n<meta property=\"og:description\" content=\"Print Smile Pro vous propose des services d&#039;impression de rapports annuels de haute qualit\u00e9 \u00e0 Casablanca, Maroc. Personnalisez vos rapports..\" \/>\n<meta property=\"og:url\" content=\"https:\/\/printsmilepro.ma\/it\/rapporti-annuali\/\" \/>\n<meta property=\"og:site_name\" content=\"Print Smile Pro\" \/>\n<meta property=\"article:modified_time\" content=\"2025-07-28T11:49:43+00:00\" \/>\n<meta name=\"twitter:card\" content=\"summary_large_image\" \/>\n<meta name=\"twitter:label1\" content=\"Tempo di lettura stimato\" \/>\n\t<meta name=\"twitter:data1\" content=\"2 minuti\" \/>\n<script type=\"application\/ld+json\" class=\"yoast-schema-graph\">{\"@context\":\"https:\/\/schema.org\",\"@graph\":[{\"@type\":\"WebPage\",\"@id\":\"https:\/\/printsmilepro.ma\/rapports-annuels\/\",\"url\":\"https:\/\/printsmilepro.ma\/rapports-annuels\/\",\"name\":\"Impression de Rapports Annuels \u00e0 Casablanca, Maroc\",\"isPartOf\":{\"@id\":\"https:\/\/printsmilepro.ma\/#website\"},\"datePublished\":\"2025-05-19T16:29:40+00:00\",\"dateModified\":\"2025-07-28T11:49:43+00:00\",\"description\":\"Print Smile Pro vous propose des services d'impression de rapports annuels de haute qualit\u00e9 \u00e0 Casablanca, Maroc. Personnalisez vos rapports..\",\"breadcrumb\":{\"@id\":\"https:\/\/printsmilepro.ma\/rapports-annuels\/#breadcrumb\"},\"inLanguage\":\"it-IT\",\"potentialAction\":[{\"@type\":\"ReadAction\",\"target\":[\"https:\/\/printsmilepro.ma\/rapports-annuels\/\"]}]},{\"@type\":\"BreadcrumbList\",\"@id\":\"https:\/\/printsmilepro.ma\/rapports-annuels\/#breadcrumb\",\"itemListElement\":[{\"@type\":\"ListItem\",\"position\":1,\"name\":\"Accueil\",\"item\":\"https:\/\/printsmilepro.ma\/\"},{\"@type\":\"ListItem\",\"position\":2,\"name\":\"Rapports Annuels\"}]},{\"@type\":\"WebSite\",\"@id\":\"https:\/\/printsmilepro.ma\/#website\",\"url\":\"https:\/\/printsmilepro.ma\/\",\"name\":\"Print Smile Pro\",\"description\":\"Votre partenaire id\u00e9al pour la r\u00e9alisation de tous vos travaux d&#039;impression offset et num\u00e9rique\",\"publisher\":{\"@id\":\"https:\/\/printsmilepro.ma\/#organization\"},\"potentialAction\":[{\"@type\":\"SearchAction\",\"target\":{\"@type\":\"EntryPoint\",\"urlTemplate\":\"https:\/\/printsmilepro.ma\/?s={search_term_string}\"},\"query-input\":{\"@type\":\"PropertyValueSpecification\",\"valueRequired\":true,\"valueName\":\"search_term_string\"}}],\"inLanguage\":\"it-IT\"},{\"@type\":\"Organization\",\"@id\":\"https:\/\/printsmilepro.ma\/#organization\",\"name\":\"Print Smile Pro\",\"url\":\"https:\/\/printsmilepro.ma\/\",\"logo\":{\"@type\":\"ImageObject\",\"inLanguage\":\"it-IT\",\"@id\":\"https:\/\/printsmilepro.ma\/#\/schema\/logo\/image\/\",\"url\":\"https:\/\/printsmilepro.ma\/wp-content\/uploads\/2025\/05\/logo-2.png\",\"contentUrl\":\"https:\/\/printsmilepro.ma\/wp-content\/uploads\/2025\/05\/logo-2.png\",\"width\":194,\"height\":80,\"caption\":\"Print Smile Pro\"},\"image\":{\"@id\":\"https:\/\/printsmilepro.ma\/#\/schema\/logo\/image\/\"}}]}<\/script>\n<!-- \/ Yoast SEO plugin. -->","yoast_head_json":{"title":"Stampa di relazioni annuali a Casablanca, Marocco","description":"Print Smile Pro offre servizi di stampa di relazioni annuali di alta qualit\u00e0 a Casablanca, Marocco. Personalizzate i vostri rapporti...","robots":{"index":"index","follow":"follow","max-snippet":"max-snippet:-1","max-image-preview":"max-image-preview:large","max-video-preview":"max-video-preview:-1"},"canonical":"https:\/\/printsmilepro.ma\/it\/rapporti-annuali\/","og_locale":"it_IT","og_type":"article","og_title":"Impression de Rapports Annuels \u00e0 Casablanca, Maroc","og_description":"Print Smile Pro vous propose des services d'impression de rapports annuels de haute qualit\u00e9 \u00e0 Casablanca, Maroc. Personnalisez vos rapports..","og_url":"https:\/\/printsmilepro.ma\/it\/rapporti-annuali\/","og_site_name":"Print Smile Pro","article_modified_time":"2025-07-28T11:49:43+00:00","twitter_card":"summary_large_image","twitter_misc":{"Tempo di lettura stimato":"2 minuti"},"schema":{"@context":"https:\/\/schema.org","@graph":[{"@type":"WebPage","@id":"https:\/\/printsmilepro.ma\/rapports-annuels\/","url":"https:\/\/printsmilepro.ma\/rapports-annuels\/","name":"Stampa di relazioni annuali a Casablanca, Marocco","isPartOf":{"@id":"https:\/\/printsmilepro.ma\/#website"},"datePublished":"2025-05-19T16:29:40+00:00","dateModified":"2025-07-28T11:49:43+00:00","description":"Print Smile Pro offre servizi di stampa di relazioni annuali di alta qualit\u00e0 a Casablanca, Marocco. Personalizzate i vostri rapporti...","breadcrumb":{"@id":"https:\/\/printsmilepro.ma\/rapports-annuels\/#breadcrumb"},"inLanguage":"it-IT","potentialAction":[{"@type":"ReadAction","target":["https:\/\/printsmilepro.ma\/rapports-annuels\/"]}]},{"@type":"BreadcrumbList","@id":"https:\/\/printsmilepro.ma\/rapports-annuels\/#breadcrumb","itemListElement":[{"@type":"ListItem","position":1,"name":"Accueil","item":"https:\/\/printsmilepro.ma\/"},{"@type":"ListItem","position":2,"name":"Rapports Annuels"}]},{"@type":"WebSite","@id":"https:\/\/printsmilepro.ma\/#website","url":"https:\/\/printsmilepro.ma\/","name":"Stampa Smile Pro","description":"Il vostro partner ideale per tutte le esigenze di stampa offset e digitale","publisher":{"@id":"https:\/\/printsmilepro.ma\/#organization"},"potentialAction":[{"@type":"SearchAction","target":{"@type":"EntryPoint","urlTemplate":"https:\/\/printsmilepro.ma\/?s={search_term_string}"},"query-input":{"@type":"PropertyValueSpecification","valueRequired":true,"valueName":"search_term_string"}}],"inLanguage":"it-IT"},{"@type":"Organization","@id":"https:\/\/printsmilepro.ma\/#organization","name":"Stampa Smile Pro","url":"https:\/\/printsmilepro.ma\/","logo":{"@type":"ImageObject","inLanguage":"it-IT","@id":"https:\/\/printsmilepro.ma\/#\/schema\/logo\/image\/","url":"https:\/\/printsmilepro.ma\/wp-content\/uploads\/2025\/05\/logo-2.png","contentUrl":"https:\/\/printsmilepro.ma\/wp-content\/uploads\/2025\/05\/logo-2.png","width":194,"height":80,"caption":"Print Smile Pro"},"image":{"@id":"https:\/\/printsmilepro.ma\/#\/schema\/logo\/image\/"}}]}},"_links":{"self":[{"href":"https:\/\/printsmilepro.ma\/it\/wp-json\/wp\/v2\/pages\/148","targetHints":{"allow":["GET"]}}],"collection":[{"href":"https:\/\/printsmilepro.ma\/it\/wp-json\/wp\/v2\/pages"}],"about":[{"href":"https:\/\/printsmilepro.ma\/it\/wp-json\/wp\/v2\/types\/page"}],"author":[{"embeddable":true,"href":"https:\/\/printsmilepro.ma\/it\/wp-json\/wp\/v2\/users\/1"}],"replies":[{"embeddable":true,"href":"https:\/\/printsmilepro.ma\/it\/wp-json\/wp\/v2\/comments?post=148"}],"version-history":[{"count":5,"href":"https:\/\/printsmilepro.ma\/it\/wp-json\/wp\/v2\/pages\/148\/revisions"}],"predecessor-version":[{"id":1013,"href":"https:\/\/printsmilepro.ma\/it\/wp-json\/wp\/v2\/pages\/148\/revisions\/1013"}],"wp:attachment":[{"href":"https:\/\/printsmilepro.ma\/it\/wp-json\/wp\/v2\/media?parent=148"}],"curies":[{"name":"wp","href":"https:\/\/api.w.org\/{rel}","templated":true}]}}