{"id":940,"date":"2025-06-23T13:46:48","date_gmt":"2025-06-23T13:46:48","guid":{"rendered":"https:\/\/printsmilepro.ma\/?page_id=940"},"modified":"2025-07-28T12:16:31","modified_gmt":"2025-07-28T12:16:31","slug":"estuches-farmaceuticos-cosmeticos","status":"publish","type":"page","link":"https:\/\/printsmilepro.ma\/es\/estuches-farmaceuticos-cosmeticos\/","title":{"rendered":"Estuches farmac\u00e9uticos \/ cosm\u00e9ticos"},"content":{"rendered":"<div id=\"fws_69e6575891f26\"  data-column-margin=\"40px\" data-midnight=\"dark\"  class=\"wpb_row vc_row-fluid vc_row vc_row-o-equal-height vc_row-flex vc_row-o-content-middle  top_margin_40px bottom_margin_40px\"  style=\"padding-top: 0px; padding-bottom: 0px; \"><div class=\"row-bg-wrap\" data-bg-animation=\"none\" data-bg-animation-delay=\"\" data-bg-overlay=\"false\"><div class=\"inner-wrap row-bg-layer\" ><div class=\"row-bg viewport-desktop\"  style=\"\"><\/div><\/div><\/div><div class=\"row_col_wrap_12 col span_12 dark left\">\n\t<div  class=\"vc_col-sm-6 wpb_column column_container vc_column_container col no-extra-padding inherit_tablet inherit_phone\"  data-padding-pos=\"all\" data-has-bg-color=\"false\" data-bg-color=\"\" data-bg-opacity=\"1\" data-animation=\"\" data-delay=\"0\" >\n\t\t<div class=\"vc_column-inner\" >\n\t\t\t<div class=\"wpb_wrapper\">\n\t\t\t\t\n<div class=\"wpb_text_column wpb_content_element\" >\n\t<div class=\"wpb_wrapper\">\n\t\t<h2 class=\"AnswerParser_AnswerParserH4__ghxg8\"><strong>Estuches farmac\u00e9uticos \/ cosm\u00e9ticos<br \/>\n<\/strong><\/h2>\n<h6>Envases y estuches farmac\u00e9uticos a medida en Casablanca, Marruecos<\/h6>\n\t<\/div>\n<\/div>\n\n\n\n\n<div class=\"wpb_text_column wpb_content_element\" >\n\t<div class=\"wpb_wrapper\">\n\t\t<p data-start=\"162\" data-end=\"234\"><strong>Estuches para productos farmac\u00e9uticos y cosm\u00e9ticos - Impresi\u00f3n y envasado en Marruecos<\/strong><\/p>\n<p data-start=\"236\" data-end=\"531\"><strong data-start=\"236\" data-end=\"255\">Imprimir Smile Pro<\/strong> puede ayudarle a crear envases a medida para los siguientes sectores <strong data-start=\"331\" data-end=\"349\">farmac\u00e9utica<\/strong> y <strong data-start=\"353\" data-end=\"367\">cosm\u00e9ticos<\/strong>. Gracias a nuestra experiencia en <strong data-start=\"396\" data-end=\"453\">impresi\u00f3n profesional y envases de alta gama<\/strong>le ofrecemos soluciones que combinan <strong data-start=\"495\" data-end=\"530\">calidad, seguridad y est\u00e9tica<\/strong>.<\/p>\n\t<\/div>\n<\/div>\n\n\n\n\n\t\t\t<\/div> \n\t\t<\/div>\n\t<\/div> \n\n\t<div  class=\"vc_col-sm-6 wpb_column column_container vc_column_container col no-extra-padding inherit_tablet inherit_phone\"  data-padding-pos=\"all\" data-has-bg-color=\"false\" data-bg-color=\"\" data-bg-opacity=\"1\" data-animation=\"\" data-delay=\"0\" >\n\t\t<div class=\"vc_column-inner\" >\n\t\t\t<div class=\"wpb_wrapper\">\n\t\t\t\t<div class=\"img-with-aniamtion-wrap\" data-max-width=\"100%\" data-max-width-mobile=\"default\" data-shadow=\"none\" data-animation=\"none\" >\n      <div class=\"inner\">\n        <div class=\"hover-wrap\"> \n          <div class=\"hover-wrap-inner\">\n            <img loading=\"lazy\" decoding=\"async\" class=\"img-with-animation skip-lazy\" data-delay=\"0\" height=\"364\" width=\"563\" data-animation=\"none\" src=\"https:\/\/printsmilepro.ma\/wp-content\/uploads\/2025\/06\/311ce7d2a3fe793c151afb2efb1f5d16.jpg\" alt=\"\" srcset=\"https:\/\/printsmilepro.ma\/wp-content\/uploads\/2025\/06\/311ce7d2a3fe793c151afb2efb1f5d16.jpg 563w, https:\/\/printsmilepro.ma\/wp-content\/uploads\/2025\/06\/311ce7d2a3fe793c151afb2efb1f5d16-300x194.jpg 300w, https:\/\/printsmilepro.ma\/wp-content\/uploads\/2025\/06\/311ce7d2a3fe793c151afb2efb1f5d16-18x12.jpg 18w\" sizes=\"auto, (max-width: 563px) 100vw, 563px\" \/>\n          <\/div>\n        <\/div>\n      <\/div>\n    <\/div>\n\t\t\t<\/div> \n\t\t<\/div>\n\t<\/div> \n<\/div><\/div>\n\t\t<div id=\"fws_69e65758924ec\"  data-column-margin=\"40px\" data-midnight=\"dark\"  class=\"wpb_row vc_row-fluid vc_row full-width-section vc_row-o-equal-height vc_row-flex vc_row-o-content-middle  top_margin_40px bottom_margin_40px\"  style=\"padding-top: 40px; padding-bottom: 40px; \"><div class=\"row-bg-wrap\" data-bg-animation=\"none\" data-bg-animation-delay=\"\" data-bg-overlay=\"false\"><div class=\"inner-wrap row-bg-layer\" ><div class=\"row-bg viewport-desktop using-bg-color\"  style=\"background-color: #d3d3d3; \"><\/div><\/div><\/div><div class=\"row_col_wrap_12 col span_12 dark left\">\n\t<div  class=\"vc_col-sm-6 wpb_column column_container vc_column_container col no-extra-padding inherit_tablet inherit_phone\"  data-padding-pos=\"all\" data-has-bg-color=\"false\" data-bg-color=\"\" data-bg-opacity=\"1\" data-animation=\"\" data-delay=\"0\" >\n\t\t<div class=\"vc_column-inner\" >\n\t\t\t<div class=\"wpb_wrapper\">\n\t\t\t\t<div class=\"img-with-aniamtion-wrap\" data-max-width=\"100%\" data-max-width-mobile=\"default\" data-shadow=\"none\" data-animation=\"none\" >\n      <div class=\"inner\">\n        <div class=\"hover-wrap\"> \n          <div class=\"hover-wrap-inner\">\n            <img loading=\"lazy\" decoding=\"async\" class=\"img-with-animation skip-lazy\" data-delay=\"0\" height=\"369\" width=\"594\" data-animation=\"none\" src=\"https:\/\/printsmilepro.ma\/wp-content\/uploads\/2025\/06\/DSC8446_mini-1.jpg\" alt=\"\" srcset=\"https:\/\/printsmilepro.ma\/wp-content\/uploads\/2025\/06\/DSC8446_mini-1.jpg 594w, https:\/\/printsmilepro.ma\/wp-content\/uploads\/2025\/06\/DSC8446_mini-1-300x186.jpg 300w, https:\/\/printsmilepro.ma\/wp-content\/uploads\/2025\/06\/DSC8446_mini-1-18x12.jpg 18w\" sizes=\"auto, (max-width: 594px) 100vw, 594px\" \/>\n          <\/div>\n        <\/div>\n      <\/div>\n    <\/div>\n\t\t\t<\/div> \n\t\t<\/div>\n\t<\/div> \n\n\t<div  class=\"vc_col-sm-6 wpb_column column_container vc_column_container col no-extra-padding inherit_tablet inherit_phone\"  data-padding-pos=\"all\" data-has-bg-color=\"false\" data-bg-color=\"\" data-bg-opacity=\"1\" data-animation=\"\" data-delay=\"0\" >\n\t\t<div class=\"vc_column-inner\" >\n\t\t\t<div class=\"wpb_wrapper\">\n\t\t\t\t\n<div class=\"wpb_text_column wpb_content_element\" >\n\t<div class=\"wpb_wrapper\">\n\t\t<h2 class=\"AnswerParser_AnswerParserH4__ghxg8\"><strong>Estuches farmac\u00e9uticos \/ cosm\u00e9ticos<br \/>\n<\/strong><\/h2>\n<h6>Fabricaci\u00f3n de estuches farmac\u00e9uticos y cosm\u00e9ticos en Casablanca<\/h6>\n\t<\/div>\n<\/div>\n\n\n\n\n<div class=\"wpb_text_column wpb_content_element\" >\n\t<div class=\"wpb_wrapper\">\n\t\t<p data-start=\"931\" data-end=\"1078\">Para los laboratorios y fabricantes de medicamentos, garantizamos casos que cumplen las siguientes normas <strong data-start=\"1025\" data-end=\"1074\">estrictas normas de trazabilidad y seguridad<\/strong> :<\/p>\n<ul data-start=\"1079\" data-end=\"1303\">\n<li data-start=\"1079\" data-end=\"1124\">\n<p data-start=\"1081\" data-end=\"1124\">Impresi\u00f3n de avisos y c\u00f3digos Datamatrix<\/p>\n<\/li>\n<li data-start=\"1125\" data-end=\"1174\">\n<p data-start=\"1127\" data-end=\"1174\">Estuches resistentes a la humedad y a la luz<\/p>\n<\/li>\n<li data-start=\"1175\" data-end=\"1231\">\n<p data-start=\"1177\" data-end=\"1231\">Dise\u00f1o sencillo e informativo para facilitar la lectura<\/p>\n<\/li>\n<li data-start=\"1232\" data-end=\"1303\">\n<p data-start=\"1234\" data-end=\"1303\">Cumplimiento de los requisitos reglamentarios marroqu\u00edes e internacionales<\/p>\n<\/li>\n<\/ul>\n\t<\/div>\n<\/div>\n\n\n\n\n\t\t\t<\/div> \n\t\t<\/div>\n\t<\/div> \n<\/div><\/div>\n\t\t<div id=\"fws_69e6575892868\"  data-column-margin=\"40px\" data-midnight=\"dark\"  class=\"wpb_row vc_row-fluid vc_row vc_row-o-equal-height vc_row-flex vc_row-o-content-middle  top_margin_40px bottom_margin_40px\"  style=\"padding-top: 0px; padding-bottom: 0px; \"><div class=\"row-bg-wrap\" data-bg-animation=\"none\" data-bg-animation-delay=\"\" data-bg-overlay=\"false\"><div class=\"inner-wrap row-bg-layer\" ><div class=\"row-bg viewport-desktop\"  style=\"\"><\/div><\/div><\/div><div class=\"row_col_wrap_12 col span_12 dark left\">\n\t<div  class=\"vc_col-sm-6 wpb_column column_container vc_column_container col no-extra-padding inherit_tablet inherit_phone\"  data-padding-pos=\"all\" data-has-bg-color=\"false\" data-bg-color=\"\" data-bg-opacity=\"1\" data-animation=\"\" data-delay=\"0\" >\n\t\t<div class=\"vc_column-inner\" >\n\t\t\t<div class=\"wpb_wrapper\">\n\t\t\t\t\n<div class=\"wpb_text_column wpb_content_element\" >\n\t<div class=\"wpb_wrapper\">\n\t\t<h2 class=\"AnswerParser_AnswerParserH4__ghxg8\"><strong>Estuches farmac\u00e9uticos \/ cosm\u00e9ticos<br \/>\n<\/strong><\/h2>\n<h6>Envasado a medida de productos cosm\u00e9ticos y farmac\u00e9uticos en Marruecos<\/h6>\n\t<\/div>\n<\/div>\n\n\n\n\n<div class=\"wpb_text_column wpb_content_element\" >\n\t<div class=\"wpb_wrapper\">\n\t\t<p data-start=\"1305\" data-end=\"1347\"><strong>\u00bfPor qu\u00e9 elegir <a href=\"https:\/\/printsmilepro.ma\/es\/a-propos\/\">Imprimir Smile Pro<\/a> ?<\/strong><\/p>\n<ul data-start=\"1348\" data-end=\"1542\">\n<li data-start=\"1348\" data-end=\"1388\">\n<p data-start=\"1350\" data-end=\"1388\">Producci\u00f3n local r\u00e1pida y flexible<\/p>\n<\/li>\n<li data-start=\"1389\" data-end=\"1458\">\n<p data-start=\"1391\" data-end=\"1458\">Materiales certificados para las industrias cosm\u00e9tica y farmac\u00e9utica<\/p>\n<\/li>\n<li data-start=\"1459\" data-end=\"1513\">\n<p data-start=\"1461\" data-end=\"1513\">Asistencia gr\u00e1fica y t\u00e9cnica personalizada<\/p>\n<\/li>\n<li data-start=\"1514\" data-end=\"1542\">\n<p data-start=\"1516\" data-end=\"1542\">Entrega en cualquier lugar de Marruecos<\/p>\n<\/li>\n<\/ul>\n\t<\/div>\n<\/div>\n\n\n\n\n\t\t\t<\/div> \n\t\t<\/div>\n\t<\/div> \n\n\t<div  class=\"vc_col-sm-6 wpb_column column_container vc_column_container col no-extra-padding inherit_tablet inherit_phone\"  data-padding-pos=\"all\" data-has-bg-color=\"false\" data-bg-color=\"\" data-bg-opacity=\"1\" data-animation=\"\" data-delay=\"0\" >\n\t\t<div class=\"vc_column-inner\" >\n\t\t\t<div class=\"wpb_wrapper\">\n\t\t\t\t<div class=\"img-with-aniamtion-wrap\" data-max-width=\"100%\" data-max-width-mobile=\"default\" data-shadow=\"none\" data-animation=\"none\" >\n      <div class=\"inner\">\n        <div class=\"hover-wrap\"> \n          <div class=\"hover-wrap-inner\">\n            <img loading=\"lazy\" decoding=\"async\" class=\"img-with-animation skip-lazy\" data-delay=\"0\" height=\"780\" width=\"1170\" data-animation=\"none\" src=\"https:\/\/printsmilepro.ma\/wp-content\/uploads\/2025\/06\/Bo2.webp\" alt=\"\" srcset=\"https:\/\/printsmilepro.ma\/wp-content\/uploads\/2025\/06\/Bo2.webp 1170w, https:\/\/printsmilepro.ma\/wp-content\/uploads\/2025\/06\/Bo2-300x200.webp 300w, https:\/\/printsmilepro.ma\/wp-content\/uploads\/2025\/06\/Bo2-1024x683.webp 1024w, https:\/\/printsmilepro.ma\/wp-content\/uploads\/2025\/06\/Bo2-768x512.webp 768w, https:\/\/printsmilepro.ma\/wp-content\/uploads\/2025\/06\/Bo2-18x12.webp 18w, https:\/\/printsmilepro.ma\/wp-content\/uploads\/2025\/06\/Bo2-900x600.webp 900w\" sizes=\"auto, (max-width: 1170px) 100vw, 1170px\" \/>\n          <\/div>\n        <\/div>\n      <\/div>\n    <\/div>\n\t\t\t<\/div> \n\t\t<\/div>\n\t<\/div> \n<\/div><\/div>","protected":false},"excerpt":{"rendered":"\u00c9tuis pharmaceutiques \/ Cosm\u00e9tiques Emballages et \u00e9tuis pharmaceutiques personnalis\u00e9s \u00e0 Casablanca, Maroc \u00c9tuis Pharmaceutiques &amp; Cosm\u00e9tiques \u2013 Impression &amp; Emballage au Maroc Print Smile Pro vous accompagne dans la cr\u00e9ation...","protected":false},"author":1,"featured_media":0,"parent":0,"menu_order":0,"comment_status":"closed","ping_status":"closed","template":"","meta":{"_monsterinsights_skip_tracking":false,"_monsterinsights_sitenote_active":false,"_monsterinsights_sitenote_note":"","_monsterinsights_sitenote_category":0,"_joinchat":[],"footnotes":""},"class_list":["post-940","page","type-page","status-publish"],"yoast_head":"<!-- This site is optimized with the Yoast SEO plugin v26.2 - https:\/\/yoast.com\/wordpress\/plugins\/seo\/ -->\n<title>Emballage \u00c9tuis pharmaceutiques Cosm\u00e9tiques Casablanca, Maroc<\/title>\n<meta name=\"description\" content=\"Emballage \u00c9tuis pharmaceutiques \/ Cosm\u00e9tiques personnalis\u00e9es de Print Smile Pro \u00e0 Casablanca, Maroc. Impression de haute qualit\u00e9.\" \/>\n<meta name=\"robots\" content=\"index, follow, max-snippet:-1, max-image-preview:large, max-video-preview:-1\" \/>\n<link rel=\"canonical\" href=\"https:\/\/printsmilepro.ma\/es\/estuches-farmaceuticos-cosmeticos\/\" \/>\n<meta property=\"og:locale\" content=\"es_ES\" \/>\n<meta property=\"og:type\" content=\"article\" \/>\n<meta property=\"og:title\" content=\"Emballage \u00c9tuis pharmaceutiques Cosm\u00e9tiques Casablanca, Maroc\" \/>\n<meta property=\"og:description\" content=\"Emballage \u00c9tuis pharmaceutiques \/ Cosm\u00e9tiques personnalis\u00e9es de Print Smile Pro \u00e0 Casablanca, Maroc. Impression de haute qualit\u00e9.\" \/>\n<meta property=\"og:url\" content=\"https:\/\/printsmilepro.ma\/es\/estuches-farmaceuticos-cosmeticos\/\" \/>\n<meta property=\"og:site_name\" content=\"Print Smile Pro\" \/>\n<meta property=\"article:modified_time\" content=\"2025-07-28T12:16:31+00:00\" \/>\n<meta name=\"twitter:card\" content=\"summary_large_image\" \/>\n<meta name=\"twitter:label1\" content=\"Tiempo de lectura\" \/>\n\t<meta name=\"twitter:data1\" content=\"2 minutos\" \/>\n<script type=\"application\/ld+json\" class=\"yoast-schema-graph\">{\"@context\":\"https:\/\/schema.org\",\"@graph\":[{\"@type\":\"WebPage\",\"@id\":\"https:\/\/printsmilepro.ma\/etuis-pharmaceutiques-cosmetiques\/\",\"url\":\"https:\/\/printsmilepro.ma\/etuis-pharmaceutiques-cosmetiques\/\",\"name\":\"Emballage \u00c9tuis pharmaceutiques Cosm\u00e9tiques Casablanca, Maroc\",\"isPartOf\":{\"@id\":\"https:\/\/printsmilepro.ma\/#website\"},\"datePublished\":\"2025-06-23T13:46:48+00:00\",\"dateModified\":\"2025-07-28T12:16:31+00:00\",\"description\":\"Emballage \u00c9tuis pharmaceutiques \/ Cosm\u00e9tiques personnalis\u00e9es de Print Smile Pro \u00e0 Casablanca, Maroc. Impression de haute qualit\u00e9.\",\"breadcrumb\":{\"@id\":\"https:\/\/printsmilepro.ma\/etuis-pharmaceutiques-cosmetiques\/#breadcrumb\"},\"inLanguage\":\"es\",\"potentialAction\":[{\"@type\":\"ReadAction\",\"target\":[\"https:\/\/printsmilepro.ma\/etuis-pharmaceutiques-cosmetiques\/\"]}]},{\"@type\":\"BreadcrumbList\",\"@id\":\"https:\/\/printsmilepro.ma\/etuis-pharmaceutiques-cosmetiques\/#breadcrumb\",\"itemListElement\":[{\"@type\":\"ListItem\",\"position\":1,\"name\":\"Accueil\",\"item\":\"https:\/\/printsmilepro.ma\/\"},{\"@type\":\"ListItem\",\"position\":2,\"name\":\"\u00c9tuis pharmaceutiques \/ Cosm\u00e9tiques\"}]},{\"@type\":\"WebSite\",\"@id\":\"https:\/\/printsmilepro.ma\/#website\",\"url\":\"https:\/\/printsmilepro.ma\/\",\"name\":\"Print Smile Pro\",\"description\":\"Votre partenaire id\u00e9al pour la r\u00e9alisation de tous vos travaux d&#039;impression offset et num\u00e9rique\",\"publisher\":{\"@id\":\"https:\/\/printsmilepro.ma\/#organization\"},\"potentialAction\":[{\"@type\":\"SearchAction\",\"target\":{\"@type\":\"EntryPoint\",\"urlTemplate\":\"https:\/\/printsmilepro.ma\/?s={search_term_string}\"},\"query-input\":{\"@type\":\"PropertyValueSpecification\",\"valueRequired\":true,\"valueName\":\"search_term_string\"}}],\"inLanguage\":\"es\"},{\"@type\":\"Organization\",\"@id\":\"https:\/\/printsmilepro.ma\/#organization\",\"name\":\"Print Smile Pro\",\"url\":\"https:\/\/printsmilepro.ma\/\",\"logo\":{\"@type\":\"ImageObject\",\"inLanguage\":\"es\",\"@id\":\"https:\/\/printsmilepro.ma\/#\/schema\/logo\/image\/\",\"url\":\"https:\/\/printsmilepro.ma\/wp-content\/uploads\/2025\/05\/logo-2.png\",\"contentUrl\":\"https:\/\/printsmilepro.ma\/wp-content\/uploads\/2025\/05\/logo-2.png\",\"width\":194,\"height\":80,\"caption\":\"Print Smile Pro\"},\"image\":{\"@id\":\"https:\/\/printsmilepro.ma\/#\/schema\/logo\/image\/\"}}]}<\/script>\n<!-- \/ Yoast SEO plugin. -->","yoast_head_json":{"title":"Envasado de estuches farmac\u00e9uticos Cosm\u00e9ticos Casablanca, Marruecos","description":"Envases farmac\u00e9uticos \/ cosm\u00e9ticos personalizados de Print Smile Pro en Casablanca, Marruecos. Impresi\u00f3n de alta calidad.","robots":{"index":"index","follow":"follow","max-snippet":"max-snippet:-1","max-image-preview":"max-image-preview:large","max-video-preview":"max-video-preview:-1"},"canonical":"https:\/\/printsmilepro.ma\/es\/estuches-farmaceuticos-cosmeticos\/","og_locale":"es_ES","og_type":"article","og_title":"Emballage \u00c9tuis pharmaceutiques Cosm\u00e9tiques Casablanca, Maroc","og_description":"Emballage \u00c9tuis pharmaceutiques \/ Cosm\u00e9tiques personnalis\u00e9es de Print Smile Pro \u00e0 Casablanca, Maroc. Impression de haute qualit\u00e9.","og_url":"https:\/\/printsmilepro.ma\/es\/estuches-farmaceuticos-cosmeticos\/","og_site_name":"Print Smile Pro","article_modified_time":"2025-07-28T12:16:31+00:00","twitter_card":"summary_large_image","twitter_misc":{"Tiempo de lectura":"2 minutos"},"schema":{"@context":"https:\/\/schema.org","@graph":[{"@type":"WebPage","@id":"https:\/\/printsmilepro.ma\/etuis-pharmaceutiques-cosmetiques\/","url":"https:\/\/printsmilepro.ma\/etuis-pharmaceutiques-cosmetiques\/","name":"Envasado de estuches farmac\u00e9uticos Cosm\u00e9ticos Casablanca, Marruecos","isPartOf":{"@id":"https:\/\/printsmilepro.ma\/#website"},"datePublished":"2025-06-23T13:46:48+00:00","dateModified":"2025-07-28T12:16:31+00:00","description":"Envases farmac\u00e9uticos \/ cosm\u00e9ticos personalizados de Print Smile Pro en Casablanca, Marruecos. Impresi\u00f3n de alta calidad.","breadcrumb":{"@id":"https:\/\/printsmilepro.ma\/etuis-pharmaceutiques-cosmetiques\/#breadcrumb"},"inLanguage":"es","potentialAction":[{"@type":"ReadAction","target":["https:\/\/printsmilepro.ma\/etuis-pharmaceutiques-cosmetiques\/"]}]},{"@type":"BreadcrumbList","@id":"https:\/\/printsmilepro.ma\/etuis-pharmaceutiques-cosmetiques\/#breadcrumb","itemListElement":[{"@type":"ListItem","position":1,"name":"Accueil","item":"https:\/\/printsmilepro.ma\/"},{"@type":"ListItem","position":2,"name":"\u00c9tuis pharmaceutiques \/ Cosm\u00e9tiques"}]},{"@type":"WebSite","@id":"https:\/\/printsmilepro.ma\/#website","url":"https:\/\/printsmilepro.ma\/","name":"Imprimir Smile Pro","description":"Su socio ideal para todas sus necesidades de impresi\u00f3n offset y digital","publisher":{"@id":"https:\/\/printsmilepro.ma\/#organization"},"potentialAction":[{"@type":"SearchAction","target":{"@type":"EntryPoint","urlTemplate":"https:\/\/printsmilepro.ma\/?s={search_term_string}"},"query-input":{"@type":"PropertyValueSpecification","valueRequired":true,"valueName":"search_term_string"}}],"inLanguage":"es"},{"@type":"Organization","@id":"https:\/\/printsmilepro.ma\/#organization","name":"Imprimir Smile Pro","url":"https:\/\/printsmilepro.ma\/","logo":{"@type":"ImageObject","inLanguage":"es","@id":"https:\/\/printsmilepro.ma\/#\/schema\/logo\/image\/","url":"https:\/\/printsmilepro.ma\/wp-content\/uploads\/2025\/05\/logo-2.png","contentUrl":"https:\/\/printsmilepro.ma\/wp-content\/uploads\/2025\/05\/logo-2.png","width":194,"height":80,"caption":"Print Smile Pro"},"image":{"@id":"https:\/\/printsmilepro.ma\/#\/schema\/logo\/image\/"}}]}},"_links":{"self":[{"href":"https:\/\/printsmilepro.ma\/es\/wp-json\/wp\/v2\/pages\/940","targetHints":{"allow":["GET"]}}],"collection":[{"href":"https:\/\/printsmilepro.ma\/es\/wp-json\/wp\/v2\/pages"}],"about":[{"href":"https:\/\/printsmilepro.ma\/es\/wp-json\/wp\/v2\/types\/page"}],"author":[{"embeddable":true,"href":"https:\/\/printsmilepro.ma\/es\/wp-json\/wp\/v2\/users\/1"}],"replies":[{"embeddable":true,"href":"https:\/\/printsmilepro.ma\/es\/wp-json\/wp\/v2\/comments?post=940"}],"version-history":[{"count":5,"href":"https:\/\/printsmilepro.ma\/es\/wp-json\/wp\/v2\/pages\/940\/revisions"}],"predecessor-version":[{"id":1032,"href":"https:\/\/printsmilepro.ma\/es\/wp-json\/wp\/v2\/pages\/940\/revisions\/1032"}],"wp:attachment":[{"href":"https:\/\/printsmilepro.ma\/es\/wp-json\/wp\/v2\/media?parent=940"}],"curies":[{"name":"wp","href":"https:\/\/api.w.org\/{rel}","templated":true}]}}