{"id":83,"date":"2025-05-19T11:31:28","date_gmt":"2025-05-19T11:31:28","guid":{"rendered":"https:\/\/printsmilepro.ma\/?page_id=83"},"modified":"2025-06-28T16:14:38","modified_gmt":"2025-06-28T16:14:38","slug":"diseno-grafico","status":"publish","type":"page","link":"https:\/\/printsmilepro.ma\/es\/diseno-grafico\/","title":{"rendered":"Dise\u00f1o gr\u00e1fico"},"content":{"rendered":"<div id=\"fws_69e88ec502d18\"  data-column-margin=\"40px\" data-midnight=\"dark\"  class=\"wpb_row vc_row-fluid vc_row vc_row-o-equal-height vc_row-flex vc_row-o-content-middle  top_margin_40px bottom_margin_40px\"  style=\"padding-top: 0px; padding-bottom: 0px; \"><div class=\"row-bg-wrap\" data-bg-animation=\"none\" data-bg-animation-delay=\"\" data-bg-overlay=\"false\"><div class=\"inner-wrap row-bg-layer\" ><div class=\"row-bg viewport-desktop\"  style=\"\"><\/div><\/div><\/div><div class=\"row_col_wrap_12 col span_12 dark left\">\n\t<div  class=\"vc_col-sm-6 wpb_column column_container vc_column_container col no-extra-padding inherit_tablet inherit_phone\"  data-padding-pos=\"all\" data-has-bg-color=\"false\" data-bg-color=\"\" data-bg-opacity=\"1\" data-animation=\"\" data-delay=\"0\" >\n\t\t<div class=\"vc_column-inner\" >\n\t\t\t<div class=\"wpb_wrapper\">\n\t\t\t\t\n<div class=\"wpb_text_column wpb_content_element\" >\n\t<div class=\"wpb_wrapper\">\n\t\t<h2>Dise\u00f1o gr\u00e1fico<\/h2>\n\t<\/div>\n<\/div>\n\n\n\n\n<div class=\"wpb_text_column wpb_content_element\" >\n\t<div class=\"wpb_wrapper\">\n\t\t<p>Print Smile Pro destaca por su experiencia en dise\u00f1o de impresi\u00f3n, ofreciendo servicios adaptados a las empresas de Casablanca y sus alrededores. Nuestro equipo de talentosos dise\u00f1adores gr\u00e1ficos crea dise\u00f1os \u00fanicos para diversos soportes impresos, como carteles, folletos, octavillas y tarjetas de visita, respetando al mismo tiempo la identidad visual de cada cliente.<\/p>\n\t<\/div>\n<\/div>\n\n\n\n\n\t\t\t<\/div> \n\t\t<\/div>\n\t<\/div> \n\n\t<div  class=\"vc_col-sm-6 wpb_column column_container vc_column_container col no-extra-padding inherit_tablet inherit_phone\"  data-padding-pos=\"all\" data-has-bg-color=\"false\" data-bg-color=\"\" data-bg-opacity=\"1\" data-animation=\"\" data-delay=\"0\" >\n\t\t<div class=\"vc_column-inner\" >\n\t\t\t<div class=\"wpb_wrapper\">\n\t\t\t\t<div class=\"img-with-aniamtion-wrap\" data-max-width=\"100%\" data-max-width-mobile=\"default\" data-shadow=\"none\" data-animation=\"none\" >\n      <div class=\"inner\">\n        <div class=\"hover-wrap\"> \n          <div class=\"hover-wrap-inner\">\n            <img loading=\"lazy\" decoding=\"async\" class=\"img-with-animation skip-lazy\" data-delay=\"0\" height=\"801\" width=\"1200\" data-animation=\"none\" src=\"https:\/\/printsmilepro.ma\/wp-content\/uploads\/2025\/05\/image-from-rawpixel-id-65066-jpeg.jpg\" alt=\"\" srcset=\"https:\/\/printsmilepro.ma\/wp-content\/uploads\/2025\/05\/image-from-rawpixel-id-65066-jpeg.jpg 1200w, https:\/\/printsmilepro.ma\/wp-content\/uploads\/2025\/05\/image-from-rawpixel-id-65066-jpeg-300x200.jpg 300w, https:\/\/printsmilepro.ma\/wp-content\/uploads\/2025\/05\/image-from-rawpixel-id-65066-jpeg-1024x684.jpg 1024w, https:\/\/printsmilepro.ma\/wp-content\/uploads\/2025\/05\/image-from-rawpixel-id-65066-jpeg-768x513.jpg 768w, https:\/\/printsmilepro.ma\/wp-content\/uploads\/2025\/05\/image-from-rawpixel-id-65066-jpeg-900x600.jpg 900w\" sizes=\"auto, (max-width: 1200px) 100vw, 1200px\" \/>\n          <\/div>\n        <\/div>\n      <\/div>\n    <\/div>\n\t\t\t<\/div> \n\t\t<\/div>\n\t<\/div> \n<\/div><\/div>\n\t\t<div id=\"fws_69e88ec503685\"  data-column-margin=\"40px\" data-midnight=\"dark\"  class=\"wpb_row vc_row-fluid vc_row full-width-section vc_row-o-equal-height vc_row-flex vc_row-o-content-middle  top_margin_40px bottom_margin_40px\"  style=\"padding-top: 40px; padding-bottom: 40px; \"><div class=\"row-bg-wrap\" data-bg-animation=\"none\" data-bg-animation-delay=\"\" data-bg-overlay=\"false\"><div class=\"inner-wrap row-bg-layer\" ><div class=\"row-bg viewport-desktop using-bg-color\"  style=\"background-color: #d3d3d3; \"><\/div><\/div><\/div><div class=\"row_col_wrap_12 col span_12 dark left\">\n\t<div  class=\"vc_col-sm-6 wpb_column column_container vc_column_container col no-extra-padding inherit_tablet inherit_phone\"  data-padding-pos=\"all\" data-has-bg-color=\"false\" data-bg-color=\"\" data-bg-opacity=\"1\" data-animation=\"\" data-delay=\"0\" >\n\t\t<div class=\"vc_column-inner\" >\n\t\t\t<div class=\"wpb_wrapper\">\n\t\t\t\t<div class=\"img-with-aniamtion-wrap\" data-max-width=\"100%\" data-max-width-mobile=\"default\" data-shadow=\"none\" data-animation=\"none\" >\n      <div class=\"inner\">\n        <div class=\"hover-wrap\"> \n          <div class=\"hover-wrap-inner\">\n            <img loading=\"lazy\" decoding=\"async\" class=\"img-with-animation skip-lazy\" data-delay=\"0\" height=\"801\" width=\"1200\" data-animation=\"none\" src=\"https:\/\/printsmilepro.ma\/wp-content\/uploads\/2025\/05\/image-from-rawpixel-id-12844-jpeg.jpg\" alt=\"\" srcset=\"https:\/\/printsmilepro.ma\/wp-content\/uploads\/2025\/05\/image-from-rawpixel-id-12844-jpeg.jpg 1200w, https:\/\/printsmilepro.ma\/wp-content\/uploads\/2025\/05\/image-from-rawpixel-id-12844-jpeg-300x200.jpg 300w, https:\/\/printsmilepro.ma\/wp-content\/uploads\/2025\/05\/image-from-rawpixel-id-12844-jpeg-1024x684.jpg 1024w, https:\/\/printsmilepro.ma\/wp-content\/uploads\/2025\/05\/image-from-rawpixel-id-12844-jpeg-768x513.jpg 768w, https:\/\/printsmilepro.ma\/wp-content\/uploads\/2025\/05\/image-from-rawpixel-id-12844-jpeg-900x600.jpg 900w\" sizes=\"auto, (max-width: 1200px) 100vw, 1200px\" \/>\n          <\/div>\n        <\/div>\n      <\/div>\n    <\/div>\n\t\t\t<\/div> \n\t\t<\/div>\n\t<\/div> \n\n\t<div  class=\"vc_col-sm-6 wpb_column column_container vc_column_container col no-extra-padding inherit_tablet inherit_phone\"  data-padding-pos=\"all\" data-has-bg-color=\"false\" data-bg-color=\"\" data-bg-opacity=\"1\" data-animation=\"\" data-delay=\"0\" >\n\t\t<div class=\"vc_column-inner\" >\n\t\t\t<div class=\"wpb_wrapper\">\n\t\t\t\t\n<div class=\"wpb_text_column wpb_content_element\" >\n\t<div class=\"wpb_wrapper\">\n\t\t<h2>Dise\u00f1o gr\u00e1fico<\/h2>\n\t<\/div>\n<\/div>\n\n\n\n\n<div class=\"wpb_text_column wpb_content_element\" >\n\t<div class=\"wpb_wrapper\">\n\t\t<ul>\n<li><strong>Creaciones a medida<\/strong> : Cada proyecto se dise\u00f1a espec\u00edficamente para satisfacer las necesidades de nuestros clientes, garantizando que su mensaje se comunique con eficacia.<\/li>\n<li><strong>Colaboraci\u00f3n local<\/strong> Como agencia con sede en Casablanca, entendemos las especificidades del mercado local y trabajamos en estrecha colaboraci\u00f3n con nuestros clientes para lograr resultados \u00f3ptimos.<\/li>\n<li><strong>Fuerte identidad visual<\/strong>\u00a0: Ayudamos a las empresas a establecer una carta gr\u00e1fica coherente que refuerce su imagen de marca y su visibilidad en el mercado.<\/li>\n<\/ul>\n\t<\/div>\n<\/div>\n\n\n\n\n\t\t\t<\/div> \n\t\t<\/div>\n\t<\/div> \n<\/div><\/div>\n\t\t<div id=\"fws_69e88ec503a1f\"  data-column-margin=\"40px\" data-midnight=\"dark\"  class=\"wpb_row vc_row-fluid vc_row vc_row-o-equal-height vc_row-flex vc_row-o-content-middle  top_margin_40px bottom_margin_40px\"  style=\"padding-top: 0px; padding-bottom: 0px; \"><div class=\"row-bg-wrap\" data-bg-animation=\"none\" data-bg-animation-delay=\"\" data-bg-overlay=\"false\"><div class=\"inner-wrap row-bg-layer\" ><div class=\"row-bg viewport-desktop\"  style=\"\"><\/div><\/div><\/div><div class=\"row_col_wrap_12 col span_12 dark left\">\n\t<div  class=\"vc_col-sm-6 wpb_column column_container vc_column_container col no-extra-padding inherit_tablet inherit_phone\"  data-padding-pos=\"all\" data-has-bg-color=\"false\" data-bg-color=\"\" data-bg-opacity=\"1\" data-animation=\"\" data-delay=\"0\" >\n\t\t<div class=\"vc_column-inner\" >\n\t\t\t<div class=\"wpb_wrapper\">\n\t\t\t\t\n<div class=\"wpb_text_column wpb_content_element\" >\n\t<div class=\"wpb_wrapper\">\n\t\t<h2>Dise\u00f1o gr\u00e1fico<\/h2>\n\t<\/div>\n<\/div>\n\n\n\n\n<div class=\"wpb_text_column wpb_content_element\" >\n\t<div class=\"wpb_wrapper\">\n\t\t<p data-start=\"147\" data-end=\"204\">En Print Smile Pro, nos comprometemos a ofrecer servicios de impresi\u00f3n de alta calidad con un plazo de entrega r\u00e1pido. Sabemos que el tiempo es esencial para nuestros clientes, por lo que nos esforzamos por entregar sus proyectos a tiempo, sin comprometer la calidad.<\/p>\n\t<\/div>\n<\/div>\n\n\n\n\n\t\t\t<\/div> \n\t\t<\/div>\n\t<\/div> \n\n\t<div  class=\"vc_col-sm-6 wpb_column column_container vc_column_container col no-extra-padding inherit_tablet inherit_phone\"  data-padding-pos=\"all\" data-has-bg-color=\"false\" data-bg-color=\"\" data-bg-opacity=\"1\" data-animation=\"\" data-delay=\"0\" >\n\t\t<div class=\"vc_column-inner\" >\n\t\t\t<div class=\"wpb_wrapper\">\n\t\t\t\t<div class=\"img-with-aniamtion-wrap\" data-max-width=\"100%\" data-max-width-mobile=\"default\" data-shadow=\"none\" data-animation=\"none\" >\n      <div class=\"inner\">\n        <div class=\"hover-wrap\"> \n          <div class=\"hover-wrap-inner\">\n            <img loading=\"lazy\" decoding=\"async\" class=\"img-with-animation skip-lazy\" data-delay=\"0\" height=\"801\" width=\"1200\" data-animation=\"none\" src=\"https:\/\/printsmilepro.ma\/wp-content\/uploads\/2025\/05\/image-from-rawpixel-id-267316-jpeg.jpg\" alt=\"\" srcset=\"https:\/\/printsmilepro.ma\/wp-content\/uploads\/2025\/05\/image-from-rawpixel-id-267316-jpeg.jpg 1200w, https:\/\/printsmilepro.ma\/wp-content\/uploads\/2025\/05\/image-from-rawpixel-id-267316-jpeg-300x200.jpg 300w, https:\/\/printsmilepro.ma\/wp-content\/uploads\/2025\/05\/image-from-rawpixel-id-267316-jpeg-1024x684.jpg 1024w, https:\/\/printsmilepro.ma\/wp-content\/uploads\/2025\/05\/image-from-rawpixel-id-267316-jpeg-768x513.jpg 768w, https:\/\/printsmilepro.ma\/wp-content\/uploads\/2025\/05\/image-from-rawpixel-id-267316-jpeg-900x600.jpg 900w\" sizes=\"auto, (max-width: 1200px) 100vw, 1200px\" \/>\n          <\/div>\n        <\/div>\n      <\/div>\n    <\/div>\n\t\t\t<\/div> \n\t\t<\/div>\n\t<\/div> \n<\/div><\/div>","protected":false},"excerpt":{"rendered":"Dise\u00f1o gr\u00e1fico impreso Smile Pro se distingue por su experiencia en dise\u00f1o gr\u00e1fico impreso, ofreciendo servicios adaptados a las empresas de Casablanca y alrededores. Nuestro equipo de dise\u00f1adores gr\u00e1ficos...","protected":false},"author":1,"featured_media":0,"parent":0,"menu_order":0,"comment_status":"closed","ping_status":"closed","template":"","meta":{"_monsterinsights_skip_tracking":false,"_monsterinsights_sitenote_active":false,"_monsterinsights_sitenote_note":"","_monsterinsights_sitenote_category":0,"_joinchat":[],"footnotes":""},"class_list":["post-83","page","type-page","status-publish"],"yoast_head":"<!-- This site is optimized with the Yoast SEO plugin v26.2 - https:\/\/yoast.com\/wordpress\/plugins\/seo\/ -->\n<title>Conception Graphique Casablanca | Studio Cr\u00e9atif au Maroc<\/title>\n<meta name=\"description\" content=\"Agence de conception graphique \u00e0 Casablanca : logos, affiches, branding. Cr\u00e9ativit\u00e9 et qualit\u00e9 au meilleur prix au Maroc. Contactez-nous\u202f!\" \/>\n<meta name=\"robots\" content=\"index, follow, max-snippet:-1, max-image-preview:large, max-video-preview:-1\" \/>\n<link rel=\"canonical\" href=\"https:\/\/printsmilepro.ma\/es\/diseno-grafico\/\" \/>\n<meta property=\"og:locale\" content=\"es_ES\" \/>\n<meta property=\"og:type\" content=\"article\" \/>\n<meta property=\"og:title\" content=\"Conception Graphique Casablanca | Studio Cr\u00e9atif au Maroc\" \/>\n<meta property=\"og:description\" content=\"Agence de conception graphique \u00e0 Casablanca : logos, affiches, branding. Cr\u00e9ativit\u00e9 et qualit\u00e9 au meilleur prix au Maroc. Contactez-nous\u202f!\" \/>\n<meta property=\"og:url\" content=\"https:\/\/printsmilepro.ma\/es\/diseno-grafico\/\" \/>\n<meta property=\"og:site_name\" content=\"Print Smile Pro\" \/>\n<meta property=\"article:modified_time\" content=\"2025-06-28T16:14:38+00:00\" \/>\n<meta name=\"twitter:card\" content=\"summary_large_image\" \/>\n<meta name=\"twitter:label1\" content=\"Tiempo de lectura\" \/>\n\t<meta name=\"twitter:data1\" content=\"2 minutos\" \/>\n<script type=\"application\/ld+json\" class=\"yoast-schema-graph\">{\"@context\":\"https:\/\/schema.org\",\"@graph\":[{\"@type\":\"WebPage\",\"@id\":\"https:\/\/printsmilepro.ma\/conception-graphique\/\",\"url\":\"https:\/\/printsmilepro.ma\/conception-graphique\/\",\"name\":\"Conception Graphique Casablanca | Studio Cr\u00e9atif au Maroc\",\"isPartOf\":{\"@id\":\"https:\/\/printsmilepro.ma\/#website\"},\"datePublished\":\"2025-05-19T11:31:28+00:00\",\"dateModified\":\"2025-06-28T16:14:38+00:00\",\"description\":\"Agence de conception graphique \u00e0 Casablanca : logos, affiches, branding. Cr\u00e9ativit\u00e9 et qualit\u00e9 au meilleur prix au Maroc. Contactez-nous\u202f!\",\"breadcrumb\":{\"@id\":\"https:\/\/printsmilepro.ma\/conception-graphique\/#breadcrumb\"},\"inLanguage\":\"es\",\"potentialAction\":[{\"@type\":\"ReadAction\",\"target\":[\"https:\/\/printsmilepro.ma\/conception-graphique\/\"]}]},{\"@type\":\"BreadcrumbList\",\"@id\":\"https:\/\/printsmilepro.ma\/conception-graphique\/#breadcrumb\",\"itemListElement\":[{\"@type\":\"ListItem\",\"position\":1,\"name\":\"Accueil\",\"item\":\"https:\/\/printsmilepro.ma\/\"},{\"@type\":\"ListItem\",\"position\":2,\"name\":\"Conception graphique\"}]},{\"@type\":\"WebSite\",\"@id\":\"https:\/\/printsmilepro.ma\/#website\",\"url\":\"https:\/\/printsmilepro.ma\/\",\"name\":\"Print Smile Pro\",\"description\":\"Votre partenaire id\u00e9al pour la r\u00e9alisation de tous vos travaux d&#039;impression offset et num\u00e9rique\",\"publisher\":{\"@id\":\"https:\/\/printsmilepro.ma\/#organization\"},\"potentialAction\":[{\"@type\":\"SearchAction\",\"target\":{\"@type\":\"EntryPoint\",\"urlTemplate\":\"https:\/\/printsmilepro.ma\/?s={search_term_string}\"},\"query-input\":{\"@type\":\"PropertyValueSpecification\",\"valueRequired\":true,\"valueName\":\"search_term_string\"}}],\"inLanguage\":\"es\"},{\"@type\":\"Organization\",\"@id\":\"https:\/\/printsmilepro.ma\/#organization\",\"name\":\"Print Smile Pro\",\"url\":\"https:\/\/printsmilepro.ma\/\",\"logo\":{\"@type\":\"ImageObject\",\"inLanguage\":\"es\",\"@id\":\"https:\/\/printsmilepro.ma\/#\/schema\/logo\/image\/\",\"url\":\"https:\/\/printsmilepro.ma\/wp-content\/uploads\/2025\/05\/logo-2.png\",\"contentUrl\":\"https:\/\/printsmilepro.ma\/wp-content\/uploads\/2025\/05\/logo-2.png\",\"width\":194,\"height\":80,\"caption\":\"Print Smile Pro\"},\"image\":{\"@id\":\"https:\/\/printsmilepro.ma\/#\/schema\/logo\/image\/\"}}]}<\/script>\n<!-- \/ Yoast SEO plugin. -->","yoast_head_json":{"title":"Dise\u00f1o Gr\u00e1fico Casablanca | Estudio Creativo en Marruecos","description":"Agencia de dise\u00f1o gr\u00e1fico en Casablanca: logotipos, carteles, branding. Creatividad y calidad a los mejores precios de Marruecos. \u00a1Le esperamos!","robots":{"index":"index","follow":"follow","max-snippet":"max-snippet:-1","max-image-preview":"max-image-preview:large","max-video-preview":"max-video-preview:-1"},"canonical":"https:\/\/printsmilepro.ma\/es\/diseno-grafico\/","og_locale":"es_ES","og_type":"article","og_title":"Conception Graphique Casablanca | Studio Cr\u00e9atif au Maroc","og_description":"Agence de conception graphique \u00e0 Casablanca : logos, affiches, branding. Cr\u00e9ativit\u00e9 et qualit\u00e9 au meilleur prix au Maroc. Contactez-nous\u202f!","og_url":"https:\/\/printsmilepro.ma\/es\/diseno-grafico\/","og_site_name":"Print Smile Pro","article_modified_time":"2025-06-28T16:14:38+00:00","twitter_card":"summary_large_image","twitter_misc":{"Tiempo de lectura":"2 minutos"},"schema":{"@context":"https:\/\/schema.org","@graph":[{"@type":"WebPage","@id":"https:\/\/printsmilepro.ma\/conception-graphique\/","url":"https:\/\/printsmilepro.ma\/conception-graphique\/","name":"Dise\u00f1o Gr\u00e1fico Casablanca | Estudio Creativo en Marruecos","isPartOf":{"@id":"https:\/\/printsmilepro.ma\/#website"},"datePublished":"2025-05-19T11:31:28+00:00","dateModified":"2025-06-28T16:14:38+00:00","description":"Agencia de dise\u00f1o gr\u00e1fico en Casablanca: logotipos, carteles, branding. Creatividad y calidad a los mejores precios de Marruecos. \u00a1Le esperamos!","breadcrumb":{"@id":"https:\/\/printsmilepro.ma\/conception-graphique\/#breadcrumb"},"inLanguage":"es","potentialAction":[{"@type":"ReadAction","target":["https:\/\/printsmilepro.ma\/conception-graphique\/"]}]},{"@type":"BreadcrumbList","@id":"https:\/\/printsmilepro.ma\/conception-graphique\/#breadcrumb","itemListElement":[{"@type":"ListItem","position":1,"name":"Accueil","item":"https:\/\/printsmilepro.ma\/"},{"@type":"ListItem","position":2,"name":"Conception graphique"}]},{"@type":"WebSite","@id":"https:\/\/printsmilepro.ma\/#website","url":"https:\/\/printsmilepro.ma\/","name":"Imprimir Smile Pro","description":"Su socio ideal para todas sus necesidades de impresi\u00f3n offset y digital","publisher":{"@id":"https:\/\/printsmilepro.ma\/#organization"},"potentialAction":[{"@type":"SearchAction","target":{"@type":"EntryPoint","urlTemplate":"https:\/\/printsmilepro.ma\/?s={search_term_string}"},"query-input":{"@type":"PropertyValueSpecification","valueRequired":true,"valueName":"search_term_string"}}],"inLanguage":"es"},{"@type":"Organization","@id":"https:\/\/printsmilepro.ma\/#organization","name":"Imprimir Smile Pro","url":"https:\/\/printsmilepro.ma\/","logo":{"@type":"ImageObject","inLanguage":"es","@id":"https:\/\/printsmilepro.ma\/#\/schema\/logo\/image\/","url":"https:\/\/printsmilepro.ma\/wp-content\/uploads\/2025\/05\/logo-2.png","contentUrl":"https:\/\/printsmilepro.ma\/wp-content\/uploads\/2025\/05\/logo-2.png","width":194,"height":80,"caption":"Print Smile Pro"},"image":{"@id":"https:\/\/printsmilepro.ma\/#\/schema\/logo\/image\/"}}]}},"_links":{"self":[{"href":"https:\/\/printsmilepro.ma\/es\/wp-json\/wp\/v2\/pages\/83","targetHints":{"allow":["GET"]}}],"collection":[{"href":"https:\/\/printsmilepro.ma\/es\/wp-json\/wp\/v2\/pages"}],"about":[{"href":"https:\/\/printsmilepro.ma\/es\/wp-json\/wp\/v2\/types\/page"}],"author":[{"embeddable":true,"href":"https:\/\/printsmilepro.ma\/es\/wp-json\/wp\/v2\/users\/1"}],"replies":[{"embeddable":true,"href":"https:\/\/printsmilepro.ma\/es\/wp-json\/wp\/v2\/comments?post=83"}],"version-history":[{"count":9,"href":"https:\/\/printsmilepro.ma\/es\/wp-json\/wp\/v2\/pages\/83\/revisions"}],"predecessor-version":[{"id":98,"href":"https:\/\/printsmilepro.ma\/es\/wp-json\/wp\/v2\/pages\/83\/revisions\/98"}],"wp:attachment":[{"href":"https:\/\/printsmilepro.ma\/es\/wp-json\/wp\/v2\/media?parent=83"}],"curies":[{"name":"wp","href":"https:\/\/api.w.org\/{rel}","templated":true}]}}