{"id":803,"date":"2025-06-07T18:14:02","date_gmt":"2025-06-07T18:14:02","guid":{"rendered":"https:\/\/printsmilepro.ma\/?page_id=803"},"modified":"2025-07-28T12:15:00","modified_gmt":"2025-07-28T12:15:00","slug":"caja-de-panuelos-personalizada","status":"publish","type":"page","link":"https:\/\/printsmilepro.ma\/es\/caja-de-panuelos-personalizada\/","title":{"rendered":"Caja de pa\u00f1uelos personalizada"},"content":{"rendered":"<div id=\"fws_69e629bcc649c\"  data-column-margin=\"40px\" data-midnight=\"dark\"  class=\"wpb_row vc_row-fluid vc_row vc_row-o-equal-height vc_row-flex vc_row-o-content-middle  top_margin_40px bottom_margin_40px\"  style=\"padding-top: 0px; padding-bottom: 0px; \"><div class=\"row-bg-wrap\" data-bg-animation=\"none\" data-bg-animation-delay=\"\" data-bg-overlay=\"false\"><div class=\"inner-wrap row-bg-layer\" ><div class=\"row-bg viewport-desktop\"  style=\"\"><\/div><\/div><\/div><div class=\"row_col_wrap_12 col span_12 dark left\">\n\t<div  class=\"vc_col-sm-6 wpb_column column_container vc_column_container col no-extra-padding inherit_tablet inherit_phone\"  data-padding-pos=\"all\" data-has-bg-color=\"false\" data-bg-color=\"\" data-bg-opacity=\"1\" data-animation=\"\" data-delay=\"0\" >\n\t\t<div class=\"vc_column-inner\" >\n\t\t\t<div class=\"wpb_wrapper\">\n\t\t\t\t\n<div class=\"wpb_text_column wpb_content_element\" >\n\t<div class=\"wpb_wrapper\">\n\t\t<h2 class=\"AnswerParser_AnswerParserH4__ghxg8\"><strong>Caja de pa\u00f1uelos personalizada<\/strong><\/h2>\n<h6>Cajas de pa\u00f1uelos personalizadas en Casablanca, Marruecos<\/h6>\n\t<\/div>\n<\/div>\n\n\n\n\n<div class=\"wpb_text_column wpb_content_element\" >\n\t<div class=\"wpb_wrapper\">\n\t\t<p>En Casablanca, Print Smile Pro le ofrece <strong data-start=\"371\" data-end=\"408\">cajas de pa\u00f1uelos personalizadas<\/strong> combinando utilidad y dise\u00f1o. Ideales para empresas, hoteles, restaurantes o eventos, nuestras cajas aportan un toque elegante a la vez que transmiten su imagen gracias a una impresi\u00f3n personalizada de alta calidad.<\/p>\n\t<\/div>\n<\/div>\n\n\n\n\n\t\t\t<\/div> \n\t\t<\/div>\n\t<\/div> \n\n\t<div  class=\"vc_col-sm-6 wpb_column column_container vc_column_container col no-extra-padding inherit_tablet inherit_phone\"  data-padding-pos=\"all\" data-has-bg-color=\"false\" data-bg-color=\"\" data-bg-opacity=\"1\" data-animation=\"\" data-delay=\"0\" >\n\t\t<div class=\"vc_column-inner\" >\n\t\t\t<div class=\"wpb_wrapper\">\n\t\t\t\t<div class=\"img-with-aniamtion-wrap\" data-max-width=\"100%\" data-max-width-mobile=\"default\" data-shadow=\"none\" data-animation=\"none\" >\n      <div class=\"inner\">\n        <div class=\"hover-wrap\"> \n          <div class=\"hover-wrap-inner\">\n            <img loading=\"lazy\" decoding=\"async\" class=\"img-with-animation skip-lazy\" data-delay=\"0\" height=\"520\" width=\"520\" data-animation=\"none\" src=\"https:\/\/printsmilepro.ma\/wp-content\/uploads\/2025\/06\/198.55-f00.jpg\" alt=\"\" srcset=\"https:\/\/printsmilepro.ma\/wp-content\/uploads\/2025\/06\/198.55-f00.jpg 520w, https:\/\/printsmilepro.ma\/wp-content\/uploads\/2025\/06\/198.55-f00-300x300.jpg 300w, https:\/\/printsmilepro.ma\/wp-content\/uploads\/2025\/06\/198.55-f00-150x150.jpg 150w, https:\/\/printsmilepro.ma\/wp-content\/uploads\/2025\/06\/198.55-f00-12x12.jpg 12w, https:\/\/printsmilepro.ma\/wp-content\/uploads\/2025\/06\/198.55-f00-140x140.jpg 140w, https:\/\/printsmilepro.ma\/wp-content\/uploads\/2025\/06\/198.55-f00-100x100.jpg 100w, https:\/\/printsmilepro.ma\/wp-content\/uploads\/2025\/06\/198.55-f00-500x500.jpg 500w, https:\/\/printsmilepro.ma\/wp-content\/uploads\/2025\/06\/198.55-f00-350x350.jpg 350w\" sizes=\"auto, (max-width: 520px) 100vw, 520px\" \/>\n          <\/div>\n        <\/div>\n      <\/div>\n    <\/div>\n\t\t\t<\/div> \n\t\t<\/div>\n\t<\/div> \n<\/div><\/div>\n\t\t<div id=\"fws_69e629bcc6a70\"  data-column-margin=\"40px\" data-midnight=\"dark\"  class=\"wpb_row vc_row-fluid vc_row full-width-section vc_row-o-equal-height vc_row-flex vc_row-o-content-middle  top_margin_40px bottom_margin_40px\"  style=\"padding-top: 40px; padding-bottom: 40px; \"><div class=\"row-bg-wrap\" data-bg-animation=\"none\" data-bg-animation-delay=\"\" data-bg-overlay=\"false\"><div class=\"inner-wrap row-bg-layer\" ><div class=\"row-bg viewport-desktop using-bg-color\"  style=\"background-color: #d3d3d3; \"><\/div><\/div><\/div><div class=\"row_col_wrap_12 col span_12 dark left\">\n\t<div  class=\"vc_col-sm-6 wpb_column column_container vc_column_container col no-extra-padding inherit_tablet inherit_phone\"  data-padding-pos=\"all\" data-has-bg-color=\"false\" data-bg-color=\"\" data-bg-opacity=\"1\" data-animation=\"\" data-delay=\"0\" >\n\t\t<div class=\"vc_column-inner\" >\n\t\t\t<div class=\"wpb_wrapper\">\n\t\t\t\t<div class=\"img-with-aniamtion-wrap\" data-max-width=\"100%\" data-max-width-mobile=\"default\" data-shadow=\"none\" data-animation=\"none\" >\n      <div class=\"inner\">\n        <div class=\"hover-wrap\"> \n          <div class=\"hover-wrap-inner\">\n            <img loading=\"lazy\" decoding=\"async\" class=\"img-with-animation skip-lazy\" data-delay=\"0\" height=\"427\" width=\"403\" data-animation=\"none\" src=\"https:\/\/printsmilepro.ma\/wp-content\/uploads\/2025\/06\/WhatsApp_Image_2025-06-23_at_2.32.04_PM-removebg-preview.png\" alt=\"\" srcset=\"https:\/\/printsmilepro.ma\/wp-content\/uploads\/2025\/06\/WhatsApp_Image_2025-06-23_at_2.32.04_PM-removebg-preview.png 403w, https:\/\/printsmilepro.ma\/wp-content\/uploads\/2025\/06\/WhatsApp_Image_2025-06-23_at_2.32.04_PM-removebg-preview-283x300.png 283w, https:\/\/printsmilepro.ma\/wp-content\/uploads\/2025\/06\/WhatsApp_Image_2025-06-23_at_2.32.04_PM-removebg-preview-11x12.png 11w\" sizes=\"auto, (max-width: 403px) 100vw, 403px\" \/>\n          <\/div>\n        <\/div>\n      <\/div>\n    <\/div>\n\t\t\t<\/div> \n\t\t<\/div>\n\t<\/div> \n\n\t<div  class=\"vc_col-sm-6 wpb_column column_container vc_column_container col no-extra-padding inherit_tablet inherit_phone\"  data-padding-pos=\"all\" data-has-bg-color=\"false\" data-bg-color=\"\" data-bg-opacity=\"1\" data-animation=\"\" data-delay=\"0\" >\n\t\t<div class=\"vc_column-inner\" >\n\t\t\t<div class=\"wpb_wrapper\">\n\t\t\t\t\n<div class=\"wpb_text_column wpb_content_element\" >\n\t<div class=\"wpb_wrapper\">\n\t\t<h2 class=\"AnswerParser_AnswerParserH4__ghxg8\"><strong>Caja de pa\u00f1uelos personalizada<\/strong><\/h2>\n<h6>Cajas de pa\u00f1uelos personalizadas en Casablanca<\/h6>\n\t<\/div>\n<\/div>\n\n\n\n\n<div class=\"wpb_text_column wpb_content_element\" >\n\t<div class=\"wpb_wrapper\">\n\t\t<ul>\n<li data-start=\"786\" data-end=\"839\">\n<p data-start=\"788\" data-end=\"839\">De cart\u00f3n r\u00edgido o pl\u00e1stico resistente<\/p>\n<\/li>\n<li data-start=\"840\" data-end=\"901\">\n<p data-start=\"842\" data-end=\"901\">Impresi\u00f3n personalizada de su logotipo, mensaje o dise\u00f1o<\/p>\n<\/li>\n<li data-start=\"902\" data-end=\"959\">\n<p data-start=\"904\" data-end=\"959\">Acabados meticulosos con una selecci\u00f3n de texturas y colores<\/p>\n<\/li>\n<li data-start=\"960\" data-end=\"1019\">\n<p data-start=\"962\" data-end=\"1019\">Dimensiones y formas que se adaptan a todo tipo de tejidos<\/p>\n<\/li>\n<li data-start=\"1020\" data-end=\"1073\">\n<p data-start=\"1022\" data-end=\"1073\">Pedidos adaptados a peque\u00f1as y grandes cantidades<\/p>\n<\/li>\n<\/ul>\n\t<\/div>\n<\/div>\n\n\n\n\n\t\t\t<\/div> \n\t\t<\/div>\n\t<\/div> \n<\/div><\/div>\n\t\t<div id=\"fws_69e629bcc6e07\"  data-column-margin=\"40px\" data-midnight=\"dark\"  class=\"wpb_row vc_row-fluid vc_row vc_row-o-equal-height vc_row-flex vc_row-o-content-middle  top_margin_40px bottom_margin_40px\"  style=\"padding-top: 0px; padding-bottom: 0px; \"><div class=\"row-bg-wrap\" data-bg-animation=\"none\" data-bg-animation-delay=\"\" data-bg-overlay=\"false\"><div class=\"inner-wrap row-bg-layer\" ><div class=\"row-bg viewport-desktop\"  style=\"\"><\/div><\/div><\/div><div class=\"row_col_wrap_12 col span_12 dark left\">\n\t<div  class=\"vc_col-sm-6 wpb_column column_container vc_column_container col no-extra-padding inherit_tablet inherit_phone\"  data-padding-pos=\"all\" data-has-bg-color=\"false\" data-bg-color=\"\" data-bg-opacity=\"1\" data-animation=\"\" data-delay=\"0\" >\n\t\t<div class=\"vc_column-inner\" >\n\t\t\t<div class=\"wpb_wrapper\">\n\t\t\t\t\n<div class=\"wpb_text_column wpb_content_element\" >\n\t<div class=\"wpb_wrapper\">\n\t\t<h2 class=\"AnswerParser_AnswerParserH4__ghxg8\"><strong>Caja de pa\u00f1uelos personalizada<\/strong><\/h2>\n<h6>Cajas de pa\u00f1uelos impresas a medida en Casablanca<\/h6>\n\t<\/div>\n<\/div>\n\n\n\n\n<div class=\"wpb_text_column wpb_content_element\" >\n\t<div class=\"wpb_wrapper\">\n\t\t<ul>\n<li data-start=\"1228\" data-end=\"1302\">\n<p data-start=\"1230\" data-end=\"1302\">Fabricaci\u00f3n e impresi\u00f3n en Casablanca con un riguroso control de calidad<\/p>\n<\/li>\n<li data-start=\"1303\" data-end=\"1342\">\n<p data-start=\"1305\" data-end=\"1342\">Entrega r\u00e1pida en todo Marruecos<\/p>\n<\/li>\n<li data-start=\"1343\" data-end=\"1424\">\n<p data-start=\"1345\" data-end=\"1424\">Asistencia personalizada para un producto perfectamente adaptado a su imagen<\/p>\n<\/li>\n<li data-start=\"1425\" data-end=\"1497\">\n<p data-start=\"1427\" data-end=\"1497\">Ideal para regalos de empresa, eventos, hoteles y puntos de venta<\/p>\n<\/li>\n<\/ul>\n\t<\/div>\n<\/div>\n\n\n\n\n\t\t\t<\/div> \n\t\t<\/div>\n\t<\/div> \n\n\t<div  class=\"vc_col-sm-6 wpb_column column_container vc_column_container col no-extra-padding inherit_tablet inherit_phone\"  data-padding-pos=\"all\" data-has-bg-color=\"false\" data-bg-color=\"\" data-bg-opacity=\"1\" data-animation=\"\" data-delay=\"0\" >\n\t\t<div class=\"vc_column-inner\" >\n\t\t\t<div class=\"wpb_wrapper\">\n\t\t\t\t<div class=\"img-with-aniamtion-wrap\" data-max-width=\"100%\" data-max-width-mobile=\"default\" data-shadow=\"none\" data-animation=\"none\" >\n      <div class=\"inner\">\n        <div class=\"hover-wrap\"> \n          <div class=\"hover-wrap-inner\">\n            <img loading=\"lazy\" decoding=\"async\" class=\"img-with-animation skip-lazy\" data-delay=\"0\" height=\"1600\" width=\"1600\" data-animation=\"none\" src=\"https:\/\/printsmilepro.ma\/wp-content\/uploads\/2025\/06\/71NDpj3q2XL.jpg\" alt=\"\" srcset=\"https:\/\/printsmilepro.ma\/wp-content\/uploads\/2025\/06\/71NDpj3q2XL.jpg 1600w, https:\/\/printsmilepro.ma\/wp-content\/uploads\/2025\/06\/71NDpj3q2XL-300x300.jpg 300w, https:\/\/printsmilepro.ma\/wp-content\/uploads\/2025\/06\/71NDpj3q2XL-1024x1024.jpg 1024w, https:\/\/printsmilepro.ma\/wp-content\/uploads\/2025\/06\/71NDpj3q2XL-150x150.jpg 150w, https:\/\/printsmilepro.ma\/wp-content\/uploads\/2025\/06\/71NDpj3q2XL-768x768.jpg 768w, https:\/\/printsmilepro.ma\/wp-content\/uploads\/2025\/06\/71NDpj3q2XL-1536x1536.jpg 1536w, https:\/\/printsmilepro.ma\/wp-content\/uploads\/2025\/06\/71NDpj3q2XL-12x12.jpg 12w, https:\/\/printsmilepro.ma\/wp-content\/uploads\/2025\/06\/71NDpj3q2XL-140x140.jpg 140w, https:\/\/printsmilepro.ma\/wp-content\/uploads\/2025\/06\/71NDpj3q2XL-100x100.jpg 100w, https:\/\/printsmilepro.ma\/wp-content\/uploads\/2025\/06\/71NDpj3q2XL-500x500.jpg 500w, https:\/\/printsmilepro.ma\/wp-content\/uploads\/2025\/06\/71NDpj3q2XL-350x350.jpg 350w, https:\/\/printsmilepro.ma\/wp-content\/uploads\/2025\/06\/71NDpj3q2XL-1000x1000.jpg 1000w, https:\/\/printsmilepro.ma\/wp-content\/uploads\/2025\/06\/71NDpj3q2XL-800x800.jpg 800w\" sizes=\"auto, (max-width: 1600px) 100vw, 1600px\" \/>\n          <\/div>\n        <\/div>\n      <\/div>\n    <\/div>\n\t\t\t<\/div> \n\t\t<\/div>\n\t<\/div> \n<\/div><\/div>","protected":false},"excerpt":{"rendered":"Boite \u00e0 Mouchoir Personnalis\u00e9 Bo\u00eetes \u00e0 mouchoirs personnalis\u00e9es \u00e0 Casablanca, Maroc \u00c0 Casablanca, Print Smile Pro vous propose des bo\u00eetes \u00e0 mouchoirs personnalis\u00e9es alliant utilit\u00e9 et design. Id\u00e9ales pour les...","protected":false},"author":1,"featured_media":0,"parent":0,"menu_order":0,"comment_status":"closed","ping_status":"closed","template":"","meta":{"_monsterinsights_skip_tracking":false,"_monsterinsights_sitenote_active":false,"_monsterinsights_sitenote_note":"","_monsterinsights_sitenote_category":0,"_joinchat":[],"footnotes":""},"class_list":["post-803","page","type-page","status-publish"],"yoast_head":"<!-- This site is optimized with the Yoast SEO plugin v26.2 - https:\/\/yoast.com\/wordpress\/plugins\/seo\/ -->\n<title>Boite \u00e0 Mouchoir Personnalis\u00e9 Casablanca Maroc<\/title>\n<meta name=\"description\" content=\"Bo\u00eete \u00e0 mouchoir personnalis\u00e9e \u00e0 Casablanca, Maroc. Design unique, impression sur mesure pour entreprises, h\u00f4tels et \u00e9v\u00e9nements. Livraison rapide.\" \/>\n<meta name=\"robots\" content=\"index, follow, max-snippet:-1, max-image-preview:large, max-video-preview:-1\" \/>\n<link rel=\"canonical\" href=\"https:\/\/printsmilepro.ma\/es\/caja-de-panuelos-personalizada\/\" \/>\n<meta property=\"og:locale\" content=\"es_ES\" \/>\n<meta property=\"og:type\" content=\"article\" \/>\n<meta property=\"og:title\" content=\"Boite \u00e0 Mouchoir Personnalis\u00e9 Casablanca Maroc\" \/>\n<meta property=\"og:description\" content=\"Bo\u00eete \u00e0 mouchoir personnalis\u00e9e \u00e0 Casablanca, Maroc. Design unique, impression sur mesure pour entreprises, h\u00f4tels et \u00e9v\u00e9nements. Livraison rapide.\" \/>\n<meta property=\"og:url\" content=\"https:\/\/printsmilepro.ma\/es\/caja-de-panuelos-personalizada\/\" \/>\n<meta property=\"og:site_name\" content=\"Print Smile Pro\" \/>\n<meta property=\"article:modified_time\" content=\"2025-07-28T12:15:00+00:00\" \/>\n<meta name=\"twitter:card\" content=\"summary_large_image\" \/>\n<meta name=\"twitter:label1\" content=\"Tiempo de lectura\" \/>\n\t<meta name=\"twitter:data1\" content=\"2 minutos\" \/>\n<script type=\"application\/ld+json\" class=\"yoast-schema-graph\">{\"@context\":\"https:\/\/schema.org\",\"@graph\":[{\"@type\":\"WebPage\",\"@id\":\"https:\/\/printsmilepro.ma\/boite-a-mouchoir-personnalise\/\",\"url\":\"https:\/\/printsmilepro.ma\/boite-a-mouchoir-personnalise\/\",\"name\":\"Boite \u00e0 Mouchoir Personnalis\u00e9 Casablanca Maroc\",\"isPartOf\":{\"@id\":\"https:\/\/printsmilepro.ma\/#website\"},\"datePublished\":\"2025-06-07T18:14:02+00:00\",\"dateModified\":\"2025-07-28T12:15:00+00:00\",\"description\":\"Bo\u00eete \u00e0 mouchoir personnalis\u00e9e \u00e0 Casablanca, Maroc. Design unique, impression sur mesure pour entreprises, h\u00f4tels et \u00e9v\u00e9nements. Livraison rapide.\",\"breadcrumb\":{\"@id\":\"https:\/\/printsmilepro.ma\/boite-a-mouchoir-personnalise\/#breadcrumb\"},\"inLanguage\":\"es\",\"potentialAction\":[{\"@type\":\"ReadAction\",\"target\":[\"https:\/\/printsmilepro.ma\/boite-a-mouchoir-personnalise\/\"]}]},{\"@type\":\"BreadcrumbList\",\"@id\":\"https:\/\/printsmilepro.ma\/boite-a-mouchoir-personnalise\/#breadcrumb\",\"itemListElement\":[{\"@type\":\"ListItem\",\"position\":1,\"name\":\"Accueil\",\"item\":\"https:\/\/printsmilepro.ma\/\"},{\"@type\":\"ListItem\",\"position\":2,\"name\":\"Boite \u00e0 Mouchoir Personnalis\u00e9\"}]},{\"@type\":\"WebSite\",\"@id\":\"https:\/\/printsmilepro.ma\/#website\",\"url\":\"https:\/\/printsmilepro.ma\/\",\"name\":\"Print Smile Pro\",\"description\":\"Votre partenaire id\u00e9al pour la r\u00e9alisation de tous vos travaux d&#039;impression offset et num\u00e9rique\",\"publisher\":{\"@id\":\"https:\/\/printsmilepro.ma\/#organization\"},\"potentialAction\":[{\"@type\":\"SearchAction\",\"target\":{\"@type\":\"EntryPoint\",\"urlTemplate\":\"https:\/\/printsmilepro.ma\/?s={search_term_string}\"},\"query-input\":{\"@type\":\"PropertyValueSpecification\",\"valueRequired\":true,\"valueName\":\"search_term_string\"}}],\"inLanguage\":\"es\"},{\"@type\":\"Organization\",\"@id\":\"https:\/\/printsmilepro.ma\/#organization\",\"name\":\"Print Smile Pro\",\"url\":\"https:\/\/printsmilepro.ma\/\",\"logo\":{\"@type\":\"ImageObject\",\"inLanguage\":\"es\",\"@id\":\"https:\/\/printsmilepro.ma\/#\/schema\/logo\/image\/\",\"url\":\"https:\/\/printsmilepro.ma\/wp-content\/uploads\/2025\/05\/logo-2.png\",\"contentUrl\":\"https:\/\/printsmilepro.ma\/wp-content\/uploads\/2025\/05\/logo-2.png\",\"width\":194,\"height\":80,\"caption\":\"Print Smile Pro\"},\"image\":{\"@id\":\"https:\/\/printsmilepro.ma\/#\/schema\/logo\/image\/\"}}]}<\/script>\n<!-- \/ Yoast SEO plugin. -->","yoast_head_json":{"title":"Caja personalizada para pa\u00f1uelos Casablanca Marruecos","description":"Caja de pa\u00f1uelos personalizada en Casablanca, Marruecos. Dise\u00f1o \u00fanico, impresi\u00f3n personalizada para empresas, hoteles y eventos. Entrega r\u00e1pida.","robots":{"index":"index","follow":"follow","max-snippet":"max-snippet:-1","max-image-preview":"max-image-preview:large","max-video-preview":"max-video-preview:-1"},"canonical":"https:\/\/printsmilepro.ma\/es\/caja-de-panuelos-personalizada\/","og_locale":"es_ES","og_type":"article","og_title":"Boite \u00e0 Mouchoir Personnalis\u00e9 Casablanca Maroc","og_description":"Bo\u00eete \u00e0 mouchoir personnalis\u00e9e \u00e0 Casablanca, Maroc. Design unique, impression sur mesure pour entreprises, h\u00f4tels et \u00e9v\u00e9nements. Livraison rapide.","og_url":"https:\/\/printsmilepro.ma\/es\/caja-de-panuelos-personalizada\/","og_site_name":"Print Smile Pro","article_modified_time":"2025-07-28T12:15:00+00:00","twitter_card":"summary_large_image","twitter_misc":{"Tiempo de lectura":"2 minutos"},"schema":{"@context":"https:\/\/schema.org","@graph":[{"@type":"WebPage","@id":"https:\/\/printsmilepro.ma\/boite-a-mouchoir-personnalise\/","url":"https:\/\/printsmilepro.ma\/boite-a-mouchoir-personnalise\/","name":"Caja personalizada para pa\u00f1uelos Casablanca Marruecos","isPartOf":{"@id":"https:\/\/printsmilepro.ma\/#website"},"datePublished":"2025-06-07T18:14:02+00:00","dateModified":"2025-07-28T12:15:00+00:00","description":"Caja de pa\u00f1uelos personalizada en Casablanca, Marruecos. Dise\u00f1o \u00fanico, impresi\u00f3n personalizada para empresas, hoteles y eventos. Entrega r\u00e1pida.","breadcrumb":{"@id":"https:\/\/printsmilepro.ma\/boite-a-mouchoir-personnalise\/#breadcrumb"},"inLanguage":"es","potentialAction":[{"@type":"ReadAction","target":["https:\/\/printsmilepro.ma\/boite-a-mouchoir-personnalise\/"]}]},{"@type":"BreadcrumbList","@id":"https:\/\/printsmilepro.ma\/boite-a-mouchoir-personnalise\/#breadcrumb","itemListElement":[{"@type":"ListItem","position":1,"name":"Accueil","item":"https:\/\/printsmilepro.ma\/"},{"@type":"ListItem","position":2,"name":"Boite \u00e0 Mouchoir Personnalis\u00e9"}]},{"@type":"WebSite","@id":"https:\/\/printsmilepro.ma\/#website","url":"https:\/\/printsmilepro.ma\/","name":"Imprimir Smile Pro","description":"Su socio ideal para todas sus necesidades de impresi\u00f3n offset y digital","publisher":{"@id":"https:\/\/printsmilepro.ma\/#organization"},"potentialAction":[{"@type":"SearchAction","target":{"@type":"EntryPoint","urlTemplate":"https:\/\/printsmilepro.ma\/?s={search_term_string}"},"query-input":{"@type":"PropertyValueSpecification","valueRequired":true,"valueName":"search_term_string"}}],"inLanguage":"es"},{"@type":"Organization","@id":"https:\/\/printsmilepro.ma\/#organization","name":"Imprimir Smile Pro","url":"https:\/\/printsmilepro.ma\/","logo":{"@type":"ImageObject","inLanguage":"es","@id":"https:\/\/printsmilepro.ma\/#\/schema\/logo\/image\/","url":"https:\/\/printsmilepro.ma\/wp-content\/uploads\/2025\/05\/logo-2.png","contentUrl":"https:\/\/printsmilepro.ma\/wp-content\/uploads\/2025\/05\/logo-2.png","width":194,"height":80,"caption":"Print Smile Pro"},"image":{"@id":"https:\/\/printsmilepro.ma\/#\/schema\/logo\/image\/"}}]}},"_links":{"self":[{"href":"https:\/\/printsmilepro.ma\/es\/wp-json\/wp\/v2\/pages\/803","targetHints":{"allow":["GET"]}}],"collection":[{"href":"https:\/\/printsmilepro.ma\/es\/wp-json\/wp\/v2\/pages"}],"about":[{"href":"https:\/\/printsmilepro.ma\/es\/wp-json\/wp\/v2\/types\/page"}],"author":[{"embeddable":true,"href":"https:\/\/printsmilepro.ma\/es\/wp-json\/wp\/v2\/users\/1"}],"replies":[{"embeddable":true,"href":"https:\/\/printsmilepro.ma\/es\/wp-json\/wp\/v2\/comments?post=803"}],"version-history":[{"count":9,"href":"https:\/\/printsmilepro.ma\/es\/wp-json\/wp\/v2\/pages\/803\/revisions"}],"predecessor-version":[{"id":1031,"href":"https:\/\/printsmilepro.ma\/es\/wp-json\/wp\/v2\/pages\/803\/revisions\/1031"}],"wp:attachment":[{"href":"https:\/\/printsmilepro.ma\/es\/wp-json\/wp\/v2\/media?parent=803"}],"curies":[{"name":"wp","href":"https:\/\/api.w.org\/{rel}","templated":true}]}}