{"id":608,"date":"2025-06-03T15:36:49","date_gmt":"2025-06-03T15:36:49","guid":{"rendered":"https:\/\/printsmilepro.ma\/?page_id=608"},"modified":"2025-07-28T12:08:03","modified_gmt":"2025-07-28T12:08:03","slug":"cajas-sandwich","status":"publish","type":"page","link":"https:\/\/printsmilepro.ma\/es\/cajas-sandwich\/","title":{"rendered":"Cajas sandwich"},"content":{"rendered":"<div id=\"fws_69e6434ba0242\"  data-column-margin=\"40px\" data-midnight=\"dark\"  class=\"wpb_row vc_row-fluid vc_row vc_row-o-equal-height vc_row-flex vc_row-o-content-middle  top_margin_40px bottom_margin_40px\"  style=\"padding-top: 0px; padding-bottom: 0px; \"><div class=\"row-bg-wrap\" data-bg-animation=\"none\" data-bg-animation-delay=\"\" data-bg-overlay=\"false\"><div class=\"inner-wrap row-bg-layer\" ><div class=\"row-bg viewport-desktop\"  style=\"\"><\/div><\/div><\/div><div class=\"row_col_wrap_12 col span_12 dark left\">\n\t<div  class=\"vc_col-sm-6 wpb_column column_container vc_column_container col no-extra-padding inherit_tablet inherit_phone\"  data-padding-pos=\"all\" data-has-bg-color=\"false\" data-bg-color=\"\" data-bg-opacity=\"1\" data-animation=\"\" data-delay=\"0\" >\n\t\t<div class=\"vc_column-inner\" >\n\t\t\t<div class=\"wpb_wrapper\">\n\t\t\t\t\n<div class=\"wpb_text_column wpb_content_element\" >\n\t<div class=\"wpb_wrapper\">\n\t\t<h2 class=\"AnswerParser_AnswerParserH4__ghxg8\"><strong>Cajas sandwich<br \/>\n<\/strong><\/h2>\n<h6>Cajas sandwich a medida en Casablanca, Marruecos<\/h6>\n\t<\/div>\n<\/div>\n\n\n\n\n<div class=\"wpb_text_column wpb_content_element\" >\n\t<div class=\"wpb_wrapper\">\n\t\t<p>En <strong data-start=\"259\" data-end=\"278\">Imprimir Smile Pro<\/strong>ofrecemos <strong data-start=\"299\" data-end=\"323\">cajas sandwich<\/strong> ideal para restaurantes, empresas de catering y establecimientos de comida r\u00e1pida. Nuestros estuches est\u00e1n especialmente dise\u00f1ados para garantizar una conservaci\u00f3n \u00f3ptima de sus bocadillos, al tiempo que ofrecen una presentaci\u00f3n ordenada y pr\u00e1ctica. Fabricadas con materiales resistentes, son aptas para el uso diario y ofrecen una excelente protecci\u00f3n contra la humedad y la manipulaci\u00f3n.<\/p>\n\t<\/div>\n<\/div>\n\n\n\n\n\t\t\t<\/div> \n\t\t<\/div>\n\t<\/div> \n\n\t<div  class=\"vc_col-sm-6 wpb_column column_container vc_column_container col no-extra-padding inherit_tablet inherit_phone\"  data-padding-pos=\"all\" data-has-bg-color=\"false\" data-bg-color=\"\" data-bg-opacity=\"1\" data-animation=\"\" data-delay=\"0\" >\n\t\t<div class=\"vc_column-inner\" >\n\t\t\t<div class=\"wpb_wrapper\">\n\t\t\t\t<div class=\"img-with-aniamtion-wrap\" data-max-width=\"100%\" data-max-width-mobile=\"default\" data-shadow=\"none\" data-animation=\"none\" >\n      <div class=\"inner\">\n        <div class=\"hover-wrap\"> \n          <div class=\"hover-wrap-inner\">\n            <img loading=\"lazy\" decoding=\"async\" class=\"img-with-animation skip-lazy\" data-delay=\"0\" height=\"870\" width=\"1500\" data-animation=\"none\" src=\"https:\/\/printsmilepro.ma\/wp-content\/uploads\/2025\/06\/banner_04_lm-3.jpg\" alt=\"\" srcset=\"https:\/\/printsmilepro.ma\/wp-content\/uploads\/2025\/06\/banner_04_lm-3.jpg 1500w, https:\/\/printsmilepro.ma\/wp-content\/uploads\/2025\/06\/banner_04_lm-3-300x174.jpg 300w, https:\/\/printsmilepro.ma\/wp-content\/uploads\/2025\/06\/banner_04_lm-3-1024x594.jpg 1024w, https:\/\/printsmilepro.ma\/wp-content\/uploads\/2025\/06\/banner_04_lm-3-768x445.jpg 768w, https:\/\/printsmilepro.ma\/wp-content\/uploads\/2025\/06\/banner_04_lm-3-18x10.jpg 18w\" sizes=\"auto, (max-width: 1500px) 100vw, 1500px\" \/>\n          <\/div>\n        <\/div>\n      <\/div>\n    <\/div>\n\t\t\t<\/div> \n\t\t<\/div>\n\t<\/div> \n<\/div><\/div>\n\t\t<div id=\"fws_69e6434ba086f\"  data-column-margin=\"40px\" data-midnight=\"dark\"  class=\"wpb_row vc_row-fluid vc_row full-width-section vc_row-o-equal-height vc_row-flex vc_row-o-content-middle  top_margin_40px bottom_margin_40px\"  style=\"padding-top: 40px; padding-bottom: 40px; \"><div class=\"row-bg-wrap\" data-bg-animation=\"none\" data-bg-animation-delay=\"\" data-bg-overlay=\"false\"><div class=\"inner-wrap row-bg-layer\" ><div class=\"row-bg viewport-desktop using-bg-color\"  style=\"background-color: #d3d3d3; \"><\/div><\/div><\/div><div class=\"row_col_wrap_12 col span_12 dark left\">\n\t<div  class=\"vc_col-sm-6 wpb_column column_container vc_column_container col no-extra-padding inherit_tablet inherit_phone\"  data-padding-pos=\"all\" data-has-bg-color=\"false\" data-bg-color=\"\" data-bg-opacity=\"1\" data-animation=\"\" data-delay=\"0\" >\n\t\t<div class=\"vc_column-inner\" >\n\t\t\t<div class=\"wpb_wrapper\">\n\t\t\t\t<div class=\"img-with-aniamtion-wrap\" data-max-width=\"100%\" data-max-width-mobile=\"default\" data-shadow=\"none\" data-animation=\"none\" >\n      <div class=\"inner\">\n        <div class=\"hover-wrap\"> \n          <div class=\"hover-wrap-inner\">\n            <img loading=\"lazy\" decoding=\"async\" class=\"img-with-animation skip-lazy\" data-delay=\"0\" height=\"870\" width=\"1500\" data-animation=\"none\" src=\"https:\/\/printsmilepro.ma\/wp-content\/uploads\/2025\/06\/banner_02_lm-4.jpg\" alt=\"\" srcset=\"https:\/\/printsmilepro.ma\/wp-content\/uploads\/2025\/06\/banner_02_lm-4.jpg 1500w, https:\/\/printsmilepro.ma\/wp-content\/uploads\/2025\/06\/banner_02_lm-4-300x174.jpg 300w, https:\/\/printsmilepro.ma\/wp-content\/uploads\/2025\/06\/banner_02_lm-4-1024x594.jpg 1024w, https:\/\/printsmilepro.ma\/wp-content\/uploads\/2025\/06\/banner_02_lm-4-768x445.jpg 768w, https:\/\/printsmilepro.ma\/wp-content\/uploads\/2025\/06\/banner_02_lm-4-18x10.jpg 18w\" sizes=\"auto, (max-width: 1500px) 100vw, 1500px\" \/>\n          <\/div>\n        <\/div>\n      <\/div>\n    <\/div>\n\t\t\t<\/div> \n\t\t<\/div>\n\t<\/div> \n\n\t<div  class=\"vc_col-sm-6 wpb_column column_container vc_column_container col no-extra-padding inherit_tablet inherit_phone\"  data-padding-pos=\"all\" data-has-bg-color=\"false\" data-bg-color=\"\" data-bg-opacity=\"1\" data-animation=\"\" data-delay=\"0\" >\n\t\t<div class=\"vc_column-inner\" >\n\t\t\t<div class=\"wpb_wrapper\">\n\t\t\t\t\n<div class=\"wpb_text_column wpb_content_element\" >\n\t<div class=\"wpb_wrapper\">\n\t\t<h2 class=\"AnswerParser_AnswerParserH4__ghxg8\"><strong>Cajas sandwich<br \/>\n<\/strong><\/h2>\n<h6>Envasado de bocadillos a medida en Casablanca<\/h6>\n\t<\/div>\n<\/div>\n\n\n\n\n<div class=\"wpb_text_column wpb_content_element\" >\n\t<div class=\"wpb_wrapper\">\n\t\t<p>Somos conscientes de la importancia de la imagen de marca. Por eso ofrecemos <strong data-start=\"901\" data-end=\"943\">personalice sus fundas para bocadillos<\/strong> con atractivos dise\u00f1os, su logotipo y mensajes espec\u00edficos. Ya sea para eventos especiales, promociones o creaciones \u00fanicas, utilizamos modernas tecnolog\u00edas de impresi\u00f3n para ofrecerle estuches de calidad que reflejen la identidad de su empresa.<\/p>\n\t<\/div>\n<\/div>\n\n\n\n\n\t\t\t<\/div> \n\t\t<\/div>\n\t<\/div> \n<\/div><\/div>\n\t\t<div id=\"fws_69e6434ba0c8a\"  data-column-margin=\"40px\" data-midnight=\"dark\"  class=\"wpb_row vc_row-fluid vc_row vc_row-o-equal-height vc_row-flex vc_row-o-content-middle  top_margin_40px bottom_margin_40px\"  style=\"padding-top: 0px; padding-bottom: 0px; \"><div class=\"row-bg-wrap\" data-bg-animation=\"none\" data-bg-animation-delay=\"\" data-bg-overlay=\"false\"><div class=\"inner-wrap row-bg-layer\" ><div class=\"row-bg viewport-desktop\"  style=\"\"><\/div><\/div><\/div><div class=\"row_col_wrap_12 col span_12 dark left\">\n\t<div  class=\"vc_col-sm-6 wpb_column column_container vc_column_container col no-extra-padding inherit_tablet inherit_phone\"  data-padding-pos=\"all\" data-has-bg-color=\"false\" data-bg-color=\"\" data-bg-opacity=\"1\" data-animation=\"\" data-delay=\"0\" >\n\t\t<div class=\"vc_column-inner\" >\n\t\t\t<div class=\"wpb_wrapper\">\n\t\t\t\t\n<div class=\"wpb_text_column wpb_content_element\" >\n\t<div class=\"wpb_wrapper\">\n\t\t<h2 class=\"AnswerParser_AnswerParserH4__ghxg8\"><strong>Cajas sandwich<br \/>\n<\/strong><\/h2>\n<h6>Cajas y estuches a medida para bocadillos en Marruecos<\/h6>\n\t<\/div>\n<\/div>\n\n\n\n\n<div class=\"wpb_text_column wpb_content_element\" >\n\t<div class=\"wpb_wrapper\">\n\t\t<p data-start=\"147\" data-end=\"204\">Con sede en <strong data-start=\"1311\" data-end=\"1325\">Casablanca<\/strong>Garantizamos una producci\u00f3n r\u00e1pida y una entrega puntual de sus productos. <strong data-start=\"1398\" data-end=\"1436\">cajas sandwich a medida<\/strong>. Gracias a nuestro experimentado equipo, nos comprometemos a satisfacer sus necesidades lo antes posible, garantizando al mismo tiempo una calidad impecable. P\u00f3ngase en contacto con <a href=\"https:\/\/printsmilepro.ma\/es\/pongase-en-contacto-con\/\"><strong data-start=\"1604\" data-end=\"1623\">Imprimir Smile Pro<\/strong><\/a> para obtener un presupuesto gratuito y descubrir c\u00f3mo nuestras cajas personalizadas pueden mejorar el envasado de sus bocadillos.<\/p>\n\t<\/div>\n<\/div>\n\n\n\n\n\t\t\t<\/div> \n\t\t<\/div>\n\t<\/div> \n\n\t<div  class=\"vc_col-sm-6 wpb_column column_container vc_column_container col no-extra-padding inherit_tablet inherit_phone\"  data-padding-pos=\"all\" data-has-bg-color=\"false\" data-bg-color=\"\" data-bg-opacity=\"1\" data-animation=\"\" data-delay=\"0\" >\n\t\t<div class=\"vc_column-inner\" >\n\t\t\t<div class=\"wpb_wrapper\">\n\t\t\t\t<div class=\"img-with-aniamtion-wrap\" data-max-width=\"100%\" data-max-width-mobile=\"default\" data-shadow=\"none\" data-animation=\"none\" >\n      <div class=\"inner\">\n        <div class=\"hover-wrap\"> \n          <div class=\"hover-wrap-inner\">\n            <img loading=\"lazy\" decoding=\"async\" class=\"img-with-animation skip-lazy\" data-delay=\"0\" height=\"870\" width=\"1500\" data-animation=\"none\" src=\"https:\/\/printsmilepro.ma\/wp-content\/uploads\/2025\/06\/banner_03_lm-4.jpg\" alt=\"\" srcset=\"https:\/\/printsmilepro.ma\/wp-content\/uploads\/2025\/06\/banner_03_lm-4.jpg 1500w, https:\/\/printsmilepro.ma\/wp-content\/uploads\/2025\/06\/banner_03_lm-4-300x174.jpg 300w, https:\/\/printsmilepro.ma\/wp-content\/uploads\/2025\/06\/banner_03_lm-4-1024x594.jpg 1024w, https:\/\/printsmilepro.ma\/wp-content\/uploads\/2025\/06\/banner_03_lm-4-768x445.jpg 768w, https:\/\/printsmilepro.ma\/wp-content\/uploads\/2025\/06\/banner_03_lm-4-18x10.jpg 18w\" sizes=\"auto, (max-width: 1500px) 100vw, 1500px\" \/>\n          <\/div>\n        <\/div>\n      <\/div>\n    <\/div>\n\t\t\t<\/div> \n\t\t<\/div>\n\t<\/div> \n<\/div><\/div>","protected":false},"excerpt":{"rendered":"\u00c9tuis pour sandwichs \u00c9tuis sandwich personnalis\u00e9s \u00e0 Casablanca, Maroc Chez Print Smile Pro, nous proposons des \u00e9tuis pour sandwichs personnalis\u00e9s, id\u00e9als pour les restaurants, traiteurs, et entreprises de restauration rapide....","protected":false},"author":1,"featured_media":0,"parent":0,"menu_order":0,"comment_status":"closed","ping_status":"closed","template":"","meta":{"_monsterinsights_skip_tracking":false,"_monsterinsights_sitenote_active":false,"_monsterinsights_sitenote_note":"","_monsterinsights_sitenote_category":0,"_joinchat":[],"footnotes":""},"class_list":["post-608","page","type-page","status-publish"],"yoast_head":"<!-- This site is optimized with the Yoast SEO plugin v26.2 - https:\/\/yoast.com\/wordpress\/plugins\/seo\/ -->\n<title>\u00c9tuis pour Sandwichs Personnalis\u00e9s Casablanca, Maroc<\/title>\n<meta name=\"description\" content=\"\u00e9tuis pour sandwichs personnalis\u00e9s de Print Smile Pro \u00e0 Casablanca, Maroc. impression sur mesure et respect des normes alimentaires.\" \/>\n<meta name=\"robots\" content=\"index, follow, max-snippet:-1, max-image-preview:large, max-video-preview:-1\" \/>\n<link rel=\"canonical\" href=\"https:\/\/printsmilepro.ma\/es\/cajas-sandwich\/\" \/>\n<meta property=\"og:locale\" content=\"es_ES\" \/>\n<meta property=\"og:type\" content=\"article\" \/>\n<meta property=\"og:title\" content=\"\u00c9tuis pour Sandwichs Personnalis\u00e9s Casablanca, Maroc\" \/>\n<meta property=\"og:description\" content=\"\u00e9tuis pour sandwichs personnalis\u00e9s de Print Smile Pro \u00e0 Casablanca, Maroc. impression sur mesure et respect des normes alimentaires.\" \/>\n<meta property=\"og:url\" content=\"https:\/\/printsmilepro.ma\/es\/cajas-sandwich\/\" \/>\n<meta property=\"og:site_name\" content=\"Print Smile Pro\" \/>\n<meta property=\"article:modified_time\" content=\"2025-07-28T12:08:03+00:00\" \/>\n<meta name=\"twitter:card\" content=\"summary_large_image\" \/>\n<meta name=\"twitter:label1\" content=\"Tiempo de lectura\" \/>\n\t<meta name=\"twitter:data1\" content=\"2 minutos\" \/>\n<script type=\"application\/ld+json\" class=\"yoast-schema-graph\">{\"@context\":\"https:\/\/schema.org\",\"@graph\":[{\"@type\":\"WebPage\",\"@id\":\"https:\/\/printsmilepro.ma\/etuis-pour-sandwichs\/\",\"url\":\"https:\/\/printsmilepro.ma\/etuis-pour-sandwichs\/\",\"name\":\"\u00c9tuis pour Sandwichs Personnalis\u00e9s Casablanca, Maroc\",\"isPartOf\":{\"@id\":\"https:\/\/printsmilepro.ma\/#website\"},\"datePublished\":\"2025-06-03T15:36:49+00:00\",\"dateModified\":\"2025-07-28T12:08:03+00:00\",\"description\":\"\u00e9tuis pour sandwichs personnalis\u00e9s de Print Smile Pro \u00e0 Casablanca, Maroc. impression sur mesure et respect des normes alimentaires.\",\"breadcrumb\":{\"@id\":\"https:\/\/printsmilepro.ma\/etuis-pour-sandwichs\/#breadcrumb\"},\"inLanguage\":\"es\",\"potentialAction\":[{\"@type\":\"ReadAction\",\"target\":[\"https:\/\/printsmilepro.ma\/etuis-pour-sandwichs\/\"]}]},{\"@type\":\"BreadcrumbList\",\"@id\":\"https:\/\/printsmilepro.ma\/etuis-pour-sandwichs\/#breadcrumb\",\"itemListElement\":[{\"@type\":\"ListItem\",\"position\":1,\"name\":\"Accueil\",\"item\":\"https:\/\/printsmilepro.ma\/\"},{\"@type\":\"ListItem\",\"position\":2,\"name\":\"\u00c9tuis pour sandwichs\"}]},{\"@type\":\"WebSite\",\"@id\":\"https:\/\/printsmilepro.ma\/#website\",\"url\":\"https:\/\/printsmilepro.ma\/\",\"name\":\"Print Smile Pro\",\"description\":\"Votre partenaire id\u00e9al pour la r\u00e9alisation de tous vos travaux d&#039;impression offset et num\u00e9rique\",\"publisher\":{\"@id\":\"https:\/\/printsmilepro.ma\/#organization\"},\"potentialAction\":[{\"@type\":\"SearchAction\",\"target\":{\"@type\":\"EntryPoint\",\"urlTemplate\":\"https:\/\/printsmilepro.ma\/?s={search_term_string}\"},\"query-input\":{\"@type\":\"PropertyValueSpecification\",\"valueRequired\":true,\"valueName\":\"search_term_string\"}}],\"inLanguage\":\"es\"},{\"@type\":\"Organization\",\"@id\":\"https:\/\/printsmilepro.ma\/#organization\",\"name\":\"Print Smile Pro\",\"url\":\"https:\/\/printsmilepro.ma\/\",\"logo\":{\"@type\":\"ImageObject\",\"inLanguage\":\"es\",\"@id\":\"https:\/\/printsmilepro.ma\/#\/schema\/logo\/image\/\",\"url\":\"https:\/\/printsmilepro.ma\/wp-content\/uploads\/2025\/05\/logo-2.png\",\"contentUrl\":\"https:\/\/printsmilepro.ma\/wp-content\/uploads\/2025\/05\/logo-2.png\",\"width\":194,\"height\":80,\"caption\":\"Print Smile Pro\"},\"image\":{\"@id\":\"https:\/\/printsmilepro.ma\/#\/schema\/logo\/image\/\"}}]}<\/script>\n<!-- \/ Yoast SEO plugin. -->","yoast_head_json":{"title":"Sandwicheras a medida Casablanca, Marruecos","description":"Estuches personalizados para bocadillos de Print Smile Pro en Casablanca, Marruecos. Impresi\u00f3n a medida y cumplimiento de las normas alimentarias.","robots":{"index":"index","follow":"follow","max-snippet":"max-snippet:-1","max-image-preview":"max-image-preview:large","max-video-preview":"max-video-preview:-1"},"canonical":"https:\/\/printsmilepro.ma\/es\/cajas-sandwich\/","og_locale":"es_ES","og_type":"article","og_title":"\u00c9tuis pour Sandwichs Personnalis\u00e9s Casablanca, Maroc","og_description":"\u00e9tuis pour sandwichs personnalis\u00e9s de Print Smile Pro \u00e0 Casablanca, Maroc. impression sur mesure et respect des normes alimentaires.","og_url":"https:\/\/printsmilepro.ma\/es\/cajas-sandwich\/","og_site_name":"Print Smile Pro","article_modified_time":"2025-07-28T12:08:03+00:00","twitter_card":"summary_large_image","twitter_misc":{"Tiempo de lectura":"2 minutos"},"schema":{"@context":"https:\/\/schema.org","@graph":[{"@type":"WebPage","@id":"https:\/\/printsmilepro.ma\/etuis-pour-sandwichs\/","url":"https:\/\/printsmilepro.ma\/etuis-pour-sandwichs\/","name":"Sandwicheras a medida Casablanca, Marruecos","isPartOf":{"@id":"https:\/\/printsmilepro.ma\/#website"},"datePublished":"2025-06-03T15:36:49+00:00","dateModified":"2025-07-28T12:08:03+00:00","description":"Estuches personalizados para bocadillos de Print Smile Pro en Casablanca, Marruecos. Impresi\u00f3n a medida y cumplimiento de las normas alimentarias.","breadcrumb":{"@id":"https:\/\/printsmilepro.ma\/etuis-pour-sandwichs\/#breadcrumb"},"inLanguage":"es","potentialAction":[{"@type":"ReadAction","target":["https:\/\/printsmilepro.ma\/etuis-pour-sandwichs\/"]}]},{"@type":"BreadcrumbList","@id":"https:\/\/printsmilepro.ma\/etuis-pour-sandwichs\/#breadcrumb","itemListElement":[{"@type":"ListItem","position":1,"name":"Accueil","item":"https:\/\/printsmilepro.ma\/"},{"@type":"ListItem","position":2,"name":"\u00c9tuis pour sandwichs"}]},{"@type":"WebSite","@id":"https:\/\/printsmilepro.ma\/#website","url":"https:\/\/printsmilepro.ma\/","name":"Imprimir Smile Pro","description":"Su socio ideal para todas sus necesidades de impresi\u00f3n offset y digital","publisher":{"@id":"https:\/\/printsmilepro.ma\/#organization"},"potentialAction":[{"@type":"SearchAction","target":{"@type":"EntryPoint","urlTemplate":"https:\/\/printsmilepro.ma\/?s={search_term_string}"},"query-input":{"@type":"PropertyValueSpecification","valueRequired":true,"valueName":"search_term_string"}}],"inLanguage":"es"},{"@type":"Organization","@id":"https:\/\/printsmilepro.ma\/#organization","name":"Imprimir Smile Pro","url":"https:\/\/printsmilepro.ma\/","logo":{"@type":"ImageObject","inLanguage":"es","@id":"https:\/\/printsmilepro.ma\/#\/schema\/logo\/image\/","url":"https:\/\/printsmilepro.ma\/wp-content\/uploads\/2025\/05\/logo-2.png","contentUrl":"https:\/\/printsmilepro.ma\/wp-content\/uploads\/2025\/05\/logo-2.png","width":194,"height":80,"caption":"Print Smile Pro"},"image":{"@id":"https:\/\/printsmilepro.ma\/#\/schema\/logo\/image\/"}}]}},"_links":{"self":[{"href":"https:\/\/printsmilepro.ma\/es\/wp-json\/wp\/v2\/pages\/608","targetHints":{"allow":["GET"]}}],"collection":[{"href":"https:\/\/printsmilepro.ma\/es\/wp-json\/wp\/v2\/pages"}],"about":[{"href":"https:\/\/printsmilepro.ma\/es\/wp-json\/wp\/v2\/types\/page"}],"author":[{"embeddable":true,"href":"https:\/\/printsmilepro.ma\/es\/wp-json\/wp\/v2\/users\/1"}],"replies":[{"embeddable":true,"href":"https:\/\/printsmilepro.ma\/es\/wp-json\/wp\/v2\/comments?post=608"}],"version-history":[{"count":5,"href":"https:\/\/printsmilepro.ma\/es\/wp-json\/wp\/v2\/pages\/608\/revisions"}],"predecessor-version":[{"id":1023,"href":"https:\/\/printsmilepro.ma\/es\/wp-json\/wp\/v2\/pages\/608\/revisions\/1023"}],"wp:attachment":[{"href":"https:\/\/printsmilepro.ma\/es\/wp-json\/wp\/v2\/media?parent=608"}],"curies":[{"name":"wp","href":"https:\/\/api.w.org\/{rel}","templated":true}]}}