{"id":377,"date":"2025-05-26T21:00:00","date_gmt":"2025-05-26T21:00:00","guid":{"rendered":"https:\/\/printsmilepro.ma\/?page_id=377"},"modified":"2025-07-28T20:54:11","modified_gmt":"2025-07-28T20:54:11","slug":"escaparates","status":"publish","type":"page","link":"https:\/\/printsmilepro.ma\/es\/escaparates\/","title":{"rendered":"Vitrofan\u00edas"},"content":{"rendered":"<div id=\"fws_69df9bd135faf\"  data-column-margin=\"40px\" data-midnight=\"dark\"  class=\"wpb_row vc_row-fluid vc_row vc_row-o-equal-height vc_row-flex vc_row-o-content-middle  top_margin_40px bottom_margin_40px\"  style=\"padding-top: 0px; padding-bottom: 0px; \"><div class=\"row-bg-wrap\" data-bg-animation=\"none\" data-bg-animation-delay=\"\" data-bg-overlay=\"false\"><div class=\"inner-wrap row-bg-layer\" ><div class=\"row-bg viewport-desktop\"  style=\"\"><\/div><\/div><\/div><div class=\"row_col_wrap_12 col span_12 dark left\">\n\t<div  class=\"vc_col-sm-6 wpb_column column_container vc_column_container col no-extra-padding inherit_tablet inherit_phone\"  data-padding-pos=\"all\" data-has-bg-color=\"false\" data-bg-color=\"\" data-bg-opacity=\"1\" data-animation=\"\" data-delay=\"0\" >\n\t\t<div class=\"vc_column-inner\" >\n\t\t\t<div class=\"wpb_wrapper\">\n\t\t\t\t\n<div class=\"wpb_text_column wpb_content_element\" >\n\t<div class=\"wpb_wrapper\">\n\t\t<h2 class=\"AnswerParser_AnswerParserH4__ghxg8\"><strong>Vitrofan\u00edas <\/strong><\/h2>\n<h6>Marcaje de ventanas de vinilo Casablanca<\/h6>\n\t<\/div>\n<\/div>\n\n\n\n\n<div class=\"wpb_text_column wpb_content_element\" >\n\t<div class=\"wpb_wrapper\">\n\t\t<p>La\u00a0<strong>cartel de ventana<\/strong>a veces deletreado\u00a0<strong>vidrieras<\/strong>T\u00e9cnica consistente en aplicar pegatinas transparentes sobre superficies de cristal para crear elementos visuales que puedan verse desde el exterior. El t\u00e9rmino es un neologismo que ha surgido para describir este m\u00e9todo, inventado en el siglo XIX. Los adhesivos para cristales se utilizan mucho en el sector comercial para se\u00f1alizaci\u00f3n, decoraci\u00f3n y publicidad.<\/p>\n\t<\/div>\n<\/div>\n\n\n\n\n\t\t\t<\/div> \n\t\t<\/div>\n\t<\/div> \n\n\t<div  class=\"vc_col-sm-6 wpb_column column_container vc_column_container col no-extra-padding inherit_tablet inherit_phone\"  data-padding-pos=\"all\" data-has-bg-color=\"false\" data-bg-color=\"\" data-bg-opacity=\"1\" data-animation=\"\" data-delay=\"0\" >\n\t\t<div class=\"vc_column-inner\" >\n\t\t\t<div class=\"wpb_wrapper\">\n\t\t\t\t<div class=\"img-with-aniamtion-wrap\" data-max-width=\"100%\" data-max-width-mobile=\"default\" data-shadow=\"none\" data-animation=\"none\" >\n      <div class=\"inner\">\n        <div class=\"hover-wrap\"> \n          <div class=\"hover-wrap-inner\">\n            <img loading=\"lazy\" decoding=\"async\" class=\"img-with-animation skip-lazy\" data-delay=\"0\" height=\"1020\" width=\"1920\" data-animation=\"none\" src=\"https:\/\/printsmilepro.ma\/wp-content\/uploads\/2025\/05\/Splayce-vitrines-cont10-1920x1020-c.jpg\" alt=\"\" srcset=\"https:\/\/printsmilepro.ma\/wp-content\/uploads\/2025\/05\/Splayce-vitrines-cont10-1920x1020-c.jpg 1920w, https:\/\/printsmilepro.ma\/wp-content\/uploads\/2025\/05\/Splayce-vitrines-cont10-1920x1020-c-300x159.jpg 300w, https:\/\/printsmilepro.ma\/wp-content\/uploads\/2025\/05\/Splayce-vitrines-cont10-1920x1020-c-1024x544.jpg 1024w, https:\/\/printsmilepro.ma\/wp-content\/uploads\/2025\/05\/Splayce-vitrines-cont10-1920x1020-c-768x408.jpg 768w, https:\/\/printsmilepro.ma\/wp-content\/uploads\/2025\/05\/Splayce-vitrines-cont10-1920x1020-c-1536x816.jpg 1536w\" sizes=\"auto, (max-width: 1920px) 100vw, 1920px\" \/>\n          <\/div>\n        <\/div>\n      <\/div>\n    <\/div>\n\t\t\t<\/div> \n\t\t<\/div>\n\t<\/div> \n<\/div><\/div>\n\t\t<div id=\"fws_69df9bd1369f2\"  data-column-margin=\"40px\" data-midnight=\"dark\"  class=\"wpb_row vc_row-fluid vc_row full-width-section vc_row-o-equal-height vc_row-flex vc_row-o-content-middle  top_margin_40px bottom_margin_40px\"  style=\"padding-top: 40px; padding-bottom: 40px; \"><div class=\"row-bg-wrap\" data-bg-animation=\"none\" data-bg-animation-delay=\"\" data-bg-overlay=\"false\"><div class=\"inner-wrap row-bg-layer\" ><div class=\"row-bg viewport-desktop using-bg-color\"  style=\"background-color: #d3d3d3; \"><\/div><\/div><\/div><div class=\"row_col_wrap_12 col span_12 dark left\">\n\t<div  class=\"vc_col-sm-6 wpb_column column_container vc_column_container col no-extra-padding inherit_tablet inherit_phone\"  data-padding-pos=\"all\" data-has-bg-color=\"false\" data-bg-color=\"\" data-bg-opacity=\"1\" data-animation=\"\" data-delay=\"0\" >\n\t\t<div class=\"vc_column-inner\" >\n\t\t\t<div class=\"wpb_wrapper\">\n\t\t\t\t<div class=\"img-with-aniamtion-wrap\" data-max-width=\"100%\" data-max-width-mobile=\"default\" data-shadow=\"none\" data-animation=\"none\" >\n      <div class=\"inner\">\n        <div class=\"hover-wrap\"> \n          <div class=\"hover-wrap-inner\">\n            <img loading=\"lazy\" decoding=\"async\" class=\"img-with-animation skip-lazy\" data-delay=\"0\" height=\"1080\" width=\"1920\" data-animation=\"none\" src=\"https:\/\/printsmilepro.ma\/wp-content\/uploads\/2025\/05\/vitrophanie-bureau-cloisons-vitree-groupe-CB-04-Mel-et-Kio.jpg\" alt=\"\" srcset=\"https:\/\/printsmilepro.ma\/wp-content\/uploads\/2025\/05\/vitrophanie-bureau-cloisons-vitree-groupe-CB-04-Mel-et-Kio.jpg 1920w, https:\/\/printsmilepro.ma\/wp-content\/uploads\/2025\/05\/vitrophanie-bureau-cloisons-vitree-groupe-CB-04-Mel-et-Kio-300x169.jpg 300w, https:\/\/printsmilepro.ma\/wp-content\/uploads\/2025\/05\/vitrophanie-bureau-cloisons-vitree-groupe-CB-04-Mel-et-Kio-1024x576.jpg 1024w, https:\/\/printsmilepro.ma\/wp-content\/uploads\/2025\/05\/vitrophanie-bureau-cloisons-vitree-groupe-CB-04-Mel-et-Kio-768x432.jpg 768w, https:\/\/printsmilepro.ma\/wp-content\/uploads\/2025\/05\/vitrophanie-bureau-cloisons-vitree-groupe-CB-04-Mel-et-Kio-1536x864.jpg 1536w\" sizes=\"auto, (max-width: 1920px) 100vw, 1920px\" \/>\n          <\/div>\n        <\/div>\n      <\/div>\n    <\/div>\n\t\t\t<\/div> \n\t\t<\/div>\n\t<\/div> \n\n\t<div  class=\"vc_col-sm-6 wpb_column column_container vc_column_container col no-extra-padding inherit_tablet inherit_phone\"  data-padding-pos=\"all\" data-has-bg-color=\"false\" data-bg-color=\"\" data-bg-opacity=\"1\" data-animation=\"\" data-delay=\"0\" >\n\t\t<div class=\"vc_column-inner\" >\n\t\t\t<div class=\"wpb_wrapper\">\n\t\t\t\t\n<div class=\"wpb_text_column wpb_content_element\" >\n\t<div class=\"wpb_wrapper\">\n\t\t<h2 class=\"AnswerParser_AnswerParserH4__ghxg8\"><strong>Vitrofan\u00edas<\/strong><\/h2>\n<h6>Impresi\u00f3n de adhesivos personalizados para cristales Marruecos<\/h6>\n\t<\/div>\n<\/div>\n\n\n\n\n<div class=\"wpb_text_column wpb_content_element\" >\n\t<div class=\"wpb_wrapper\">\n\t\t<p>Los adhesivos para escaparates est\u00e1n dise\u00f1ados para colocarse en el interior de los escaparates, lo que los hace especialmente eficaces para atraer la atenci\u00f3n de los transe\u00fantes. Pueden fabricarse en una gran variedad de estilos, desde motivos sencillos a dise\u00f1os m\u00e1s complejos, y pueden incluir elementos como logotipos, esl\u00f3ganes o ilustraciones. Una de las principales ventajas de la vitrophanie es que preserva la visibilidad a trav\u00e9s del cristal al tiempo que a\u00f1ade una dimensi\u00f3n est\u00e9tica e informativa al espacio.<\/p>\n\t<\/div>\n<\/div>\n\n\n\n\n\t\t\t<\/div> \n\t\t<\/div>\n\t<\/div> \n<\/div><\/div>\n\t\t<div id=\"fws_69df9bd136dd0\"  data-column-margin=\"40px\" data-midnight=\"dark\"  class=\"wpb_row vc_row-fluid vc_row vc_row-o-equal-height vc_row-flex vc_row-o-content-middle  top_margin_40px bottom_margin_40px\"  style=\"padding-top: 0px; padding-bottom: 0px; \"><div class=\"row-bg-wrap\" data-bg-animation=\"none\" data-bg-animation-delay=\"\" data-bg-overlay=\"false\"><div class=\"inner-wrap row-bg-layer\" ><div class=\"row-bg viewport-desktop\"  style=\"\"><\/div><\/div><\/div><div class=\"row_col_wrap_12 col span_12 dark left\">\n\t<div  class=\"vc_col-sm-6 wpb_column column_container vc_column_container col no-extra-padding inherit_tablet inherit_phone\"  data-padding-pos=\"all\" data-has-bg-color=\"false\" data-bg-color=\"\" data-bg-opacity=\"1\" data-animation=\"\" data-delay=\"0\" >\n\t\t<div class=\"vc_column-inner\" >\n\t\t\t<div class=\"wpb_wrapper\">\n\t\t\t\t\n<div class=\"wpb_text_column wpb_content_element\" >\n\t<div class=\"wpb_wrapper\">\n\t\t<h2 class=\"AnswerParser_AnswerParserH4__ghxg8\"><strong>Vitrofan\u00edas<\/strong><\/h2>\n<h6>Decoraci\u00f3n de escaparates en Marruecos<\/h6>\n\t<\/div>\n<\/div>\n\n\n\n\n<div class=\"wpb_text_column wpb_content_element\" >\n\t<div class=\"wpb_wrapper\">\n\t\t<p data-start=\"147\" data-end=\"204\">Los r\u00f3tulos se utilizan habitualmente en comercios, oficinas y espacios p\u00fablicos para diversas aplicaciones. Pueden utilizarse para promocionar ofertas especiales, mostrar informaci\u00f3n sobre productos o reforzar la identidad de marca de una empresa. Es m\u00e1s, tambi\u00e9n pueden proporcionar privacidad al tiempo que dejan pasar la luz, lo que los hace ideales para entornos como consultas m\u00e9dicas o salones de belleza. En resumen, la vitrophanie es una herramienta eficaz para combinar funcionalidad y est\u00e9tica en la comunicaci\u00f3n visual.<\/p>\n\t<\/div>\n<\/div>\n\n\n\n\n\t\t\t<\/div> \n\t\t<\/div>\n\t<\/div> \n\n\t<div  class=\"vc_col-sm-6 wpb_column column_container vc_column_container col no-extra-padding inherit_tablet inherit_phone\"  data-padding-pos=\"all\" data-has-bg-color=\"false\" data-bg-color=\"\" data-bg-opacity=\"1\" data-animation=\"\" data-delay=\"0\" >\n\t\t<div class=\"vc_column-inner\" >\n\t\t\t<div class=\"wpb_wrapper\">\n\t\t\t\t<div class=\"img-with-aniamtion-wrap\" data-max-width=\"100%\" data-max-width-mobile=\"default\" data-shadow=\"none\" data-animation=\"none\" >\n      <div class=\"inner\">\n        <div class=\"hover-wrap\"> \n          <div class=\"hover-wrap-inner\">\n            <img loading=\"lazy\" decoding=\"async\" class=\"img-with-animation skip-lazy\" data-delay=\"0\" height=\"1512\" width=\"2016\" data-animation=\"none\" src=\"https:\/\/printsmilepro.ma\/wp-content\/uploads\/2025\/05\/MJV-CONSEIL-VITROPHANIE-4.jpg\" alt=\"\" srcset=\"https:\/\/printsmilepro.ma\/wp-content\/uploads\/2025\/05\/MJV-CONSEIL-VITROPHANIE-4.jpg 2016w, https:\/\/printsmilepro.ma\/wp-content\/uploads\/2025\/05\/MJV-CONSEIL-VITROPHANIE-4-300x225.jpg 300w, https:\/\/printsmilepro.ma\/wp-content\/uploads\/2025\/05\/MJV-CONSEIL-VITROPHANIE-4-1024x768.jpg 1024w, https:\/\/printsmilepro.ma\/wp-content\/uploads\/2025\/05\/MJV-CONSEIL-VITROPHANIE-4-768x576.jpg 768w, https:\/\/printsmilepro.ma\/wp-content\/uploads\/2025\/05\/MJV-CONSEIL-VITROPHANIE-4-1536x1152.jpg 1536w\" sizes=\"auto, (max-width: 2016px) 100vw, 2016px\" \/>\n          <\/div>\n        <\/div>\n      <\/div>\n    <\/div>\n\t\t\t<\/div> \n\t\t<\/div>\n\t<\/div> \n<\/div><\/div>","protected":false},"excerpt":{"rendered":"Vitrophanies Marquage de vitrine en vinyle Casablanca La\u00a0vitrophanie, parfois orthographi\u00e9e\u00a0vitrauphanie, d\u00e9signe une technique d'application d'autocollants transparents sur des surfaces vitr\u00e9es, permettant de cr\u00e9er des visuels visibles de l'ext\u00e9rieur. Ce terme...","protected":false},"author":1,"featured_media":0,"parent":0,"menu_order":0,"comment_status":"closed","ping_status":"closed","template":"","meta":{"_monsterinsights_skip_tracking":false,"_monsterinsights_sitenote_active":false,"_monsterinsights_sitenote_note":"","_monsterinsights_sitenote_category":0,"_joinchat":[],"footnotes":""},"class_list":["post-377","page","type-page","status-publish"],"yoast_head":"<!-- This site is optimized with the Yoast SEO plugin v26.2 - https:\/\/yoast.com\/wordpress\/plugins\/seo\/ -->\n<title>Vitrophanies Casablanca | D\u00e9coration &amp; Marquage au Maroc<\/title>\n<meta name=\"description\" content=\"Vitrophanies \u00e0 Casablanca : d\u00e9coration, marquage publicitaire, films adh\u00e9sifs. Qualit\u00e9 et pose professionnelle partout au Maroc. Contactez-nous\u202f!\" \/>\n<meta name=\"robots\" content=\"index, follow, max-snippet:-1, max-image-preview:large, max-video-preview:-1\" \/>\n<link rel=\"canonical\" href=\"https:\/\/printsmilepro.ma\/es\/escaparates\/\" \/>\n<meta property=\"og:locale\" content=\"es_ES\" \/>\n<meta property=\"og:type\" content=\"article\" \/>\n<meta property=\"og:title\" content=\"Vitrophanies Casablanca | D\u00e9coration &amp; Marquage au Maroc\" \/>\n<meta property=\"og:description\" content=\"Vitrophanies \u00e0 Casablanca : d\u00e9coration, marquage publicitaire, films adh\u00e9sifs. Qualit\u00e9 et pose professionnelle partout au Maroc. Contactez-nous\u202f!\" \/>\n<meta property=\"og:url\" content=\"https:\/\/printsmilepro.ma\/es\/escaparates\/\" \/>\n<meta property=\"og:site_name\" content=\"Print Smile Pro\" \/>\n<meta property=\"article:modified_time\" content=\"2025-07-28T20:54:11+00:00\" \/>\n<meta name=\"twitter:card\" content=\"summary_large_image\" \/>\n<meta name=\"twitter:label1\" content=\"Tiempo de lectura\" \/>\n\t<meta name=\"twitter:data1\" content=\"2 minutos\" \/>\n<script type=\"application\/ld+json\" class=\"yoast-schema-graph\">{\"@context\":\"https:\/\/schema.org\",\"@graph\":[{\"@type\":\"WebPage\",\"@id\":\"https:\/\/printsmilepro.ma\/vitrophanies\/\",\"url\":\"https:\/\/printsmilepro.ma\/vitrophanies\/\",\"name\":\"Vitrophanies Casablanca | D\u00e9coration & Marquage au Maroc\",\"isPartOf\":{\"@id\":\"https:\/\/printsmilepro.ma\/#website\"},\"datePublished\":\"2025-05-26T21:00:00+00:00\",\"dateModified\":\"2025-07-28T20:54:11+00:00\",\"description\":\"Vitrophanies \u00e0 Casablanca : d\u00e9coration, marquage publicitaire, films adh\u00e9sifs. Qualit\u00e9 et pose professionnelle partout au Maroc. Contactez-nous\u202f!\",\"breadcrumb\":{\"@id\":\"https:\/\/printsmilepro.ma\/vitrophanies\/#breadcrumb\"},\"inLanguage\":\"es\",\"potentialAction\":[{\"@type\":\"ReadAction\",\"target\":[\"https:\/\/printsmilepro.ma\/vitrophanies\/\"]}]},{\"@type\":\"BreadcrumbList\",\"@id\":\"https:\/\/printsmilepro.ma\/vitrophanies\/#breadcrumb\",\"itemListElement\":[{\"@type\":\"ListItem\",\"position\":1,\"name\":\"Accueil\",\"item\":\"https:\/\/printsmilepro.ma\/\"},{\"@type\":\"ListItem\",\"position\":2,\"name\":\"Vitrophanies\"}]},{\"@type\":\"WebSite\",\"@id\":\"https:\/\/printsmilepro.ma\/#website\",\"url\":\"https:\/\/printsmilepro.ma\/\",\"name\":\"Print Smile Pro\",\"description\":\"Votre partenaire id\u00e9al pour la r\u00e9alisation de tous vos travaux d&#039;impression offset et num\u00e9rique\",\"publisher\":{\"@id\":\"https:\/\/printsmilepro.ma\/#organization\"},\"potentialAction\":[{\"@type\":\"SearchAction\",\"target\":{\"@type\":\"EntryPoint\",\"urlTemplate\":\"https:\/\/printsmilepro.ma\/?s={search_term_string}\"},\"query-input\":{\"@type\":\"PropertyValueSpecification\",\"valueRequired\":true,\"valueName\":\"search_term_string\"}}],\"inLanguage\":\"es\"},{\"@type\":\"Organization\",\"@id\":\"https:\/\/printsmilepro.ma\/#organization\",\"name\":\"Print Smile Pro\",\"url\":\"https:\/\/printsmilepro.ma\/\",\"logo\":{\"@type\":\"ImageObject\",\"inLanguage\":\"es\",\"@id\":\"https:\/\/printsmilepro.ma\/#\/schema\/logo\/image\/\",\"url\":\"https:\/\/printsmilepro.ma\/wp-content\/uploads\/2025\/05\/logo-2.png\",\"contentUrl\":\"https:\/\/printsmilepro.ma\/wp-content\/uploads\/2025\/05\/logo-2.png\",\"width\":194,\"height\":80,\"caption\":\"Print Smile Pro\"},\"image\":{\"@id\":\"https:\/\/printsmilepro.ma\/#\/schema\/logo\/image\/\"}}]}<\/script>\n<!-- \/ Yoast SEO plugin. -->","yoast_head_json":{"title":"Vitrophanies Casablanca | Decoraci\u00f3n y marcaje en Marruecos","description":"Vitrophanies en Casablanca: decoraci\u00f3n, branding publicitario, films adhesivos. Calidad e instalaci\u00f3n profesional en todo Marruecos. \u00a1Contacte con nosotros para m\u00e1s informaci\u00f3n!","robots":{"index":"index","follow":"follow","max-snippet":"max-snippet:-1","max-image-preview":"max-image-preview:large","max-video-preview":"max-video-preview:-1"},"canonical":"https:\/\/printsmilepro.ma\/es\/escaparates\/","og_locale":"es_ES","og_type":"article","og_title":"Vitrophanies Casablanca | D\u00e9coration & Marquage au Maroc","og_description":"Vitrophanies \u00e0 Casablanca : d\u00e9coration, marquage publicitaire, films adh\u00e9sifs. Qualit\u00e9 et pose professionnelle partout au Maroc. Contactez-nous\u202f!","og_url":"https:\/\/printsmilepro.ma\/es\/escaparates\/","og_site_name":"Print Smile Pro","article_modified_time":"2025-07-28T20:54:11+00:00","twitter_card":"summary_large_image","twitter_misc":{"Tiempo de lectura":"2 minutos"},"schema":{"@context":"https:\/\/schema.org","@graph":[{"@type":"WebPage","@id":"https:\/\/printsmilepro.ma\/vitrophanies\/","url":"https:\/\/printsmilepro.ma\/vitrophanies\/","name":"Vitrophanies Casablanca | Decoraci\u00f3n y marcaje en Marruecos","isPartOf":{"@id":"https:\/\/printsmilepro.ma\/#website"},"datePublished":"2025-05-26T21:00:00+00:00","dateModified":"2025-07-28T20:54:11+00:00","description":"Vitrophanies en Casablanca: decoraci\u00f3n, branding publicitario, films adhesivos. Calidad e instalaci\u00f3n profesional en todo Marruecos. \u00a1Contacte con nosotros para m\u00e1s informaci\u00f3n!","breadcrumb":{"@id":"https:\/\/printsmilepro.ma\/vitrophanies\/#breadcrumb"},"inLanguage":"es","potentialAction":[{"@type":"ReadAction","target":["https:\/\/printsmilepro.ma\/vitrophanies\/"]}]},{"@type":"BreadcrumbList","@id":"https:\/\/printsmilepro.ma\/vitrophanies\/#breadcrumb","itemListElement":[{"@type":"ListItem","position":1,"name":"Accueil","item":"https:\/\/printsmilepro.ma\/"},{"@type":"ListItem","position":2,"name":"Vitrophanies"}]},{"@type":"WebSite","@id":"https:\/\/printsmilepro.ma\/#website","url":"https:\/\/printsmilepro.ma\/","name":"Imprimir Smile Pro","description":"Su socio ideal para todas sus necesidades de impresi\u00f3n offset y digital","publisher":{"@id":"https:\/\/printsmilepro.ma\/#organization"},"potentialAction":[{"@type":"SearchAction","target":{"@type":"EntryPoint","urlTemplate":"https:\/\/printsmilepro.ma\/?s={search_term_string}"},"query-input":{"@type":"PropertyValueSpecification","valueRequired":true,"valueName":"search_term_string"}}],"inLanguage":"es"},{"@type":"Organization","@id":"https:\/\/printsmilepro.ma\/#organization","name":"Imprimir Smile Pro","url":"https:\/\/printsmilepro.ma\/","logo":{"@type":"ImageObject","inLanguage":"es","@id":"https:\/\/printsmilepro.ma\/#\/schema\/logo\/image\/","url":"https:\/\/printsmilepro.ma\/wp-content\/uploads\/2025\/05\/logo-2.png","contentUrl":"https:\/\/printsmilepro.ma\/wp-content\/uploads\/2025\/05\/logo-2.png","width":194,"height":80,"caption":"Print Smile Pro"},"image":{"@id":"https:\/\/printsmilepro.ma\/#\/schema\/logo\/image\/"}}]}},"_links":{"self":[{"href":"https:\/\/printsmilepro.ma\/es\/wp-json\/wp\/v2\/pages\/377","targetHints":{"allow":["GET"]}}],"collection":[{"href":"https:\/\/printsmilepro.ma\/es\/wp-json\/wp\/v2\/pages"}],"about":[{"href":"https:\/\/printsmilepro.ma\/es\/wp-json\/wp\/v2\/types\/page"}],"author":[{"embeddable":true,"href":"https:\/\/printsmilepro.ma\/es\/wp-json\/wp\/v2\/users\/1"}],"replies":[{"embeddable":true,"href":"https:\/\/printsmilepro.ma\/es\/wp-json\/wp\/v2\/comments?post=377"}],"version-history":[{"count":5,"href":"https:\/\/printsmilepro.ma\/es\/wp-json\/wp\/v2\/pages\/377\/revisions"}],"predecessor-version":[{"id":1044,"href":"https:\/\/printsmilepro.ma\/es\/wp-json\/wp\/v2\/pages\/377\/revisions\/1044"}],"wp:attachment":[{"href":"https:\/\/printsmilepro.ma\/es\/wp-json\/wp\/v2\/media?parent=377"}],"curies":[{"name":"wp","href":"https:\/\/api.w.org\/{rel}","templated":true}]}}