{"id":150,"date":"2025-05-19T16:31:43","date_gmt":"2025-05-19T16:31:43","guid":{"rendered":"https:\/\/printsmilepro.ma\/?page_id=150"},"modified":"2025-07-28T11:34:29","modified_gmt":"2025-07-28T11:34:29","slug":"sobres-personalizados","status":"publish","type":"page","link":"https:\/\/printsmilepro.ma\/es\/sobres-personalizados\/","title":{"rendered":"Sobres personalizados"},"content":{"rendered":"<div id=\"fws_69e65850bcc64\"  data-column-margin=\"40px\" data-midnight=\"dark\"  class=\"wpb_row vc_row-fluid vc_row vc_row-o-equal-height vc_row-flex vc_row-o-content-middle  top_margin_40px bottom_margin_40px\"  style=\"padding-top: 0px; padding-bottom: 0px; \"><div class=\"row-bg-wrap\" data-bg-animation=\"none\" data-bg-animation-delay=\"\" data-bg-overlay=\"false\"><div class=\"inner-wrap row-bg-layer\" ><div class=\"row-bg viewport-desktop\"  style=\"\"><\/div><\/div><\/div><div class=\"row_col_wrap_12 col span_12 dark left\">\n\t<div  class=\"vc_col-sm-6 wpb_column column_container vc_column_container col no-extra-padding inherit_tablet inherit_phone\"  data-padding-pos=\"all\" data-has-bg-color=\"false\" data-bg-color=\"\" data-bg-opacity=\"1\" data-animation=\"\" data-delay=\"0\" >\n\t\t<div class=\"vc_column-inner\" >\n\t\t\t<div class=\"wpb_wrapper\">\n\t\t\t\t\n<div class=\"wpb_text_column wpb_content_element\" >\n\t<div class=\"wpb_wrapper\">\n\t\t<h2 class=\"AnswerParser_AnswerParserH4__ghxg8\"><strong>Impresi\u00f3n<\/strong><strong>Sobres personalizados<\/strong><\/h2>\n<h6>Impresi\u00f3n de sobres personalizados en Casablanca, Marruecos<\/h6>\n\t<\/div>\n<\/div>\n\n\n\n\n<div class=\"wpb_text_column wpb_content_element\" >\n\t<div class=\"wpb_wrapper\">\n\t\t<p>Los sobres personalizados desempe\u00f1an un papel crucial en la presentaci\u00f3n de sus comunicaciones escritas. Dan un toque profesional a sus env\u00edos, ya sean cartas comerciales, facturas o invitaciones. En Casablanca, Print Smile Pro le ofrece sobres personalizados que reflejan su identidad de marca y refuerzan su imagen profesional.<\/p>\n\t<\/div>\n<\/div>\n\n\n\n\n\t\t\t<\/div> \n\t\t<\/div>\n\t<\/div> \n\n\t<div  class=\"vc_col-sm-6 wpb_column column_container vc_column_container col no-extra-padding inherit_tablet inherit_phone\"  data-padding-pos=\"all\" data-has-bg-color=\"false\" data-bg-color=\"\" data-bg-opacity=\"1\" data-animation=\"\" data-delay=\"0\" >\n\t\t<div class=\"vc_column-inner\" >\n\t\t\t<div class=\"wpb_wrapper\">\n\t\t\t\t<div class=\"img-with-aniamtion-wrap\" data-max-width=\"100%\" data-max-width-mobile=\"default\" data-shadow=\"none\" data-animation=\"none\" >\n      <div class=\"inner\">\n        <div class=\"hover-wrap\"> \n          <div class=\"hover-wrap-inner\">\n            <img loading=\"lazy\" decoding=\"async\" class=\"img-with-animation skip-lazy\" data-delay=\"0\" height=\"473\" width=\"700\" data-animation=\"none\" src=\"https:\/\/printsmilepro.ma\/wp-content\/uploads\/2025\/05\/Impression-enveloppe-personnalisee.jpg\" alt=\"\" srcset=\"https:\/\/printsmilepro.ma\/wp-content\/uploads\/2025\/05\/Impression-enveloppe-personnalisee.jpg 700w, https:\/\/printsmilepro.ma\/wp-content\/uploads\/2025\/05\/Impression-enveloppe-personnalisee-300x203.jpg 300w, https:\/\/printsmilepro.ma\/wp-content\/uploads\/2025\/05\/Impression-enveloppe-personnalisee-400x269.jpg 400w\" sizes=\"auto, (max-width: 700px) 100vw, 700px\" \/>\n          <\/div>\n        <\/div>\n      <\/div>\n    <\/div>\n\t\t\t<\/div> \n\t\t<\/div>\n\t<\/div> \n<\/div><\/div>\n\t\t<div id=\"fws_69e65850bd2c7\"  data-column-margin=\"40px\" data-midnight=\"dark\"  class=\"wpb_row vc_row-fluid vc_row full-width-section vc_row-o-equal-height vc_row-flex vc_row-o-content-middle  top_margin_40px bottom_margin_40px\"  style=\"padding-top: 40px; padding-bottom: 40px; \"><div class=\"row-bg-wrap\" data-bg-animation=\"none\" data-bg-animation-delay=\"\" data-bg-overlay=\"false\"><div class=\"inner-wrap row-bg-layer\" ><div class=\"row-bg viewport-desktop using-bg-color\"  style=\"background-color: #d3d3d3; \"><\/div><\/div><\/div><div class=\"row_col_wrap_12 col span_12 dark left\">\n\t<div  class=\"vc_col-sm-6 wpb_column column_container vc_column_container col no-extra-padding inherit_tablet inherit_phone\"  data-padding-pos=\"all\" data-has-bg-color=\"false\" data-bg-color=\"\" data-bg-opacity=\"1\" data-animation=\"\" data-delay=\"0\" >\n\t\t<div class=\"vc_column-inner\" >\n\t\t\t<div class=\"wpb_wrapper\">\n\t\t\t\t<div class=\"img-with-aniamtion-wrap\" data-max-width=\"100%\" data-max-width-mobile=\"default\" data-shadow=\"none\" data-animation=\"none\" >\n      <div class=\"inner\">\n        <div class=\"hover-wrap\"> \n          <div class=\"hover-wrap-inner\">\n            <img loading=\"lazy\" decoding=\"async\" class=\"img-with-animation skip-lazy\" data-delay=\"0\" height=\"750\" width=\"1050\" data-animation=\"none\" src=\"https:\/\/printsmilepro.ma\/wp-content\/uploads\/2025\/06\/11-1.jpg\" alt=\"\" srcset=\"https:\/\/printsmilepro.ma\/wp-content\/uploads\/2025\/06\/11-1.jpg 1050w, https:\/\/printsmilepro.ma\/wp-content\/uploads\/2025\/06\/11-1-300x214.jpg 300w, https:\/\/printsmilepro.ma\/wp-content\/uploads\/2025\/06\/11-1-1024x731.jpg 1024w, https:\/\/printsmilepro.ma\/wp-content\/uploads\/2025\/06\/11-1-768x549.jpg 768w, https:\/\/printsmilepro.ma\/wp-content\/uploads\/2025\/06\/11-1-18x12.jpg 18w\" sizes=\"auto, (max-width: 1050px) 100vw, 1050px\" \/>\n          <\/div>\n        <\/div>\n      <\/div>\n    <\/div>\n\t\t\t<\/div> \n\t\t<\/div>\n\t<\/div> \n\n\t<div  class=\"vc_col-sm-6 wpb_column column_container vc_column_container col no-extra-padding inherit_tablet inherit_phone\"  data-padding-pos=\"all\" data-has-bg-color=\"false\" data-bg-color=\"\" data-bg-opacity=\"1\" data-animation=\"\" data-delay=\"0\" >\n\t\t<div class=\"vc_column-inner\" >\n\t\t\t<div class=\"wpb_wrapper\">\n\t\t\t\t\n<div class=\"wpb_text_column wpb_content_element\" >\n\t<div class=\"wpb_wrapper\">\n\t\t<h2 class=\"AnswerParser_AnswerParserH4__ghxg8\"><strong>Impresi\u00f3n<\/strong><strong>Sobres personalizados<\/strong><\/h2>\n<h6>Sobres personalizados con logotipo - impresi\u00f3n en Casablanca<\/h6>\n\t<\/div>\n<\/div>\n\n\n\n\n<div class=\"wpb_text_column wpb_content_element\" >\n\t<div class=\"wpb_wrapper\">\n\t\t<p>Le ofrecemos una gran variedad de opciones para sus sobres personalizados, incluidos distintos formatos (DL, C5, C4 y otros) y tipos de papel. Puede elegir entre varios gramajes, de 90 g\/m\u00b2 a 120 g\/m\u00b2, y optar por la impresi\u00f3n en cuatricrom\u00eda para conseguir un efecto visual impactante. La personalizaci\u00f3n puede incluir su logotipo, dise\u00f1os o colores espec\u00edficos, para que sus sobres destaquen cuando los reciba.<\/p>\n\t<\/div>\n<\/div>\n\n\n\n\n\t\t\t<\/div> \n\t\t<\/div>\n\t<\/div> \n<\/div><\/div>\n\t\t<div id=\"fws_69e65850bd68c\"  data-column-margin=\"40px\" data-midnight=\"dark\"  class=\"wpb_row vc_row-fluid vc_row vc_row-o-equal-height vc_row-flex vc_row-o-content-middle  top_margin_40px bottom_margin_40px\"  style=\"padding-top: 0px; padding-bottom: 0px; \"><div class=\"row-bg-wrap\" data-bg-animation=\"none\" data-bg-animation-delay=\"\" data-bg-overlay=\"false\"><div class=\"inner-wrap row-bg-layer\" ><div class=\"row-bg viewport-desktop\"  style=\"\"><\/div><\/div><\/div><div class=\"row_col_wrap_12 col span_12 dark left\">\n\t<div  class=\"vc_col-sm-6 wpb_column column_container vc_column_container col no-extra-padding inherit_tablet inherit_phone\"  data-padding-pos=\"all\" data-has-bg-color=\"false\" data-bg-color=\"\" data-bg-opacity=\"1\" data-animation=\"\" data-delay=\"0\" >\n\t\t<div class=\"vc_column-inner\" >\n\t\t\t<div class=\"wpb_wrapper\">\n\t\t\t\t\n<div class=\"wpb_text_column wpb_content_element\" >\n\t<div class=\"wpb_wrapper\">\n\t\t<h2 class=\"AnswerParser_AnswerParserH4__ghxg8\"><strong>Impresi\u00f3n<\/strong><strong>Sobres personalizados<\/strong><\/h2>\n<h6>Dise\u00f1o e impresi\u00f3n de sobres personalizados en Marruecos<\/h6>\n\t<\/div>\n<\/div>\n\n\n\n\n<div class=\"wpb_text_column wpb_content_element\" >\n\t<div class=\"wpb_wrapper\">\n\t\t<p data-start=\"147\" data-end=\"204\">En <a href=\"https:\/\/printsmilepro.ma\/es\/a-propos\/\">Imprimir Smile Pro<\/a>Nos comprometemos a ofrecer un servicio de atenci\u00f3n al cliente excepcional y una entrega r\u00e1pida en toda la regi\u00f3n de Casablanca y m\u00e1s all\u00e1. Nuestro equipo est\u00e1 a su disposici\u00f3n para asesorarle sobre las mejores opciones de personalizaci\u00f3n y ayudarle a crear sobres que se adapten perfectamente a sus necesidades. Conf\u00ede en Print Smile Pro para obtener sobres personalizados de calidad que mejorar\u00e1n su comunicaci\u00f3n escrita y la imagen de su empresa.<\/p>\n\t<\/div>\n<\/div>\n\n\n\n\n\t\t\t<\/div> \n\t\t<\/div>\n\t<\/div> \n\n\t<div  class=\"vc_col-sm-6 wpb_column column_container vc_column_container col no-extra-padding inherit_tablet inherit_phone\"  data-padding-pos=\"all\" data-has-bg-color=\"false\" data-bg-color=\"\" data-bg-opacity=\"1\" data-animation=\"\" data-delay=\"0\" >\n\t\t<div class=\"vc_column-inner\" >\n\t\t\t<div class=\"wpb_wrapper\">\n\t\t\t\t<div class=\"img-with-aniamtion-wrap\" data-max-width=\"100%\" data-max-width-mobile=\"default\" data-shadow=\"none\" data-animation=\"none\" >\n      <div class=\"inner\">\n        <div class=\"hover-wrap\"> \n          <div class=\"hover-wrap-inner\">\n            <img loading=\"lazy\" decoding=\"async\" class=\"img-with-animation skip-lazy\" data-delay=\"0\" height=\"1434\" width=\"1588\" data-animation=\"none\" src=\"https:\/\/printsmilepro.ma\/wp-content\/uploads\/2025\/05\/Capture-decran-2023-03-27-a-17.45.33.png\" alt=\"\" srcset=\"https:\/\/printsmilepro.ma\/wp-content\/uploads\/2025\/05\/Capture-decran-2023-03-27-a-17.45.33.png 1588w, https:\/\/printsmilepro.ma\/wp-content\/uploads\/2025\/05\/Capture-decran-2023-03-27-a-17.45.33-300x271.png 300w, https:\/\/printsmilepro.ma\/wp-content\/uploads\/2025\/05\/Capture-decran-2023-03-27-a-17.45.33-1024x925.png 1024w, https:\/\/printsmilepro.ma\/wp-content\/uploads\/2025\/05\/Capture-decran-2023-03-27-a-17.45.33-768x694.png 768w, https:\/\/printsmilepro.ma\/wp-content\/uploads\/2025\/05\/Capture-decran-2023-03-27-a-17.45.33-1536x1387.png 1536w\" sizes=\"auto, (max-width: 1588px) 100vw, 1588px\" \/>\n          <\/div>\n        <\/div>\n      <\/div>\n    <\/div>\n\t\t\t<\/div> \n\t\t<\/div>\n\t<\/div> \n<\/div><\/div>","protected":false},"excerpt":{"rendered":"Impression d'Enveloppes Personnalis\u00e9es Impression d\u2019enveloppes sur mesure \u00e0 Casablanca, Maroc Les enveloppes personnalis\u00e9es jouent un r\u00f4le crucial dans la pr\u00e9sentation de vos communications \u00e9crites. Elles ajoutent une touche professionnelle \u00e0...","protected":false},"author":1,"featured_media":0,"parent":0,"menu_order":0,"comment_status":"closed","ping_status":"closed","template":"","meta":{"_monsterinsights_skip_tracking":false,"_monsterinsights_sitenote_active":false,"_monsterinsights_sitenote_note":"","_monsterinsights_sitenote_category":0,"_joinchat":[],"footnotes":""},"class_list":["post-150","page","type-page","status-publish"],"yoast_head":"<!-- This site is optimized with the Yoast SEO plugin v26.2 - https:\/\/yoast.com\/wordpress\/plugins\/seo\/ -->\n<title>Impression d\u2019Enveloppes Personnalis\u00e9es \u00e0 Casablanca Maroc<\/title>\n<meta name=\"description\" content=\"Print Smile Pro vous propose des enveloppes personnalis\u00e9es de haute qualit\u00e9 \u00e0 Casablanca, Maroc. Id\u00e9ales pour vos correspondances ...\" \/>\n<meta name=\"robots\" content=\"index, follow, max-snippet:-1, max-image-preview:large, max-video-preview:-1\" \/>\n<link rel=\"canonical\" href=\"https:\/\/printsmilepro.ma\/es\/sobres-personalizados\/\" \/>\n<meta property=\"og:locale\" content=\"es_ES\" \/>\n<meta property=\"og:type\" content=\"article\" \/>\n<meta property=\"og:title\" content=\"Impression d\u2019Enveloppes Personnalis\u00e9es \u00e0 Casablanca Maroc\" \/>\n<meta property=\"og:description\" content=\"Print Smile Pro vous propose des enveloppes personnalis\u00e9es de haute qualit\u00e9 \u00e0 Casablanca, Maroc. Id\u00e9ales pour vos correspondances ...\" \/>\n<meta property=\"og:url\" content=\"https:\/\/printsmilepro.ma\/es\/sobres-personalizados\/\" \/>\n<meta property=\"og:site_name\" content=\"Print Smile Pro\" \/>\n<meta property=\"article:modified_time\" content=\"2025-07-28T11:34:29+00:00\" \/>\n<meta name=\"twitter:card\" content=\"summary_large_image\" \/>\n<meta name=\"twitter:label1\" content=\"Tiempo de lectura\" \/>\n\t<meta name=\"twitter:data1\" content=\"2 minutos\" \/>\n<script type=\"application\/ld+json\" class=\"yoast-schema-graph\">{\"@context\":\"https:\/\/schema.org\",\"@graph\":[{\"@type\":\"WebPage\",\"@id\":\"https:\/\/printsmilepro.ma\/enveloppes-personnalisees\/\",\"url\":\"https:\/\/printsmilepro.ma\/enveloppes-personnalisees\/\",\"name\":\"Impression d\u2019Enveloppes Personnalis\u00e9es \u00e0 Casablanca Maroc\",\"isPartOf\":{\"@id\":\"https:\/\/printsmilepro.ma\/#website\"},\"datePublished\":\"2025-05-19T16:31:43+00:00\",\"dateModified\":\"2025-07-28T11:34:29+00:00\",\"description\":\"Print Smile Pro vous propose des enveloppes personnalis\u00e9es de haute qualit\u00e9 \u00e0 Casablanca, Maroc. Id\u00e9ales pour vos correspondances ...\",\"breadcrumb\":{\"@id\":\"https:\/\/printsmilepro.ma\/enveloppes-personnalisees\/#breadcrumb\"},\"inLanguage\":\"es\",\"potentialAction\":[{\"@type\":\"ReadAction\",\"target\":[\"https:\/\/printsmilepro.ma\/enveloppes-personnalisees\/\"]}]},{\"@type\":\"BreadcrumbList\",\"@id\":\"https:\/\/printsmilepro.ma\/enveloppes-personnalisees\/#breadcrumb\",\"itemListElement\":[{\"@type\":\"ListItem\",\"position\":1,\"name\":\"Accueil\",\"item\":\"https:\/\/printsmilepro.ma\/\"},{\"@type\":\"ListItem\",\"position\":2,\"name\":\"Enveloppes Personnalis\u00e9es\"}]},{\"@type\":\"WebSite\",\"@id\":\"https:\/\/printsmilepro.ma\/#website\",\"url\":\"https:\/\/printsmilepro.ma\/\",\"name\":\"Print Smile Pro\",\"description\":\"Votre partenaire id\u00e9al pour la r\u00e9alisation de tous vos travaux d&#039;impression offset et num\u00e9rique\",\"publisher\":{\"@id\":\"https:\/\/printsmilepro.ma\/#organization\"},\"potentialAction\":[{\"@type\":\"SearchAction\",\"target\":{\"@type\":\"EntryPoint\",\"urlTemplate\":\"https:\/\/printsmilepro.ma\/?s={search_term_string}\"},\"query-input\":{\"@type\":\"PropertyValueSpecification\",\"valueRequired\":true,\"valueName\":\"search_term_string\"}}],\"inLanguage\":\"es\"},{\"@type\":\"Organization\",\"@id\":\"https:\/\/printsmilepro.ma\/#organization\",\"name\":\"Print Smile Pro\",\"url\":\"https:\/\/printsmilepro.ma\/\",\"logo\":{\"@type\":\"ImageObject\",\"inLanguage\":\"es\",\"@id\":\"https:\/\/printsmilepro.ma\/#\/schema\/logo\/image\/\",\"url\":\"https:\/\/printsmilepro.ma\/wp-content\/uploads\/2025\/05\/logo-2.png\",\"contentUrl\":\"https:\/\/printsmilepro.ma\/wp-content\/uploads\/2025\/05\/logo-2.png\",\"width\":194,\"height\":80,\"caption\":\"Print Smile Pro\"},\"image\":{\"@id\":\"https:\/\/printsmilepro.ma\/#\/schema\/logo\/image\/\"}}]}<\/script>\n<!-- \/ Yoast SEO plugin. -->","yoast_head_json":{"title":"Impresi\u00f3n de sobres personalizados en Casablanca Marruecos","description":"Print Smile Pro le ofrece sobres personalizados de alta calidad en Casablanca, Marruecos. Ideal para su correspondencia ...","robots":{"index":"index","follow":"follow","max-snippet":"max-snippet:-1","max-image-preview":"max-image-preview:large","max-video-preview":"max-video-preview:-1"},"canonical":"https:\/\/printsmilepro.ma\/es\/sobres-personalizados\/","og_locale":"es_ES","og_type":"article","og_title":"Impression d\u2019Enveloppes Personnalis\u00e9es \u00e0 Casablanca Maroc","og_description":"Print Smile Pro vous propose des enveloppes personnalis\u00e9es de haute qualit\u00e9 \u00e0 Casablanca, Maroc. Id\u00e9ales pour vos correspondances ...","og_url":"https:\/\/printsmilepro.ma\/es\/sobres-personalizados\/","og_site_name":"Print Smile Pro","article_modified_time":"2025-07-28T11:34:29+00:00","twitter_card":"summary_large_image","twitter_misc":{"Tiempo de lectura":"2 minutos"},"schema":{"@context":"https:\/\/schema.org","@graph":[{"@type":"WebPage","@id":"https:\/\/printsmilepro.ma\/enveloppes-personnalisees\/","url":"https:\/\/printsmilepro.ma\/enveloppes-personnalisees\/","name":"Impresi\u00f3n de sobres personalizados en Casablanca Marruecos","isPartOf":{"@id":"https:\/\/printsmilepro.ma\/#website"},"datePublished":"2025-05-19T16:31:43+00:00","dateModified":"2025-07-28T11:34:29+00:00","description":"Print Smile Pro le ofrece sobres personalizados de alta calidad en Casablanca, Marruecos. Ideal para su correspondencia ...","breadcrumb":{"@id":"https:\/\/printsmilepro.ma\/enveloppes-personnalisees\/#breadcrumb"},"inLanguage":"es","potentialAction":[{"@type":"ReadAction","target":["https:\/\/printsmilepro.ma\/enveloppes-personnalisees\/"]}]},{"@type":"BreadcrumbList","@id":"https:\/\/printsmilepro.ma\/enveloppes-personnalisees\/#breadcrumb","itemListElement":[{"@type":"ListItem","position":1,"name":"Accueil","item":"https:\/\/printsmilepro.ma\/"},{"@type":"ListItem","position":2,"name":"Enveloppes Personnalis\u00e9es"}]},{"@type":"WebSite","@id":"https:\/\/printsmilepro.ma\/#website","url":"https:\/\/printsmilepro.ma\/","name":"Imprimir Smile Pro","description":"Su socio ideal para todas sus necesidades de impresi\u00f3n offset y digital","publisher":{"@id":"https:\/\/printsmilepro.ma\/#organization"},"potentialAction":[{"@type":"SearchAction","target":{"@type":"EntryPoint","urlTemplate":"https:\/\/printsmilepro.ma\/?s={search_term_string}"},"query-input":{"@type":"PropertyValueSpecification","valueRequired":true,"valueName":"search_term_string"}}],"inLanguage":"es"},{"@type":"Organization","@id":"https:\/\/printsmilepro.ma\/#organization","name":"Imprimir Smile Pro","url":"https:\/\/printsmilepro.ma\/","logo":{"@type":"ImageObject","inLanguage":"es","@id":"https:\/\/printsmilepro.ma\/#\/schema\/logo\/image\/","url":"https:\/\/printsmilepro.ma\/wp-content\/uploads\/2025\/05\/logo-2.png","contentUrl":"https:\/\/printsmilepro.ma\/wp-content\/uploads\/2025\/05\/logo-2.png","width":194,"height":80,"caption":"Print Smile Pro"},"image":{"@id":"https:\/\/printsmilepro.ma\/#\/schema\/logo\/image\/"}}]}},"_links":{"self":[{"href":"https:\/\/printsmilepro.ma\/es\/wp-json\/wp\/v2\/pages\/150","targetHints":{"allow":["GET"]}}],"collection":[{"href":"https:\/\/printsmilepro.ma\/es\/wp-json\/wp\/v2\/pages"}],"about":[{"href":"https:\/\/printsmilepro.ma\/es\/wp-json\/wp\/v2\/types\/page"}],"author":[{"embeddable":true,"href":"https:\/\/printsmilepro.ma\/es\/wp-json\/wp\/v2\/users\/1"}],"replies":[{"embeddable":true,"href":"https:\/\/printsmilepro.ma\/es\/wp-json\/wp\/v2\/comments?post=150"}],"version-history":[{"count":5,"href":"https:\/\/printsmilepro.ma\/es\/wp-json\/wp\/v2\/pages\/150\/revisions"}],"predecessor-version":[{"id":1006,"href":"https:\/\/printsmilepro.ma\/es\/wp-json\/wp\/v2\/pages\/150\/revisions\/1006"}],"wp:attachment":[{"href":"https:\/\/printsmilepro.ma\/es\/wp-json\/wp\/v2\/media?parent=150"}],"curies":[{"name":"wp","href":"https:\/\/api.w.org\/{rel}","templated":true}]}}