{"id":980,"date":"2025-07-23T11:45:55","date_gmt":"2025-07-23T11:45:55","guid":{"rendered":"https:\/\/printsmilepro.ma\/?page_id=980"},"modified":"2025-07-28T11:06:54","modified_gmt":"2025-07-28T11:06:54","slug":"catalog","status":"publish","type":"page","link":"https:\/\/printsmilepro.ma\/en\/catalog\/","title":{"rendered":"Catalog"},"content":{"rendered":"<div id=\"fws_69fdd67cc8222\"  data-column-margin=\"40px\" data-midnight=\"dark\"  class=\"wpb_row vc_row-fluid vc_row vc_row-o-equal-height vc_row-flex vc_row-o-content-middle  top_margin_40px bottom_margin_40px\"  style=\"padding-top: 0px; padding-bottom: 0px; \"><div class=\"row-bg-wrap\" data-bg-animation=\"none\" data-bg-animation-delay=\"\" data-bg-overlay=\"false\"><div class=\"inner-wrap row-bg-layer\" ><div class=\"row-bg viewport-desktop\"  style=\"\"><\/div><\/div><\/div><div class=\"row_col_wrap_12 col span_12 dark left\">\n\t<div  class=\"vc_col-sm-6 wpb_column column_container vc_column_container col no-extra-padding inherit_tablet inherit_phone\"  data-padding-pos=\"all\" data-has-bg-color=\"false\" data-bg-color=\"\" data-bg-opacity=\"1\" data-animation=\"\" data-delay=\"0\" >\n\t\t<div class=\"vc_column-inner\" >\n\t\t\t<div class=\"wpb_wrapper\">\n\t\t\t\t\n<div class=\"wpb_text_column wpb_content_element\" >\n\t<div class=\"wpb_wrapper\">\n\t\t<h2 class=\"AnswerParser_AnswerParserH4__ghxg8\"><strong>Catalog printing<\/strong><\/h2>\n<h6>Catalog printing in Casablanca, Morocco<\/h6>\n\t<\/div>\n<\/div>\n\n\n\n\n<div class=\"wpb_text_column wpb_content_element\" >\n\t<div class=\"wpb_wrapper\">\n\t\t<p>Catalogs are an essential communication tool for promoting your products, services or events. In Casablanca, Print Smile Pro offers you a wide range of personalized catalogs, available in several formats and bindings to suit your marketing objectives perfectly. Whether you're presenting a collection, detailing your services or reinforcing your brand image, our catalogs are designed to seduce and effectively inform your audience.<\/p>\n\t<\/div>\n<\/div>\n\n\n\n\n\t\t\t<\/div> \n\t\t<\/div>\n\t<\/div> \n\n\t<div  class=\"vc_col-sm-6 wpb_column column_container vc_column_container col no-extra-padding inherit_tablet inherit_phone\"  data-padding-pos=\"all\" data-has-bg-color=\"false\" data-bg-color=\"\" data-bg-opacity=\"1\" data-animation=\"\" data-delay=\"0\" >\n\t\t<div class=\"vc_column-inner\" >\n\t\t\t<div class=\"wpb_wrapper\">\n\t\t\t\t<div class=\"img-with-aniamtion-wrap\" data-max-width=\"100%\" data-max-width-mobile=\"default\" data-shadow=\"none\" data-animation=\"none\" >\n      <div class=\"inner\">\n        <div class=\"hover-wrap\"> \n          <div class=\"hover-wrap-inner\">\n            <img loading=\"lazy\" decoding=\"async\" class=\"img-with-animation skip-lazy\" data-delay=\"0\" height=\"740\" width=\"800\" data-animation=\"none\" src=\"https:\/\/printsmilepro.ma\/wp-content\/uploads\/2025\/07\/Catalogue_produit_impression_pas_chere_67e272132d4f3.jpg\" alt=\"\" srcset=\"https:\/\/printsmilepro.ma\/wp-content\/uploads\/2025\/07\/Catalogue_produit_impression_pas_chere_67e272132d4f3.jpg 800w, https:\/\/printsmilepro.ma\/wp-content\/uploads\/2025\/07\/Catalogue_produit_impression_pas_chere_67e272132d4f3-300x278.jpg 300w, https:\/\/printsmilepro.ma\/wp-content\/uploads\/2025\/07\/Catalogue_produit_impression_pas_chere_67e272132d4f3-768x710.jpg 768w, https:\/\/printsmilepro.ma\/wp-content\/uploads\/2025\/07\/Catalogue_produit_impression_pas_chere_67e272132d4f3-13x12.jpg 13w\" sizes=\"auto, (max-width: 800px) 100vw, 800px\" \/>\n          <\/div>\n        <\/div>\n      <\/div>\n    <\/div>\n\t\t\t<\/div> \n\t\t<\/div>\n\t<\/div> \n<\/div><\/div>\n\t\t<div id=\"fws_69fdd67cc879b\"  data-column-margin=\"40px\" data-midnight=\"dark\"  class=\"wpb_row vc_row-fluid vc_row full-width-section vc_row-o-equal-height vc_row-flex vc_row-o-content-middle  top_margin_40px bottom_margin_40px\"  style=\"padding-top: 40px; padding-bottom: 40px; \"><div class=\"row-bg-wrap\" data-bg-animation=\"none\" data-bg-animation-delay=\"\" data-bg-overlay=\"false\"><div class=\"inner-wrap row-bg-layer\" ><div class=\"row-bg viewport-desktop using-bg-color\"  style=\"background-color: #d3d3d3; \"><\/div><\/div><\/div><div class=\"row_col_wrap_12 col span_12 dark left\">\n\t<div  class=\"vc_col-sm-6 wpb_column column_container vc_column_container col no-extra-padding inherit_tablet inherit_phone\"  data-padding-pos=\"all\" data-has-bg-color=\"false\" data-bg-color=\"\" data-bg-opacity=\"1\" data-animation=\"\" data-delay=\"0\" >\n\t\t<div class=\"vc_column-inner\" >\n\t\t\t<div class=\"wpb_wrapper\">\n\t\t\t\t<div class=\"img-with-aniamtion-wrap\" data-max-width=\"100%\" data-max-width-mobile=\"default\" data-shadow=\"none\" data-animation=\"none\" >\n      <div class=\"inner\">\n        <div class=\"hover-wrap\"> \n          <div class=\"hover-wrap-inner\">\n            <img loading=\"lazy\" decoding=\"async\" class=\"img-with-animation skip-lazy\" data-delay=\"0\" height=\"391\" width=\"621\" data-animation=\"none\" src=\"https:\/\/printsmilepro.ma\/wp-content\/uploads\/2025\/07\/thumb_7859_gallery_bigPreConf.jpeg\" alt=\"\" srcset=\"https:\/\/printsmilepro.ma\/wp-content\/uploads\/2025\/07\/thumb_7859_gallery_bigPreConf.jpeg 621w, https:\/\/printsmilepro.ma\/wp-content\/uploads\/2025\/07\/thumb_7859_gallery_bigPreConf-300x189.jpeg 300w, https:\/\/printsmilepro.ma\/wp-content\/uploads\/2025\/07\/thumb_7859_gallery_bigPreConf-18x12.jpeg 18w\" sizes=\"auto, (max-width: 621px) 100vw, 621px\" \/>\n          <\/div>\n        <\/div>\n      <\/div>\n    <\/div>\n\t\t\t<\/div> \n\t\t<\/div>\n\t<\/div> \n\n\t<div  class=\"vc_col-sm-6 wpb_column column_container vc_column_container col no-extra-padding inherit_tablet inherit_phone\"  data-padding-pos=\"all\" data-has-bg-color=\"false\" data-bg-color=\"\" data-bg-opacity=\"1\" data-animation=\"\" data-delay=\"0\" >\n\t\t<div class=\"vc_column-inner\" >\n\t\t\t<div class=\"wpb_wrapper\">\n\t\t\t\t\n<div class=\"wpb_text_column wpb_content_element\" >\n\t<div class=\"wpb_wrapper\">\n\t\t<h2 class=\"AnswerParser_AnswerParserH4__ghxg8\"><strong>Catalog printing<\/strong><\/h2>\n<h6>Custom catalog production in Casablanca, Morocco<\/h6>\n\t<\/div>\n<\/div>\n\n\n\n\n<div class=\"wpb_text_column wpb_content_element\" >\n\t<div class=\"wpb_wrapper\">\n\t\t<p data-start=\"133\" data-end=\"592\">We offer a variety of printing options for your catalogs, with a wide choice of papers (coated, textured, recycled) and weights ranging from 115 g\/m\u00b2 to 350 g\/m\u00b2. You can opt for gloss, matte or soft-touch finishes, as well as laminating options to enhance the durability of your media. Our catalogs can be printed single-sided or double-sided, giving you maximum space to showcase your content.<\/p>\n\t<\/div>\n<\/div>\n\n\n\n\n\t\t\t<\/div> \n\t\t<\/div>\n\t<\/div> \n<\/div><\/div>\n\t\t<div id=\"fws_69fdd67cc8adf\"  data-column-margin=\"40px\" data-midnight=\"dark\"  class=\"wpb_row vc_row-fluid vc_row vc_row-o-equal-height vc_row-flex vc_row-o-content-middle  top_margin_40px bottom_margin_40px\"  style=\"padding-top: 0px; padding-bottom: 0px; \"><div class=\"row-bg-wrap\" data-bg-animation=\"none\" data-bg-animation-delay=\"\" data-bg-overlay=\"false\"><div class=\"inner-wrap row-bg-layer\" ><div class=\"row-bg viewport-desktop\"  style=\"\"><\/div><\/div><\/div><div class=\"row_col_wrap_12 col span_12 dark left\">\n\t<div  class=\"vc_col-sm-6 wpb_column column_container vc_column_container col no-extra-padding inherit_tablet inherit_phone\"  data-padding-pos=\"all\" data-has-bg-color=\"false\" data-bg-color=\"\" data-bg-opacity=\"1\" data-animation=\"\" data-delay=\"0\" >\n\t\t<div class=\"vc_column-inner\" >\n\t\t\t<div class=\"wpb_wrapper\">\n\t\t\t\t\n<div class=\"wpb_text_column wpb_content_element\" >\n\t<div class=\"wpb_wrapper\">\n\t\t<h2 class=\"AnswerParser_AnswerParserH4__ghxg8\"><strong>Catalog printing<\/strong><\/h2>\n<h6>Catalog printer in Casablanca<\/h6>\n\t<\/div>\n<\/div>\n\n\n\n\n<div class=\"wpb_text_column wpb_content_element\" >\n\t<div class=\"wpb_wrapper\">\n\t\t<p data-start=\"147\" data-end=\"204\">At Print Smile Pro, we're committed to superior customer service and fast delivery throughout the Casablanca region and beyond. Our team is on hand to help you choose the design and printing options best suited to your needs. Thanks to our expertise, you can be sure of receiving catalogs of impeccable quality, delivered as quickly as possible, so that you can concentrate fully on developing your business.<\/p>\n\t<\/div>\n<\/div>\n\n\n\n\n\t\t\t<\/div> \n\t\t<\/div>\n\t<\/div> \n\n\t<div  class=\"vc_col-sm-6 wpb_column column_container vc_column_container col no-extra-padding inherit_tablet inherit_phone\"  data-padding-pos=\"all\" data-has-bg-color=\"false\" data-bg-color=\"\" data-bg-opacity=\"1\" data-animation=\"\" data-delay=\"0\" >\n\t\t<div class=\"vc_column-inner\" >\n\t\t\t<div class=\"wpb_wrapper\">\n\t\t\t\t<div class=\"img-with-aniamtion-wrap\" data-max-width=\"100%\" data-max-width-mobile=\"default\" data-shadow=\"none\" data-animation=\"none\" >\n      <div class=\"inner\">\n        <div class=\"hover-wrap\"> \n          <div class=\"hover-wrap-inner\">\n            <img loading=\"lazy\" decoding=\"async\" class=\"img-with-animation skip-lazy\" data-delay=\"0\" height=\"768\" width=\"1024\" data-animation=\"none\" src=\"https:\/\/printsmilepro.ma\/wp-content\/uploads\/2025\/07\/EHESP-1024x768-1.jpg\" alt=\"\" srcset=\"https:\/\/printsmilepro.ma\/wp-content\/uploads\/2025\/07\/EHESP-1024x768-1.jpg 1024w, https:\/\/printsmilepro.ma\/wp-content\/uploads\/2025\/07\/EHESP-1024x768-1-300x225.jpg 300w, https:\/\/printsmilepro.ma\/wp-content\/uploads\/2025\/07\/EHESP-1024x768-1-768x576.jpg 768w, https:\/\/printsmilepro.ma\/wp-content\/uploads\/2025\/07\/EHESP-1024x768-1-16x12.jpg 16w\" sizes=\"auto, (max-width: 1024px) 100vw, 1024px\" \/>\n          <\/div>\n        <\/div>\n      <\/div>\n    <\/div>\n\t\t\t<\/div> \n\t\t<\/div>\n\t<\/div> \n<\/div><\/div>","protected":false},"excerpt":{"rendered":"Impression de Catalogue Tirage de catalogues \u00e0 Casablanca, Maroc Les catalogues sont un support de communication incontournable pour valoriser vos produits, services ou \u00e9v\u00e9nements. \u00c0 Casablanca, Print Smile Pro vous...","protected":false},"author":1,"featured_media":0,"parent":0,"menu_order":0,"comment_status":"closed","ping_status":"closed","template":"","meta":{"_monsterinsights_skip_tracking":false,"_monsterinsights_sitenote_active":false,"_monsterinsights_sitenote_note":"","_monsterinsights_sitenote_category":0,"_joinchat":[],"footnotes":""},"class_list":["post-980","page","type-page","status-publish"],"yoast_head":"<!-- This site is optimized with the Yoast SEO plugin v26.2 - https:\/\/yoast.com\/wordpress\/plugins\/seo\/ -->\n<title>Impression de Catalogue \u00e0 Casablanca, Maroc<\/title>\n<meta name=\"description\" content=\"Print Smile Pro vous propose des services d&#039;impression de Catalogue de haute qualit\u00e9 \u00e0 Casablanca, Maroc. Id\u00e9aux pour promouvoir vos ...\" \/>\n<meta name=\"robots\" content=\"index, follow, max-snippet:-1, max-image-preview:large, max-video-preview:-1\" \/>\n<link rel=\"canonical\" href=\"https:\/\/printsmilepro.ma\/en\/catalog\/\" \/>\n<meta property=\"og:locale\" content=\"en_US\" \/>\n<meta property=\"og:type\" content=\"article\" \/>\n<meta property=\"og:title\" content=\"Impression de Catalogue \u00e0 Casablanca, Maroc\" \/>\n<meta property=\"og:description\" content=\"Print Smile Pro vous propose des services d&#039;impression de Catalogue de haute qualit\u00e9 \u00e0 Casablanca, Maroc. Id\u00e9aux pour promouvoir vos ...\" \/>\n<meta property=\"og:url\" content=\"https:\/\/printsmilepro.ma\/en\/catalog\/\" \/>\n<meta property=\"og:site_name\" content=\"Print Smile Pro\" \/>\n<meta property=\"article:modified_time\" content=\"2025-07-28T11:06:54+00:00\" \/>\n<meta name=\"twitter:card\" content=\"summary_large_image\" \/>\n<meta name=\"twitter:label1\" content=\"Est. reading time\" \/>\n\t<meta name=\"twitter:data1\" content=\"2 minutes\" \/>\n<script type=\"application\/ld+json\" class=\"yoast-schema-graph\">{\"@context\":\"https:\/\/schema.org\",\"@graph\":[{\"@type\":\"WebPage\",\"@id\":\"https:\/\/printsmilepro.ma\/catalogue\/\",\"url\":\"https:\/\/printsmilepro.ma\/catalogue\/\",\"name\":\"Impression de Catalogue \u00e0 Casablanca, Maroc\",\"isPartOf\":{\"@id\":\"https:\/\/printsmilepro.ma\/#website\"},\"datePublished\":\"2025-07-23T11:45:55+00:00\",\"dateModified\":\"2025-07-28T11:06:54+00:00\",\"description\":\"Print Smile Pro vous propose des services d'impression de Catalogue de haute qualit\u00e9 \u00e0 Casablanca, Maroc. Id\u00e9aux pour promouvoir vos ...\",\"breadcrumb\":{\"@id\":\"https:\/\/printsmilepro.ma\/catalogue\/#breadcrumb\"},\"inLanguage\":\"en-US\",\"potentialAction\":[{\"@type\":\"ReadAction\",\"target\":[\"https:\/\/printsmilepro.ma\/catalogue\/\"]}]},{\"@type\":\"BreadcrumbList\",\"@id\":\"https:\/\/printsmilepro.ma\/catalogue\/#breadcrumb\",\"itemListElement\":[{\"@type\":\"ListItem\",\"position\":1,\"name\":\"Accueil\",\"item\":\"https:\/\/printsmilepro.ma\/\"},{\"@type\":\"ListItem\",\"position\":2,\"name\":\"Catalogue\"}]},{\"@type\":\"WebSite\",\"@id\":\"https:\/\/printsmilepro.ma\/#website\",\"url\":\"https:\/\/printsmilepro.ma\/\",\"name\":\"Print Smile Pro\",\"description\":\"Votre partenaire id\u00e9al pour la r\u00e9alisation de tous vos travaux d&#039;impression offset et num\u00e9rique\",\"publisher\":{\"@id\":\"https:\/\/printsmilepro.ma\/#organization\"},\"potentialAction\":[{\"@type\":\"SearchAction\",\"target\":{\"@type\":\"EntryPoint\",\"urlTemplate\":\"https:\/\/printsmilepro.ma\/?s={search_term_string}\"},\"query-input\":{\"@type\":\"PropertyValueSpecification\",\"valueRequired\":true,\"valueName\":\"search_term_string\"}}],\"inLanguage\":\"en-US\"},{\"@type\":\"Organization\",\"@id\":\"https:\/\/printsmilepro.ma\/#organization\",\"name\":\"Print Smile Pro\",\"url\":\"https:\/\/printsmilepro.ma\/\",\"logo\":{\"@type\":\"ImageObject\",\"inLanguage\":\"en-US\",\"@id\":\"https:\/\/printsmilepro.ma\/#\/schema\/logo\/image\/\",\"url\":\"https:\/\/printsmilepro.ma\/wp-content\/uploads\/2025\/05\/logo-2.png\",\"contentUrl\":\"https:\/\/printsmilepro.ma\/wp-content\/uploads\/2025\/05\/logo-2.png\",\"width\":194,\"height\":80,\"caption\":\"Print Smile Pro\"},\"image\":{\"@id\":\"https:\/\/printsmilepro.ma\/#\/schema\/logo\/image\/\"}}]}<\/script>\n<!-- \/ Yoast SEO plugin. -->","yoast_head_json":{"title":"Catalog printing in Casablanca, Morocco","description":"Print Smile Pro offers high quality Catalog printing services in Casablanca, Morocco. Ideal for promoting your ...","robots":{"index":"index","follow":"follow","max-snippet":"max-snippet:-1","max-image-preview":"max-image-preview:large","max-video-preview":"max-video-preview:-1"},"canonical":"https:\/\/printsmilepro.ma\/en\/catalog\/","og_locale":"en_US","og_type":"article","og_title":"Impression de Catalogue \u00e0 Casablanca, Maroc","og_description":"Print Smile Pro vous propose des services d'impression de Catalogue de haute qualit\u00e9 \u00e0 Casablanca, Maroc. Id\u00e9aux pour promouvoir vos ...","og_url":"https:\/\/printsmilepro.ma\/en\/catalog\/","og_site_name":"Print Smile Pro","article_modified_time":"2025-07-28T11:06:54+00:00","twitter_card":"summary_large_image","twitter_misc":{"Est. reading time":"2 minutes"},"schema":{"@context":"https:\/\/schema.org","@graph":[{"@type":"WebPage","@id":"https:\/\/printsmilepro.ma\/catalogue\/","url":"https:\/\/printsmilepro.ma\/catalogue\/","name":"Catalog printing in Casablanca, Morocco","isPartOf":{"@id":"https:\/\/printsmilepro.ma\/#website"},"datePublished":"2025-07-23T11:45:55+00:00","dateModified":"2025-07-28T11:06:54+00:00","description":"Print Smile Pro offers high quality Catalog printing services in Casablanca, Morocco. Ideal for promoting your ...","breadcrumb":{"@id":"https:\/\/printsmilepro.ma\/catalogue\/#breadcrumb"},"inLanguage":"en-US","potentialAction":[{"@type":"ReadAction","target":["https:\/\/printsmilepro.ma\/catalogue\/"]}]},{"@type":"BreadcrumbList","@id":"https:\/\/printsmilepro.ma\/catalogue\/#breadcrumb","itemListElement":[{"@type":"ListItem","position":1,"name":"Accueil","item":"https:\/\/printsmilepro.ma\/"},{"@type":"ListItem","position":2,"name":"Catalogue"}]},{"@type":"WebSite","@id":"https:\/\/printsmilepro.ma\/#website","url":"https:\/\/printsmilepro.ma\/","name":"Print Smile Pro","description":"Your ideal partner for all your offset and digital printing needs","publisher":{"@id":"https:\/\/printsmilepro.ma\/#organization"},"potentialAction":[{"@type":"SearchAction","target":{"@type":"EntryPoint","urlTemplate":"https:\/\/printsmilepro.ma\/?s={search_term_string}"},"query-input":{"@type":"PropertyValueSpecification","valueRequired":true,"valueName":"search_term_string"}}],"inLanguage":"en-US"},{"@type":"Organization","@id":"https:\/\/printsmilepro.ma\/#organization","name":"Print Smile Pro","url":"https:\/\/printsmilepro.ma\/","logo":{"@type":"ImageObject","inLanguage":"en-US","@id":"https:\/\/printsmilepro.ma\/#\/schema\/logo\/image\/","url":"https:\/\/printsmilepro.ma\/wp-content\/uploads\/2025\/05\/logo-2.png","contentUrl":"https:\/\/printsmilepro.ma\/wp-content\/uploads\/2025\/05\/logo-2.png","width":194,"height":80,"caption":"Print Smile Pro"},"image":{"@id":"https:\/\/printsmilepro.ma\/#\/schema\/logo\/image\/"}}]}},"_links":{"self":[{"href":"https:\/\/printsmilepro.ma\/en\/wp-json\/wp\/v2\/pages\/980","targetHints":{"allow":["GET"]}}],"collection":[{"href":"https:\/\/printsmilepro.ma\/en\/wp-json\/wp\/v2\/pages"}],"about":[{"href":"https:\/\/printsmilepro.ma\/en\/wp-json\/wp\/v2\/types\/page"}],"author":[{"embeddable":true,"href":"https:\/\/printsmilepro.ma\/en\/wp-json\/wp\/v2\/users\/1"}],"replies":[{"embeddable":true,"href":"https:\/\/printsmilepro.ma\/en\/wp-json\/wp\/v2\/comments?post=980"}],"version-history":[{"count":4,"href":"https:\/\/printsmilepro.ma\/en\/wp-json\/wp\/v2\/pages\/980\/revisions"}],"predecessor-version":[{"id":1001,"href":"https:\/\/printsmilepro.ma\/en\/wp-json\/wp\/v2\/pages\/980\/revisions\/1001"}],"wp:attachment":[{"href":"https:\/\/printsmilepro.ma\/en\/wp-json\/wp\/v2\/media?parent=980"}],"curies":[{"name":"wp","href":"https:\/\/api.w.org\/{rel}","templated":true}]}}