{"id":813,"date":"2025-06-07T18:28:50","date_gmt":"2025-06-07T18:28:50","guid":{"rendered":"https:\/\/printsmilepro.ma\/?page_id=813"},"modified":"2025-07-28T21:03:18","modified_gmt":"2025-07-28T21:03:18","slug":"site-sign-cladding","status":"publish","type":"page","link":"https:\/\/printsmilepro.ma\/en\/site-sign-cladding\/","title":{"rendered":"Site sign cladding"},"content":{"rendered":"<div id=\"fws_69e8c9ac3cca0\"  data-column-margin=\"40px\" data-midnight=\"dark\"  class=\"wpb_row vc_row-fluid vc_row vc_row-o-equal-height vc_row-flex vc_row-o-content-middle  top_margin_40px bottom_margin_40px\"  style=\"padding-top: 0px; padding-bottom: 0px; \"><div class=\"row-bg-wrap\" data-bg-animation=\"none\" data-bg-animation-delay=\"\" data-bg-overlay=\"false\"><div class=\"inner-wrap row-bg-layer\" ><div class=\"row-bg viewport-desktop\"  style=\"\"><\/div><\/div><\/div><div class=\"row_col_wrap_12 col span_12 dark left\">\n\t<div  class=\"vc_col-sm-6 wpb_column column_container vc_column_container col no-extra-padding inherit_tablet inherit_phone\"  data-padding-pos=\"all\" data-has-bg-color=\"false\" data-bg-color=\"\" data-bg-opacity=\"1\" data-animation=\"\" data-delay=\"0\" >\n\t\t<div class=\"vc_column-inner\" >\n\t\t\t<div class=\"wpb_wrapper\">\n\t\t\t\t\n<div class=\"wpb_text_column wpb_content_element\" >\n\t<div class=\"wpb_wrapper\">\n\t\t<h2 class=\"LC20lb MBeuO DKV0Md\">Site sign cladding<\/h2>\n<h6>Casablanca site fence cladding<\/h6>\n\t<\/div>\n<\/div>\n\n\n\n\n<div class=\"wpb_text_column wpb_content_element\" >\n\t<div class=\"wpb_wrapper\">\n\t\t<p data-start=\"323\" data-end=\"639\">In Casablanca, Print Smile Pro offers you <strong data-start=\"384\" data-end=\"436\">customized site signage<\/strong> to secure your worksites while reinforcing your brand image. Our robust, aesthetic solutions are designed to withstand outdoor conditions and draw attention to your projects.<\/p>\n\t<\/div>\n<\/div>\n\n\n\n\n\t\t\t<\/div> \n\t\t<\/div>\n\t<\/div> \n\n\t<div  class=\"vc_col-sm-6 wpb_column column_container vc_column_container col no-extra-padding inherit_tablet inherit_phone\"  data-padding-pos=\"all\" data-has-bg-color=\"false\" data-bg-color=\"\" data-bg-opacity=\"1\" data-animation=\"\" data-delay=\"0\" >\n\t\t<div class=\"vc_column-inner\" >\n\t\t\t<div class=\"wpb_wrapper\">\n\t\t\t\t<div class=\"img-with-aniamtion-wrap\" data-max-width=\"100%\" data-max-width-mobile=\"default\" data-shadow=\"none\" data-animation=\"none\" >\n      <div class=\"inner\">\n        <div class=\"hover-wrap\"> \n          <div class=\"hover-wrap-inner\">\n            <img loading=\"lazy\" decoding=\"async\" class=\"img-with-animation skip-lazy\" data-delay=\"0\" height=\"720\" width=\"960\" data-animation=\"none\" src=\"https:\/\/printsmilepro.ma\/wp-content\/uploads\/2025\/06\/WhatsApp-Image-2025-02-24-at-15.54.57.jpeg\" alt=\"\" srcset=\"https:\/\/printsmilepro.ma\/wp-content\/uploads\/2025\/06\/WhatsApp-Image-2025-02-24-at-15.54.57.jpeg 960w, https:\/\/printsmilepro.ma\/wp-content\/uploads\/2025\/06\/WhatsApp-Image-2025-02-24-at-15.54.57-300x225.jpeg 300w, https:\/\/printsmilepro.ma\/wp-content\/uploads\/2025\/06\/WhatsApp-Image-2025-02-24-at-15.54.57-768x576.jpeg 768w, https:\/\/printsmilepro.ma\/wp-content\/uploads\/2025\/06\/WhatsApp-Image-2025-02-24-at-15.54.57-16x12.jpeg 16w\" sizes=\"auto, (max-width: 960px) 100vw, 960px\" \/>\n          <\/div>\n        <\/div>\n      <\/div>\n    <\/div>\n\t\t\t<\/div> \n\t\t<\/div>\n\t<\/div> \n<\/div><\/div>\n\t\t<div id=\"fws_69e8c9ac3d12b\"  data-column-margin=\"40px\" data-midnight=\"dark\"  class=\"wpb_row vc_row-fluid vc_row full-width-section vc_row-o-equal-height vc_row-flex vc_row-o-content-middle  top_margin_40px bottom_margin_40px\"  style=\"padding-top: 40px; padding-bottom: 40px; \"><div class=\"row-bg-wrap\" data-bg-animation=\"none\" data-bg-animation-delay=\"\" data-bg-overlay=\"false\"><div class=\"inner-wrap row-bg-layer\" ><div class=\"row-bg viewport-desktop using-bg-color\"  style=\"background-color: #d3d3d3; \"><\/div><\/div><\/div><div class=\"row_col_wrap_12 col span_12 dark left\">\n\t<div  class=\"vc_col-sm-6 wpb_column column_container vc_column_container col no-extra-padding inherit_tablet inherit_phone\"  data-padding-pos=\"all\" data-has-bg-color=\"false\" data-bg-color=\"\" data-bg-opacity=\"1\" data-animation=\"\" data-delay=\"0\" >\n\t\t<div class=\"vc_column-inner\" >\n\t\t\t<div class=\"wpb_wrapper\">\n\t\t\t\t<div class=\"img-with-aniamtion-wrap\" data-max-width=\"100%\" data-max-width-mobile=\"default\" data-shadow=\"none\" data-animation=\"none\" >\n      <div class=\"inner\">\n        <div class=\"hover-wrap\"> \n          <div class=\"hover-wrap-inner\">\n            <img loading=\"lazy\" decoding=\"async\" class=\"img-with-animation skip-lazy\" data-delay=\"0\" height=\"500\" width=\"700\" data-animation=\"none\" src=\"https:\/\/printsmilepro.ma\/wp-content\/uploads\/2025\/06\/realisation-signaletique-panneau-publicitaire-palissade-1.png\" alt=\"\" srcset=\"https:\/\/printsmilepro.ma\/wp-content\/uploads\/2025\/06\/realisation-signaletique-panneau-publicitaire-palissade-1.png 700w, https:\/\/printsmilepro.ma\/wp-content\/uploads\/2025\/06\/realisation-signaletique-panneau-publicitaire-palissade-1-300x214.png 300w, https:\/\/printsmilepro.ma\/wp-content\/uploads\/2025\/06\/realisation-signaletique-panneau-publicitaire-palissade-1-18x12.png 18w\" sizes=\"auto, (max-width: 700px) 100vw, 700px\" \/>\n          <\/div>\n        <\/div>\n      <\/div>\n    <\/div>\n\t\t\t<\/div> \n\t\t<\/div>\n\t<\/div> \n\n\t<div  class=\"vc_col-sm-6 wpb_column column_container vc_column_container col no-extra-padding inherit_tablet inherit_phone\"  data-padding-pos=\"all\" data-has-bg-color=\"false\" data-bg-color=\"\" data-bg-opacity=\"1\" data-animation=\"\" data-delay=\"0\" >\n\t\t<div class=\"vc_column-inner\" >\n\t\t\t<div class=\"wpb_wrapper\">\n\t\t\t\t\n<div class=\"wpb_text_column wpb_content_element\" >\n\t<div class=\"wpb_wrapper\">\n\t\t<h2 class=\"LC20lb MBeuO DKV0Md\">Site sign cladding<\/h2>\n<h6 data-start=\"743\" data-end=\"794\">Visual communication on site hoardings<\/h6>\n\t<\/div>\n<\/div>\n\n\n\n\n<div class=\"wpb_text_column wpb_content_element\" >\n\t<div class=\"wpb_wrapper\">\n\t\t<ul>\n<li data-start=\"790\" data-end=\"847\">\n<p data-start=\"792\" data-end=\"847\">Resistant substrates : PVC, tarpaulin, microperforated canvas<\/p>\n<\/li>\n<li data-start=\"848\" data-end=\"934\">\n<p data-start=\"850\" data-end=\"934\">High-definition printing of your logo, safety messages, project visuals<\/p>\n<\/li>\n<li data-start=\"935\" data-end=\"998\">\n<p data-start=\"937\" data-end=\"998\">Sizes to suit all panel types (small and large)<\/p>\n<\/li>\n<li data-start=\"999\" data-end=\"1039\">\n<p data-start=\"1001\" data-end=\"1039\">Weather and UV resistance<\/p>\n<\/li>\n<li data-start=\"1040\" data-end=\"1071\">\n<p data-start=\"1042\" data-end=\"1071\">Quick and easy installation<\/p>\n<\/li>\n<\/ul>\n\t<\/div>\n<\/div>\n\n\n\n\n\t\t\t<\/div> \n\t\t<\/div>\n\t<\/div> \n<\/div><\/div>\n\t\t<div id=\"fws_69e8c9ac3d4ad\"  data-column-margin=\"40px\" data-midnight=\"dark\"  class=\"wpb_row vc_row-fluid vc_row vc_row-o-equal-height vc_row-flex vc_row-o-content-middle  top_margin_40px bottom_margin_40px\"  style=\"padding-top: 0px; padding-bottom: 0px; \"><div class=\"row-bg-wrap\" data-bg-animation=\"none\" data-bg-animation-delay=\"\" data-bg-overlay=\"false\"><div class=\"inner-wrap row-bg-layer\" ><div class=\"row-bg viewport-desktop\"  style=\"\"><\/div><\/div><\/div><div class=\"row_col_wrap_12 col span_12 dark left\">\n\t<div  class=\"vc_col-sm-6 wpb_column column_container vc_column_container col no-extra-padding inherit_tablet inherit_phone\"  data-padding-pos=\"all\" data-has-bg-color=\"false\" data-bg-color=\"\" data-bg-opacity=\"1\" data-animation=\"\" data-delay=\"0\" >\n\t\t<div class=\"vc_column-inner\" >\n\t\t\t<div class=\"wpb_wrapper\">\n\t\t\t\t\n<div class=\"wpb_text_column wpb_content_element\" >\n\t<div class=\"wpb_wrapper\">\n\t\t<h2 class=\"LC20lb MBeuO DKV0Md\">Site sign cladding<\/h2>\n<h6 data-start=\"939\" data-end=\"989\">Temporary hoarding and site fencing<\/h6>\n\t<\/div>\n<\/div>\n\n\n\n\n<div class=\"wpb_text_column wpb_content_element\" >\n\t<div class=\"wpb_wrapper\">\n\t\t<ul>\n<li data-start=\"1220\" data-end=\"1294\">\n<p data-start=\"1222\" data-end=\"1294\">Manufacturing and printing in Casablanca with rigorous quality control<\/p>\n<\/li>\n<li data-start=\"1295\" data-end=\"1359\">\n<p data-start=\"1297\" data-end=\"1359\">Fast delivery and installation throughout Morocco<\/p>\n<\/li>\n<li data-start=\"1360\" data-end=\"1421\">\n<p data-start=\"1362\" data-end=\"1421\">Personalized support to meet your requirements<\/p>\n<\/li>\n<li data-start=\"1422\" data-end=\"1491\">\n<p data-start=\"1424\" data-end=\"1491\">Ideal for construction companies, developers and local authorities<\/p>\n<\/li>\n<\/ul>\n\t<\/div>\n<\/div>\n\n\n\n\n\t\t\t<\/div> \n\t\t<\/div>\n\t<\/div> \n\n\t<div  class=\"vc_col-sm-6 wpb_column column_container vc_column_container col no-extra-padding inherit_tablet inherit_phone\"  data-padding-pos=\"all\" data-has-bg-color=\"false\" data-bg-color=\"\" data-bg-opacity=\"1\" data-animation=\"\" data-delay=\"0\" >\n\t\t<div class=\"vc_column-inner\" >\n\t\t\t<div class=\"wpb_wrapper\">\n\t\t\t\t<div class=\"img-with-aniamtion-wrap\" data-max-width=\"100%\" data-max-width-mobile=\"default\" data-shadow=\"none\" data-animation=\"none\" >\n      <div class=\"inner\">\n        <div class=\"hover-wrap\"> \n          <div class=\"hover-wrap-inner\">\n            <img loading=\"lazy\" decoding=\"async\" class=\"img-with-animation skip-lazy\" data-delay=\"0\" height=\"520\" width=\"924\" data-animation=\"none\" src=\"https:\/\/printsmilepro.ma\/wp-content\/uploads\/2025\/06\/palissade-de-chnatier-a-Casablanca-Au-Maroc.jpg\" alt=\"\" srcset=\"https:\/\/printsmilepro.ma\/wp-content\/uploads\/2025\/06\/palissade-de-chnatier-a-Casablanca-Au-Maroc.jpg 924w, https:\/\/printsmilepro.ma\/wp-content\/uploads\/2025\/06\/palissade-de-chnatier-a-Casablanca-Au-Maroc-300x169.jpg 300w, https:\/\/printsmilepro.ma\/wp-content\/uploads\/2025\/06\/palissade-de-chnatier-a-Casablanca-Au-Maroc-768x432.jpg 768w, https:\/\/printsmilepro.ma\/wp-content\/uploads\/2025\/06\/palissade-de-chnatier-a-Casablanca-Au-Maroc-18x10.jpg 18w\" sizes=\"auto, (max-width: 924px) 100vw, 924px\" \/>\n          <\/div>\n        <\/div>\n      <\/div>\n    <\/div>\n\t\t\t<\/div> \n\t\t<\/div>\n\t<\/div> \n<\/div><\/div>","protected":false},"excerpt":{"rendered":"Habillage de Panneau de Chantier Habillage palissade chantier Casablanca \u00c0 Casablanca, Print Smile Pro vous propose des habillages de panneaux de chantier personnalis\u00e9s pour s\u00e9curiser vos chantiers tout en renfor\u00e7ant...","protected":false},"author":1,"featured_media":0,"parent":0,"menu_order":0,"comment_status":"closed","ping_status":"closed","template":"","meta":{"_monsterinsights_skip_tracking":false,"_monsterinsights_sitenote_active":false,"_monsterinsights_sitenote_note":"","_monsterinsights_sitenote_category":0,"_joinchat":[],"footnotes":""},"class_list":["post-813","page","type-page","status-publish"],"yoast_head":"<!-- This site is optimized with the Yoast SEO plugin v26.2 - https:\/\/yoast.com\/wordpress\/plugins\/seo\/ -->\n<title>Habillage Panneau de Chantier &amp; Palissade Casablanca Maroc<\/title>\n<meta name=\"description\" content=\"Habillage de panneaux de chantier et palissades \u00e0 Casablanca. Impression grand format, b\u00e2ches r\u00e9sistantes, pose rapide pour chantiers et \u00e9v\u00e9nements au Maroc.\" \/>\n<meta name=\"robots\" content=\"index, follow, max-snippet:-1, max-image-preview:large, max-video-preview:-1\" \/>\n<link rel=\"canonical\" href=\"https:\/\/printsmilepro.ma\/en\/site-sign-cladding\/\" \/>\n<meta property=\"og:locale\" content=\"en_US\" \/>\n<meta property=\"og:type\" content=\"article\" \/>\n<meta property=\"og:title\" content=\"Habillage Panneau de Chantier &amp; Palissade Casablanca Maroc\" \/>\n<meta property=\"og:description\" content=\"Habillage de panneaux de chantier et palissades \u00e0 Casablanca. Impression grand format, b\u00e2ches r\u00e9sistantes, pose rapide pour chantiers et \u00e9v\u00e9nements au Maroc.\" \/>\n<meta property=\"og:url\" content=\"https:\/\/printsmilepro.ma\/en\/site-sign-cladding\/\" \/>\n<meta property=\"og:site_name\" content=\"Print Smile Pro\" \/>\n<meta property=\"article:modified_time\" content=\"2025-07-28T21:03:18+00:00\" \/>\n<meta name=\"twitter:card\" content=\"summary_large_image\" \/>\n<meta name=\"twitter:label1\" content=\"Est. reading time\" \/>\n\t<meta name=\"twitter:data1\" content=\"2 minutes\" \/>\n<script type=\"application\/ld+json\" class=\"yoast-schema-graph\">{\"@context\":\"https:\/\/schema.org\",\"@graph\":[{\"@type\":\"WebPage\",\"@id\":\"https:\/\/printsmilepro.ma\/habillage-de-panneau-de-chantier\/\",\"url\":\"https:\/\/printsmilepro.ma\/habillage-de-panneau-de-chantier\/\",\"name\":\"Habillage Panneau de Chantier & Palissade Casablanca Maroc\",\"isPartOf\":{\"@id\":\"https:\/\/printsmilepro.ma\/#website\"},\"datePublished\":\"2025-06-07T18:28:50+00:00\",\"dateModified\":\"2025-07-28T21:03:18+00:00\",\"description\":\"Habillage de panneaux de chantier et palissades \u00e0 Casablanca. Impression grand format, b\u00e2ches r\u00e9sistantes, pose rapide pour chantiers et \u00e9v\u00e9nements au Maroc.\",\"breadcrumb\":{\"@id\":\"https:\/\/printsmilepro.ma\/habillage-de-panneau-de-chantier\/#breadcrumb\"},\"inLanguage\":\"en-US\",\"potentialAction\":[{\"@type\":\"ReadAction\",\"target\":[\"https:\/\/printsmilepro.ma\/habillage-de-panneau-de-chantier\/\"]}]},{\"@type\":\"BreadcrumbList\",\"@id\":\"https:\/\/printsmilepro.ma\/habillage-de-panneau-de-chantier\/#breadcrumb\",\"itemListElement\":[{\"@type\":\"ListItem\",\"position\":1,\"name\":\"Accueil\",\"item\":\"https:\/\/printsmilepro.ma\/\"},{\"@type\":\"ListItem\",\"position\":2,\"name\":\"Habillage de Panneau de Chantier\"}]},{\"@type\":\"WebSite\",\"@id\":\"https:\/\/printsmilepro.ma\/#website\",\"url\":\"https:\/\/printsmilepro.ma\/\",\"name\":\"Print Smile Pro\",\"description\":\"Votre partenaire id\u00e9al pour la r\u00e9alisation de tous vos travaux d&#039;impression offset et num\u00e9rique\",\"publisher\":{\"@id\":\"https:\/\/printsmilepro.ma\/#organization\"},\"potentialAction\":[{\"@type\":\"SearchAction\",\"target\":{\"@type\":\"EntryPoint\",\"urlTemplate\":\"https:\/\/printsmilepro.ma\/?s={search_term_string}\"},\"query-input\":{\"@type\":\"PropertyValueSpecification\",\"valueRequired\":true,\"valueName\":\"search_term_string\"}}],\"inLanguage\":\"en-US\"},{\"@type\":\"Organization\",\"@id\":\"https:\/\/printsmilepro.ma\/#organization\",\"name\":\"Print Smile Pro\",\"url\":\"https:\/\/printsmilepro.ma\/\",\"logo\":{\"@type\":\"ImageObject\",\"inLanguage\":\"en-US\",\"@id\":\"https:\/\/printsmilepro.ma\/#\/schema\/logo\/image\/\",\"url\":\"https:\/\/printsmilepro.ma\/wp-content\/uploads\/2025\/05\/logo-2.png\",\"contentUrl\":\"https:\/\/printsmilepro.ma\/wp-content\/uploads\/2025\/05\/logo-2.png\",\"width\":194,\"height\":80,\"caption\":\"Print Smile Pro\"},\"image\":{\"@id\":\"https:\/\/printsmilepro.ma\/#\/schema\/logo\/image\/\"}}]}<\/script>\n<!-- \/ Yoast SEO plugin. -->","yoast_head_json":{"title":"Panneau de Chantier &amp; Palissade Casablanca Morocco","description":"Cladding of site panels and fences in Casablanca. Large-format printing, heavy-duty tarpaulins, fast installation for construction sites and events in Morocco.","robots":{"index":"index","follow":"follow","max-snippet":"max-snippet:-1","max-image-preview":"max-image-preview:large","max-video-preview":"max-video-preview:-1"},"canonical":"https:\/\/printsmilepro.ma\/en\/site-sign-cladding\/","og_locale":"en_US","og_type":"article","og_title":"Habillage Panneau de Chantier & Palissade Casablanca Maroc","og_description":"Habillage de panneaux de chantier et palissades \u00e0 Casablanca. Impression grand format, b\u00e2ches r\u00e9sistantes, pose rapide pour chantiers et \u00e9v\u00e9nements au Maroc.","og_url":"https:\/\/printsmilepro.ma\/en\/site-sign-cladding\/","og_site_name":"Print Smile Pro","article_modified_time":"2025-07-28T21:03:18+00:00","twitter_card":"summary_large_image","twitter_misc":{"Est. reading time":"2 minutes"},"schema":{"@context":"https:\/\/schema.org","@graph":[{"@type":"WebPage","@id":"https:\/\/printsmilepro.ma\/habillage-de-panneau-de-chantier\/","url":"https:\/\/printsmilepro.ma\/habillage-de-panneau-de-chantier\/","name":"Panneau de Chantier &amp; Palissade Casablanca Morocco","isPartOf":{"@id":"https:\/\/printsmilepro.ma\/#website"},"datePublished":"2025-06-07T18:28:50+00:00","dateModified":"2025-07-28T21:03:18+00:00","description":"Cladding of site panels and fences in Casablanca. Large-format printing, heavy-duty tarpaulins, fast installation for construction sites and events in Morocco.","breadcrumb":{"@id":"https:\/\/printsmilepro.ma\/habillage-de-panneau-de-chantier\/#breadcrumb"},"inLanguage":"en-US","potentialAction":[{"@type":"ReadAction","target":["https:\/\/printsmilepro.ma\/habillage-de-panneau-de-chantier\/"]}]},{"@type":"BreadcrumbList","@id":"https:\/\/printsmilepro.ma\/habillage-de-panneau-de-chantier\/#breadcrumb","itemListElement":[{"@type":"ListItem","position":1,"name":"Accueil","item":"https:\/\/printsmilepro.ma\/"},{"@type":"ListItem","position":2,"name":"Habillage de Panneau de Chantier"}]},{"@type":"WebSite","@id":"https:\/\/printsmilepro.ma\/#website","url":"https:\/\/printsmilepro.ma\/","name":"Print Smile Pro","description":"Your ideal partner for all your offset and digital printing needs","publisher":{"@id":"https:\/\/printsmilepro.ma\/#organization"},"potentialAction":[{"@type":"SearchAction","target":{"@type":"EntryPoint","urlTemplate":"https:\/\/printsmilepro.ma\/?s={search_term_string}"},"query-input":{"@type":"PropertyValueSpecification","valueRequired":true,"valueName":"search_term_string"}}],"inLanguage":"en-US"},{"@type":"Organization","@id":"https:\/\/printsmilepro.ma\/#organization","name":"Print Smile Pro","url":"https:\/\/printsmilepro.ma\/","logo":{"@type":"ImageObject","inLanguage":"en-US","@id":"https:\/\/printsmilepro.ma\/#\/schema\/logo\/image\/","url":"https:\/\/printsmilepro.ma\/wp-content\/uploads\/2025\/05\/logo-2.png","contentUrl":"https:\/\/printsmilepro.ma\/wp-content\/uploads\/2025\/05\/logo-2.png","width":194,"height":80,"caption":"Print Smile Pro"},"image":{"@id":"https:\/\/printsmilepro.ma\/#\/schema\/logo\/image\/"}}]}},"_links":{"self":[{"href":"https:\/\/printsmilepro.ma\/en\/wp-json\/wp\/v2\/pages\/813","targetHints":{"allow":["GET"]}}],"collection":[{"href":"https:\/\/printsmilepro.ma\/en\/wp-json\/wp\/v2\/pages"}],"about":[{"href":"https:\/\/printsmilepro.ma\/en\/wp-json\/wp\/v2\/types\/page"}],"author":[{"embeddable":true,"href":"https:\/\/printsmilepro.ma\/en\/wp-json\/wp\/v2\/users\/1"}],"replies":[{"embeddable":true,"href":"https:\/\/printsmilepro.ma\/en\/wp-json\/wp\/v2\/comments?post=813"}],"version-history":[{"count":4,"href":"https:\/\/printsmilepro.ma\/en\/wp-json\/wp\/v2\/pages\/813\/revisions"}],"predecessor-version":[{"id":1049,"href":"https:\/\/printsmilepro.ma\/en\/wp-json\/wp\/v2\/pages\/813\/revisions\/1049"}],"wp:attachment":[{"href":"https:\/\/printsmilepro.ma\/en\/wp-json\/wp\/v2\/media?parent=813"}],"curies":[{"name":"wp","href":"https:\/\/api.w.org\/{rel}","templated":true}]}}