{"id":745,"date":"2025-06-06T23:27:31","date_gmt":"2025-06-06T23:27:31","guid":{"rendered":"https:\/\/printsmilepro.ma\/?page_id=745"},"modified":"2025-07-28T21:00:57","modified_gmt":"2025-07-28T21:00:57","slug":"facade-cladding","status":"publish","type":"page","link":"https:\/\/printsmilepro.ma\/en\/facade-cladding\/","title":{"rendered":"Fa\u00e7ade cladding"},"content":{"rendered":"<div id=\"fws_69fdd72b0c238\"  data-column-margin=\"40px\" data-midnight=\"dark\"  class=\"wpb_row vc_row-fluid vc_row vc_row-o-equal-height vc_row-flex vc_row-o-content-middle  top_margin_40px bottom_margin_40px\"  style=\"padding-top: 0px; padding-bottom: 0px; \"><div class=\"row-bg-wrap\" data-bg-animation=\"none\" data-bg-animation-delay=\"\" data-bg-overlay=\"false\"><div class=\"inner-wrap row-bg-layer\" ><div class=\"row-bg viewport-desktop\"  style=\"\"><\/div><\/div><\/div><div class=\"row_col_wrap_12 col span_12 dark left\">\n\t<div  class=\"vc_col-sm-6 wpb_column column_container vc_column_container col no-extra-padding inherit_tablet inherit_phone\"  data-padding-pos=\"all\" data-has-bg-color=\"false\" data-bg-color=\"\" data-bg-opacity=\"1\" data-animation=\"\" data-delay=\"0\" >\n\t\t<div class=\"vc_column-inner\" >\n\t\t\t<div class=\"wpb_wrapper\">\n\t\t\t\t\n<div class=\"wpb_text_column wpb_content_element\" >\n\t<div class=\"wpb_wrapper\">\n\t\t<h2 class=\"AnswerParser_AnswerParserH4__ghxg8\"><strong>Fa\u00e7ade cladding<\/strong><\/h2>\n<h6>Facade cladding Casablanca<\/h6>\n\t<\/div>\n<\/div>\n\n\n\n\n<div class=\"wpb_text_column wpb_content_element\" >\n\t<div class=\"wpb_wrapper\">\n\t\t<p>Facade cladding is an innovative technique that can transform the appearance of a building while providing lasting protection. In Casablanca, this method is becoming increasingly popular for beautifying commercial and residential buildings. Using modern materials such as alucobond and PVC, we can create unique designs that reflect your brand identity while improving your building's energy efficiency.<\/p>\n\t<\/div>\n<\/div>\n\n\n\n\n\t\t\t<\/div> \n\t\t<\/div>\n\t<\/div> \n\n\t<div  class=\"vc_col-sm-6 wpb_column column_container vc_column_container col no-extra-padding inherit_tablet inherit_phone\"  data-padding-pos=\"all\" data-has-bg-color=\"false\" data-bg-color=\"\" data-bg-opacity=\"1\" data-animation=\"\" data-delay=\"0\" >\n\t\t<div class=\"vc_column-inner\" >\n\t\t\t<div class=\"wpb_wrapper\">\n\t\t\t\t<div class=\"img-with-aniamtion-wrap\" data-max-width=\"100%\" data-max-width-mobile=\"default\" data-shadow=\"none\" data-animation=\"none\" >\n      <div class=\"inner\">\n        <div class=\"hover-wrap\"> \n          <div class=\"hover-wrap-inner\">\n            <img loading=\"lazy\" decoding=\"async\" class=\"img-with-animation skip-lazy\" data-delay=\"0\" height=\"444\" width=\"444\" data-animation=\"none\" src=\"https:\/\/printsmilepro.ma\/wp-content\/uploads\/2025\/06\/59c3ba8ea5297591ec29a5ecc2impression-adhesif-total-covering-microsoft-batiment-1-800x800-1.jpg\" alt=\"\" srcset=\"https:\/\/printsmilepro.ma\/wp-content\/uploads\/2025\/06\/59c3ba8ea5297591ec29a5ecc2impression-adhesif-total-covering-microsoft-batiment-1-800x800-1.jpg 444w, https:\/\/printsmilepro.ma\/wp-content\/uploads\/2025\/06\/59c3ba8ea5297591ec29a5ecc2impression-adhesif-total-covering-microsoft-batiment-1-800x800-1-300x300.jpg 300w, https:\/\/printsmilepro.ma\/wp-content\/uploads\/2025\/06\/59c3ba8ea5297591ec29a5ecc2impression-adhesif-total-covering-microsoft-batiment-1-800x800-1-150x150.jpg 150w, https:\/\/printsmilepro.ma\/wp-content\/uploads\/2025\/06\/59c3ba8ea5297591ec29a5ecc2impression-adhesif-total-covering-microsoft-batiment-1-800x800-1-12x12.jpg 12w, https:\/\/printsmilepro.ma\/wp-content\/uploads\/2025\/06\/59c3ba8ea5297591ec29a5ecc2impression-adhesif-total-covering-microsoft-batiment-1-800x800-1-140x140.jpg 140w, https:\/\/printsmilepro.ma\/wp-content\/uploads\/2025\/06\/59c3ba8ea5297591ec29a5ecc2impression-adhesif-total-covering-microsoft-batiment-1-800x800-1-100x100.jpg 100w, https:\/\/printsmilepro.ma\/wp-content\/uploads\/2025\/06\/59c3ba8ea5297591ec29a5ecc2impression-adhesif-total-covering-microsoft-batiment-1-800x800-1-350x350.jpg 350w\" sizes=\"auto, (max-width: 444px) 100vw, 444px\" \/>\n          <\/div>\n        <\/div>\n      <\/div>\n    <\/div>\n\t\t\t<\/div> \n\t\t<\/div>\n\t<\/div> \n<\/div><\/div>\n\t\t<div id=\"fws_69fdd72b0c9f4\"  data-column-margin=\"40px\" data-midnight=\"dark\"  class=\"wpb_row vc_row-fluid vc_row full-width-section vc_row-o-equal-height vc_row-flex vc_row-o-content-middle  top_margin_40px bottom_margin_40px\"  style=\"padding-top: 40px; padding-bottom: 40px; \"><div class=\"row-bg-wrap\" data-bg-animation=\"none\" data-bg-animation-delay=\"\" data-bg-overlay=\"false\"><div class=\"inner-wrap row-bg-layer\" ><div class=\"row-bg viewport-desktop using-bg-color\"  style=\"background-color: #d3d3d3; \"><\/div><\/div><\/div><div class=\"row_col_wrap_12 col span_12 dark left\">\n\t<div  class=\"vc_col-sm-6 wpb_column column_container vc_column_container col no-extra-padding inherit_tablet inherit_phone\"  data-padding-pos=\"all\" data-has-bg-color=\"false\" data-bg-color=\"\" data-bg-opacity=\"1\" data-animation=\"\" data-delay=\"0\" >\n\t\t<div class=\"vc_column-inner\" >\n\t\t\t<div class=\"wpb_wrapper\">\n\t\t\t\t<div class=\"img-with-aniamtion-wrap\" data-max-width=\"100%\" data-max-width-mobile=\"default\" data-shadow=\"none\" data-animation=\"none\" >\n      <div class=\"inner\">\n        <div class=\"hover-wrap\"> \n          <div class=\"hover-wrap-inner\">\n            <img loading=\"lazy\" decoding=\"async\" class=\"img-with-animation skip-lazy\" data-delay=\"0\" height=\"500\" width=\"500\" data-animation=\"none\" src=\"https:\/\/printsmilepro.ma\/wp-content\/uploads\/2025\/06\/mini-192-SNCF1.jpg\" alt=\"\" srcset=\"https:\/\/printsmilepro.ma\/wp-content\/uploads\/2025\/06\/mini-192-SNCF1.jpg 500w, https:\/\/printsmilepro.ma\/wp-content\/uploads\/2025\/06\/mini-192-SNCF1-300x300.jpg 300w, https:\/\/printsmilepro.ma\/wp-content\/uploads\/2025\/06\/mini-192-SNCF1-150x150.jpg 150w, https:\/\/printsmilepro.ma\/wp-content\/uploads\/2025\/06\/mini-192-SNCF1-12x12.jpg 12w, https:\/\/printsmilepro.ma\/wp-content\/uploads\/2025\/06\/mini-192-SNCF1-140x140.jpg 140w, https:\/\/printsmilepro.ma\/wp-content\/uploads\/2025\/06\/mini-192-SNCF1-100x100.jpg 100w, https:\/\/printsmilepro.ma\/wp-content\/uploads\/2025\/06\/mini-192-SNCF1-350x350.jpg 350w\" sizes=\"auto, (max-width: 500px) 100vw, 500px\" \/>\n          <\/div>\n        <\/div>\n      <\/div>\n    <\/div>\n\t\t\t<\/div> \n\t\t<\/div>\n\t<\/div> \n\n\t<div  class=\"vc_col-sm-6 wpb_column column_container vc_column_container col no-extra-padding inherit_tablet inherit_phone\"  data-padding-pos=\"all\" data-has-bg-color=\"false\" data-bg-color=\"\" data-bg-opacity=\"1\" data-animation=\"\" data-delay=\"0\" >\n\t\t<div class=\"vc_column-inner\" >\n\t\t\t<div class=\"wpb_wrapper\">\n\t\t\t\t\n<div class=\"wpb_text_column wpb_content_element\" >\n\t<div class=\"wpb_wrapper\">\n\t\t<h2 class=\"AnswerParser_AnswerParserH4__ghxg8\"><strong>Fa\u00e7ade cladding<\/strong><\/h2>\n<h6 data-start=\"659\" data-end=\"693\">Custom-printed facade Morocco<\/h6>\n\t<\/div>\n<\/div>\n\n\n\n\n<div class=\"wpb_text_column wpb_content_element\" >\n\t<div class=\"wpb_wrapper\">\n\t\t<p>Facade cladding offers a number of advantages. Firstly, it enhances the aesthetics of your building, attracting the attention of customers and passers-by. In addition, it protects walls from the elements, prolonging the life of the structure. Finally, this solution is customizable, allowing the design to be adapted to the specific needs of each project, whether it's an office building or a residential complex.<\/p>\n\t<\/div>\n<\/div>\n\n\n\n\n\t\t\t<\/div> \n\t\t<\/div>\n\t<\/div> \n<\/div><\/div>\n\t\t<div id=\"fws_69fdd72b0ceeb\"  data-column-margin=\"40px\" data-midnight=\"dark\"  class=\"wpb_row vc_row-fluid vc_row vc_row-o-equal-height vc_row-flex vc_row-o-content-middle  top_margin_40px bottom_margin_40px\"  style=\"padding-top: 0px; padding-bottom: 0px; \"><div class=\"row-bg-wrap\" data-bg-animation=\"none\" data-bg-animation-delay=\"\" data-bg-overlay=\"false\"><div class=\"inner-wrap row-bg-layer\" ><div class=\"row-bg viewport-desktop\"  style=\"\"><\/div><\/div><\/div><div class=\"row_col_wrap_12 col span_12 dark left\">\n\t<div  class=\"vc_col-sm-6 wpb_column column_container vc_column_container col no-extra-padding inherit_tablet inherit_phone\"  data-padding-pos=\"all\" data-has-bg-color=\"false\" data-bg-color=\"\" data-bg-opacity=\"1\" data-animation=\"\" data-delay=\"0\" >\n\t\t<div class=\"vc_column-inner\" >\n\t\t\t<div class=\"wpb_wrapper\">\n\t\t\t\t\n<div class=\"wpb_text_column wpb_content_element\" >\n\t<div class=\"wpb_wrapper\">\n\t\t<h2 class=\"AnswerParser_AnswerParserH4__ghxg8\"><strong>Fa\u00e7ade cladding<\/strong><\/h2>\n<h6>Covering facade building Casablanca<\/h6>\n\t<\/div>\n<\/div>\n\n\n\n\n<div class=\"wpb_text_column wpb_content_element\" >\n\t<div class=\"wpb_wrapper\">\n\t\t<p data-start=\"147\" data-end=\"204\">At Print Smile Pro, we're committed to providing high-quality fa\u00e7ade cladding solutions in Casablanca. Our team of experts works closely with you to design and implement a project that meets your expectations. With our attention to detail and technical expertise, we guarantee an end result that not only beautifies your building, but is also durable and functional. Contact us today to discuss your facade cladding project!<\/p>\n\t<\/div>\n<\/div>\n\n\n\n\n\t\t\t<\/div> \n\t\t<\/div>\n\t<\/div> \n\n\t<div  class=\"vc_col-sm-6 wpb_column column_container vc_column_container col no-extra-padding inherit_tablet inherit_phone\"  data-padding-pos=\"all\" data-has-bg-color=\"false\" data-bg-color=\"\" data-bg-opacity=\"1\" data-animation=\"\" data-delay=\"0\" >\n\t\t<div class=\"vc_column-inner\" >\n\t\t\t<div class=\"wpb_wrapper\">\n\t\t\t\t<div class=\"img-with-aniamtion-wrap\" data-max-width=\"100%\" data-max-width-mobile=\"default\" data-shadow=\"none\" data-animation=\"none\" >\n      <div class=\"inner\">\n        <div class=\"hover-wrap\"> \n          <div class=\"hover-wrap-inner\">\n            <img loading=\"lazy\" decoding=\"async\" class=\"img-with-animation skip-lazy\" data-delay=\"0\" height=\"500\" width=\"500\" data-animation=\"none\" src=\"https:\/\/printsmilepro.ma\/wp-content\/uploads\/2025\/06\/mini-491-vitrophanie-facade-vitree-immeuble-bruxelles.jpg\" alt=\"\" srcset=\"https:\/\/printsmilepro.ma\/wp-content\/uploads\/2025\/06\/mini-491-vitrophanie-facade-vitree-immeuble-bruxelles.jpg 500w, https:\/\/printsmilepro.ma\/wp-content\/uploads\/2025\/06\/mini-491-vitrophanie-facade-vitree-immeuble-bruxelles-300x300.jpg 300w, https:\/\/printsmilepro.ma\/wp-content\/uploads\/2025\/06\/mini-491-vitrophanie-facade-vitree-immeuble-bruxelles-150x150.jpg 150w, https:\/\/printsmilepro.ma\/wp-content\/uploads\/2025\/06\/mini-491-vitrophanie-facade-vitree-immeuble-bruxelles-12x12.jpg 12w, https:\/\/printsmilepro.ma\/wp-content\/uploads\/2025\/06\/mini-491-vitrophanie-facade-vitree-immeuble-bruxelles-140x140.jpg 140w, https:\/\/printsmilepro.ma\/wp-content\/uploads\/2025\/06\/mini-491-vitrophanie-facade-vitree-immeuble-bruxelles-100x100.jpg 100w, https:\/\/printsmilepro.ma\/wp-content\/uploads\/2025\/06\/mini-491-vitrophanie-facade-vitree-immeuble-bruxelles-350x350.jpg 350w\" sizes=\"auto, (max-width: 500px) 100vw, 500px\" \/>\n          <\/div>\n        <\/div>\n      <\/div>\n    <\/div>\n\t\t\t<\/div> \n\t\t<\/div>\n\t<\/div> \n<\/div><\/div>","protected":false},"excerpt":{"rendered":"Habillage de Fa\u00e7ade Habillage publicitaire de fa\u00e7ade Casablanca L'habillage de fa\u00e7ade est une technique innovante qui permet de transformer l'apparence d'un immeuble tout en offrant une protection durable. \u00c0 Casablanca,...","protected":false},"author":1,"featured_media":0,"parent":0,"menu_order":0,"comment_status":"closed","ping_status":"closed","template":"","meta":{"_monsterinsights_skip_tracking":false,"_monsterinsights_sitenote_active":false,"_monsterinsights_sitenote_note":"","_monsterinsights_sitenote_category":0,"_joinchat":[],"footnotes":""},"class_list":["post-745","page","type-page","status-publish"],"yoast_head":"<!-- This site is optimized with the Yoast SEO plugin v26.2 - https:\/\/yoast.com\/wordpress\/plugins\/seo\/ -->\n<title>Habillage de Fa\u00e7ade d&#039;Immeuble \u00e0 Casablanca Maroc<\/title>\n<meta name=\"description\" content=\"Habillage de fa\u00e7ade de Print Smile Pro \u00e0 Casablanca. Offrez \u00e0 votre b\u00e2timent une esth\u00e9tique moderne et une protection durable gr\u00e2ce \u00e0 des mat\u00e9riaux de qualit\u00e9.\" \/>\n<meta name=\"robots\" content=\"index, follow, max-snippet:-1, max-image-preview:large, max-video-preview:-1\" \/>\n<link rel=\"canonical\" href=\"https:\/\/printsmilepro.ma\/en\/facade-cladding\/\" \/>\n<meta property=\"og:locale\" content=\"en_US\" \/>\n<meta property=\"og:type\" content=\"article\" \/>\n<meta property=\"og:title\" content=\"Habillage de Fa\u00e7ade d&#039;Immeuble \u00e0 Casablanca Maroc\" \/>\n<meta property=\"og:description\" content=\"Habillage de fa\u00e7ade de Print Smile Pro \u00e0 Casablanca. Offrez \u00e0 votre b\u00e2timent une esth\u00e9tique moderne et une protection durable gr\u00e2ce \u00e0 des mat\u00e9riaux de qualit\u00e9.\" \/>\n<meta property=\"og:url\" content=\"https:\/\/printsmilepro.ma\/en\/facade-cladding\/\" \/>\n<meta property=\"og:site_name\" content=\"Print Smile Pro\" \/>\n<meta property=\"article:modified_time\" content=\"2025-07-28T21:00:57+00:00\" \/>\n<meta name=\"twitter:card\" content=\"summary_large_image\" \/>\n<meta name=\"twitter:label1\" content=\"Est. reading time\" \/>\n\t<meta name=\"twitter:data1\" content=\"2 minutes\" \/>\n<script type=\"application\/ld+json\" class=\"yoast-schema-graph\">{\"@context\":\"https:\/\/schema.org\",\"@graph\":[{\"@type\":\"WebPage\",\"@id\":\"https:\/\/printsmilepro.ma\/habillage-de-facade\/\",\"url\":\"https:\/\/printsmilepro.ma\/habillage-de-facade\/\",\"name\":\"Habillage de Fa\u00e7ade d'Immeuble \u00e0 Casablanca Maroc\",\"isPartOf\":{\"@id\":\"https:\/\/printsmilepro.ma\/#website\"},\"datePublished\":\"2025-06-06T23:27:31+00:00\",\"dateModified\":\"2025-07-28T21:00:57+00:00\",\"description\":\"Habillage de fa\u00e7ade de Print Smile Pro \u00e0 Casablanca. Offrez \u00e0 votre b\u00e2timent une esth\u00e9tique moderne et une protection durable gr\u00e2ce \u00e0 des mat\u00e9riaux de qualit\u00e9.\",\"breadcrumb\":{\"@id\":\"https:\/\/printsmilepro.ma\/habillage-de-facade\/#breadcrumb\"},\"inLanguage\":\"en-US\",\"potentialAction\":[{\"@type\":\"ReadAction\",\"target\":[\"https:\/\/printsmilepro.ma\/habillage-de-facade\/\"]}]},{\"@type\":\"BreadcrumbList\",\"@id\":\"https:\/\/printsmilepro.ma\/habillage-de-facade\/#breadcrumb\",\"itemListElement\":[{\"@type\":\"ListItem\",\"position\":1,\"name\":\"Accueil\",\"item\":\"https:\/\/printsmilepro.ma\/\"},{\"@type\":\"ListItem\",\"position\":2,\"name\":\"Habillage de Fa\u00e7ade\"}]},{\"@type\":\"WebSite\",\"@id\":\"https:\/\/printsmilepro.ma\/#website\",\"url\":\"https:\/\/printsmilepro.ma\/\",\"name\":\"Print Smile Pro\",\"description\":\"Votre partenaire id\u00e9al pour la r\u00e9alisation de tous vos travaux d&#039;impression offset et num\u00e9rique\",\"publisher\":{\"@id\":\"https:\/\/printsmilepro.ma\/#organization\"},\"potentialAction\":[{\"@type\":\"SearchAction\",\"target\":{\"@type\":\"EntryPoint\",\"urlTemplate\":\"https:\/\/printsmilepro.ma\/?s={search_term_string}\"},\"query-input\":{\"@type\":\"PropertyValueSpecification\",\"valueRequired\":true,\"valueName\":\"search_term_string\"}}],\"inLanguage\":\"en-US\"},{\"@type\":\"Organization\",\"@id\":\"https:\/\/printsmilepro.ma\/#organization\",\"name\":\"Print Smile Pro\",\"url\":\"https:\/\/printsmilepro.ma\/\",\"logo\":{\"@type\":\"ImageObject\",\"inLanguage\":\"en-US\",\"@id\":\"https:\/\/printsmilepro.ma\/#\/schema\/logo\/image\/\",\"url\":\"https:\/\/printsmilepro.ma\/wp-content\/uploads\/2025\/05\/logo-2.png\",\"contentUrl\":\"https:\/\/printsmilepro.ma\/wp-content\/uploads\/2025\/05\/logo-2.png\",\"width\":194,\"height\":80,\"caption\":\"Print Smile Pro\"},\"image\":{\"@id\":\"https:\/\/printsmilepro.ma\/#\/schema\/logo\/image\/\"}}]}<\/script>\n<!-- \/ Yoast SEO plugin. -->","yoast_head_json":{"title":"Building facade cladding in Casablanca Morocco","description":"Facade cladding from Print Smile Pro in Casablanca. Give your building a modern look and lasting protection with quality materials.","robots":{"index":"index","follow":"follow","max-snippet":"max-snippet:-1","max-image-preview":"max-image-preview:large","max-video-preview":"max-video-preview:-1"},"canonical":"https:\/\/printsmilepro.ma\/en\/facade-cladding\/","og_locale":"en_US","og_type":"article","og_title":"Habillage de Fa\u00e7ade d'Immeuble \u00e0 Casablanca Maroc","og_description":"Habillage de fa\u00e7ade de Print Smile Pro \u00e0 Casablanca. Offrez \u00e0 votre b\u00e2timent une esth\u00e9tique moderne et une protection durable gr\u00e2ce \u00e0 des mat\u00e9riaux de qualit\u00e9.","og_url":"https:\/\/printsmilepro.ma\/en\/facade-cladding\/","og_site_name":"Print Smile Pro","article_modified_time":"2025-07-28T21:00:57+00:00","twitter_card":"summary_large_image","twitter_misc":{"Est. reading time":"2 minutes"},"schema":{"@context":"https:\/\/schema.org","@graph":[{"@type":"WebPage","@id":"https:\/\/printsmilepro.ma\/habillage-de-facade\/","url":"https:\/\/printsmilepro.ma\/habillage-de-facade\/","name":"Building facade cladding in Casablanca Morocco","isPartOf":{"@id":"https:\/\/printsmilepro.ma\/#website"},"datePublished":"2025-06-06T23:27:31+00:00","dateModified":"2025-07-28T21:00:57+00:00","description":"Facade cladding from Print Smile Pro in Casablanca. Give your building a modern look and lasting protection with quality materials.","breadcrumb":{"@id":"https:\/\/printsmilepro.ma\/habillage-de-facade\/#breadcrumb"},"inLanguage":"en-US","potentialAction":[{"@type":"ReadAction","target":["https:\/\/printsmilepro.ma\/habillage-de-facade\/"]}]},{"@type":"BreadcrumbList","@id":"https:\/\/printsmilepro.ma\/habillage-de-facade\/#breadcrumb","itemListElement":[{"@type":"ListItem","position":1,"name":"Accueil","item":"https:\/\/printsmilepro.ma\/"},{"@type":"ListItem","position":2,"name":"Habillage de Fa\u00e7ade"}]},{"@type":"WebSite","@id":"https:\/\/printsmilepro.ma\/#website","url":"https:\/\/printsmilepro.ma\/","name":"Print Smile Pro","description":"Your ideal partner for all your offset and digital printing needs","publisher":{"@id":"https:\/\/printsmilepro.ma\/#organization"},"potentialAction":[{"@type":"SearchAction","target":{"@type":"EntryPoint","urlTemplate":"https:\/\/printsmilepro.ma\/?s={search_term_string}"},"query-input":{"@type":"PropertyValueSpecification","valueRequired":true,"valueName":"search_term_string"}}],"inLanguage":"en-US"},{"@type":"Organization","@id":"https:\/\/printsmilepro.ma\/#organization","name":"Print Smile Pro","url":"https:\/\/printsmilepro.ma\/","logo":{"@type":"ImageObject","inLanguage":"en-US","@id":"https:\/\/printsmilepro.ma\/#\/schema\/logo\/image\/","url":"https:\/\/printsmilepro.ma\/wp-content\/uploads\/2025\/05\/logo-2.png","contentUrl":"https:\/\/printsmilepro.ma\/wp-content\/uploads\/2025\/05\/logo-2.png","width":194,"height":80,"caption":"Print Smile Pro"},"image":{"@id":"https:\/\/printsmilepro.ma\/#\/schema\/logo\/image\/"}}]}},"_links":{"self":[{"href":"https:\/\/printsmilepro.ma\/en\/wp-json\/wp\/v2\/pages\/745","targetHints":{"allow":["GET"]}}],"collection":[{"href":"https:\/\/printsmilepro.ma\/en\/wp-json\/wp\/v2\/pages"}],"about":[{"href":"https:\/\/printsmilepro.ma\/en\/wp-json\/wp\/v2\/types\/page"}],"author":[{"embeddable":true,"href":"https:\/\/printsmilepro.ma\/en\/wp-json\/wp\/v2\/users\/1"}],"replies":[{"embeddable":true,"href":"https:\/\/printsmilepro.ma\/en\/wp-json\/wp\/v2\/comments?post=745"}],"version-history":[{"count":4,"href":"https:\/\/printsmilepro.ma\/en\/wp-json\/wp\/v2\/pages\/745\/revisions"}],"predecessor-version":[{"id":1048,"href":"https:\/\/printsmilepro.ma\/en\/wp-json\/wp\/v2\/pages\/745\/revisions\/1048"}],"wp:attachment":[{"href":"https:\/\/printsmilepro.ma\/en\/wp-json\/wp\/v2\/media?parent=745"}],"curies":[{"name":"wp","href":"https:\/\/api.w.org\/{rel}","templated":true}]}}