{"id":158,"date":"2025-05-19T16:44:22","date_gmt":"2025-05-19T16:44:22","guid":{"rendered":"https:\/\/printsmilepro.ma\/?page_id=158"},"modified":"2025-07-28T11:18:58","modified_gmt":"2025-07-28T11:18:58","slug":"press-kit","status":"publish","type":"page","link":"https:\/\/printsmilepro.ma\/en\/press-kit\/","title":{"rendered":"Press Kit"},"content":{"rendered":"<div id=\"fws_69e1c4daaa62d\"  data-column-margin=\"40px\" data-midnight=\"dark\"  class=\"wpb_row vc_row-fluid vc_row vc_row-o-equal-height vc_row-flex vc_row-o-content-middle  top_margin_40px bottom_margin_40px\"  style=\"padding-top: 0px; padding-bottom: 0px; \"><div class=\"row-bg-wrap\" data-bg-animation=\"none\" data-bg-animation-delay=\"\" data-bg-overlay=\"false\"><div class=\"inner-wrap row-bg-layer\" ><div class=\"row-bg viewport-desktop\"  style=\"\"><\/div><\/div><\/div><div class=\"row_col_wrap_12 col span_12 dark left\">\n\t<div  class=\"vc_col-sm-6 wpb_column column_container vc_column_container col no-extra-padding inherit_tablet inherit_phone\"  data-padding-pos=\"all\" data-has-bg-color=\"false\" data-bg-color=\"\" data-bg-opacity=\"1\" data-animation=\"\" data-delay=\"0\" >\n\t\t<div class=\"vc_column-inner\" >\n\t\t\t<div class=\"wpb_wrapper\">\n\t\t\t\t\n<div class=\"wpb_text_column wpb_content_element\" >\n\t<div class=\"wpb_wrapper\">\n\t\t<h2 class=\"AnswerParser_AnswerParserH4__ghxg8\"><strong>Press Kit Printing<\/strong><\/h2>\n<h6 data-start=\"160\" data-end=\"220\"><strong data-start=\"160\" data-end=\"218\">Production of printed press kits in Casablanca<\/strong><\/h6>\n\t<\/div>\n<\/div>\n\n\n\n\n<div class=\"wpb_text_column wpb_content_element\" >\n\t<div class=\"wpb_wrapper\">\n\t\t<p>A <strong>press kit<\/strong> is an essential document for any company wishing to communicate effectively with the media. It serves as an identity card for your organization, enabling journalists to quickly understand your history, missions and news.<\/p>\n\t<\/div>\n<\/div>\n\n\n\n\n\t\t\t<\/div> \n\t\t<\/div>\n\t<\/div> \n\n\t<div  class=\"vc_col-sm-6 wpb_column column_container vc_column_container col no-extra-padding inherit_tablet inherit_phone\"  data-padding-pos=\"all\" data-has-bg-color=\"false\" data-bg-color=\"\" data-bg-opacity=\"1\" data-animation=\"\" data-delay=\"0\" >\n\t\t<div class=\"vc_column-inner\" >\n\t\t\t<div class=\"wpb_wrapper\">\n\t\t\t\t<div class=\"img-with-aniamtion-wrap\" data-max-width=\"100%\" data-max-width-mobile=\"default\" data-shadow=\"none\" data-animation=\"none\" >\n      <div class=\"inner\">\n        <div class=\"hover-wrap\"> \n          <div class=\"hover-wrap-inner\">\n            <img loading=\"lazy\" decoding=\"async\" class=\"img-with-animation skip-lazy\" data-delay=\"0\" height=\"960\" width=\"1920\" data-animation=\"none\" src=\"https:\/\/printsmilepro.ma\/wp-content\/uploads\/2025\/05\/MOCK-UP-dossier-de-presse-1920x960-crop-1675675647.jpg\" alt=\"\" srcset=\"https:\/\/printsmilepro.ma\/wp-content\/uploads\/2025\/05\/MOCK-UP-dossier-de-presse-1920x960-crop-1675675647.jpg 1920w, https:\/\/printsmilepro.ma\/wp-content\/uploads\/2025\/05\/MOCK-UP-dossier-de-presse-1920x960-crop-1675675647-300x150.jpg 300w, https:\/\/printsmilepro.ma\/wp-content\/uploads\/2025\/05\/MOCK-UP-dossier-de-presse-1920x960-crop-1675675647-1024x512.jpg 1024w, https:\/\/printsmilepro.ma\/wp-content\/uploads\/2025\/05\/MOCK-UP-dossier-de-presse-1920x960-crop-1675675647-768x384.jpg 768w, https:\/\/printsmilepro.ma\/wp-content\/uploads\/2025\/05\/MOCK-UP-dossier-de-presse-1920x960-crop-1675675647-1536x768.jpg 1536w, https:\/\/printsmilepro.ma\/wp-content\/uploads\/2025\/05\/MOCK-UP-dossier-de-presse-1920x960-crop-1675675647-1000x500.jpg 1000w, https:\/\/printsmilepro.ma\/wp-content\/uploads\/2025\/05\/MOCK-UP-dossier-de-presse-1920x960-crop-1675675647-670x335.jpg 670w\" sizes=\"auto, (max-width: 1920px) 100vw, 1920px\" \/>\n          <\/div>\n        <\/div>\n      <\/div>\n    <\/div>\n\t\t\t<\/div> \n\t\t<\/div>\n\t<\/div> \n<\/div><\/div>\n\t\t<div id=\"fws_69e1c4daaabef\"  data-column-margin=\"40px\" data-midnight=\"dark\"  class=\"wpb_row vc_row-fluid vc_row full-width-section vc_row-o-equal-height vc_row-flex vc_row-o-content-middle  top_margin_40px bottom_margin_40px\"  style=\"padding-top: 40px; padding-bottom: 40px; \"><div class=\"row-bg-wrap\" data-bg-animation=\"none\" data-bg-animation-delay=\"\" data-bg-overlay=\"false\"><div class=\"inner-wrap row-bg-layer\" ><div class=\"row-bg viewport-desktop using-bg-color\"  style=\"background-color: #d3d3d3; \"><\/div><\/div><\/div><div class=\"row_col_wrap_12 col span_12 dark left\">\n\t<div  class=\"vc_col-sm-6 wpb_column column_container vc_column_container col no-extra-padding inherit_tablet inherit_phone\"  data-padding-pos=\"all\" data-has-bg-color=\"false\" data-bg-color=\"\" data-bg-opacity=\"1\" data-animation=\"\" data-delay=\"0\" >\n\t\t<div class=\"vc_column-inner\" >\n\t\t\t<div class=\"wpb_wrapper\">\n\t\t\t\t<div class=\"img-with-aniamtion-wrap\" data-max-width=\"100%\" data-max-width-mobile=\"default\" data-shadow=\"none\" data-animation=\"none\" >\n      <div class=\"inner\">\n        <div class=\"hover-wrap\"> \n          <div class=\"hover-wrap-inner\">\n            <img loading=\"lazy\" decoding=\"async\" class=\"img-with-animation skip-lazy\" data-delay=\"0\" height=\"480\" width=\"640\" data-animation=\"none\" src=\"https:\/\/printsmilepro.ma\/wp-content\/uploads\/2025\/05\/dossier-de-presse.jpg\" alt=\"\" srcset=\"https:\/\/printsmilepro.ma\/wp-content\/uploads\/2025\/05\/dossier-de-presse.jpg 640w, https:\/\/printsmilepro.ma\/wp-content\/uploads\/2025\/05\/dossier-de-presse-300x225.jpg 300w\" sizes=\"auto, (max-width: 640px) 100vw, 640px\" \/>\n          <\/div>\n        <\/div>\n      <\/div>\n    <\/div>\n\t\t\t<\/div> \n\t\t<\/div>\n\t<\/div> \n\n\t<div  class=\"vc_col-sm-6 wpb_column column_container vc_column_container col no-extra-padding inherit_tablet inherit_phone\"  data-padding-pos=\"all\" data-has-bg-color=\"false\" data-bg-color=\"\" data-bg-opacity=\"1\" data-animation=\"\" data-delay=\"0\" >\n\t\t<div class=\"vc_column-inner\" >\n\t\t\t<div class=\"wpb_wrapper\">\n\t\t\t\t\n<div class=\"wpb_text_column wpb_content_element\" >\n\t<div class=\"wpb_wrapper\">\n\t\t<h2 class=\"AnswerParser_AnswerParserH4__ghxg8\"><strong>Press Kit Printing<\/strong><\/h2>\n<h6>Customized press kits in Casablanca<\/h6>\n\t<\/div>\n<\/div>\n\n\n\n\n<div class=\"wpb_text_column wpb_content_element\" >\n\t<div class=\"wpb_wrapper\">\n\t\t<p><span class=\"AnswerParser_TextContainer__z_Iiv\" data-testid=\"youchat-text\">We offer several options for printing your press kits:<\/span><\/p>\n<ul class=\"AnswerParser_AnswerParserUnorderedList__P_1FW\">\n<li class=\"AnswerParser_ListItem__XqLOV\" translate=\"yes\"><strong>Formats<\/strong>\u00a0A4, A5, adaptable to your needs<\/li>\n<li class=\"AnswerParser_ListItem__XqLOV\" translate=\"yes\"><strong>Papers<\/strong>\u00a0:\n<ul class=\"AnswerParser_AnswerParserUnorderedList__P_1FW\">\n<li class=\"AnswerParser_ListItem__XqLOV\" translate=\"yes\">Coated paper for optimum color rendering<\/li>\n<li class=\"AnswerParser_ListItem__XqLOV\" translate=\"yes\">Offset paper for a natural feel<\/li>\n<\/ul>\n<\/li>\n<li class=\"AnswerParser_ListItem__XqLOV\" translate=\"yes\"><strong>Grammages<\/strong>\u00a0From 80g to 300g\/m\u00b2.<\/li>\n<li class=\"AnswerParser_ListItem__XqLOV\" translate=\"yes\"><strong>Print<\/strong>\u00a0Quadrichromy for vivid visuals<\/li>\n<li class=\"AnswerParser_ListItem__XqLOV\" translate=\"no\"><strong>Binders<\/strong>\u00a0:\n<ul class=\"AnswerParser_AnswerParserUnorderedList__P_1FW\">\n<li class=\"AnswerParser_ListItem__XqLOV\" translate=\"yes\">Glued square-back<\/li>\n<li class=\"AnswerParser_ListItem__XqLOV\" translate=\"yes\">Spirals<\/li>\n<li class=\"AnswerParser_ListItem__XqLOV\" translate=\"no\">Stapling<\/li>\n<\/ul>\n<\/li>\n<\/ul>\n\t<\/div>\n<\/div>\n\n\n\n\n\t\t\t<\/div> \n\t\t<\/div>\n\t<\/div> \n<\/div><\/div>\n\t\t<div id=\"fws_69e1c4daaaf82\"  data-column-margin=\"40px\" data-midnight=\"dark\"  class=\"wpb_row vc_row-fluid vc_row vc_row-o-equal-height vc_row-flex vc_row-o-content-middle  top_margin_40px bottom_margin_40px\"  style=\"padding-top: 0px; padding-bottom: 0px; \"><div class=\"row-bg-wrap\" data-bg-animation=\"none\" data-bg-animation-delay=\"\" data-bg-overlay=\"false\"><div class=\"inner-wrap row-bg-layer\" ><div class=\"row-bg viewport-desktop\"  style=\"\"><\/div><\/div><\/div><div class=\"row_col_wrap_12 col span_12 dark left\">\n\t<div  class=\"vc_col-sm-6 wpb_column column_container vc_column_container col no-extra-padding inherit_tablet inherit_phone\"  data-padding-pos=\"all\" data-has-bg-color=\"false\" data-bg-color=\"\" data-bg-opacity=\"1\" data-animation=\"\" data-delay=\"0\" >\n\t\t<div class=\"vc_column-inner\" >\n\t\t\t<div class=\"wpb_wrapper\">\n\t\t\t\t\n<div class=\"wpb_text_column wpb_content_element\" >\n\t<div class=\"wpb_wrapper\">\n\t\t<h2 class=\"AnswerParser_AnswerParserH4__ghxg8\"><strong>Press Kit Printing<\/strong><\/h2>\n<h6>Design and printing of press kits in Casablanca<\/h6>\n\t<\/div>\n<\/div>\n\n\n\n\n<div class=\"wpb_text_column wpb_content_element\" >\n\t<div class=\"wpb_wrapper\">\n\t\t<div class=\"_152h7oi1\">\n<div class=\"sc-127e52ca-2 fsqQGe\" data-testid=\"YouChat-app\">\n<div id=\"chat-scroll-container\" class=\"sc-a3eea64f-1 bIvChO\">\n<div id=\"chat-history\" data-testid=\"youchat-chat-history\">\n<div class=\"p38mfy1\">\n<div class=\"p38mfy2\">\n<div class=\"p38mfy3 p38mfy4\">\n<div class=\"p38mfy6\">\n<div class=\"p38mfyb p38mfyc\">\n<div class=\"_1bxvbd41\">\n<div class=\"zlhh2y0\">\n<div class=\"sc-a3eea64f-5 bTkkLb\" data-testid=\"youchat-answer-turn-27\" data-pinnedconversationturnid=\"665d3c0f-fd24-43ca-8f93-e862eb77c802\">\n<div class=\"AnswerParser_AnswerParserSharedStyles__0GZUj\">\n<p><span class=\"AnswerParser_TextContainer__z_Iiv\" data-testid=\"youchat-text\">At <a href=\"https:\/\/printsmilepro.ma\/en\/a-propos\/\">Print Smile Pro<\/a>we are committed to :<\/span><\/p>\n<ul class=\"AnswerParser_AnswerParserUnorderedList__P_1FW\">\n<li class=\"AnswerParser_ListItem__XqLOV\" translate=\"yes\">Providing quality service<\/li>\n<li class=\"AnswerParser_ListItem__XqLOV\" translate=\"yes\">Meet your deadlines<\/li>\n<li class=\"AnswerParser_ListItem__XqLOV\" translate=\"yes\">Offer personalized advice<\/li>\n<li class=\"AnswerParser_ListItem__XqLOV\" translate=\"no\">Fast delivery throughout the Casablanca region<\/li>\n<\/ul>\n<p><span class=\"AnswerParser_TextContainer__z_Iiv\" data-testid=\"youchat-text\">Rely on Print Smile Pro for professional press kits that will capture the media's attention!<\/span><\/p>\n<\/div>\n<\/div>\n<\/div>\n<\/div>\n<\/div>\n<\/div>\n<\/div>\n<\/div>\n<\/div>\n<\/div>\n<\/div>\n<\/div>\n<\/div>\n\t<\/div>\n<\/div>\n\n\n\n\n\t\t\t<\/div> \n\t\t<\/div>\n\t<\/div> \n\n\t<div  class=\"vc_col-sm-6 wpb_column column_container vc_column_container col no-extra-padding inherit_tablet inherit_phone\"  data-padding-pos=\"all\" data-has-bg-color=\"false\" data-bg-color=\"\" data-bg-opacity=\"1\" data-animation=\"\" data-delay=\"0\" >\n\t\t<div class=\"vc_column-inner\" >\n\t\t\t<div class=\"wpb_wrapper\">\n\t\t\t\t<div class=\"img-with-aniamtion-wrap\" data-max-width=\"100%\" data-max-width-mobile=\"default\" data-shadow=\"none\" data-animation=\"none\" >\n      <div class=\"inner\">\n        <div class=\"hover-wrap\"> \n          <div class=\"hover-wrap-inner\">\n            <img loading=\"lazy\" decoding=\"async\" class=\"img-with-animation skip-lazy\" data-delay=\"0\" height=\"1028\" width=\"1500\" data-animation=\"none\" src=\"https:\/\/printsmilepro.ma\/wp-content\/uploads\/2025\/05\/design-couverture-dossier-presse.jpg\" alt=\"\" srcset=\"https:\/\/printsmilepro.ma\/wp-content\/uploads\/2025\/05\/design-couverture-dossier-presse.jpg 1500w, https:\/\/printsmilepro.ma\/wp-content\/uploads\/2025\/05\/design-couverture-dossier-presse-300x206.jpg 300w, https:\/\/printsmilepro.ma\/wp-content\/uploads\/2025\/05\/design-couverture-dossier-presse-1024x702.jpg 1024w, https:\/\/printsmilepro.ma\/wp-content\/uploads\/2025\/05\/design-couverture-dossier-presse-768x526.jpg 768w\" sizes=\"auto, (max-width: 1500px) 100vw, 1500px\" \/>\n          <\/div>\n        <\/div>\n      <\/div>\n    <\/div>\n\t\t\t<\/div> \n\t\t<\/div>\n\t<\/div> \n<\/div><\/div>","protected":false},"excerpt":{"rendered":"Impression de Dossiers de Presse Production de dossiers de presse imprim\u00e9s \u00e0 Casablanca Un dossier de presse est un document essentiel pour toute entreprise souhaitant communiquer efficacement avec les m\u00e9dias....","protected":false},"author":1,"featured_media":0,"parent":0,"menu_order":0,"comment_status":"closed","ping_status":"closed","template":"","meta":{"_monsterinsights_skip_tracking":false,"_monsterinsights_sitenote_active":false,"_monsterinsights_sitenote_note":"","_monsterinsights_sitenote_category":0,"_joinchat":[],"footnotes":""},"class_list":["post-158","page","type-page","status-publish"],"yoast_head":"<!-- This site is optimized with the Yoast SEO plugin v26.2 - https:\/\/yoast.com\/wordpress\/plugins\/seo\/ -->\n<title>Impression de Dossiers de Presse \u00e0 Casablanca, Maroc<\/title>\n<meta name=\"description\" content=\"Impression de dossiers de presse de haute qualit\u00e9 \u00e0 Casablanca, Maroc. Cr\u00e9ez des dossiers professionnels pour communiquer...\" \/>\n<meta name=\"robots\" content=\"index, follow, max-snippet:-1, max-image-preview:large, max-video-preview:-1\" \/>\n<link rel=\"canonical\" href=\"https:\/\/printsmilepro.ma\/en\/press-kit\/\" \/>\n<meta property=\"og:locale\" content=\"en_US\" \/>\n<meta property=\"og:type\" content=\"article\" \/>\n<meta property=\"og:title\" content=\"Impression de Dossiers de Presse \u00e0 Casablanca, Maroc\" \/>\n<meta property=\"og:description\" content=\"Impression de dossiers de presse de haute qualit\u00e9 \u00e0 Casablanca, Maroc. Cr\u00e9ez des dossiers professionnels pour communiquer...\" \/>\n<meta property=\"og:url\" content=\"https:\/\/printsmilepro.ma\/en\/press-kit\/\" \/>\n<meta property=\"og:site_name\" content=\"Print Smile Pro\" \/>\n<meta property=\"article:modified_time\" content=\"2025-07-28T11:18:58+00:00\" \/>\n<meta name=\"twitter:card\" content=\"summary_large_image\" \/>\n<meta name=\"twitter:label1\" content=\"Est. reading time\" \/>\n\t<meta name=\"twitter:data1\" content=\"2 minutes\" \/>\n<script type=\"application\/ld+json\" class=\"yoast-schema-graph\">{\"@context\":\"https:\/\/schema.org\",\"@graph\":[{\"@type\":\"WebPage\",\"@id\":\"https:\/\/printsmilepro.ma\/dossier-de-presse\/\",\"url\":\"https:\/\/printsmilepro.ma\/dossier-de-presse\/\",\"name\":\"Impression de Dossiers de Presse \u00e0 Casablanca, Maroc\",\"isPartOf\":{\"@id\":\"https:\/\/printsmilepro.ma\/#website\"},\"datePublished\":\"2025-05-19T16:44:22+00:00\",\"dateModified\":\"2025-07-28T11:18:58+00:00\",\"description\":\"Impression de dossiers de presse de haute qualit\u00e9 \u00e0 Casablanca, Maroc. Cr\u00e9ez des dossiers professionnels pour communiquer...\",\"breadcrumb\":{\"@id\":\"https:\/\/printsmilepro.ma\/dossier-de-presse\/#breadcrumb\"},\"inLanguage\":\"en-US\",\"potentialAction\":[{\"@type\":\"ReadAction\",\"target\":[\"https:\/\/printsmilepro.ma\/dossier-de-presse\/\"]}]},{\"@type\":\"BreadcrumbList\",\"@id\":\"https:\/\/printsmilepro.ma\/dossier-de-presse\/#breadcrumb\",\"itemListElement\":[{\"@type\":\"ListItem\",\"position\":1,\"name\":\"Accueil\",\"item\":\"https:\/\/printsmilepro.ma\/\"},{\"@type\":\"ListItem\",\"position\":2,\"name\":\"Dossier de Presse\"}]},{\"@type\":\"WebSite\",\"@id\":\"https:\/\/printsmilepro.ma\/#website\",\"url\":\"https:\/\/printsmilepro.ma\/\",\"name\":\"Print Smile Pro\",\"description\":\"Votre partenaire id\u00e9al pour la r\u00e9alisation de tous vos travaux d&#039;impression offset et num\u00e9rique\",\"publisher\":{\"@id\":\"https:\/\/printsmilepro.ma\/#organization\"},\"potentialAction\":[{\"@type\":\"SearchAction\",\"target\":{\"@type\":\"EntryPoint\",\"urlTemplate\":\"https:\/\/printsmilepro.ma\/?s={search_term_string}\"},\"query-input\":{\"@type\":\"PropertyValueSpecification\",\"valueRequired\":true,\"valueName\":\"search_term_string\"}}],\"inLanguage\":\"en-US\"},{\"@type\":\"Organization\",\"@id\":\"https:\/\/printsmilepro.ma\/#organization\",\"name\":\"Print Smile Pro\",\"url\":\"https:\/\/printsmilepro.ma\/\",\"logo\":{\"@type\":\"ImageObject\",\"inLanguage\":\"en-US\",\"@id\":\"https:\/\/printsmilepro.ma\/#\/schema\/logo\/image\/\",\"url\":\"https:\/\/printsmilepro.ma\/wp-content\/uploads\/2025\/05\/logo-2.png\",\"contentUrl\":\"https:\/\/printsmilepro.ma\/wp-content\/uploads\/2025\/05\/logo-2.png\",\"width\":194,\"height\":80,\"caption\":\"Print Smile Pro\"},\"image\":{\"@id\":\"https:\/\/printsmilepro.ma\/#\/schema\/logo\/image\/\"}}]}<\/script>\n<!-- \/ Yoast SEO plugin. -->","yoast_head_json":{"title":"Press Kit Printing in Casablanca, Morocco","description":"High quality press kit printing in Casablanca, Morocco. Create professional press kits to communicate...","robots":{"index":"index","follow":"follow","max-snippet":"max-snippet:-1","max-image-preview":"max-image-preview:large","max-video-preview":"max-video-preview:-1"},"canonical":"https:\/\/printsmilepro.ma\/en\/press-kit\/","og_locale":"en_US","og_type":"article","og_title":"Impression de Dossiers de Presse \u00e0 Casablanca, Maroc","og_description":"Impression de dossiers de presse de haute qualit\u00e9 \u00e0 Casablanca, Maroc. Cr\u00e9ez des dossiers professionnels pour communiquer...","og_url":"https:\/\/printsmilepro.ma\/en\/press-kit\/","og_site_name":"Print Smile Pro","article_modified_time":"2025-07-28T11:18:58+00:00","twitter_card":"summary_large_image","twitter_misc":{"Est. reading time":"2 minutes"},"schema":{"@context":"https:\/\/schema.org","@graph":[{"@type":"WebPage","@id":"https:\/\/printsmilepro.ma\/dossier-de-presse\/","url":"https:\/\/printsmilepro.ma\/dossier-de-presse\/","name":"Press Kit Printing in Casablanca, Morocco","isPartOf":{"@id":"https:\/\/printsmilepro.ma\/#website"},"datePublished":"2025-05-19T16:44:22+00:00","dateModified":"2025-07-28T11:18:58+00:00","description":"High quality press kit printing in Casablanca, Morocco. Create professional press kits to communicate...","breadcrumb":{"@id":"https:\/\/printsmilepro.ma\/dossier-de-presse\/#breadcrumb"},"inLanguage":"en-US","potentialAction":[{"@type":"ReadAction","target":["https:\/\/printsmilepro.ma\/dossier-de-presse\/"]}]},{"@type":"BreadcrumbList","@id":"https:\/\/printsmilepro.ma\/dossier-de-presse\/#breadcrumb","itemListElement":[{"@type":"ListItem","position":1,"name":"Accueil","item":"https:\/\/printsmilepro.ma\/"},{"@type":"ListItem","position":2,"name":"Dossier de Presse"}]},{"@type":"WebSite","@id":"https:\/\/printsmilepro.ma\/#website","url":"https:\/\/printsmilepro.ma\/","name":"Print Smile Pro","description":"Your ideal partner for all your offset and digital printing needs","publisher":{"@id":"https:\/\/printsmilepro.ma\/#organization"},"potentialAction":[{"@type":"SearchAction","target":{"@type":"EntryPoint","urlTemplate":"https:\/\/printsmilepro.ma\/?s={search_term_string}"},"query-input":{"@type":"PropertyValueSpecification","valueRequired":true,"valueName":"search_term_string"}}],"inLanguage":"en-US"},{"@type":"Organization","@id":"https:\/\/printsmilepro.ma\/#organization","name":"Print Smile Pro","url":"https:\/\/printsmilepro.ma\/","logo":{"@type":"ImageObject","inLanguage":"en-US","@id":"https:\/\/printsmilepro.ma\/#\/schema\/logo\/image\/","url":"https:\/\/printsmilepro.ma\/wp-content\/uploads\/2025\/05\/logo-2.png","contentUrl":"https:\/\/printsmilepro.ma\/wp-content\/uploads\/2025\/05\/logo-2.png","width":194,"height":80,"caption":"Print Smile Pro"},"image":{"@id":"https:\/\/printsmilepro.ma\/#\/schema\/logo\/image\/"}}]}},"_links":{"self":[{"href":"https:\/\/printsmilepro.ma\/en\/wp-json\/wp\/v2\/pages\/158","targetHints":{"allow":["GET"]}}],"collection":[{"href":"https:\/\/printsmilepro.ma\/en\/wp-json\/wp\/v2\/pages"}],"about":[{"href":"https:\/\/printsmilepro.ma\/en\/wp-json\/wp\/v2\/types\/page"}],"author":[{"embeddable":true,"href":"https:\/\/printsmilepro.ma\/en\/wp-json\/wp\/v2\/users\/1"}],"replies":[{"embeddable":true,"href":"https:\/\/printsmilepro.ma\/en\/wp-json\/wp\/v2\/comments?post=158"}],"version-history":[{"count":5,"href":"https:\/\/printsmilepro.ma\/en\/wp-json\/wp\/v2\/pages\/158\/revisions"}],"predecessor-version":[{"id":1003,"href":"https:\/\/printsmilepro.ma\/en\/wp-json\/wp\/v2\/pages\/158\/revisions\/1003"}],"wp:attachment":[{"href":"https:\/\/printsmilepro.ma\/en\/wp-json\/wp\/v2\/media?parent=158"}],"curies":[{"name":"wp","href":"https:\/\/api.w.org\/{rel}","templated":true}]}}