{"id":127,"date":"2025-05-19T16:08:35","date_gmt":"2025-05-19T16:08:35","guid":{"rendered":"https:\/\/printsmilepro.ma\/?page_id=127"},"modified":"2025-07-28T11:45:09","modified_gmt":"2025-07-28T11:45:09","slug":"entete-paper","status":"publish","type":"page","link":"https:\/\/printsmilepro.ma\/en\/entete-paper\/","title":{"rendered":"Letterhead"},"content":{"rendered":"<div id=\"fws_69fdd879f2e7a\"  data-column-margin=\"40px\" data-midnight=\"dark\"  class=\"wpb_row vc_row-fluid vc_row vc_row-o-equal-height vc_row-flex vc_row-o-content-middle  top_margin_40px bottom_margin_40px\"  style=\"padding-top: 0px; padding-bottom: 0px; \"><div class=\"row-bg-wrap\" data-bg-animation=\"none\" data-bg-animation-delay=\"\" data-bg-overlay=\"false\"><div class=\"inner-wrap row-bg-layer\" ><div class=\"row-bg viewport-desktop\"  style=\"\"><\/div><\/div><\/div><div class=\"row_col_wrap_12 col span_12 dark left\">\n\t<div  class=\"vc_col-sm-6 wpb_column column_container vc_column_container col no-extra-padding inherit_tablet inherit_phone\"  data-padding-pos=\"all\" data-has-bg-color=\"false\" data-bg-color=\"\" data-bg-opacity=\"1\" data-animation=\"\" data-delay=\"0\" >\n\t\t<div class=\"vc_column-inner\" >\n\t\t\t<div class=\"wpb_wrapper\">\n\t\t\t\t\n<div class=\"wpb_text_column wpb_content_element\" >\n\t<div class=\"wpb_wrapper\">\n\t\t<h2 class=\"AnswerParser_AnswerParserH4__ghxg8\"><strong>Letterhead<\/strong><\/h2>\n<h6>Custom letterhead printing in Casablanca, Morocco<\/h6>\n\t<\/div>\n<\/div>\n\n\n\n\n<div class=\"wpb_text_column wpb_content_element\" >\n\t<div class=\"wpb_wrapper\">\n\t\t<p>Letterheads are an essential tool for any company wishing to professionalize its communication. In Casablanca, Print Smile Pro offers customized letterheads that reflect your company's visual identity. Whether for letters, invoices or quotations, well-designed letterheads reinforce your brand image and ensure that your business documents are presented with care.<\/p>\n\t<\/div>\n<\/div>\n\n\n\n\n\t\t\t<\/div> \n\t\t<\/div>\n\t<\/div> \n\n\t<div  class=\"vc_col-sm-6 wpb_column column_container vc_column_container col no-extra-padding inherit_tablet inherit_phone\"  data-padding-pos=\"all\" data-has-bg-color=\"false\" data-bg-color=\"\" data-bg-opacity=\"1\" data-animation=\"\" data-delay=\"0\" >\n\t\t<div class=\"vc_column-inner\" >\n\t\t\t<div class=\"wpb_wrapper\">\n\t\t\t\t<div class=\"img-with-aniamtion-wrap\" data-max-width=\"100%\" data-max-width-mobile=\"default\" data-shadow=\"none\" data-animation=\"none\" >\n      <div class=\"inner\">\n        <div class=\"hover-wrap\"> \n          <div class=\"hover-wrap-inner\">\n            <img loading=\"lazy\" decoding=\"async\" class=\"img-with-animation skip-lazy\" data-delay=\"0\" height=\"533\" width=\"800\" data-animation=\"none\" src=\"https:\/\/printsmilepro.ma\/wp-content\/uploads\/2025\/05\/img-a-la-une-4.jpg\" alt=\"\" srcset=\"https:\/\/printsmilepro.ma\/wp-content\/uploads\/2025\/05\/img-a-la-une-4.jpg 800w, https:\/\/printsmilepro.ma\/wp-content\/uploads\/2025\/05\/img-a-la-une-4-300x200.jpg 300w, https:\/\/printsmilepro.ma\/wp-content\/uploads\/2025\/05\/img-a-la-une-4-768x512.jpg 768w\" sizes=\"auto, (max-width: 800px) 100vw, 800px\" \/>\n          <\/div>\n        <\/div>\n      <\/div>\n    <\/div>\n\t\t\t<\/div> \n\t\t<\/div>\n\t<\/div> \n<\/div><\/div>\n\t\t<div id=\"fws_69fdd879f32f2\"  data-column-margin=\"40px\" data-midnight=\"dark\"  class=\"wpb_row vc_row-fluid vc_row full-width-section vc_row-o-equal-height vc_row-flex vc_row-o-content-middle  top_margin_40px bottom_margin_40px\"  style=\"padding-top: 40px; padding-bottom: 40px; \"><div class=\"row-bg-wrap\" data-bg-animation=\"none\" data-bg-animation-delay=\"\" data-bg-overlay=\"false\"><div class=\"inner-wrap row-bg-layer\" ><div class=\"row-bg viewport-desktop using-bg-color\"  style=\"background-color: #d3d3d3; \"><\/div><\/div><\/div><div class=\"row_col_wrap_12 col span_12 dark left\">\n\t<div  class=\"vc_col-sm-6 wpb_column column_container vc_column_container col no-extra-padding inherit_tablet inherit_phone\"  data-padding-pos=\"all\" data-has-bg-color=\"false\" data-bg-color=\"\" data-bg-opacity=\"1\" data-animation=\"\" data-delay=\"0\" >\n\t\t<div class=\"vc_column-inner\" >\n\t\t\t<div class=\"wpb_wrapper\">\n\t\t\t\t<div class=\"img-with-aniamtion-wrap\" data-max-width=\"100%\" data-max-width-mobile=\"default\" data-shadow=\"none\" data-animation=\"none\" >\n      <div class=\"inner\">\n        <div class=\"hover-wrap\"> \n          <div class=\"hover-wrap-inner\">\n            <img loading=\"lazy\" decoding=\"async\" class=\"img-with-animation skip-lazy\" data-delay=\"0\" height=\"724\" width=\"800\" data-animation=\"none\" src=\"https:\/\/printsmilepro.ma\/wp-content\/uploads\/2025\/05\/impression-papier-entete.jpg\" alt=\"\" srcset=\"https:\/\/printsmilepro.ma\/wp-content\/uploads\/2025\/05\/impression-papier-entete.jpg 800w, https:\/\/printsmilepro.ma\/wp-content\/uploads\/2025\/05\/impression-papier-entete-300x272.jpg 300w, https:\/\/printsmilepro.ma\/wp-content\/uploads\/2025\/05\/impression-papier-entete-768x695.jpg 768w\" sizes=\"auto, (max-width: 800px) 100vw, 800px\" \/>\n          <\/div>\n        <\/div>\n      <\/div>\n    <\/div>\n\t\t\t<\/div> \n\t\t<\/div>\n\t<\/div> \n\n\t<div  class=\"vc_col-sm-6 wpb_column column_container vc_column_container col no-extra-padding inherit_tablet inherit_phone\"  data-padding-pos=\"all\" data-has-bg-color=\"false\" data-bg-color=\"\" data-bg-opacity=\"1\" data-animation=\"\" data-delay=\"0\" >\n\t\t<div class=\"vc_column-inner\" >\n\t\t\t<div class=\"wpb_wrapper\">\n\t\t\t\t\n<div class=\"wpb_text_column wpb_content_element\" >\n\t<div class=\"wpb_wrapper\">\n\t\t<h2 class=\"AnswerParser_AnswerParserH4__ghxg8\"><strong>Letterhead<\/strong><\/h2>\n<h6>Corporate letterhead printing service in Casablanca<\/h6>\n\t<\/div>\n<\/div>\n\n\n\n\n<div class=\"wpb_text_column wpb_content_element\" >\n\t<div class=\"wpb_wrapper\">\n\t\t<p>We offer a variety of formats to suit our customers' needs, including A4 and A5. Our letterheads are available in a range of weights, from 80 g\/m\u00b2 to 100 g\/m\u00b2, guaranteeing optimum print quality. Thanks to our advanced printing technology, we can print in four-color process, either single-sided or double-sided, for a striking visual effect.<\/p>\n\t<\/div>\n<\/div>\n\n\n\n\n\t\t\t<\/div> \n\t\t<\/div>\n\t<\/div> \n<\/div><\/div>\n\t\t<div id=\"fws_69fdd879f3627\"  data-column-margin=\"40px\" data-midnight=\"dark\"  class=\"wpb_row vc_row-fluid vc_row vc_row-o-equal-height vc_row-flex vc_row-o-content-middle  top_margin_40px bottom_margin_40px\"  style=\"padding-top: 0px; padding-bottom: 0px; \"><div class=\"row-bg-wrap\" data-bg-animation=\"none\" data-bg-animation-delay=\"\" data-bg-overlay=\"false\"><div class=\"inner-wrap row-bg-layer\" ><div class=\"row-bg viewport-desktop\"  style=\"\"><\/div><\/div><\/div><div class=\"row_col_wrap_12 col span_12 dark left\">\n\t<div  class=\"vc_col-sm-6 wpb_column column_container vc_column_container col no-extra-padding inherit_tablet inherit_phone\"  data-padding-pos=\"all\" data-has-bg-color=\"false\" data-bg-color=\"\" data-bg-opacity=\"1\" data-animation=\"\" data-delay=\"0\" >\n\t\t<div class=\"vc_column-inner\" >\n\t\t\t<div class=\"wpb_wrapper\">\n\t\t\t\t\n<div class=\"wpb_text_column wpb_content_element\" >\n\t<div class=\"wpb_wrapper\">\n\t\t<h2 class=\"AnswerParser_AnswerParserH4__ghxg8\"><strong>Letterhead<\/strong><\/h2>\n<h6 data-start=\"601\" data-end=\"665\"><strong data-start=\"601\" data-end=\"665\">Administrative letterhead printing in Casablanca<\/strong><\/h6>\n\t<\/div>\n<\/div>\n\n\n\n\n<div class=\"wpb_text_column wpb_content_element\" >\n\t<div class=\"wpb_wrapper\">\n\t\t<p data-start=\"147\" data-end=\"204\">At Print Smile Pro, we are committed to providing exceptional customer service and fast delivery throughout the Casablanca region. Our team is on hand to advise you on the choice of paper and printing options best suited to your needs. We guarantee that your letterhead orders will be handled with care and delivered as quickly as possible, allowing you to concentrate on your business while receiving quality communication materials.<\/p>\n\t<\/div>\n<\/div>\n\n\n\n\n\t\t\t<\/div> \n\t\t<\/div>\n\t<\/div> \n\n\t<div  class=\"vc_col-sm-6 wpb_column column_container vc_column_container col no-extra-padding inherit_tablet inherit_phone\"  data-padding-pos=\"all\" data-has-bg-color=\"false\" data-bg-color=\"\" data-bg-opacity=\"1\" data-animation=\"\" data-delay=\"0\" >\n\t\t<div class=\"vc_column-inner\" >\n\t\t\t<div class=\"wpb_wrapper\">\n\t\t\t\t<div class=\"img-with-aniamtion-wrap\" data-max-width=\"100%\" data-max-width-mobile=\"default\" data-shadow=\"none\" data-animation=\"none\" >\n      <div class=\"inner\">\n        <div class=\"hover-wrap\"> \n          <div class=\"hover-wrap-inner\">\n            <img loading=\"lazy\" decoding=\"async\" class=\"img-with-animation skip-lazy\" data-delay=\"0\" height=\"724\" width=\"800\" data-animation=\"none\" src=\"https:\/\/printsmilepro.ma\/wp-content\/uploads\/2025\/05\/impression-papier-entete.jpg\" alt=\"\" srcset=\"https:\/\/printsmilepro.ma\/wp-content\/uploads\/2025\/05\/impression-papier-entete.jpg 800w, https:\/\/printsmilepro.ma\/wp-content\/uploads\/2025\/05\/impression-papier-entete-300x272.jpg 300w, https:\/\/printsmilepro.ma\/wp-content\/uploads\/2025\/05\/impression-papier-entete-768x695.jpg 768w\" sizes=\"auto, (max-width: 800px) 100vw, 800px\" \/>\n          <\/div>\n        <\/div>\n      <\/div>\n    <\/div>\n\t\t\t<\/div> \n\t\t<\/div>\n\t<\/div> \n<\/div><\/div>","protected":false},"excerpt":{"rendered":"Papier Ent\u00eate Impression de papier \u00e0 en-t\u00eate personnalis\u00e9 \u00e0 Casablanca, Maroc Le papier ent\u00eate est un outil essentiel pour toute entreprise souhaitant professionnaliser sa communication. \u00c0 Casablanca, Print Smile Pro...","protected":false},"author":1,"featured_media":0,"parent":0,"menu_order":0,"comment_status":"closed","ping_status":"closed","template":"","meta":{"_monsterinsights_skip_tracking":false,"_monsterinsights_sitenote_active":false,"_monsterinsights_sitenote_note":"","_monsterinsights_sitenote_category":0,"_joinchat":[],"footnotes":""},"class_list":["post-127","page","type-page","status-publish"],"yoast_head":"<!-- This site is optimized with the Yoast SEO plugin v26.2 - https:\/\/yoast.com\/wordpress\/plugins\/seo\/ -->\n<title>Impression de Papier Ent\u00eate \u00e0 Casablanca, Maroc<\/title>\n<meta name=\"description\" content=\"Print Smile Pro vous offre des services d&#039;impression de papier ent\u00eate de haute qualit\u00e9 \u00e0 Casablanca, Maroc. Professionnalisez vos courriers..\" \/>\n<meta name=\"robots\" content=\"index, follow, max-snippet:-1, max-image-preview:large, max-video-preview:-1\" \/>\n<link rel=\"canonical\" href=\"https:\/\/printsmilepro.ma\/en\/entete-paper\/\" \/>\n<meta property=\"og:locale\" content=\"en_US\" \/>\n<meta property=\"og:type\" content=\"article\" \/>\n<meta property=\"og:title\" content=\"Impression de Papier Ent\u00eate \u00e0 Casablanca, Maroc\" \/>\n<meta property=\"og:description\" content=\"Print Smile Pro vous offre des services d&#039;impression de papier ent\u00eate de haute qualit\u00e9 \u00e0 Casablanca, Maroc. Professionnalisez vos courriers..\" \/>\n<meta property=\"og:url\" content=\"https:\/\/printsmilepro.ma\/en\/entete-paper\/\" \/>\n<meta property=\"og:site_name\" content=\"Print Smile Pro\" \/>\n<meta property=\"article:modified_time\" content=\"2025-07-28T11:45:09+00:00\" \/>\n<meta name=\"twitter:card\" content=\"summary_large_image\" \/>\n<meta name=\"twitter:label1\" content=\"Est. reading time\" \/>\n\t<meta name=\"twitter:data1\" content=\"2 minutes\" \/>\n<script type=\"application\/ld+json\" class=\"yoast-schema-graph\">{\"@context\":\"https:\/\/schema.org\",\"@graph\":[{\"@type\":\"WebPage\",\"@id\":\"https:\/\/printsmilepro.ma\/papier-entete\/\",\"url\":\"https:\/\/printsmilepro.ma\/papier-entete\/\",\"name\":\"Impression de Papier Ent\u00eate \u00e0 Casablanca, Maroc\",\"isPartOf\":{\"@id\":\"https:\/\/printsmilepro.ma\/#website\"},\"datePublished\":\"2025-05-19T16:08:35+00:00\",\"dateModified\":\"2025-07-28T11:45:09+00:00\",\"description\":\"Print Smile Pro vous offre des services d'impression de papier ent\u00eate de haute qualit\u00e9 \u00e0 Casablanca, Maroc. Professionnalisez vos courriers..\",\"breadcrumb\":{\"@id\":\"https:\/\/printsmilepro.ma\/papier-entete\/#breadcrumb\"},\"inLanguage\":\"en-US\",\"potentialAction\":[{\"@type\":\"ReadAction\",\"target\":[\"https:\/\/printsmilepro.ma\/papier-entete\/\"]}]},{\"@type\":\"BreadcrumbList\",\"@id\":\"https:\/\/printsmilepro.ma\/papier-entete\/#breadcrumb\",\"itemListElement\":[{\"@type\":\"ListItem\",\"position\":1,\"name\":\"Accueil\",\"item\":\"https:\/\/printsmilepro.ma\/\"},{\"@type\":\"ListItem\",\"position\":2,\"name\":\"Papier Ent\u00eate\"}]},{\"@type\":\"WebSite\",\"@id\":\"https:\/\/printsmilepro.ma\/#website\",\"url\":\"https:\/\/printsmilepro.ma\/\",\"name\":\"Print Smile Pro\",\"description\":\"Votre partenaire id\u00e9al pour la r\u00e9alisation de tous vos travaux d&#039;impression offset et num\u00e9rique\",\"publisher\":{\"@id\":\"https:\/\/printsmilepro.ma\/#organization\"},\"potentialAction\":[{\"@type\":\"SearchAction\",\"target\":{\"@type\":\"EntryPoint\",\"urlTemplate\":\"https:\/\/printsmilepro.ma\/?s={search_term_string}\"},\"query-input\":{\"@type\":\"PropertyValueSpecification\",\"valueRequired\":true,\"valueName\":\"search_term_string\"}}],\"inLanguage\":\"en-US\"},{\"@type\":\"Organization\",\"@id\":\"https:\/\/printsmilepro.ma\/#organization\",\"name\":\"Print Smile Pro\",\"url\":\"https:\/\/printsmilepro.ma\/\",\"logo\":{\"@type\":\"ImageObject\",\"inLanguage\":\"en-US\",\"@id\":\"https:\/\/printsmilepro.ma\/#\/schema\/logo\/image\/\",\"url\":\"https:\/\/printsmilepro.ma\/wp-content\/uploads\/2025\/05\/logo-2.png\",\"contentUrl\":\"https:\/\/printsmilepro.ma\/wp-content\/uploads\/2025\/05\/logo-2.png\",\"width\":194,\"height\":80,\"caption\":\"Print Smile Pro\"},\"image\":{\"@id\":\"https:\/\/printsmilepro.ma\/#\/schema\/logo\/image\/\"}}]}<\/script>\n<!-- \/ Yoast SEO plugin. -->","yoast_head_json":{"title":"Letterhead printing in Casablanca, Morocco","description":"Print Smile Pro offers high-quality letterhead printing services in Casablanca, Morocco. Professionalize your mail...","robots":{"index":"index","follow":"follow","max-snippet":"max-snippet:-1","max-image-preview":"max-image-preview:large","max-video-preview":"max-video-preview:-1"},"canonical":"https:\/\/printsmilepro.ma\/en\/entete-paper\/","og_locale":"en_US","og_type":"article","og_title":"Impression de Papier Ent\u00eate \u00e0 Casablanca, Maroc","og_description":"Print Smile Pro vous offre des services d'impression de papier ent\u00eate de haute qualit\u00e9 \u00e0 Casablanca, Maroc. Professionnalisez vos courriers..","og_url":"https:\/\/printsmilepro.ma\/en\/entete-paper\/","og_site_name":"Print Smile Pro","article_modified_time":"2025-07-28T11:45:09+00:00","twitter_card":"summary_large_image","twitter_misc":{"Est. reading time":"2 minutes"},"schema":{"@context":"https:\/\/schema.org","@graph":[{"@type":"WebPage","@id":"https:\/\/printsmilepro.ma\/papier-entete\/","url":"https:\/\/printsmilepro.ma\/papier-entete\/","name":"Letterhead printing in Casablanca, Morocco","isPartOf":{"@id":"https:\/\/printsmilepro.ma\/#website"},"datePublished":"2025-05-19T16:08:35+00:00","dateModified":"2025-07-28T11:45:09+00:00","description":"Print Smile Pro offers high-quality letterhead printing services in Casablanca, Morocco. Professionalize your mail...","breadcrumb":{"@id":"https:\/\/printsmilepro.ma\/papier-entete\/#breadcrumb"},"inLanguage":"en-US","potentialAction":[{"@type":"ReadAction","target":["https:\/\/printsmilepro.ma\/papier-entete\/"]}]},{"@type":"BreadcrumbList","@id":"https:\/\/printsmilepro.ma\/papier-entete\/#breadcrumb","itemListElement":[{"@type":"ListItem","position":1,"name":"Accueil","item":"https:\/\/printsmilepro.ma\/"},{"@type":"ListItem","position":2,"name":"Papier Ent\u00eate"}]},{"@type":"WebSite","@id":"https:\/\/printsmilepro.ma\/#website","url":"https:\/\/printsmilepro.ma\/","name":"Print Smile Pro","description":"Your ideal partner for all your offset and digital printing needs","publisher":{"@id":"https:\/\/printsmilepro.ma\/#organization"},"potentialAction":[{"@type":"SearchAction","target":{"@type":"EntryPoint","urlTemplate":"https:\/\/printsmilepro.ma\/?s={search_term_string}"},"query-input":{"@type":"PropertyValueSpecification","valueRequired":true,"valueName":"search_term_string"}}],"inLanguage":"en-US"},{"@type":"Organization","@id":"https:\/\/printsmilepro.ma\/#organization","name":"Print Smile Pro","url":"https:\/\/printsmilepro.ma\/","logo":{"@type":"ImageObject","inLanguage":"en-US","@id":"https:\/\/printsmilepro.ma\/#\/schema\/logo\/image\/","url":"https:\/\/printsmilepro.ma\/wp-content\/uploads\/2025\/05\/logo-2.png","contentUrl":"https:\/\/printsmilepro.ma\/wp-content\/uploads\/2025\/05\/logo-2.png","width":194,"height":80,"caption":"Print Smile Pro"},"image":{"@id":"https:\/\/printsmilepro.ma\/#\/schema\/logo\/image\/"}}]}},"_links":{"self":[{"href":"https:\/\/printsmilepro.ma\/en\/wp-json\/wp\/v2\/pages\/127","targetHints":{"allow":["GET"]}}],"collection":[{"href":"https:\/\/printsmilepro.ma\/en\/wp-json\/wp\/v2\/pages"}],"about":[{"href":"https:\/\/printsmilepro.ma\/en\/wp-json\/wp\/v2\/types\/page"}],"author":[{"embeddable":true,"href":"https:\/\/printsmilepro.ma\/en\/wp-json\/wp\/v2\/users\/1"}],"replies":[{"embeddable":true,"href":"https:\/\/printsmilepro.ma\/en\/wp-json\/wp\/v2\/comments?post=127"}],"version-history":[{"count":4,"href":"https:\/\/printsmilepro.ma\/en\/wp-json\/wp\/v2\/pages\/127\/revisions"}],"predecessor-version":[{"id":1011,"href":"https:\/\/printsmilepro.ma\/en\/wp-json\/wp\/v2\/pages\/127\/revisions\/1011"}],"wp:attachment":[{"href":"https:\/\/printsmilepro.ma\/en\/wp-json\/wp\/v2\/media?parent=127"}],"curies":[{"name":"wp","href":"https:\/\/api.w.org\/{rel}","templated":true}]}}